{"id":2364,"date":"2015-10-15T11:29:10","date_gmt":"2015-10-15T09:29:10","guid":{"rendered":"https:\/\/krzewinski.pl\/en\/?page_id=2364"},"modified":"2016-06-03T11:57:00","modified_gmt":"2016-06-03T09:57:00","slug":"about-the-company","status":"publish","type":"page","link":"https:\/\/krzewinski.pl\/en\/about-the-company\/","title":{"rendered":"About the company"},"content":{"rendered":"<div id=\"pl-2364\"  class=\"panel-layout\" ><div id=\"pg-2364-0\"  class=\"panel-grid panel-no-style\" ><div id=\"pgc-2364-0-0\"  class=\"panel-grid-cell\" ><div id=\"panel-2364-0-0-0\" class=\"so-panel widget widget_sow-editor panel-first-child panel-last-child\" data-index=\"0\" ><div\n\t\t\t\n\t\t\tclass=\"so-widget-sow-editor so-widget-sow-editor-base\"\n\t\t\t\n\t\t>\n<div class=\"siteorigin-widget-tinymce textwidget\">\n\t<p><img decoding=\"async\" loading=\"lazy\" class=\"so-widget-image\" style=\"max-width: 100%; height: auto; display: block;\" src=\"https:\/\/krzewinski.pl\/wp-content\/uploads\/2015\/10\/krzewinscy.jpg\" alt=\"\" width=\"730\" height=\"496\" \/><\/p>\n<h3 class=\"widget-title\"><span style=\"color: #006a00;\">Few words about our history<\/span><\/h3>\n<p>Our plant nursery farm has been established in 1991. From the very beginning our main idea and motto was to provide the customers with the best quality seedlings and plants. Thorough selection of plant varieties for our production and constant improvements made us recognizable not only on the Polish, but also on the foreign market.<\/p>\n<p>First plants that we started to reproduce were currant and strawberry. About two years later we have added also raspberry. Along with constant growth of the company in further years we have decided to extend our range of plants. Therefore we started to work with blueberry, honeyberry and many other plants. Currently, our dominant species in production are: raspberry, strawberry, blueberry and currant.<\/p>\n<p class=\"p1\">\u00a0<\/p>\n<h3 class=\"widget-title\"><span style=\"color: #006a00;\">Firstly: quality<\/span><\/h3>\n<p>We choose our plants based on many years of observations which we carry out in our nursery farm. From 2012, we are the co-founders and shareholders of NIWA company, which conducts researches on new varieties of raspberries, blackberries and strawberries.<br \/>We constantly try to implement some new, better varieties than those of our production. Our mother plants for our nurseries are planted from the best quality stock, often coming straight from the breeders. We implement more and more potted seeding material. This form allows for trade and plantings from early spring until late autumn. Plants which are the most demanding for care and protection are placed in a specially build series of plastic tunnels. Due to best interests of keeping our crop rotation and high health we currently use the land area of size around 100 hectares.<\/p>\n<p>We constantly monitor the changes and news both on the European and worldwide fruit plant market, aiming to fulfill our clients\u2019 needs. This is why we are purchasing many new Polish and foreign licenses, which allow us to be more and more competitive on the increasingly demanding market. Thanks to this fact, one of the best raspberry varieties like \u201eLaszka\u00ae\u201d, \u201eGlen Ample\u00ae\u201d, \u201cRadziejowa\u00ae\u201d , \u201cSokolica\u00ae\u201d and \u201cPolonez\u00ae\u201d have been implemented to our store.<br \/><img decoding=\"async\" loading=\"lazy\" class=\"so-widget-image\" style=\"max-width: 100%; height: auto; display: block;\" src=\"https:\/\/krzewinski.pl\/wp-content\/uploads\/2015\/10\/tunel-www.jpg\" alt=\"\" width=\"750\" height=\"498\" \/><\/p>\n<h3 class=\"widget-title\"><span style=\"color: #006a00;\">You can find us here<\/span><\/h3>\n<p>Our planting material is available in gardening shops in the whole country and also by on-line shop on our website. We have the vital knowledge how to pack and deliver best quality products to our trading partners located thousands of miles away.<\/p>\n<p>You can find us also on local planting and marketing fairs and abroad, both in polish and international press of the topic.<\/p>\n<p>Our production is subject to the supervision of Polish State Main Inspectorate of Plant Health and Seed Inspection.<\/p>\n<p><img decoding=\"async\" loading=\"lazy\" class=\"so-widget-image\" style=\"max-width: 100%; height: auto; display: block;\" src=\"https:\/\/krzewinski.pl\/wp-content\/uploads\/2015\/10\/katalogi-www.jpg\" alt=\"\" width=\"750\" height=\"374\" \/><\/p>\n<h3 class=\"widget-title\">\u00a0<\/h3>\n<p><img decoding=\"async\" loading=\"lazy\" class=\"so-widget-image\" style=\"max-width: 100%; height: auto; display: block;\" src=\"https:\/\/krzewinski.pl\/wp-content\/uploads\/2016\/02\/DSC0008-kopia.jpg\" alt=\"\" width=\"1024\" height=\"516\" \/><\/p>\n<\/div>\n<\/div><\/div><\/div><\/div><\/div>","protected":false},"excerpt":{"rendered":"<p>Few words about our historyOur plant nursery farm has been established in 1991. From the very beginning our main idea and motto was to provide the customers with the best quality seedlings and plants. Thorough selection of plant varieties for our production and constant improvements made us recognizable not only on the Polish, but also &hellip;<\/p>\n","protected":false},"author":1,"featured_media":0,"parent":0,"menu_order":0,"comment_status":"closed","ping_status":"closed","template":"","meta":[],"acf":[],"yoast_head":"<!-- This site is optimized with the Yoast SEO plugin v19.13 - https:\/\/yoast.com\/wordpress\/plugins\/seo\/ -->\n<title>About the company - Krzewi\u0144ski<\/title>\n<meta name=\"robots\" content=\"index, follow, max-snippet:-1, max-image-preview:large, max-video-preview:-1\" \/>\n<link rel=\"canonical\" href=\"https:\/\/krzewinski.pl\/en\/about-the-company\/\" \/>\n<meta property=\"og:locale\" content=\"en_US\" \/>\n<meta property=\"og:type\" content=\"article\" \/>\n<meta property=\"og:title\" content=\"About the company - Krzewi\u0144ski\" \/>\n<meta property=\"og:description\" content=\"Few words about our historyOur plant nursery farm has been established in 1991. From the very beginning our main idea and motto was to provide the customers with the best quality seedlings and plants. Thorough selection of plant varieties for our production and constant improvements made us recognizable not only on the Polish, but also &hellip;\" \/>\n<meta property=\"og:url\" content=\"https:\/\/krzewinski.pl\/en\/about-the-company\/\" \/>\n<meta property=\"og:site_name\" content=\"Krzewi\u0144ski\" \/>\n<meta property=\"article:publisher\" content=\"https:\/\/www.facebook.com\/lgskrzewinski\" \/>\n<meta property=\"article:modified_time\" content=\"2016-06-03T09:57:00+00:00\" \/>\n<meta property=\"og:image\" content=\"https:\/\/krzewinski.pl\/wp-content\/uploads\/2015\/10\/krzewinscy.jpg\" \/>\n<meta name=\"twitter:card\" content=\"summary_large_image\" \/>\n<meta name=\"twitter:label1\" content=\"Est. reading time\" \/>\n\t<meta name=\"twitter:data1\" content=\"2 minutes\" \/>\n<script type=\"application\/ld+json\" class=\"yoast-schema-graph\">{\"@context\":\"https:\/\/schema.org\",\"@graph\":[{\"@type\":\"WebPage\",\"@id\":\"https:\/\/krzewinski.pl\/en\/about-the-company\/\",\"url\":\"https:\/\/krzewinski.pl\/en\/about-the-company\/\",\"name\":\"About the company - Krzewi\u0144ski\",\"isPartOf\":{\"@id\":\"https:\/\/krzewinski.pl\/ru\/#website\"},\"datePublished\":\"2015-10-15T09:29:10+00:00\",\"dateModified\":\"2016-06-03T09:57:00+00:00\",\"breadcrumb\":{\"@id\":\"https:\/\/krzewinski.pl\/en\/about-the-company\/#breadcrumb\"},\"inLanguage\":\"en-US\",\"potentialAction\":[{\"@type\":\"ReadAction\",\"target\":[\"https:\/\/krzewinski.pl\/en\/about-the-company\/\"]}]},{\"@type\":\"BreadcrumbList\",\"@id\":\"https:\/\/krzewinski.pl\/en\/about-the-company\/#breadcrumb\",\"itemListElement\":[{\"@type\":\"ListItem\",\"position\":1,\"name\":\"Strona g\u0142\u00f3wna\",\"item\":\"https:\/\/krzewinski.pl\/en\/\"},{\"@type\":\"ListItem\",\"position\":2,\"name\":\"About the company\"}]},{\"@type\":\"WebSite\",\"@id\":\"https:\/\/krzewinski.pl\/ru\/#website\",\"url\":\"https:\/\/krzewinski.pl\/ru\/\",\"name\":\"Krzewi\u0144ski\",\"description\":\"Szk\u00f3\u0142ka krzew\u00f3w owocowych\",\"publisher\":{\"@id\":\"https:\/\/krzewinski.pl\/ru\/#organization\"},\"potentialAction\":[{\"@type\":\"SearchAction\",\"target\":{\"@type\":\"EntryPoint\",\"urlTemplate\":\"https:\/\/krzewinski.pl\/ru\/?s={search_term_string}\"},\"query-input\":\"required name=search_term_string\"}],\"inLanguage\":\"en-US\"},{\"@type\":\"Organization\",\"@id\":\"https:\/\/krzewinski.pl\/ru\/#organization\",\"name\":\"Krzewi\u0144ski\",\"url\":\"https:\/\/krzewinski.pl\/ru\/\",\"logo\":{\"@type\":\"ImageObject\",\"inLanguage\":\"en-US\",\"@id\":\"https:\/\/krzewinski.pl\/ru\/#\/schema\/logo\/image\/\",\"url\":\"https:\/\/krzewinski.pl\/wp-content\/uploads\/2015\/10\/logo-www.png\",\"contentUrl\":\"https:\/\/krzewinski.pl\/wp-content\/uploads\/2015\/10\/logo-www.png\",\"width\":263,\"height\":150,\"caption\":\"Krzewi\u0144ski\"},\"image\":{\"@id\":\"https:\/\/krzewinski.pl\/ru\/#\/schema\/logo\/image\/\"},\"sameAs\":[\"https:\/\/www.instagram.com\/lgs.krzewinski\/\",\"https:\/\/www.facebook.com\/lgskrzewinski\"]}]}<\/script>\n<!-- \/ Yoast SEO plugin. -->","yoast_head_json":{"title":"About the company - Krzewi\u0144ski","robots":{"index":"index","follow":"follow","max-snippet":"max-snippet:-1","max-image-preview":"max-image-preview:large","max-video-preview":"max-video-preview:-1"},"canonical":"https:\/\/krzewinski.pl\/en\/about-the-company\/","og_locale":"en_US","og_type":"article","og_title":"About the company - Krzewi\u0144ski","og_description":"Few words about our historyOur plant nursery farm has been established in 1991. From the very beginning our main idea and motto was to provide the customers with the best quality seedlings and plants. Thorough selection of plant varieties for our production and constant improvements made us recognizable not only on the Polish, but also &hellip;","og_url":"https:\/\/krzewinski.pl\/en\/about-the-company\/","og_site_name":"Krzewi\u0144ski","article_publisher":"https:\/\/www.facebook.com\/lgskrzewinski","article_modified_time":"2016-06-03T09:57:00+00:00","og_image":[{"url":"https:\/\/krzewinski.pl\/wp-content\/uploads\/2015\/10\/krzewinscy.jpg"}],"twitter_card":"summary_large_image","twitter_misc":{"Est. reading time":"2 minutes"},"schema":{"@context":"https:\/\/schema.org","@graph":[{"@type":"WebPage","@id":"https:\/\/krzewinski.pl\/en\/about-the-company\/","url":"https:\/\/krzewinski.pl\/en\/about-the-company\/","name":"About the company - Krzewi\u0144ski","isPartOf":{"@id":"https:\/\/krzewinski.pl\/ru\/#website"},"datePublished":"2015-10-15T09:29:10+00:00","dateModified":"2016-06-03T09:57:00+00:00","breadcrumb":{"@id":"https:\/\/krzewinski.pl\/en\/about-the-company\/#breadcrumb"},"inLanguage":"en-US","potentialAction":[{"@type":"ReadAction","target":["https:\/\/krzewinski.pl\/en\/about-the-company\/"]}]},{"@type":"BreadcrumbList","@id":"https:\/\/krzewinski.pl\/en\/about-the-company\/#breadcrumb","itemListElement":[{"@type":"ListItem","position":1,"name":"Strona g\u0142\u00f3wna","item":"https:\/\/krzewinski.pl\/en\/"},{"@type":"ListItem","position":2,"name":"About the company"}]},{"@type":"WebSite","@id":"https:\/\/krzewinski.pl\/ru\/#website","url":"https:\/\/krzewinski.pl\/ru\/","name":"Krzewi\u0144ski","description":"Szk\u00f3\u0142ka krzew\u00f3w owocowych","publisher":{"@id":"https:\/\/krzewinski.pl\/ru\/#organization"},"potentialAction":[{"@type":"SearchAction","target":{"@type":"EntryPoint","urlTemplate":"https:\/\/krzewinski.pl\/ru\/?s={search_term_string}"},"query-input":"required name=search_term_string"}],"inLanguage":"en-US"},{"@type":"Organization","@id":"https:\/\/krzewinski.pl\/ru\/#organization","name":"Krzewi\u0144ski","url":"https:\/\/krzewinski.pl\/ru\/","logo":{"@type":"ImageObject","inLanguage":"en-US","@id":"https:\/\/krzewinski.pl\/ru\/#\/schema\/logo\/image\/","url":"https:\/\/krzewinski.pl\/wp-content\/uploads\/2015\/10\/logo-www.png","contentUrl":"https:\/\/krzewinski.pl\/wp-content\/uploads\/2015\/10\/logo-www.png","width":263,"height":150,"caption":"Krzewi\u0144ski"},"image":{"@id":"https:\/\/krzewinski.pl\/ru\/#\/schema\/logo\/image\/"},"sameAs":["https:\/\/www.instagram.com\/lgs.krzewinski\/","https:\/\/www.facebook.com\/lgskrzewinski"]}]}},"_links":{"self":[{"href":"https:\/\/krzewinski.pl\/en\/wp-json\/wp\/v2\/pages\/2364"}],"collection":[{"href":"https:\/\/krzewinski.pl\/en\/wp-json\/wp\/v2\/pages"}],"about":[{"href":"https:\/\/krzewinski.pl\/en\/wp-json\/wp\/v2\/types\/page"}],"author":[{"embeddable":true,"href":"https:\/\/krzewinski.pl\/en\/wp-json\/wp\/v2\/users\/1"}],"replies":[{"embeddable":true,"href":"https:\/\/krzewinski.pl\/en\/wp-json\/wp\/v2\/comments?post=2364"}],"version-history":[{"count":8,"href":"https:\/\/krzewinski.pl\/en\/wp-json\/wp\/v2\/pages\/2364\/revisions"}],"predecessor-version":[{"id":2634,"href":"https:\/\/krzewinski.pl\/en\/wp-json\/wp\/v2\/pages\/2364\/revisions\/2634"}],"wp:attachment":[{"href":"https:\/\/krzewinski.pl\/en\/wp-json\/wp\/v2\/media?parent=2364"}],"curies":[{"name":"wp","href":"https:\/\/api.w.org\/{rel}","templated":true}]}}