{"id":2429,"date":"2015-11-02T09:22:35","date_gmt":"2015-11-02T08:22:35","guid":{"rendered":"https:\/\/krzewinski.pl\/en\/sadzonki-jagody-kamczackiej\/"},"modified":"2017-01-07T12:17:54","modified_gmt":"2017-01-07T11:17:54","slug":"honeyberry-seedlings","status":"publish","type":"page","link":"https:\/\/krzewinski.pl\/en\/honeyberry-seedlings\/","title":{"rendered":"Honeyberry seedlings"},"content":{"rendered":"<p class=\"p1\"><span class=\"s1\">It is a long-lived plant with a very early ripening season. It yields abundantly for 30 years. Extremely resistant to pests and fungal diseases. Honeyberry fruits are a source of biologically active substances which have a positive influence to the human body. Honeyberry fruits strengthen and help human body to recover from many diseases. Moreover, this plant has an aseptic influence. Cross pollination between varieties provide more abundant harvest and bigger fruits <\/span><\/p>\n<ul>\n<li class=\"li3\"><span class=\"s2\"><span class=\"s7\"><a href=\"https:\/\/krzewinski.pl\/en\/honeyberry-seedlings\/honeyberry-seedlings-honeybee\/\"> Honeybee <span class=\"s6\"><b>NEW<\/b><\/span>!<\/a><\/span><\/span><\/li>\n<li class=\"li3\"><span class=\"s2\"><span class=\"s7\"><a href=\"https:\/\/krzewinski.pl\/en\/honeyberry-seedlings\/honeyberry-seedlings-aurora\/\">Aurora<b> <span class=\"s3\">NEW<\/span><span class=\"s4\"><span class=\"s5\">!<\/span><\/span><\/b><\/a><\/span><\/span><\/li>\n<li class=\"li3\"><span class=\"s4\"><span class=\"s5\">\u00a0<a href=\"https:\/\/krzewinski.pl\/en\/honeyberry-seedlings\/honeyberry-seedlings-borealis\/\">Borealis <strong>NEW!<\/strong><\/a><\/span><\/span><\/li>\n<li class=\"li3\"><span class=\"s4\"><span class=\"s5\"><a href=\"https:\/\/krzewinski.pl\/en\/honeyberry-seedlings\/honeyberry-seedlings-indigo-gem\/\">Indigo Ge<b>m <span class=\"s3\">NEW<\/span><span class=\"s4\"><span class=\"s5\">!<\/span><\/span><\/b><\/a><\/span><\/span><\/li>\n<li class=\"li3\"><span class=\"s4\"><span class=\"s5\"><a href=\"https:\/\/krzewinski.pl\/en\/honeyberry-seedlings\/honeyberry-seedlings-vostorg\/\">Vostorg<b> <span class=\"s3\">NEW<\/span><span class=\"s4\"><span class=\"s5\">!<\/span><\/span><\/b><\/a><\/span><\/span><\/li>\n<li class=\"li3\"><span class=\"s2\"><span class=\"s7\"><a href=\"https:\/\/krzewinski.pl\/en\/honeyberry-seedlings\/honeyberry-seedlings-jugana\/\">Jugana <span class=\"s3\"><b>NEW<\/b><\/span><span class=\"s4\">!<\/span><\/a><\/span><\/span><\/li>\n<li class=\"li3\"><span class=\"s2\"><span class=\"s7\">\u00a0<a href=\"https:\/\/krzewinski.pl\/en\/honeyberry-seedlings\/honeyberry-seedlings-docz-velikana\/\">Docz\u2019 Velikana <span class=\"s3\"><b>NEW<\/b><\/span><span class=\"s4\">!<\/span><\/a><\/span><\/span><\/li>\n<li class=\"li3\"><span class=\"s2\"><span class=\"s7\"><a href=\"https:\/\/krzewinski.pl\/en\/honeyberry-seedlings\/honeyberry-seedlings-bakczarskij-velikan\/\">Bakczarskij Velikan <span class=\"s3\"><b>NEW<\/b><\/span><span class=\"s4\">!<\/span><\/a><\/span><\/span><\/li>\n<li class=\"li3\"><a href=\"https:\/\/krzewinski.pl\/en\/honeyberry-seedlings-leningradskij-velikan\/\">Leningradskij Velikan NEW!<\/a><\/li>\n<li class=\"li3\"><span class=\"s2\"><span class=\"s7\"><a href=\"https:\/\/krzewinski.pl\/en\/honeyberry-seedlings\/honeyberry-seedlings-zojka\/\">\u00a0Zojka<\/a><\/span><\/span><\/li>\n<li class=\"li3\"><span class=\"s2\"><span class=\"s7\">\u00a0<a href=\"https:\/\/krzewinski.pl\/en\/honeyberry-seedlings\/honeyberry-seedlings-wojtek\/\">Wojte<\/a><\/span><\/span><a href=\"https:\/\/krzewinski.pl\/en\/honeyberry-seedlings\/honeyberry-seedlings-wojtek\/\"><span class=\"s4\">k<\/span><\/a><\/li>\n<li class=\"li3\"><span class=\"s2\"><span class=\"s7\"><a href=\"https:\/\/krzewinski.pl\/en\/honeyberry-seedlings\/honeyberry-seedlings-kasia\/\">Kasia<\/a><\/span><\/span><\/li>\n<li class=\"li3\"><span class=\"s2\"><span class=\"s7\"><a href=\"https:\/\/krzewinski.pl\/en\/honeyberry-seedlings\/honeyberry-seedlings-karina\/\">Karina<\/a><\/span><\/span><\/li>\n<li class=\"li3\"><span class=\"s2\"><span class=\"s7\"><a href=\"https:\/\/krzewinski.pl\/en\/honeyberry-seedlings\/honeyberry-seedlings-duet\/\">Duet<\/a><\/span><\/span><\/li>\n<li class=\"li3\"><span class=\"s2\"><span class=\"s7\"><a href=\"https:\/\/krzewinski.pl\/en\/honeyberry-seedlings\/honeyberry-seedlings-atut\/\">Atut<\/a><\/span><\/span><\/li>\n<\/ul>\n","protected":false},"excerpt":{"rendered":"<p>It is a long-lived plant with a very early ripening season. It yields abundantly for 30 years. Extremely resistant to pests and fungal diseases. Honeyberry fruits are a source of biologically active substances which have a positive influence to the human body. Honeyberry fruits strengthen and help human body to recover from many diseases. Moreover, &hellip;<\/p>\n","protected":false},"author":1,"featured_media":0,"parent":0,"menu_order":0,"comment_status":"closed","ping_status":"closed","template":"","meta":[],"acf":[],"yoast_head":"<!-- This site is optimized with the Yoast SEO plugin v19.13 - https:\/\/yoast.com\/wordpress\/plugins\/seo\/ -->\n<title>Honeyberry seedlings - Krzewi\u0144ski<\/title>\n<meta name=\"robots\" content=\"index, follow, max-snippet:-1, max-image-preview:large, max-video-preview:-1\" \/>\n<link rel=\"canonical\" href=\"https:\/\/krzewinski.pl\/en\/honeyberry-seedlings\/\" \/>\n<meta property=\"og:locale\" content=\"en_US\" \/>\n<meta property=\"og:type\" content=\"article\" \/>\n<meta property=\"og:title\" content=\"Honeyberry seedlings - Krzewi\u0144ski\" \/>\n<meta property=\"og:description\" content=\"It is a long-lived plant with a very early ripening season. It yields abundantly for 30 years. Extremely resistant to pests and fungal diseases. Honeyberry fruits are a source of biologically active substances which have a positive influence to the human body. Honeyberry fruits strengthen and help human body to recover from many diseases. Moreover, &hellip;\" \/>\n<meta property=\"og:url\" content=\"https:\/\/krzewinski.pl\/en\/honeyberry-seedlings\/\" \/>\n<meta property=\"og:site_name\" content=\"Krzewi\u0144ski\" \/>\n<meta property=\"article:publisher\" content=\"https:\/\/www.facebook.com\/lgskrzewinski\" \/>\n<meta property=\"article:modified_time\" content=\"2017-01-07T11:17:54+00:00\" \/>\n<meta name=\"twitter:card\" content=\"summary_large_image\" \/>\n<script type=\"application\/ld+json\" class=\"yoast-schema-graph\">{\"@context\":\"https:\/\/schema.org\",\"@graph\":[{\"@type\":\"WebPage\",\"@id\":\"https:\/\/krzewinski.pl\/en\/honeyberry-seedlings\/\",\"url\":\"https:\/\/krzewinski.pl\/en\/honeyberry-seedlings\/\",\"name\":\"Honeyberry seedlings - Krzewi\u0144ski\",\"isPartOf\":{\"@id\":\"https:\/\/krzewinski.pl\/ru\/#website\"},\"datePublished\":\"2015-11-02T08:22:35+00:00\",\"dateModified\":\"2017-01-07T11:17:54+00:00\",\"breadcrumb\":{\"@id\":\"https:\/\/krzewinski.pl\/en\/honeyberry-seedlings\/#breadcrumb\"},\"inLanguage\":\"en-US\",\"potentialAction\":[{\"@type\":\"ReadAction\",\"target\":[\"https:\/\/krzewinski.pl\/en\/honeyberry-seedlings\/\"]}]},{\"@type\":\"BreadcrumbList\",\"@id\":\"https:\/\/krzewinski.pl\/en\/honeyberry-seedlings\/#breadcrumb\",\"itemListElement\":[{\"@type\":\"ListItem\",\"position\":1,\"name\":\"Strona g\u0142\u00f3wna\",\"item\":\"https:\/\/krzewinski.pl\/en\/\"},{\"@type\":\"ListItem\",\"position\":2,\"name\":\"Honeyberry seedlings\"}]},{\"@type\":\"WebSite\",\"@id\":\"https:\/\/krzewinski.pl\/ru\/#website\",\"url\":\"https:\/\/krzewinski.pl\/ru\/\",\"name\":\"Krzewi\u0144ski\",\"description\":\"Szk\u00f3\u0142ka krzew\u00f3w owocowych\",\"publisher\":{\"@id\":\"https:\/\/krzewinski.pl\/ru\/#organization\"},\"potentialAction\":[{\"@type\":\"SearchAction\",\"target\":{\"@type\":\"EntryPoint\",\"urlTemplate\":\"https:\/\/krzewinski.pl\/ru\/?s={search_term_string}\"},\"query-input\":\"required name=search_term_string\"}],\"inLanguage\":\"en-US\"},{\"@type\":\"Organization\",\"@id\":\"https:\/\/krzewinski.pl\/ru\/#organization\",\"name\":\"Krzewi\u0144ski\",\"url\":\"https:\/\/krzewinski.pl\/ru\/\",\"logo\":{\"@type\":\"ImageObject\",\"inLanguage\":\"en-US\",\"@id\":\"https:\/\/krzewinski.pl\/ru\/#\/schema\/logo\/image\/\",\"url\":\"https:\/\/krzewinski.pl\/wp-content\/uploads\/2015\/10\/logo-www.png\",\"contentUrl\":\"https:\/\/krzewinski.pl\/wp-content\/uploads\/2015\/10\/logo-www.png\",\"width\":263,\"height\":150,\"caption\":\"Krzewi\u0144ski\"},\"image\":{\"@id\":\"https:\/\/krzewinski.pl\/ru\/#\/schema\/logo\/image\/\"},\"sameAs\":[\"https:\/\/www.instagram.com\/lgs.krzewinski\/\",\"https:\/\/www.facebook.com\/lgskrzewinski\"]}]}<\/script>\n<!-- \/ Yoast SEO plugin. -->","yoast_head_json":{"title":"Honeyberry seedlings - Krzewi\u0144ski","robots":{"index":"index","follow":"follow","max-snippet":"max-snippet:-1","max-image-preview":"max-image-preview:large","max-video-preview":"max-video-preview:-1"},"canonical":"https:\/\/krzewinski.pl\/en\/honeyberry-seedlings\/","og_locale":"en_US","og_type":"article","og_title":"Honeyberry seedlings - Krzewi\u0144ski","og_description":"It is a long-lived plant with a very early ripening season. It yields abundantly for 30 years. Extremely resistant to pests and fungal diseases. Honeyberry fruits are a source of biologically active substances which have a positive influence to the human body. Honeyberry fruits strengthen and help human body to recover from many diseases. Moreover, &hellip;","og_url":"https:\/\/krzewinski.pl\/en\/honeyberry-seedlings\/","og_site_name":"Krzewi\u0144ski","article_publisher":"https:\/\/www.facebook.com\/lgskrzewinski","article_modified_time":"2017-01-07T11:17:54+00:00","twitter_card":"summary_large_image","schema":{"@context":"https:\/\/schema.org","@graph":[{"@type":"WebPage","@id":"https:\/\/krzewinski.pl\/en\/honeyberry-seedlings\/","url":"https:\/\/krzewinski.pl\/en\/honeyberry-seedlings\/","name":"Honeyberry seedlings - Krzewi\u0144ski","isPartOf":{"@id":"https:\/\/krzewinski.pl\/ru\/#website"},"datePublished":"2015-11-02T08:22:35+00:00","dateModified":"2017-01-07T11:17:54+00:00","breadcrumb":{"@id":"https:\/\/krzewinski.pl\/en\/honeyberry-seedlings\/#breadcrumb"},"inLanguage":"en-US","potentialAction":[{"@type":"ReadAction","target":["https:\/\/krzewinski.pl\/en\/honeyberry-seedlings\/"]}]},{"@type":"BreadcrumbList","@id":"https:\/\/krzewinski.pl\/en\/honeyberry-seedlings\/#breadcrumb","itemListElement":[{"@type":"ListItem","position":1,"name":"Strona g\u0142\u00f3wna","item":"https:\/\/krzewinski.pl\/en\/"},{"@type":"ListItem","position":2,"name":"Honeyberry seedlings"}]},{"@type":"WebSite","@id":"https:\/\/krzewinski.pl\/ru\/#website","url":"https:\/\/krzewinski.pl\/ru\/","name":"Krzewi\u0144ski","description":"Szk\u00f3\u0142ka krzew\u00f3w owocowych","publisher":{"@id":"https:\/\/krzewinski.pl\/ru\/#organization"},"potentialAction":[{"@type":"SearchAction","target":{"@type":"EntryPoint","urlTemplate":"https:\/\/krzewinski.pl\/ru\/?s={search_term_string}"},"query-input":"required name=search_term_string"}],"inLanguage":"en-US"},{"@type":"Organization","@id":"https:\/\/krzewinski.pl\/ru\/#organization","name":"Krzewi\u0144ski","url":"https:\/\/krzewinski.pl\/ru\/","logo":{"@type":"ImageObject","inLanguage":"en-US","@id":"https:\/\/krzewinski.pl\/ru\/#\/schema\/logo\/image\/","url":"https:\/\/krzewinski.pl\/wp-content\/uploads\/2015\/10\/logo-www.png","contentUrl":"https:\/\/krzewinski.pl\/wp-content\/uploads\/2015\/10\/logo-www.png","width":263,"height":150,"caption":"Krzewi\u0144ski"},"image":{"@id":"https:\/\/krzewinski.pl\/ru\/#\/schema\/logo\/image\/"},"sameAs":["https:\/\/www.instagram.com\/lgs.krzewinski\/","https:\/\/www.facebook.com\/lgskrzewinski"]}]}},"_links":{"self":[{"href":"https:\/\/krzewinski.pl\/en\/wp-json\/wp\/v2\/pages\/2429"}],"collection":[{"href":"https:\/\/krzewinski.pl\/en\/wp-json\/wp\/v2\/pages"}],"about":[{"href":"https:\/\/krzewinski.pl\/en\/wp-json\/wp\/v2\/types\/page"}],"author":[{"embeddable":true,"href":"https:\/\/krzewinski.pl\/en\/wp-json\/wp\/v2\/users\/1"}],"replies":[{"embeddable":true,"href":"https:\/\/krzewinski.pl\/en\/wp-json\/wp\/v2\/comments?post=2429"}],"version-history":[{"count":8,"href":"https:\/\/krzewinski.pl\/en\/wp-json\/wp\/v2\/pages\/2429\/revisions"}],"predecessor-version":[{"id":3501,"href":"https:\/\/krzewinski.pl\/en\/wp-json\/wp\/v2\/pages\/2429\/revisions\/3501"}],"wp:attachment":[{"href":"https:\/\/krzewinski.pl\/en\/wp-json\/wp\/v2\/media?parent=2429"}],"curies":[{"name":"wp","href":"https:\/\/api.w.org\/{rel}","templated":true}]}}