{"id":2462,"date":"2015-11-02T09:43:28","date_gmt":"2015-11-02T08:43:28","guid":{"rendered":"https:\/\/krzewinski.pl\/en\/kiwi\/"},"modified":"2016-06-06T08:53:31","modified_gmt":"2016-06-06T06:53:31","slug":"kiwi-seedlings","status":"publish","type":"page","link":"https:\/\/krzewinski.pl\/en\/kiwi-seedlings\/","title":{"rendered":"Kiwi seedlings"},"content":{"rendered":"<p class=\"p1\"><span class=\"s1\">It is a climber strain of the line of Actinidiaceae, popularly known as the \u2018kiwi fruit\u2019. Its shrubs are very decorative. As the vine it can be used for shading buildings, garden houses and pergolas. Actinidia fruits have nutritional and dietary values, they are also very tasty. Its fruits contain big amount of vitamin C and B group vitamins.<br \/>\nHardy kiwi differs significantly from \u2018delicious\u2019 kiwi fruit, which is well-known for us from the grocery stores. Hardy kiwi fruits are sweeter, tastier, and smaller &#8211; their size is of a medium plum. Contrary to \u2018delicious\u2019 Actinidia, they do not require peeling. It has fruits from green to slightly red in colour.<\/span><\/p>\n<ul>\n<li class=\"li2\"><span class=\"s2\"><span class=\"s3\"><a href=\"https:\/\/krzewinski.pl\/en\/kiwi-seedlings\/kiwi-seedlings-bayern-kiwi\/\">Bayern Kiwi male<\/a><\/span><\/span><\/li>\n<li class=\"li2\"><span class=\"s2\"><span class=\"s3\"><a href=\"https:\/\/krzewinski.pl\/en\/kiwi-seedlings\/kiwi-seedlings-kens-red\/\">Ken\u2019s Red<\/a><\/span><\/span><\/li>\n<li class=\"li2\"><span class=\"s2\"><span class=\"s3\"><a href=\"https:\/\/krzewinski.pl\/en\/kiwi-seedlings\/kiwi-seedlings-geneva\/\">Geneva<\/a><\/span><\/span><\/li>\n<li class=\"li2\"><span class=\"s2\"><span class=\"s3\"><a href=\"https:\/\/krzewinski.pl\/en\/kiwi-seedlings\/kiwi-seedlings-bayern-kiwi-female\/\">Bayern Kiwi female<\/a><\/span><\/span><\/li>\n<li class=\"li2\"><span class=\"s2\"><span class=\"s3\"><a href=\"https:\/\/krzewinski.pl\/en\/kiwi-seedlings\/kiwi-seedlings-ananasnaja\/\">Ananasnaja<\/a><\/span><\/span><\/li>\n<li class=\"li2\"><span class=\"s2\"><span class=\"s3\"><a href=\"https:\/\/krzewinski.pl\/en\/kiwi-seedlings\/kiwi-seedlings-actinidia-arguta-male\/\">Actinidia Arguta male<\/a><\/span><\/span><\/li>\n<\/ul>\n","protected":false},"excerpt":{"rendered":"<p>It is a climber strain of the line of Actinidiaceae, popularly known as the \u2018kiwi fruit\u2019. Its shrubs are very decorative. As the vine it can be used for shading buildings, garden houses and pergolas. Actinidia fruits have nutritional and dietary values, they are also very tasty. Its fruits contain big amount of vitamin C &hellip;<\/p>\n","protected":false},"author":1,"featured_media":0,"parent":0,"menu_order":0,"comment_status":"closed","ping_status":"closed","template":"","meta":[],"acf":[],"yoast_head":"<!-- This site is optimized with the Yoast SEO plugin v19.13 - https:\/\/yoast.com\/wordpress\/plugins\/seo\/ -->\n<title>Kiwi seedlings - Krzewi\u0144ski<\/title>\n<meta name=\"robots\" content=\"index, follow, max-snippet:-1, max-image-preview:large, max-video-preview:-1\" \/>\n<link rel=\"canonical\" href=\"https:\/\/krzewinski.pl\/en\/kiwi-seedlings\/\" \/>\n<meta property=\"og:locale\" content=\"en_US\" \/>\n<meta property=\"og:type\" content=\"article\" \/>\n<meta property=\"og:title\" content=\"Kiwi seedlings - Krzewi\u0144ski\" \/>\n<meta property=\"og:description\" content=\"It is a climber strain of the line of Actinidiaceae, popularly known as the \u2018kiwi fruit\u2019. Its shrubs are very decorative. As the vine it can be used for shading buildings, garden houses and pergolas. Actinidia fruits have nutritional and dietary values, they are also very tasty. Its fruits contain big amount of vitamin C &hellip;\" \/>\n<meta property=\"og:url\" content=\"https:\/\/krzewinski.pl\/en\/kiwi-seedlings\/\" \/>\n<meta property=\"og:site_name\" content=\"Krzewi\u0144ski\" \/>\n<meta property=\"article:publisher\" content=\"https:\/\/www.facebook.com\/lgskrzewinski\" \/>\n<meta property=\"article:modified_time\" content=\"2016-06-06T06:53:31+00:00\" \/>\n<meta name=\"twitter:card\" content=\"summary_large_image\" \/>\n<meta name=\"twitter:label1\" content=\"Est. reading time\" \/>\n\t<meta name=\"twitter:data1\" content=\"1 minute\" \/>\n<script type=\"application\/ld+json\" class=\"yoast-schema-graph\">{\"@context\":\"https:\/\/schema.org\",\"@graph\":[{\"@type\":\"WebPage\",\"@id\":\"https:\/\/krzewinski.pl\/en\/kiwi-seedlings\/\",\"url\":\"https:\/\/krzewinski.pl\/en\/kiwi-seedlings\/\",\"name\":\"Kiwi seedlings - Krzewi\u0144ski\",\"isPartOf\":{\"@id\":\"https:\/\/krzewinski.pl\/ru\/#website\"},\"datePublished\":\"2015-11-02T08:43:28+00:00\",\"dateModified\":\"2016-06-06T06:53:31+00:00\",\"breadcrumb\":{\"@id\":\"https:\/\/krzewinski.pl\/en\/kiwi-seedlings\/#breadcrumb\"},\"inLanguage\":\"en-US\",\"potentialAction\":[{\"@type\":\"ReadAction\",\"target\":[\"https:\/\/krzewinski.pl\/en\/kiwi-seedlings\/\"]}]},{\"@type\":\"BreadcrumbList\",\"@id\":\"https:\/\/krzewinski.pl\/en\/kiwi-seedlings\/#breadcrumb\",\"itemListElement\":[{\"@type\":\"ListItem\",\"position\":1,\"name\":\"Strona g\u0142\u00f3wna\",\"item\":\"https:\/\/krzewinski.pl\/en\/\"},{\"@type\":\"ListItem\",\"position\":2,\"name\":\"Kiwi seedlings\"}]},{\"@type\":\"WebSite\",\"@id\":\"https:\/\/krzewinski.pl\/ru\/#website\",\"url\":\"https:\/\/krzewinski.pl\/ru\/\",\"name\":\"Krzewi\u0144ski\",\"description\":\"Szk\u00f3\u0142ka krzew\u00f3w owocowych\",\"publisher\":{\"@id\":\"https:\/\/krzewinski.pl\/ru\/#organization\"},\"potentialAction\":[{\"@type\":\"SearchAction\",\"target\":{\"@type\":\"EntryPoint\",\"urlTemplate\":\"https:\/\/krzewinski.pl\/ru\/?s={search_term_string}\"},\"query-input\":\"required name=search_term_string\"}],\"inLanguage\":\"en-US\"},{\"@type\":\"Organization\",\"@id\":\"https:\/\/krzewinski.pl\/ru\/#organization\",\"name\":\"Krzewi\u0144ski\",\"url\":\"https:\/\/krzewinski.pl\/ru\/\",\"logo\":{\"@type\":\"ImageObject\",\"inLanguage\":\"en-US\",\"@id\":\"https:\/\/krzewinski.pl\/ru\/#\/schema\/logo\/image\/\",\"url\":\"https:\/\/krzewinski.pl\/wp-content\/uploads\/2015\/10\/logo-www.png\",\"contentUrl\":\"https:\/\/krzewinski.pl\/wp-content\/uploads\/2015\/10\/logo-www.png\",\"width\":263,\"height\":150,\"caption\":\"Krzewi\u0144ski\"},\"image\":{\"@id\":\"https:\/\/krzewinski.pl\/ru\/#\/schema\/logo\/image\/\"},\"sameAs\":[\"https:\/\/www.instagram.com\/lgs.krzewinski\/\",\"https:\/\/www.facebook.com\/lgskrzewinski\"]}]}<\/script>\n<!-- \/ Yoast SEO plugin. -->","yoast_head_json":{"title":"Kiwi seedlings - Krzewi\u0144ski","robots":{"index":"index","follow":"follow","max-snippet":"max-snippet:-1","max-image-preview":"max-image-preview:large","max-video-preview":"max-video-preview:-1"},"canonical":"https:\/\/krzewinski.pl\/en\/kiwi-seedlings\/","og_locale":"en_US","og_type":"article","og_title":"Kiwi seedlings - Krzewi\u0144ski","og_description":"It is a climber strain of the line of Actinidiaceae, popularly known as the \u2018kiwi fruit\u2019. Its shrubs are very decorative. As the vine it can be used for shading buildings, garden houses and pergolas. Actinidia fruits have nutritional and dietary values, they are also very tasty. Its fruits contain big amount of vitamin C &hellip;","og_url":"https:\/\/krzewinski.pl\/en\/kiwi-seedlings\/","og_site_name":"Krzewi\u0144ski","article_publisher":"https:\/\/www.facebook.com\/lgskrzewinski","article_modified_time":"2016-06-06T06:53:31+00:00","twitter_card":"summary_large_image","twitter_misc":{"Est. reading time":"1 minute"},"schema":{"@context":"https:\/\/schema.org","@graph":[{"@type":"WebPage","@id":"https:\/\/krzewinski.pl\/en\/kiwi-seedlings\/","url":"https:\/\/krzewinski.pl\/en\/kiwi-seedlings\/","name":"Kiwi seedlings - Krzewi\u0144ski","isPartOf":{"@id":"https:\/\/krzewinski.pl\/ru\/#website"},"datePublished":"2015-11-02T08:43:28+00:00","dateModified":"2016-06-06T06:53:31+00:00","breadcrumb":{"@id":"https:\/\/krzewinski.pl\/en\/kiwi-seedlings\/#breadcrumb"},"inLanguage":"en-US","potentialAction":[{"@type":"ReadAction","target":["https:\/\/krzewinski.pl\/en\/kiwi-seedlings\/"]}]},{"@type":"BreadcrumbList","@id":"https:\/\/krzewinski.pl\/en\/kiwi-seedlings\/#breadcrumb","itemListElement":[{"@type":"ListItem","position":1,"name":"Strona g\u0142\u00f3wna","item":"https:\/\/krzewinski.pl\/en\/"},{"@type":"ListItem","position":2,"name":"Kiwi seedlings"}]},{"@type":"WebSite","@id":"https:\/\/krzewinski.pl\/ru\/#website","url":"https:\/\/krzewinski.pl\/ru\/","name":"Krzewi\u0144ski","description":"Szk\u00f3\u0142ka krzew\u00f3w owocowych","publisher":{"@id":"https:\/\/krzewinski.pl\/ru\/#organization"},"potentialAction":[{"@type":"SearchAction","target":{"@type":"EntryPoint","urlTemplate":"https:\/\/krzewinski.pl\/ru\/?s={search_term_string}"},"query-input":"required name=search_term_string"}],"inLanguage":"en-US"},{"@type":"Organization","@id":"https:\/\/krzewinski.pl\/ru\/#organization","name":"Krzewi\u0144ski","url":"https:\/\/krzewinski.pl\/ru\/","logo":{"@type":"ImageObject","inLanguage":"en-US","@id":"https:\/\/krzewinski.pl\/ru\/#\/schema\/logo\/image\/","url":"https:\/\/krzewinski.pl\/wp-content\/uploads\/2015\/10\/logo-www.png","contentUrl":"https:\/\/krzewinski.pl\/wp-content\/uploads\/2015\/10\/logo-www.png","width":263,"height":150,"caption":"Krzewi\u0144ski"},"image":{"@id":"https:\/\/krzewinski.pl\/ru\/#\/schema\/logo\/image\/"},"sameAs":["https:\/\/www.instagram.com\/lgs.krzewinski\/","https:\/\/www.facebook.com\/lgskrzewinski"]}]}},"_links":{"self":[{"href":"https:\/\/krzewinski.pl\/en\/wp-json\/wp\/v2\/pages\/2462"}],"collection":[{"href":"https:\/\/krzewinski.pl\/en\/wp-json\/wp\/v2\/pages"}],"about":[{"href":"https:\/\/krzewinski.pl\/en\/wp-json\/wp\/v2\/types\/page"}],"author":[{"embeddable":true,"href":"https:\/\/krzewinski.pl\/en\/wp-json\/wp\/v2\/users\/1"}],"replies":[{"embeddable":true,"href":"https:\/\/krzewinski.pl\/en\/wp-json\/wp\/v2\/comments?post=2462"}],"version-history":[{"count":7,"href":"https:\/\/krzewinski.pl\/en\/wp-json\/wp\/v2\/pages\/2462\/revisions"}],"predecessor-version":[{"id":2983,"href":"https:\/\/krzewinski.pl\/en\/wp-json\/wp\/v2\/pages\/2462\/revisions\/2983"}],"wp:attachment":[{"href":"https:\/\/krzewinski.pl\/en\/wp-json\/wp\/v2\/media?parent=2462"}],"curies":[{"name":"wp","href":"https:\/\/api.w.org\/{rel}","templated":true}]}}