{"id":2467,"date":"2015-11-02T09:44:41","date_gmt":"2015-11-02T08:44:41","guid":{"rendered":"https:\/\/krzewinski.pl\/en\/kolcowoj-pospolity\/"},"modified":"2016-06-03T14:30:09","modified_gmt":"2016-06-03T12:30:09","slug":"chinese-wolfberry-seedlings","status":"publish","type":"page","link":"https:\/\/krzewinski.pl\/en\/chinese-wolfberry-seedlings\/","title":{"rendered":"Chinese wolfberry seedlings"},"content":{"rendered":"<p class=\"p1\"><span class=\"s1\">Chinese wolfberry, which many of us associate automatically with its fruits name \u2013 GOJI BERRIES \u2013 has been increasing its popularity since many years around the world. All this due to its copious pro-health properties. <\/span><\/p>\n<p class=\"p1\"><span class=\"s1\"><b>Goji fruits:<\/b><\/span><\/p>\n<ul>\n<li class=\"li1\"><span class=\"s1\">contain high amounts of vitamin C. 100 g of dried fruits have 2500mg of this substance \u2013 which places the plant at the 3rd top rich in vitamin C natural source.<\/span><\/li>\n<li class=\"li1\"><span class=\"s1\">contain vitamins B1, B2, B6 and E, as well as 11 minerals and 22 trace minerals<\/span><\/li>\n<li class=\"li1\"><span class=\"s1\">delay aging processes and help in cells growing and damaged cells regeneration<\/span><\/li>\n<li class=\"li1\"><span class=\"s1\">strengthen bones and joints<\/span><\/li>\n<li class=\"li1\"><span class=\"s1\">improve eyesight<\/span><\/li>\n<li class=\"li1\"><span class=\"s1\">strengthen and regulate digestive system activities<\/span><\/li>\n<li class=\"li1\"><span class=\"s1\">boost weight loss<\/span><\/li>\n<li class=\"li1\"><span class=\"s1\">show anticancer influence<\/span><\/li>\n<li class=\"li1\"><span class=\"s1\">improve our memory<\/span><\/li>\n<li class=\"li1\"><span class=\"s1\">improve our spirits and reduce tiredness<\/span><\/li>\n<li class=\"li1\"><span class=\"s1\">are effective in liver detoxication processes even in case of hard chemical poisons<\/span><\/li>\n<li class=\"li1\"><span class=\"s1\">in Chinese medicine are used to heal many illnesses, to name just a few: kidney diseases, heart problems, lung illnesses, or even rheumatic problems<\/span><\/li>\n<li class=\"li1\"><span class=\"s1\">are advised for people of every age, except for pregnant women and nursing mothers. Goji berries are nartural suplement of diet providing us with wellness and longevity<\/span><\/li>\n<\/ul>\n<p class=\"p1\"><span class=\"s1\">Chinese wolfberry is being cultivated mainly in Ning-xia province. Its shrub reaches the height of even 3m, it has loose branches covered with thorns and very pretty purple-violet flowers.<\/span><\/p>\n<p class=\"p1\"><span class=\"s1\">For thousands of years, Chinese wolfberry has been highly valued for its copious pro-health properties. In England it is widespread since 18<\/span><span class=\"s3\"><sup>th<\/sup><\/span><span class=\"s1\"> century as Duke of Argyll\u2019s Tea Tree and it is considered as dessert and decorative plant. In 21<\/span><span class=\"s3\"><sup>st<\/sup><\/span><span class=\"s1\"> century, Goji berries became highly popular among healthy food enthusiasts from all around the world. <\/span><\/p>\n<p class=\"p1\"><span class=\"s1\">Goji fruits are edible when fully ripened. Some varieties of Solanaceae, including Chinese wolfberry, contain in<span class=\"Apple-converted-space\">\u00a0 <\/span>unripened (green) fruits some solanine, which may cause, among other things, acute alimentary poisons. <\/span><\/p>\n<p class=\"p1\"><span class=\"s1\"><b>\u00a0It is important to remember that only ripened Goji fruits may be picked and eaten.<\/b><\/span><\/p>\n","protected":false},"excerpt":{"rendered":"<p>Chinese wolfberry, which many of us associate automatically with its fruits name \u2013 GOJI BERRIES \u2013 has been increasing its popularity since many years around the world. All this due to its copious pro-health properties. Goji fruits: contain high amounts of vitamin C. 100 g of dried fruits have 2500mg of this substance \u2013 which &hellip;<\/p>\n","protected":false},"author":1,"featured_media":7239,"parent":0,"menu_order":0,"comment_status":"closed","ping_status":"closed","template":"","meta":[],"acf":[],"yoast_head":"<!-- This site is optimized with the Yoast SEO plugin v19.13 - https:\/\/yoast.com\/wordpress\/plugins\/seo\/ -->\n<title>Chinese wolfberry seedlings - Krzewi\u0144ski<\/title>\n<meta name=\"robots\" content=\"index, follow, max-snippet:-1, max-image-preview:large, max-video-preview:-1\" \/>\n<link rel=\"canonical\" href=\"https:\/\/krzewinski.pl\/en\/chinese-wolfberry-seedlings\/\" \/>\n<meta property=\"og:locale\" content=\"en_US\" \/>\n<meta property=\"og:type\" content=\"article\" \/>\n<meta property=\"og:title\" content=\"Chinese wolfberry seedlings - Krzewi\u0144ski\" \/>\n<meta property=\"og:description\" content=\"Chinese wolfberry, which many of us associate automatically with its fruits name \u2013 GOJI BERRIES \u2013 has been increasing its popularity since many years around the world. All this due to its copious pro-health properties. Goji fruits: contain high amounts of vitamin C. 100 g of dried fruits have 2500mg of this substance \u2013 which &hellip;\" \/>\n<meta property=\"og:url\" content=\"https:\/\/krzewinski.pl\/en\/chinese-wolfberry-seedlings\/\" \/>\n<meta property=\"og:site_name\" content=\"Krzewi\u0144ski\" \/>\n<meta property=\"article:publisher\" content=\"https:\/\/www.facebook.com\/lgskrzewinski\" \/>\n<meta property=\"article:modified_time\" content=\"2016-06-03T12:30:09+00:00\" \/>\n<meta property=\"og:image\" content=\"https:\/\/krzewinski.pl\/wp-content\/uploads\/2019\/02\/Kolcow\u00f3j-NQ1-e1551354425181.jpg\" \/>\n\t<meta property=\"og:image:width\" content=\"1024\" \/>\n\t<meta property=\"og:image:height\" content=\"680\" \/>\n\t<meta property=\"og:image:type\" content=\"image\/jpeg\" \/>\n<meta name=\"twitter:card\" content=\"summary_large_image\" \/>\n<meta name=\"twitter:label1\" content=\"Est. reading time\" \/>\n\t<meta name=\"twitter:data1\" content=\"2 minutes\" \/>\n<script type=\"application\/ld+json\" class=\"yoast-schema-graph\">{\"@context\":\"https:\/\/schema.org\",\"@graph\":[{\"@type\":\"WebPage\",\"@id\":\"https:\/\/krzewinski.pl\/en\/chinese-wolfberry-seedlings\/\",\"url\":\"https:\/\/krzewinski.pl\/en\/chinese-wolfberry-seedlings\/\",\"name\":\"Chinese wolfberry seedlings - Krzewi\u0144ski\",\"isPartOf\":{\"@id\":\"https:\/\/krzewinski.pl\/ru\/#website\"},\"datePublished\":\"2015-11-02T08:44:41+00:00\",\"dateModified\":\"2016-06-03T12:30:09+00:00\",\"breadcrumb\":{\"@id\":\"https:\/\/krzewinski.pl\/en\/chinese-wolfberry-seedlings\/#breadcrumb\"},\"inLanguage\":\"en-US\",\"potentialAction\":[{\"@type\":\"ReadAction\",\"target\":[\"https:\/\/krzewinski.pl\/en\/chinese-wolfberry-seedlings\/\"]}]},{\"@type\":\"BreadcrumbList\",\"@id\":\"https:\/\/krzewinski.pl\/en\/chinese-wolfberry-seedlings\/#breadcrumb\",\"itemListElement\":[{\"@type\":\"ListItem\",\"position\":1,\"name\":\"Strona g\u0142\u00f3wna\",\"item\":\"https:\/\/krzewinski.pl\/en\/\"},{\"@type\":\"ListItem\",\"position\":2,\"name\":\"Chinese wolfberry seedlings\"}]},{\"@type\":\"WebSite\",\"@id\":\"https:\/\/krzewinski.pl\/ru\/#website\",\"url\":\"https:\/\/krzewinski.pl\/ru\/\",\"name\":\"Krzewi\u0144ski\",\"description\":\"Szk\u00f3\u0142ka krzew\u00f3w owocowych\",\"publisher\":{\"@id\":\"https:\/\/krzewinski.pl\/ru\/#organization\"},\"potentialAction\":[{\"@type\":\"SearchAction\",\"target\":{\"@type\":\"EntryPoint\",\"urlTemplate\":\"https:\/\/krzewinski.pl\/ru\/?s={search_term_string}\"},\"query-input\":\"required name=search_term_string\"}],\"inLanguage\":\"en-US\"},{\"@type\":\"Organization\",\"@id\":\"https:\/\/krzewinski.pl\/ru\/#organization\",\"name\":\"Krzewi\u0144ski\",\"url\":\"https:\/\/krzewinski.pl\/ru\/\",\"logo\":{\"@type\":\"ImageObject\",\"inLanguage\":\"en-US\",\"@id\":\"https:\/\/krzewinski.pl\/ru\/#\/schema\/logo\/image\/\",\"url\":\"https:\/\/krzewinski.pl\/wp-content\/uploads\/2015\/10\/logo-www.png\",\"contentUrl\":\"https:\/\/krzewinski.pl\/wp-content\/uploads\/2015\/10\/logo-www.png\",\"width\":263,\"height\":150,\"caption\":\"Krzewi\u0144ski\"},\"image\":{\"@id\":\"https:\/\/krzewinski.pl\/ru\/#\/schema\/logo\/image\/\"},\"sameAs\":[\"https:\/\/www.instagram.com\/lgs.krzewinski\/\",\"https:\/\/www.facebook.com\/lgskrzewinski\"]}]}<\/script>\n<!-- \/ Yoast SEO plugin. -->","yoast_head_json":{"title":"Chinese wolfberry seedlings - Krzewi\u0144ski","robots":{"index":"index","follow":"follow","max-snippet":"max-snippet:-1","max-image-preview":"max-image-preview:large","max-video-preview":"max-video-preview:-1"},"canonical":"https:\/\/krzewinski.pl\/en\/chinese-wolfberry-seedlings\/","og_locale":"en_US","og_type":"article","og_title":"Chinese wolfberry seedlings - Krzewi\u0144ski","og_description":"Chinese wolfberry, which many of us associate automatically with its fruits name \u2013 GOJI BERRIES \u2013 has been increasing its popularity since many years around the world. All this due to its copious pro-health properties. Goji fruits: contain high amounts of vitamin C. 100 g of dried fruits have 2500mg of this substance \u2013 which &hellip;","og_url":"https:\/\/krzewinski.pl\/en\/chinese-wolfberry-seedlings\/","og_site_name":"Krzewi\u0144ski","article_publisher":"https:\/\/www.facebook.com\/lgskrzewinski","article_modified_time":"2016-06-03T12:30:09+00:00","og_image":[{"width":1024,"height":680,"url":"https:\/\/krzewinski.pl\/wp-content\/uploads\/2019\/02\/Kolcow\u00f3j-NQ1-e1551354425181.jpg","type":"image\/jpeg"}],"twitter_card":"summary_large_image","twitter_misc":{"Est. reading time":"2 minutes"},"schema":{"@context":"https:\/\/schema.org","@graph":[{"@type":"WebPage","@id":"https:\/\/krzewinski.pl\/en\/chinese-wolfberry-seedlings\/","url":"https:\/\/krzewinski.pl\/en\/chinese-wolfberry-seedlings\/","name":"Chinese wolfberry seedlings - Krzewi\u0144ski","isPartOf":{"@id":"https:\/\/krzewinski.pl\/ru\/#website"},"datePublished":"2015-11-02T08:44:41+00:00","dateModified":"2016-06-03T12:30:09+00:00","breadcrumb":{"@id":"https:\/\/krzewinski.pl\/en\/chinese-wolfberry-seedlings\/#breadcrumb"},"inLanguage":"en-US","potentialAction":[{"@type":"ReadAction","target":["https:\/\/krzewinski.pl\/en\/chinese-wolfberry-seedlings\/"]}]},{"@type":"BreadcrumbList","@id":"https:\/\/krzewinski.pl\/en\/chinese-wolfberry-seedlings\/#breadcrumb","itemListElement":[{"@type":"ListItem","position":1,"name":"Strona g\u0142\u00f3wna","item":"https:\/\/krzewinski.pl\/en\/"},{"@type":"ListItem","position":2,"name":"Chinese wolfberry seedlings"}]},{"@type":"WebSite","@id":"https:\/\/krzewinski.pl\/ru\/#website","url":"https:\/\/krzewinski.pl\/ru\/","name":"Krzewi\u0144ski","description":"Szk\u00f3\u0142ka krzew\u00f3w owocowych","publisher":{"@id":"https:\/\/krzewinski.pl\/ru\/#organization"},"potentialAction":[{"@type":"SearchAction","target":{"@type":"EntryPoint","urlTemplate":"https:\/\/krzewinski.pl\/ru\/?s={search_term_string}"},"query-input":"required name=search_term_string"}],"inLanguage":"en-US"},{"@type":"Organization","@id":"https:\/\/krzewinski.pl\/ru\/#organization","name":"Krzewi\u0144ski","url":"https:\/\/krzewinski.pl\/ru\/","logo":{"@type":"ImageObject","inLanguage":"en-US","@id":"https:\/\/krzewinski.pl\/ru\/#\/schema\/logo\/image\/","url":"https:\/\/krzewinski.pl\/wp-content\/uploads\/2015\/10\/logo-www.png","contentUrl":"https:\/\/krzewinski.pl\/wp-content\/uploads\/2015\/10\/logo-www.png","width":263,"height":150,"caption":"Krzewi\u0144ski"},"image":{"@id":"https:\/\/krzewinski.pl\/ru\/#\/schema\/logo\/image\/"},"sameAs":["https:\/\/www.instagram.com\/lgs.krzewinski\/","https:\/\/www.facebook.com\/lgskrzewinski"]}]}},"_links":{"self":[{"href":"https:\/\/krzewinski.pl\/en\/wp-json\/wp\/v2\/pages\/2467"}],"collection":[{"href":"https:\/\/krzewinski.pl\/en\/wp-json\/wp\/v2\/pages"}],"about":[{"href":"https:\/\/krzewinski.pl\/en\/wp-json\/wp\/v2\/types\/page"}],"author":[{"embeddable":true,"href":"https:\/\/krzewinski.pl\/en\/wp-json\/wp\/v2\/users\/1"}],"replies":[{"embeddable":true,"href":"https:\/\/krzewinski.pl\/en\/wp-json\/wp\/v2\/comments?post=2467"}],"version-history":[{"count":3,"href":"https:\/\/krzewinski.pl\/en\/wp-json\/wp\/v2\/pages\/2467\/revisions"}],"predecessor-version":[{"id":2665,"href":"https:\/\/krzewinski.pl\/en\/wp-json\/wp\/v2\/pages\/2467\/revisions\/2665"}],"wp:featuredmedia":[{"embeddable":true,"href":"https:\/\/krzewinski.pl\/en\/wp-json\/wp\/v2\/media\/7239"}],"wp:attachment":[{"href":"https:\/\/krzewinski.pl\/en\/wp-json\/wp\/v2\/media?parent=2467"}],"curies":[{"name":"wp","href":"https:\/\/api.w.org\/{rel}","templated":true}]}}