{"id":2483,"date":"2015-11-02T10:13:44","date_gmt":"2015-11-02T09:13:44","guid":{"rendered":"https:\/\/krzewinski.pl\/en\/porzeczka-czerwona\/"},"modified":"2016-06-06T18:25:03","modified_gmt":"2016-06-06T16:25:03","slug":"redcurrant-seedlings","status":"publish","type":"page","link":"https:\/\/krzewinski.pl\/en\/currant-seedlings\/redcurrant-seedlings\/","title":{"rendered":"Redcurrant seedlings"},"content":{"rendered":"<p><a href=\"https:\/\/krzewinski.pl\/en\/currant-seedlings\/redcurrant-seedlings\/redcurrant-seedlings-roodneus\/\">Roodneus \u00ae<\/a><\/p>\n<p><a href=\"https:\/\/krzewinski.pl\/en\/currant-seedlings\/redcurrant-seedlings\/redcurrant-seedlings-detvan\/\">Detvan<\/a><\/p>\n<p><a href=\"https:\/\/krzewinski.pl\/en\/currant-seedlings\/redcurrant-seedlings\/redcurrant-seedlings-rondom\/\">Rondom<\/a><\/p>\n<p><a href=\"https:\/\/krzewinski.pl\/en\/currant-seedlings\/redcurrant-seedlings\/redcurrant-seedlings-jonkheer-van-tets\/\">Jonkheer Van Tets<\/a><\/p>\n<p><a href=\"https:\/\/krzewinski.pl\/en\/currant-seedlings\/redcurrant-seedlings\/redcurrant-seedlings-lubawa\/\">Lubawa &#8211; pink<\/a><\/p>\n<p><a href=\"https:\/\/krzewinski.pl\/en\/currant-seedlings\/redcurrant-seedlings\/redcurrant-seedlings-ulubiena-lwowa\/\">Ulubiena Lwowa &#8211; pink<\/a><\/p>\n<p>&nbsp;<\/p>\n","protected":false},"excerpt":{"rendered":"<p>Roodneus \u00ae Detvan Rondom Jonkheer Van Tets Lubawa &#8211; pink Ulubiena Lwowa &#8211; pink &nbsp;<\/p>\n","protected":false},"author":1,"featured_media":0,"parent":2673,"menu_order":0,"comment_status":"closed","ping_status":"closed","template":"","meta":[],"acf":[],"yoast_head":"<!-- This site is optimized with the Yoast SEO plugin v19.13 - https:\/\/yoast.com\/wordpress\/plugins\/seo\/ -->\n<title>Redcurrant seedlings - Krzewi\u0144ski<\/title>\n<meta name=\"robots\" content=\"index, follow, max-snippet:-1, max-image-preview:large, max-video-preview:-1\" \/>\n<link rel=\"canonical\" href=\"https:\/\/krzewinski.pl\/en\/currant-seedlings\/redcurrant-seedlings\/\" \/>\n<meta property=\"og:locale\" content=\"en_US\" \/>\n<meta property=\"og:type\" content=\"article\" \/>\n<meta property=\"og:title\" content=\"Redcurrant seedlings - Krzewi\u0144ski\" \/>\n<meta property=\"og:description\" content=\"Roodneus \u00ae Detvan Rondom Jonkheer Van Tets Lubawa &#8211; pink Ulubiena Lwowa &#8211; pink &nbsp;\" \/>\n<meta property=\"og:url\" content=\"https:\/\/krzewinski.pl\/en\/currant-seedlings\/redcurrant-seedlings\/\" \/>\n<meta property=\"og:site_name\" content=\"Krzewi\u0144ski\" \/>\n<meta property=\"article:publisher\" content=\"https:\/\/www.facebook.com\/lgskrzewinski\" \/>\n<meta property=\"article:modified_time\" content=\"2016-06-06T16:25:03+00:00\" \/>\n<meta name=\"twitter:card\" content=\"summary_large_image\" \/>\n<script type=\"application\/ld+json\" class=\"yoast-schema-graph\">{\"@context\":\"https:\/\/schema.org\",\"@graph\":[{\"@type\":\"WebPage\",\"@id\":\"https:\/\/krzewinski.pl\/en\/currant-seedlings\/redcurrant-seedlings\/\",\"url\":\"https:\/\/krzewinski.pl\/en\/currant-seedlings\/redcurrant-seedlings\/\",\"name\":\"Redcurrant seedlings - Krzewi\u0144ski\",\"isPartOf\":{\"@id\":\"https:\/\/krzewinski.pl\/ru\/#website\"},\"datePublished\":\"2015-11-02T09:13:44+00:00\",\"dateModified\":\"2016-06-06T16:25:03+00:00\",\"breadcrumb\":{\"@id\":\"https:\/\/krzewinski.pl\/en\/currant-seedlings\/redcurrant-seedlings\/#breadcrumb\"},\"inLanguage\":\"en-US\",\"potentialAction\":[{\"@type\":\"ReadAction\",\"target\":[\"https:\/\/krzewinski.pl\/en\/currant-seedlings\/redcurrant-seedlings\/\"]}]},{\"@type\":\"BreadcrumbList\",\"@id\":\"https:\/\/krzewinski.pl\/en\/currant-seedlings\/redcurrant-seedlings\/#breadcrumb\",\"itemListElement\":[{\"@type\":\"ListItem\",\"position\":1,\"name\":\"Strona g\u0142\u00f3wna\",\"item\":\"https:\/\/krzewinski.pl\/en\/\"},{\"@type\":\"ListItem\",\"position\":2,\"name\":\"Currant seedlings\",\"item\":\"https:\/\/krzewinski.pl\/en\/currant-seedlings\/\"},{\"@type\":\"ListItem\",\"position\":3,\"name\":\"Redcurrant seedlings\"}]},{\"@type\":\"WebSite\",\"@id\":\"https:\/\/krzewinski.pl\/ru\/#website\",\"url\":\"https:\/\/krzewinski.pl\/ru\/\",\"name\":\"Krzewi\u0144ski\",\"description\":\"Szk\u00f3\u0142ka krzew\u00f3w owocowych\",\"publisher\":{\"@id\":\"https:\/\/krzewinski.pl\/ru\/#organization\"},\"potentialAction\":[{\"@type\":\"SearchAction\",\"target\":{\"@type\":\"EntryPoint\",\"urlTemplate\":\"https:\/\/krzewinski.pl\/ru\/?s={search_term_string}\"},\"query-input\":\"required name=search_term_string\"}],\"inLanguage\":\"en-US\"},{\"@type\":\"Organization\",\"@id\":\"https:\/\/krzewinski.pl\/ru\/#organization\",\"name\":\"Krzewi\u0144ski\",\"url\":\"https:\/\/krzewinski.pl\/ru\/\",\"logo\":{\"@type\":\"ImageObject\",\"inLanguage\":\"en-US\",\"@id\":\"https:\/\/krzewinski.pl\/ru\/#\/schema\/logo\/image\/\",\"url\":\"https:\/\/krzewinski.pl\/wp-content\/uploads\/2015\/10\/logo-www.png\",\"contentUrl\":\"https:\/\/krzewinski.pl\/wp-content\/uploads\/2015\/10\/logo-www.png\",\"width\":263,\"height\":150,\"caption\":\"Krzewi\u0144ski\"},\"image\":{\"@id\":\"https:\/\/krzewinski.pl\/ru\/#\/schema\/logo\/image\/\"},\"sameAs\":[\"https:\/\/www.instagram.com\/lgs.krzewinski\/\",\"https:\/\/www.facebook.com\/lgskrzewinski\"]}]}<\/script>\n<!-- \/ Yoast SEO plugin. -->","yoast_head_json":{"title":"Redcurrant seedlings - Krzewi\u0144ski","robots":{"index":"index","follow":"follow","max-snippet":"max-snippet:-1","max-image-preview":"max-image-preview:large","max-video-preview":"max-video-preview:-1"},"canonical":"https:\/\/krzewinski.pl\/en\/currant-seedlings\/redcurrant-seedlings\/","og_locale":"en_US","og_type":"article","og_title":"Redcurrant seedlings - Krzewi\u0144ski","og_description":"Roodneus \u00ae Detvan Rondom Jonkheer Van Tets Lubawa &#8211; pink Ulubiena Lwowa &#8211; pink &nbsp;","og_url":"https:\/\/krzewinski.pl\/en\/currant-seedlings\/redcurrant-seedlings\/","og_site_name":"Krzewi\u0144ski","article_publisher":"https:\/\/www.facebook.com\/lgskrzewinski","article_modified_time":"2016-06-06T16:25:03+00:00","twitter_card":"summary_large_image","schema":{"@context":"https:\/\/schema.org","@graph":[{"@type":"WebPage","@id":"https:\/\/krzewinski.pl\/en\/currant-seedlings\/redcurrant-seedlings\/","url":"https:\/\/krzewinski.pl\/en\/currant-seedlings\/redcurrant-seedlings\/","name":"Redcurrant seedlings - Krzewi\u0144ski","isPartOf":{"@id":"https:\/\/krzewinski.pl\/ru\/#website"},"datePublished":"2015-11-02T09:13:44+00:00","dateModified":"2016-06-06T16:25:03+00:00","breadcrumb":{"@id":"https:\/\/krzewinski.pl\/en\/currant-seedlings\/redcurrant-seedlings\/#breadcrumb"},"inLanguage":"en-US","potentialAction":[{"@type":"ReadAction","target":["https:\/\/krzewinski.pl\/en\/currant-seedlings\/redcurrant-seedlings\/"]}]},{"@type":"BreadcrumbList","@id":"https:\/\/krzewinski.pl\/en\/currant-seedlings\/redcurrant-seedlings\/#breadcrumb","itemListElement":[{"@type":"ListItem","position":1,"name":"Strona g\u0142\u00f3wna","item":"https:\/\/krzewinski.pl\/en\/"},{"@type":"ListItem","position":2,"name":"Currant seedlings","item":"https:\/\/krzewinski.pl\/en\/currant-seedlings\/"},{"@type":"ListItem","position":3,"name":"Redcurrant seedlings"}]},{"@type":"WebSite","@id":"https:\/\/krzewinski.pl\/ru\/#website","url":"https:\/\/krzewinski.pl\/ru\/","name":"Krzewi\u0144ski","description":"Szk\u00f3\u0142ka krzew\u00f3w owocowych","publisher":{"@id":"https:\/\/krzewinski.pl\/ru\/#organization"},"potentialAction":[{"@type":"SearchAction","target":{"@type":"EntryPoint","urlTemplate":"https:\/\/krzewinski.pl\/ru\/?s={search_term_string}"},"query-input":"required name=search_term_string"}],"inLanguage":"en-US"},{"@type":"Organization","@id":"https:\/\/krzewinski.pl\/ru\/#organization","name":"Krzewi\u0144ski","url":"https:\/\/krzewinski.pl\/ru\/","logo":{"@type":"ImageObject","inLanguage":"en-US","@id":"https:\/\/krzewinski.pl\/ru\/#\/schema\/logo\/image\/","url":"https:\/\/krzewinski.pl\/wp-content\/uploads\/2015\/10\/logo-www.png","contentUrl":"https:\/\/krzewinski.pl\/wp-content\/uploads\/2015\/10\/logo-www.png","width":263,"height":150,"caption":"Krzewi\u0144ski"},"image":{"@id":"https:\/\/krzewinski.pl\/ru\/#\/schema\/logo\/image\/"},"sameAs":["https:\/\/www.instagram.com\/lgs.krzewinski\/","https:\/\/www.facebook.com\/lgskrzewinski"]}]}},"_links":{"self":[{"href":"https:\/\/krzewinski.pl\/en\/wp-json\/wp\/v2\/pages\/2483"}],"collection":[{"href":"https:\/\/krzewinski.pl\/en\/wp-json\/wp\/v2\/pages"}],"about":[{"href":"https:\/\/krzewinski.pl\/en\/wp-json\/wp\/v2\/types\/page"}],"author":[{"embeddable":true,"href":"https:\/\/krzewinski.pl\/en\/wp-json\/wp\/v2\/users\/1"}],"replies":[{"embeddable":true,"href":"https:\/\/krzewinski.pl\/en\/wp-json\/wp\/v2\/comments?post=2483"}],"version-history":[{"count":4,"href":"https:\/\/krzewinski.pl\/en\/wp-json\/wp\/v2\/pages\/2483\/revisions"}],"predecessor-version":[{"id":3157,"href":"https:\/\/krzewinski.pl\/en\/wp-json\/wp\/v2\/pages\/2483\/revisions\/3157"}],"up":[{"embeddable":true,"href":"https:\/\/krzewinski.pl\/en\/wp-json\/wp\/v2\/pages\/2673"}],"wp:attachment":[{"href":"https:\/\/krzewinski.pl\/en\/wp-json\/wp\/v2\/media?parent=2483"}],"curies":[{"name":"wp","href":"https:\/\/api.w.org\/{rel}","templated":true}]}}