{"id":2495,"date":"2015-11-02T10:33:36","date_gmt":"2015-11-02T09:33:36","guid":{"rendered":"https:\/\/krzewinski.pl\/en\/winorosl\/"},"modified":"2016-06-13T17:06:05","modified_gmt":"2016-06-13T15:06:05","slug":"grapevine-seedlings","status":"publish","type":"page","link":"https:\/\/krzewinski.pl\/en\/grapevine-seedlings\/","title":{"rendered":"Grapevine seedlings"},"content":{"rendered":"<div id=\"pl-2495\"  class=\"panel-layout\" ><div id=\"pg-2495-0\"  class=\"panel-grid panel-no-style\" ><div id=\"pgc-2495-0-0\"  class=\"panel-grid-cell\" ><div id=\"panel-2495-0-0-0\" class=\"so-panel widget widget_black-studio-tinymce widget_black_studio_tinymce panel-first-child panel-last-child\" data-index=\"0\" ><div class=\"textwidget\"><p>VI-20-8-2<\/p>\n<p>Timur<\/p>\n<p>Talizman<\/p>\n<p>Suzy<\/p>\n<p>Seyve Villard<\/p>\n<p>Ruswen<\/p>\n<p>Rusmo\u0142<\/p>\n<p><a href=\"https:\/\/krzewinski.pl\/en\/grapevine-seedlings\/bright-fruit-varieties\/grapevine-seedlings-rusbol\/\">Rusbo\u0142<\/a><\/p>\n<p>Regina<\/p>\n<p>Prim<\/p>\n<p>Podarok Zaporo\u017ca<\/p>\n<p>Plewien Muskatnyj<\/p>\n<p><a href=\"https:\/\/krzewinski.pl\/en\/grapevine-seedlings\/bright-fruit-varieties\/grapevine-seedlings-piesnia\/\">Piesnia<\/a><\/p>\n<p><a href=\"https:\/\/krzewinski.pl\/en\/grapevine-seedlings\/bright-fruit-varieties\/grapevine-seedlings-muskat-letnij\/\">Muskat Letnij<\/a><\/p>\n<p><a href=\"https:\/\/krzewinski.pl\/en\/grapevine-seedlings\/bright-fruit-varieties\/grapevine-seedlings-lora\/\">\u0141ora<\/a><\/p>\n<p>Ludmi\u0142a<\/p>\n<p>Kristaly<\/p>\n<p><a href=\"https:\/\/krzewinski.pl\/en\/grapevine-seedlings\/bright-fruit-varieties\/grapevine-seedlings-jutrzenka\/\">Jutrzenka<\/a><\/p>\n<p>Jewroplewien<\/p>\n<p>Iza Zaliwska<\/p>\n<p>G\u04e7cseji Zamatos<\/p>\n<p>Bianca<\/p>\n<p style=\"text-align: left;\"><a href=\"https:\/\/krzewinski.pl\/en\/grapevine-seedlings\/bright-fruit-varieties\/grapevine-seedlings-arkadia\/\">Arkadia<\/a><\/p>\n<p>Zosia<\/p>\n<p>Rumene<\/p>\n<\/div><\/div><\/div><div id=\"pgc-2495-0-1\"  class=\"panel-grid-cell\" ><div id=\"panel-2495-0-1-0\" class=\"so-panel widget widget_black-studio-tinymce widget_black_studio_tinymce panel-first-child panel-last-child\" data-index=\"1\" ><div class=\"textwidget\"><p>PG-12<\/p>\n<p>Nadie\u017cda Ukrainy<\/p>\n<p><a href=\"https:\/\/krzewinski.pl\/en\/grapevine-seedlings-minski-rozowy\/\">Mi\u0144sk R\u00f3\u017cowy<\/a><\/p>\n<p><a href=\"https:\/\/krzewinski.pl\/en\/grapevine-seedlings-katharina\/\">Katharina<\/a><\/p>\n<p><a href=\"https:\/\/krzewinski.pl\/en\/grapevine-seedlings-einset-seedless\/\">Einset Seedless<\/a><\/p>\n<p>Dena\u0142<\/p>\n<p><a href=\"https:\/\/krzewinski.pl\/en\/grapevine-seedlings-arocznyj\/\">Arocznyj<\/a><\/p>\n<p><a href=\"https:\/\/krzewinski.pl\/en\/grapevine-seedlings-217-40-3-2\/\">217-40-3-1<\/a><\/p>\n<p><a href=\"https:\/\/krzewinski.pl\/en\/grapevine-seedlings-muskat-new-york\/\">Muskat New York<\/a><\/p>\n<p><a href=\"https:\/\/krzewinski.pl\/en\/grapevine-seedlings\/dark-blue-fruit-varieties\/grapevine-seedlings-venus\/\">Venus<\/a><\/p>\n<p>Szto\u0142ben<\/p>\n<p>Schuyler<\/p>\n<p><a href=\"https:\/\/krzewinski.pl\/en\/grapevine-seedlings\/dark-blue-fruit-varieties\/grapevine-seedlings-rondo\/\">Rondo<\/a><\/p>\n<p>Regent<\/p>\n<p>Peage<\/p>\n<p><a href=\"https:\/\/krzewinski.pl\/en\/grapevine-seedlings\/dark-blue-fruit-varieties\/grapevine-seedlings-nero\/\">Nero<\/a><\/p>\n<p>Nadie\u017cda Azos<\/p>\n<p><a href=\"https:\/\/krzewinski.pl\/en\/grapevine-seedlings\/dark-blue-fruit-varieties\/grapevine-seedlings-muskat-bleu\/\">Muskat Bleu<\/a><\/p>\n<p>Kodrianka<\/p>\n<p><a href=\"https:\/\/krzewinski.pl\/en\/grapevine-seedlings\/dark-blue-fruit-varieties\/grapevine-seedlings-beta\/\">Beta<\/a><\/p>\n<p>A\u0142yj<\/p>\n<p>Ajwaz<\/p>\n<p><a href=\"https:\/\/krzewinski.pl\/en\/grapevine-seedlings\/dark-blue-fruit-varieties\/grapevine-seedlings-agat-donskij\/\">Agat Donskij<\/a><\/p>\n<\/div><\/div><\/div><\/div><div id=\"pg-2495-1\"  class=\"panel-grid panel-no-style\" ><div id=\"pgc-2495-1-0\"  class=\"panel-grid-cell\" ><div id=\"panel-2495-1-0-0\" class=\"so-panel widget widget_black-studio-tinymce widget_black_studio_tinymce panel-first-child panel-last-child\" data-index=\"2\" ><div class=\"textwidget\"><p class=\"p1\"><span class=\"s1\">Bright fruit varieties<br \/> <span class=\"s2\">Pink<\/span> fruit varieties<br \/> Dark blue fruit varieties<\/span><\/p>\n<\/div><\/div><\/div><\/div><\/div>","protected":false},"excerpt":{"rendered":"<p>VI-20-8-2TimurTalizmanSuzySeyve VillardRuswenRusmo\u0142Rusbo\u0142ReginaPrimPodarok Zaporo\u017caPlewien MuskatnyjPiesniaMuskat Letnij\u0141oraLudmi\u0142aKristalyJutrzenkaJewroplewienIza ZaliwskaG\u04e7cseji ZamatosBiancaArkadiaZosiaRumene PG-12Nadie\u017cda UkrainyMi\u0144sk R\u00f3\u017cowyKatharinaEinset SeedlessDena\u0142Arocznyj217-40-3-1Muskat New YorkVenusSzto\u0142benSchuylerRondoRegentPeageNeroNadie\u017cda AzosMuskat BleuKodriankaBetaA\u0142yjAjwazAgat Donskij Bright fruit varieties Pink fruit varieties Dark blue fruit varieties<\/p>\n","protected":false},"author":1,"featured_media":0,"parent":0,"menu_order":0,"comment_status":"closed","ping_status":"closed","template":"","meta":[],"acf":[],"yoast_head":"<!-- This site is optimized with the Yoast SEO plugin v19.13 - https:\/\/yoast.com\/wordpress\/plugins\/seo\/ -->\n<title>Grapevine seedlings - Krzewi\u0144ski<\/title>\n<meta name=\"robots\" content=\"index, follow, max-snippet:-1, max-image-preview:large, max-video-preview:-1\" \/>\n<link rel=\"canonical\" href=\"https:\/\/krzewinski.pl\/en\/grapevine-seedlings\/\" \/>\n<meta property=\"og:locale\" content=\"en_US\" \/>\n<meta property=\"og:type\" content=\"article\" \/>\n<meta property=\"og:title\" content=\"Grapevine seedlings - Krzewi\u0144ski\" \/>\n<meta property=\"og:description\" content=\"VI-20-8-2TimurTalizmanSuzySeyve VillardRuswenRusmo\u0142Rusbo\u0142ReginaPrimPodarok Zaporo\u017caPlewien MuskatnyjPiesniaMuskat Letnij\u0141oraLudmi\u0142aKristalyJutrzenkaJewroplewienIza ZaliwskaG\u04e7cseji ZamatosBiancaArkadiaZosiaRumene PG-12Nadie\u017cda UkrainyMi\u0144sk R\u00f3\u017cowyKatharinaEinset SeedlessDena\u0142Arocznyj217-40-3-1Muskat New YorkVenusSzto\u0142benSchuylerRondoRegentPeageNeroNadie\u017cda AzosMuskat BleuKodriankaBetaA\u0142yjAjwazAgat Donskij Bright fruit varieties Pink fruit varieties Dark blue fruit varieties\" \/>\n<meta property=\"og:url\" content=\"https:\/\/krzewinski.pl\/en\/grapevine-seedlings\/\" \/>\n<meta property=\"og:site_name\" content=\"Krzewi\u0144ski\" \/>\n<meta property=\"article:publisher\" content=\"https:\/\/www.facebook.com\/lgskrzewinski\" \/>\n<meta property=\"article:modified_time\" content=\"2016-06-13T15:06:05+00:00\" \/>\n<meta name=\"twitter:card\" content=\"summary_large_image\" \/>\n<script type=\"application\/ld+json\" class=\"yoast-schema-graph\">{\"@context\":\"https:\/\/schema.org\",\"@graph\":[{\"@type\":\"WebPage\",\"@id\":\"https:\/\/krzewinski.pl\/en\/grapevine-seedlings\/\",\"url\":\"https:\/\/krzewinski.pl\/en\/grapevine-seedlings\/\",\"name\":\"Grapevine seedlings - Krzewi\u0144ski\",\"isPartOf\":{\"@id\":\"https:\/\/krzewinski.pl\/ru\/#website\"},\"datePublished\":\"2015-11-02T09:33:36+00:00\",\"dateModified\":\"2016-06-13T15:06:05+00:00\",\"breadcrumb\":{\"@id\":\"https:\/\/krzewinski.pl\/en\/grapevine-seedlings\/#breadcrumb\"},\"inLanguage\":\"en-US\",\"potentialAction\":[{\"@type\":\"ReadAction\",\"target\":[\"https:\/\/krzewinski.pl\/en\/grapevine-seedlings\/\"]}]},{\"@type\":\"BreadcrumbList\",\"@id\":\"https:\/\/krzewinski.pl\/en\/grapevine-seedlings\/#breadcrumb\",\"itemListElement\":[{\"@type\":\"ListItem\",\"position\":1,\"name\":\"Strona g\u0142\u00f3wna\",\"item\":\"https:\/\/krzewinski.pl\/en\/\"},{\"@type\":\"ListItem\",\"position\":2,\"name\":\"Grapevine seedlings\"}]},{\"@type\":\"WebSite\",\"@id\":\"https:\/\/krzewinski.pl\/ru\/#website\",\"url\":\"https:\/\/krzewinski.pl\/ru\/\",\"name\":\"Krzewi\u0144ski\",\"description\":\"Szk\u00f3\u0142ka krzew\u00f3w owocowych\",\"publisher\":{\"@id\":\"https:\/\/krzewinski.pl\/ru\/#organization\"},\"potentialAction\":[{\"@type\":\"SearchAction\",\"target\":{\"@type\":\"EntryPoint\",\"urlTemplate\":\"https:\/\/krzewinski.pl\/ru\/?s={search_term_string}\"},\"query-input\":\"required name=search_term_string\"}],\"inLanguage\":\"en-US\"},{\"@type\":\"Organization\",\"@id\":\"https:\/\/krzewinski.pl\/ru\/#organization\",\"name\":\"Krzewi\u0144ski\",\"url\":\"https:\/\/krzewinski.pl\/ru\/\",\"logo\":{\"@type\":\"ImageObject\",\"inLanguage\":\"en-US\",\"@id\":\"https:\/\/krzewinski.pl\/ru\/#\/schema\/logo\/image\/\",\"url\":\"https:\/\/krzewinski.pl\/wp-content\/uploads\/2015\/10\/logo-www.png\",\"contentUrl\":\"https:\/\/krzewinski.pl\/wp-content\/uploads\/2015\/10\/logo-www.png\",\"width\":263,\"height\":150,\"caption\":\"Krzewi\u0144ski\"},\"image\":{\"@id\":\"https:\/\/krzewinski.pl\/ru\/#\/schema\/logo\/image\/\"},\"sameAs\":[\"https:\/\/www.instagram.com\/lgs.krzewinski\/\",\"https:\/\/www.facebook.com\/lgskrzewinski\"]}]}<\/script>\n<!-- \/ Yoast SEO plugin. -->","yoast_head_json":{"title":"Grapevine seedlings - Krzewi\u0144ski","robots":{"index":"index","follow":"follow","max-snippet":"max-snippet:-1","max-image-preview":"max-image-preview:large","max-video-preview":"max-video-preview:-1"},"canonical":"https:\/\/krzewinski.pl\/en\/grapevine-seedlings\/","og_locale":"en_US","og_type":"article","og_title":"Grapevine seedlings - Krzewi\u0144ski","og_description":"VI-20-8-2TimurTalizmanSuzySeyve VillardRuswenRusmo\u0142Rusbo\u0142ReginaPrimPodarok Zaporo\u017caPlewien MuskatnyjPiesniaMuskat Letnij\u0141oraLudmi\u0142aKristalyJutrzenkaJewroplewienIza ZaliwskaG\u04e7cseji ZamatosBiancaArkadiaZosiaRumene PG-12Nadie\u017cda UkrainyMi\u0144sk R\u00f3\u017cowyKatharinaEinset SeedlessDena\u0142Arocznyj217-40-3-1Muskat New YorkVenusSzto\u0142benSchuylerRondoRegentPeageNeroNadie\u017cda AzosMuskat BleuKodriankaBetaA\u0142yjAjwazAgat Donskij Bright fruit varieties Pink fruit varieties Dark blue fruit varieties","og_url":"https:\/\/krzewinski.pl\/en\/grapevine-seedlings\/","og_site_name":"Krzewi\u0144ski","article_publisher":"https:\/\/www.facebook.com\/lgskrzewinski","article_modified_time":"2016-06-13T15:06:05+00:00","twitter_card":"summary_large_image","schema":{"@context":"https:\/\/schema.org","@graph":[{"@type":"WebPage","@id":"https:\/\/krzewinski.pl\/en\/grapevine-seedlings\/","url":"https:\/\/krzewinski.pl\/en\/grapevine-seedlings\/","name":"Grapevine seedlings - Krzewi\u0144ski","isPartOf":{"@id":"https:\/\/krzewinski.pl\/ru\/#website"},"datePublished":"2015-11-02T09:33:36+00:00","dateModified":"2016-06-13T15:06:05+00:00","breadcrumb":{"@id":"https:\/\/krzewinski.pl\/en\/grapevine-seedlings\/#breadcrumb"},"inLanguage":"en-US","potentialAction":[{"@type":"ReadAction","target":["https:\/\/krzewinski.pl\/en\/grapevine-seedlings\/"]}]},{"@type":"BreadcrumbList","@id":"https:\/\/krzewinski.pl\/en\/grapevine-seedlings\/#breadcrumb","itemListElement":[{"@type":"ListItem","position":1,"name":"Strona g\u0142\u00f3wna","item":"https:\/\/krzewinski.pl\/en\/"},{"@type":"ListItem","position":2,"name":"Grapevine seedlings"}]},{"@type":"WebSite","@id":"https:\/\/krzewinski.pl\/ru\/#website","url":"https:\/\/krzewinski.pl\/ru\/","name":"Krzewi\u0144ski","description":"Szk\u00f3\u0142ka krzew\u00f3w owocowych","publisher":{"@id":"https:\/\/krzewinski.pl\/ru\/#organization"},"potentialAction":[{"@type":"SearchAction","target":{"@type":"EntryPoint","urlTemplate":"https:\/\/krzewinski.pl\/ru\/?s={search_term_string}"},"query-input":"required name=search_term_string"}],"inLanguage":"en-US"},{"@type":"Organization","@id":"https:\/\/krzewinski.pl\/ru\/#organization","name":"Krzewi\u0144ski","url":"https:\/\/krzewinski.pl\/ru\/","logo":{"@type":"ImageObject","inLanguage":"en-US","@id":"https:\/\/krzewinski.pl\/ru\/#\/schema\/logo\/image\/","url":"https:\/\/krzewinski.pl\/wp-content\/uploads\/2015\/10\/logo-www.png","contentUrl":"https:\/\/krzewinski.pl\/wp-content\/uploads\/2015\/10\/logo-www.png","width":263,"height":150,"caption":"Krzewi\u0144ski"},"image":{"@id":"https:\/\/krzewinski.pl\/ru\/#\/schema\/logo\/image\/"},"sameAs":["https:\/\/www.instagram.com\/lgs.krzewinski\/","https:\/\/www.facebook.com\/lgskrzewinski"]}]}},"_links":{"self":[{"href":"https:\/\/krzewinski.pl\/en\/wp-json\/wp\/v2\/pages\/2495"}],"collection":[{"href":"https:\/\/krzewinski.pl\/en\/wp-json\/wp\/v2\/pages"}],"about":[{"href":"https:\/\/krzewinski.pl\/en\/wp-json\/wp\/v2\/types\/page"}],"author":[{"embeddable":true,"href":"https:\/\/krzewinski.pl\/en\/wp-json\/wp\/v2\/users\/1"}],"replies":[{"embeddable":true,"href":"https:\/\/krzewinski.pl\/en\/wp-json\/wp\/v2\/comments?post=2495"}],"version-history":[{"count":8,"href":"https:\/\/krzewinski.pl\/en\/wp-json\/wp\/v2\/pages\/2495\/revisions"}],"predecessor-version":[{"id":3385,"href":"https:\/\/krzewinski.pl\/en\/wp-json\/wp\/v2\/pages\/2495\/revisions\/3385"}],"wp:attachment":[{"href":"https:\/\/krzewinski.pl\/en\/wp-json\/wp\/v2\/media?parent=2495"}],"curies":[{"name":"wp","href":"https:\/\/api.w.org\/{rel}","templated":true}]}}