{"id":2611,"date":"2016-04-13T13:15:29","date_gmt":"2016-04-13T11:15:29","guid":{"rendered":"https:\/\/krzewinski.pl\/en\/?page_id=2611"},"modified":"2016-06-03T13:46:42","modified_gmt":"2016-06-03T11:46:42","slug":"sale-of-fruit","status":"publish","type":"page","link":"https:\/\/krzewinski.pl\/en\/sale-of-fruit\/","title":{"rendered":"Sale of fruit"},"content":{"rendered":"<p class=\"p1\"><span class=\"s1\">One of our company branches is the sale of berry fruits. All details regarding the sale are discussed individually with the client. We wholeheartedly invite you to learn more about our offer and to contact with us!<\/span><\/p>\n<p>&nbsp;<\/p>\n<h3 style=\"text-align: left;\"><strong><a href=\"https:\/\/krzewinski.pl\/wp-content\/uploads\/2016\/04\/Truskawka-kwadrat.jpg\" rel=\"attachment wp-att-2255\"><img decoding=\"async\" loading=\"lazy\" class=\"wp-image-2255 alignleft\" src=\"https:\/\/krzewinski.pl\/wp-content\/uploads\/2016\/04\/Truskawka-kwadrat-1024x1024.jpg\" alt=\"Truskawka kwadrat\" width=\"401\" height=\"401\" srcset=\"https:\/\/krzewinski.pl\/wp-content\/uploads\/2016\/04\/Truskawka-kwadrat-1024x1024.jpg 1024w, https:\/\/krzewinski.pl\/wp-content\/uploads\/2016\/04\/Truskawka-kwadrat-300x300.jpg 300w, https:\/\/krzewinski.pl\/wp-content\/uploads\/2016\/04\/Truskawka-kwadrat-100x100.jpg 100w, https:\/\/krzewinski.pl\/wp-content\/uploads\/2016\/04\/Truskawka-kwadrat-600x600.jpg 600w, https:\/\/krzewinski.pl\/wp-content\/uploads\/2016\/04\/Truskawka-kwadrat-150x150.jpg 150w, https:\/\/krzewinski.pl\/wp-content\/uploads\/2016\/04\/Truskawka-kwadrat-768x768.jpg 768w, https:\/\/krzewinski.pl\/wp-content\/uploads\/2016\/04\/Truskawka-kwadrat.jpg 1417w\" sizes=\"(max-width: 401px) 100vw, 401px\" \/><\/a><\/strong><\/h3>\n<h3 class=\"p1\"><span class=\"s1\"><b>STRAWBERRY<\/b><\/span><\/h3>\n<p class=\"p1\"><span class=\"s1\"><span style=\"text-decoration: underline;\"><strong>Harvesting period<\/strong><\/span><br \/>\nFrom the beginning of june till late july<\/span><span class=\"s2\">.<\/span><span class=\"s1\"><br \/>\n<\/span><span class=\"s2\">\u2018Vibrant\u2019 viariety \u2013 from august till the end of october.<\/span><\/p>\n<p class=\"p1\"><span style=\"text-decoration: underline;\"><strong><span class=\"s1\">Varieties<\/span><\/strong><\/span><\/p>\n<p class=\"p1\"><span class=\"s2\">Wide range of varieties. All which are available in our commercial offer (except for Pink Panda). We have also very good \u2018Vibrant\u2019 variety fruits.<\/span><\/p>\n<p class=\"p1\"><span style=\"text-decoration: underline;\"><strong><span class=\"s1\">Packing<\/span><\/strong><\/span><\/p>\n<p class=\"p1\"><span class=\"s2\">From 0.5 kg up to 2 kg or in an aggregate package (cardboard box).<\/span><\/p>\n<p class=\"p1\"><span style=\"text-decoration: underline;\"><strong><span class=\"s1\">Labels<\/span><\/strong><\/span><\/p>\n<p class=\"p1\"><span class=\"s2\">Upon the clients\u2019 request.<\/span><\/p>\n<h3><\/h3>\n<p>&nbsp;<\/p>\n<h3><strong><a href=\"https:\/\/krzewinski.pl\/wp-content\/uploads\/2016\/04\/Bor\u00f3wka-kwadratjpg.jpg\" rel=\"attachment wp-att-2254\"><img decoding=\"async\" loading=\"lazy\" class=\"wp-image-2254 alignleft\" src=\"https:\/\/krzewinski.pl\/wp-content\/uploads\/2016\/04\/Bor\u00f3wka-kwadratjpg-1024x1024.jpg\" alt=\"Bor\u00f3wka kwadratjpg\" width=\"401\" height=\"401\" srcset=\"https:\/\/krzewinski.pl\/wp-content\/uploads\/2016\/04\/Bor\u00f3wka-kwadratjpg-1024x1024.jpg 1024w, https:\/\/krzewinski.pl\/wp-content\/uploads\/2016\/04\/Bor\u00f3wka-kwadratjpg-300x300.jpg 300w, https:\/\/krzewinski.pl\/wp-content\/uploads\/2016\/04\/Bor\u00f3wka-kwadratjpg-100x100.jpg 100w, https:\/\/krzewinski.pl\/wp-content\/uploads\/2016\/04\/Bor\u00f3wka-kwadratjpg-600x600.jpg 600w, https:\/\/krzewinski.pl\/wp-content\/uploads\/2016\/04\/Bor\u00f3wka-kwadratjpg-150x150.jpg 150w, https:\/\/krzewinski.pl\/wp-content\/uploads\/2016\/04\/Bor\u00f3wka-kwadratjpg-768x768.jpg 768w, https:\/\/krzewinski.pl\/wp-content\/uploads\/2016\/04\/Bor\u00f3wka-kwadratjpg.jpg 1417w\" sizes=\"(max-width: 401px) 100vw, 401px\" \/><\/a><\/strong><\/h3>\n<h3 class=\"p1\"><span class=\"s1\"><b><br \/>\nBLUEBERRY<\/b><\/span><\/h3>\n<p class=\"p1\"><span class=\"s1\"><b>Tunnel-grown fruits.<\/b><\/span><\/p>\n<p class=\"p1\"><span style=\"text-decoration: underline;\"><strong><span class=\"s2\">Harvesting period<\/span><\/strong><\/span><\/p>\n<p class=\"p1\"><span class=\"s1\">From June till late autumn.<\/span><\/p>\n<p class=\"p1\"><span style=\"text-decoration: underline;\"><strong><span class=\"s2\">Varietes<\/span><\/strong><\/span><\/p>\n<p class=\"p1\"><span class=\"s1\">Quite a wide range. All varieties which are available in our commercial offer. <\/span><\/p>\n<p class=\"p1\"><span style=\"text-decoration: underline;\"><strong><span class=\"s2\">Packing<\/span><\/strong><\/span><\/p>\n<p class=\"p1\"><span class=\"s1\">From 15 decagrams up to 2 kg or in the aggregate package (cardboard box).<\/span><\/p>\n<p class=\"p1\"><span style=\"text-decoration: underline;\"><strong><span class=\"s2\">Labels<\/span><\/strong><\/span><\/p>\n<p class=\"p1\"><span class=\"s1\">Upon the clients\u2019 request.<\/span><\/p>\n<p>&nbsp;<\/p>\n<p>&nbsp;<\/p>\n<h3><strong><a href=\"https:\/\/krzewinski.pl\/wp-content\/uploads\/2016\/04\/Malina-kwadrat.jpg\" rel=\"attachment wp-att-2260\"><img decoding=\"async\" loading=\"lazy\" class=\" wp-image-2260 alignleft\" src=\"https:\/\/krzewinski.pl\/wp-content\/uploads\/2016\/04\/Malina-kwadrat-1024x1024.jpg\" alt=\"Malina kwadrat\" width=\"400\" height=\"400\" srcset=\"https:\/\/krzewinski.pl\/wp-content\/uploads\/2016\/04\/Malina-kwadrat-1024x1024.jpg 1024w, https:\/\/krzewinski.pl\/wp-content\/uploads\/2016\/04\/Malina-kwadrat-300x300.jpg 300w, https:\/\/krzewinski.pl\/wp-content\/uploads\/2016\/04\/Malina-kwadrat-100x100.jpg 100w, https:\/\/krzewinski.pl\/wp-content\/uploads\/2016\/04\/Malina-kwadrat-600x600.jpg 600w, https:\/\/krzewinski.pl\/wp-content\/uploads\/2016\/04\/Malina-kwadrat-150x150.jpg 150w, https:\/\/krzewinski.pl\/wp-content\/uploads\/2016\/04\/Malina-kwadrat-768x768.jpg 768w, https:\/\/krzewinski.pl\/wp-content\/uploads\/2016\/04\/Malina-kwadrat.jpg 1417w\" sizes=\"(max-width: 400px) 100vw, 400px\" \/><\/a><\/strong><\/h3>\n<h3 class=\"p1\"><span class=\"s1\"><b><br \/>\nRASPBERRY<\/b><\/span><\/h3>\n<p class=\"p1\"><span style=\"text-decoration: underline;\"><strong><span class=\"s1\">Harvesting period<\/span><\/strong><\/span><\/p>\n<p class=\"p1\"><span class=\"s2\">From the beginning of june till late autumn.<\/span><\/p>\n<p class=\"p3\"><span style=\"text-decoration: underline;\"><strong><span class=\"s1\">Varieties<\/span><\/strong><\/span><\/p>\n<p class=\"p3\"><span class=\"s2\">Traditional: Glen Ample.<\/span><\/p>\n<p class=\"p3\"><span class=\"s2\">Repeating: Polka, Polana, Polonez (new!), Poranna Rosa (yellow).<\/span><\/p>\n<p class=\"p1\"><span style=\"text-decoration: underline;\"><strong><span class=\"s1\">Packing<\/span><\/strong><\/span><\/p>\n<p class=\"p1\"><span class=\"s2\">From 0.5 kg to 2 kg or in an aggregate package.<\/span><\/p>\n<p class=\"p1\"><span style=\"text-decoration: underline;\"><strong><span class=\"s1\">Labels<\/span><\/strong><\/span><\/p>\n<p class=\"p1\"><span class=\"s2\">Upon the clients\u2019 request.<\/span><\/p>\n<p>&nbsp;<\/p>\n<p>&nbsp;<\/p>\n<p>&nbsp;<\/p>\n<p>&nbsp;<\/p>\n<p>&nbsp;<\/p>\n<p>&nbsp;<\/p>\n","protected":false},"excerpt":{"rendered":"<p>One of our company branches is the sale of berry fruits. All details regarding the sale are discussed individually with the client. We wholeheartedly invite you to learn more about our offer and to contact with us! &nbsp; STRAWBERRY Harvesting period From the beginning of june till late july. \u2018Vibrant\u2019 viariety \u2013 from august till &hellip;<\/p>\n","protected":false},"author":1,"featured_media":0,"parent":0,"menu_order":0,"comment_status":"closed","ping_status":"closed","template":"","meta":[],"acf":[],"yoast_head":"<!-- This site is optimized with the Yoast SEO plugin v19.13 - https:\/\/yoast.com\/wordpress\/plugins\/seo\/ -->\n<title>Sale of fruit - Krzewi\u0144ski<\/title>\n<meta name=\"robots\" content=\"index, follow, max-snippet:-1, max-image-preview:large, max-video-preview:-1\" \/>\n<link rel=\"canonical\" href=\"https:\/\/krzewinski.pl\/en\/sale-of-fruit\/\" \/>\n<meta property=\"og:locale\" content=\"en_US\" \/>\n<meta property=\"og:type\" content=\"article\" \/>\n<meta property=\"og:title\" content=\"Sale of fruit - Krzewi\u0144ski\" \/>\n<meta property=\"og:description\" content=\"One of our company branches is the sale of berry fruits. All details regarding the sale are discussed individually with the client. We wholeheartedly invite you to learn more about our offer and to contact with us! &nbsp; STRAWBERRY Harvesting period From the beginning of june till late july. \u2018Vibrant\u2019 viariety \u2013 from august till &hellip;\" \/>\n<meta property=\"og:url\" content=\"https:\/\/krzewinski.pl\/en\/sale-of-fruit\/\" \/>\n<meta property=\"og:site_name\" content=\"Krzewi\u0144ski\" \/>\n<meta property=\"article:publisher\" content=\"https:\/\/www.facebook.com\/lgskrzewinski\" \/>\n<meta property=\"article:modified_time\" content=\"2016-06-03T11:46:42+00:00\" \/>\n<meta property=\"og:image\" content=\"https:\/\/krzewinski.pl\/wp-content\/uploads\/2016\/04\/Truskawka-kwadrat-1024x1024.jpg\" \/>\n<meta name=\"twitter:card\" content=\"summary_large_image\" \/>\n<meta name=\"twitter:label1\" content=\"Est. reading time\" \/>\n\t<meta name=\"twitter:data1\" content=\"1 minute\" \/>\n<script type=\"application\/ld+json\" class=\"yoast-schema-graph\">{\"@context\":\"https:\/\/schema.org\",\"@graph\":[{\"@type\":\"WebPage\",\"@id\":\"https:\/\/krzewinski.pl\/en\/sale-of-fruit\/\",\"url\":\"https:\/\/krzewinski.pl\/en\/sale-of-fruit\/\",\"name\":\"Sale of fruit - Krzewi\u0144ski\",\"isPartOf\":{\"@id\":\"https:\/\/krzewinski.pl\/ru\/#website\"},\"datePublished\":\"2016-04-13T11:15:29+00:00\",\"dateModified\":\"2016-06-03T11:46:42+00:00\",\"breadcrumb\":{\"@id\":\"https:\/\/krzewinski.pl\/en\/sale-of-fruit\/#breadcrumb\"},\"inLanguage\":\"en-US\",\"potentialAction\":[{\"@type\":\"ReadAction\",\"target\":[\"https:\/\/krzewinski.pl\/en\/sale-of-fruit\/\"]}]},{\"@type\":\"BreadcrumbList\",\"@id\":\"https:\/\/krzewinski.pl\/en\/sale-of-fruit\/#breadcrumb\",\"itemListElement\":[{\"@type\":\"ListItem\",\"position\":1,\"name\":\"Strona g\u0142\u00f3wna\",\"item\":\"https:\/\/krzewinski.pl\/en\/\"},{\"@type\":\"ListItem\",\"position\":2,\"name\":\"Sale of fruit\"}]},{\"@type\":\"WebSite\",\"@id\":\"https:\/\/krzewinski.pl\/ru\/#website\",\"url\":\"https:\/\/krzewinski.pl\/ru\/\",\"name\":\"Krzewi\u0144ski\",\"description\":\"Szk\u00f3\u0142ka krzew\u00f3w owocowych\",\"publisher\":{\"@id\":\"https:\/\/krzewinski.pl\/ru\/#organization\"},\"potentialAction\":[{\"@type\":\"SearchAction\",\"target\":{\"@type\":\"EntryPoint\",\"urlTemplate\":\"https:\/\/krzewinski.pl\/ru\/?s={search_term_string}\"},\"query-input\":\"required name=search_term_string\"}],\"inLanguage\":\"en-US\"},{\"@type\":\"Organization\",\"@id\":\"https:\/\/krzewinski.pl\/ru\/#organization\",\"name\":\"Krzewi\u0144ski\",\"url\":\"https:\/\/krzewinski.pl\/ru\/\",\"logo\":{\"@type\":\"ImageObject\",\"inLanguage\":\"en-US\",\"@id\":\"https:\/\/krzewinski.pl\/ru\/#\/schema\/logo\/image\/\",\"url\":\"https:\/\/krzewinski.pl\/wp-content\/uploads\/2015\/10\/logo-www.png\",\"contentUrl\":\"https:\/\/krzewinski.pl\/wp-content\/uploads\/2015\/10\/logo-www.png\",\"width\":263,\"height\":150,\"caption\":\"Krzewi\u0144ski\"},\"image\":{\"@id\":\"https:\/\/krzewinski.pl\/ru\/#\/schema\/logo\/image\/\"},\"sameAs\":[\"https:\/\/www.instagram.com\/lgs.krzewinski\/\",\"https:\/\/www.facebook.com\/lgskrzewinski\"]}]}<\/script>\n<!-- \/ Yoast SEO plugin. -->","yoast_head_json":{"title":"Sale of fruit - Krzewi\u0144ski","robots":{"index":"index","follow":"follow","max-snippet":"max-snippet:-1","max-image-preview":"max-image-preview:large","max-video-preview":"max-video-preview:-1"},"canonical":"https:\/\/krzewinski.pl\/en\/sale-of-fruit\/","og_locale":"en_US","og_type":"article","og_title":"Sale of fruit - Krzewi\u0144ski","og_description":"One of our company branches is the sale of berry fruits. All details regarding the sale are discussed individually with the client. We wholeheartedly invite you to learn more about our offer and to contact with us! &nbsp; STRAWBERRY Harvesting period From the beginning of june till late july. \u2018Vibrant\u2019 viariety \u2013 from august till &hellip;","og_url":"https:\/\/krzewinski.pl\/en\/sale-of-fruit\/","og_site_name":"Krzewi\u0144ski","article_publisher":"https:\/\/www.facebook.com\/lgskrzewinski","article_modified_time":"2016-06-03T11:46:42+00:00","og_image":[{"url":"https:\/\/krzewinski.pl\/wp-content\/uploads\/2016\/04\/Truskawka-kwadrat-1024x1024.jpg"}],"twitter_card":"summary_large_image","twitter_misc":{"Est. reading time":"1 minute"},"schema":{"@context":"https:\/\/schema.org","@graph":[{"@type":"WebPage","@id":"https:\/\/krzewinski.pl\/en\/sale-of-fruit\/","url":"https:\/\/krzewinski.pl\/en\/sale-of-fruit\/","name":"Sale of fruit - Krzewi\u0144ski","isPartOf":{"@id":"https:\/\/krzewinski.pl\/ru\/#website"},"datePublished":"2016-04-13T11:15:29+00:00","dateModified":"2016-06-03T11:46:42+00:00","breadcrumb":{"@id":"https:\/\/krzewinski.pl\/en\/sale-of-fruit\/#breadcrumb"},"inLanguage":"en-US","potentialAction":[{"@type":"ReadAction","target":["https:\/\/krzewinski.pl\/en\/sale-of-fruit\/"]}]},{"@type":"BreadcrumbList","@id":"https:\/\/krzewinski.pl\/en\/sale-of-fruit\/#breadcrumb","itemListElement":[{"@type":"ListItem","position":1,"name":"Strona g\u0142\u00f3wna","item":"https:\/\/krzewinski.pl\/en\/"},{"@type":"ListItem","position":2,"name":"Sale of fruit"}]},{"@type":"WebSite","@id":"https:\/\/krzewinski.pl\/ru\/#website","url":"https:\/\/krzewinski.pl\/ru\/","name":"Krzewi\u0144ski","description":"Szk\u00f3\u0142ka krzew\u00f3w owocowych","publisher":{"@id":"https:\/\/krzewinski.pl\/ru\/#organization"},"potentialAction":[{"@type":"SearchAction","target":{"@type":"EntryPoint","urlTemplate":"https:\/\/krzewinski.pl\/ru\/?s={search_term_string}"},"query-input":"required name=search_term_string"}],"inLanguage":"en-US"},{"@type":"Organization","@id":"https:\/\/krzewinski.pl\/ru\/#organization","name":"Krzewi\u0144ski","url":"https:\/\/krzewinski.pl\/ru\/","logo":{"@type":"ImageObject","inLanguage":"en-US","@id":"https:\/\/krzewinski.pl\/ru\/#\/schema\/logo\/image\/","url":"https:\/\/krzewinski.pl\/wp-content\/uploads\/2015\/10\/logo-www.png","contentUrl":"https:\/\/krzewinski.pl\/wp-content\/uploads\/2015\/10\/logo-www.png","width":263,"height":150,"caption":"Krzewi\u0144ski"},"image":{"@id":"https:\/\/krzewinski.pl\/ru\/#\/schema\/logo\/image\/"},"sameAs":["https:\/\/www.instagram.com\/lgs.krzewinski\/","https:\/\/www.facebook.com\/lgskrzewinski"]}]}},"_links":{"self":[{"href":"https:\/\/krzewinski.pl\/en\/wp-json\/wp\/v2\/pages\/2611"}],"collection":[{"href":"https:\/\/krzewinski.pl\/en\/wp-json\/wp\/v2\/pages"}],"about":[{"href":"https:\/\/krzewinski.pl\/en\/wp-json\/wp\/v2\/types\/page"}],"author":[{"embeddable":true,"href":"https:\/\/krzewinski.pl\/en\/wp-json\/wp\/v2\/users\/1"}],"replies":[{"embeddable":true,"href":"https:\/\/krzewinski.pl\/en\/wp-json\/wp\/v2\/comments?post=2611"}],"version-history":[{"count":6,"href":"https:\/\/krzewinski.pl\/en\/wp-json\/wp\/v2\/pages\/2611\/revisions"}],"predecessor-version":[{"id":2641,"href":"https:\/\/krzewinski.pl\/en\/wp-json\/wp\/v2\/pages\/2611\/revisions\/2641"}],"wp:attachment":[{"href":"https:\/\/krzewinski.pl\/en\/wp-json\/wp\/v2\/media?parent=2611"}],"curies":[{"name":"wp","href":"https:\/\/api.w.org\/{rel}","templated":true}]}}