{"id":2748,"date":"2016-06-04T09:51:38","date_gmt":"2016-06-04T07:51:38","guid":{"rendered":"https:\/\/krzewinski.pl\/en\/?page_id=2748"},"modified":"2016-06-04T09:51:38","modified_gmt":"2016-06-04T07:51:38","slug":"chokeberry-seedlings-galicjanka","status":"publish","type":"page","link":"https:\/\/krzewinski.pl\/en\/chokeberry-seedlings\/chokeberry-seedlings-galicjanka\/","title":{"rendered":"Chokeberry seedlings Galicjanka"},"content":{"rendered":"<p><strong>Fertility<\/strong>: very high<\/p>\n<p><strong>Description of the shrub<\/strong>: It has green leaves, which turn into dark red in autumn; grows up to 2,5m <strong>Resistance:<\/strong> <u>to fungal diseases<\/u>: high;<u> to frost<\/u>: very high<br \/>\n<strong>Fruits:<\/strong> spherical, with slight grey coating<br \/>\nCan be harvested mechanically.<\/p>\n","protected":false},"excerpt":{"rendered":"<p>Fertility: very high Description of the shrub: It has green leaves, which turn into dark red in autumn; grows up to 2,5m Resistance: to fungal diseases: high; to frost: very high Fruits: spherical, with slight grey coating Can be harvested mechanically.<\/p>\n","protected":false},"author":2,"featured_media":5617,"parent":2446,"menu_order":0,"comment_status":"closed","ping_status":"closed","template":"","meta":[],"acf":[],"yoast_head":"<!-- This site is optimized with the Yoast SEO plugin v19.13 - https:\/\/yoast.com\/wordpress\/plugins\/seo\/ -->\n<title>Chokeberry seedlings Galicjanka - Krzewi\u0144ski<\/title>\n<meta name=\"robots\" content=\"index, follow, max-snippet:-1, max-image-preview:large, max-video-preview:-1\" \/>\n<link rel=\"canonical\" href=\"https:\/\/krzewinski.pl\/en\/chokeberry-seedlings\/chokeberry-seedlings-galicjanka\/\" \/>\n<meta property=\"og:locale\" content=\"en_US\" \/>\n<meta property=\"og:type\" content=\"article\" \/>\n<meta property=\"og:title\" content=\"Chokeberry seedlings Galicjanka - Krzewi\u0144ski\" \/>\n<meta property=\"og:description\" content=\"Fertility: very high Description of the shrub: It has green leaves, which turn into dark red in autumn; grows up to 2,5m Resistance: to fungal diseases: high; to frost: very high Fruits: spherical, with slight grey coating Can be harvested mechanically.\" \/>\n<meta property=\"og:url\" content=\"https:\/\/krzewinski.pl\/en\/chokeberry-seedlings\/chokeberry-seedlings-galicjanka\/\" \/>\n<meta property=\"og:site_name\" content=\"Krzewi\u0144ski\" \/>\n<meta property=\"article:publisher\" content=\"https:\/\/www.facebook.com\/lgskrzewinski\" \/>\n<meta property=\"og:image\" content=\"https:\/\/krzewinski.pl\/wp-content\/uploads\/2021\/09\/Aronia-scaled.jpeg\" \/>\n\t<meta property=\"og:image:width\" content=\"1695\" \/>\n\t<meta property=\"og:image:height\" content=\"2560\" \/>\n\t<meta property=\"og:image:type\" content=\"image\/jpeg\" \/>\n<meta name=\"twitter:card\" content=\"summary_large_image\" \/>\n<script type=\"application\/ld+json\" class=\"yoast-schema-graph\">{\"@context\":\"https:\/\/schema.org\",\"@graph\":[{\"@type\":\"WebPage\",\"@id\":\"https:\/\/krzewinski.pl\/en\/chokeberry-seedlings\/chokeberry-seedlings-galicjanka\/\",\"url\":\"https:\/\/krzewinski.pl\/en\/chokeberry-seedlings\/chokeberry-seedlings-galicjanka\/\",\"name\":\"Chokeberry seedlings Galicjanka - Krzewi\u0144ski\",\"isPartOf\":{\"@id\":\"https:\/\/krzewinski.pl\/ru\/#website\"},\"datePublished\":\"2016-06-04T07:51:38+00:00\",\"dateModified\":\"2016-06-04T07:51:38+00:00\",\"breadcrumb\":{\"@id\":\"https:\/\/krzewinski.pl\/en\/chokeberry-seedlings\/chokeberry-seedlings-galicjanka\/#breadcrumb\"},\"inLanguage\":\"en-US\",\"potentialAction\":[{\"@type\":\"ReadAction\",\"target\":[\"https:\/\/krzewinski.pl\/en\/chokeberry-seedlings\/chokeberry-seedlings-galicjanka\/\"]}]},{\"@type\":\"BreadcrumbList\",\"@id\":\"https:\/\/krzewinski.pl\/en\/chokeberry-seedlings\/chokeberry-seedlings-galicjanka\/#breadcrumb\",\"itemListElement\":[{\"@type\":\"ListItem\",\"position\":1,\"name\":\"Strona g\u0142\u00f3wna\",\"item\":\"https:\/\/krzewinski.pl\/en\/\"},{\"@type\":\"ListItem\",\"position\":2,\"name\":\"Chokeberry seedlings\",\"item\":\"https:\/\/krzewinski.pl\/en\/chokeberry-seedlings\/\"},{\"@type\":\"ListItem\",\"position\":3,\"name\":\"Chokeberry seedlings Galicjanka\"}]},{\"@type\":\"WebSite\",\"@id\":\"https:\/\/krzewinski.pl\/ru\/#website\",\"url\":\"https:\/\/krzewinski.pl\/ru\/\",\"name\":\"Krzewi\u0144ski\",\"description\":\"Szk\u00f3\u0142ka krzew\u00f3w owocowych\",\"publisher\":{\"@id\":\"https:\/\/krzewinski.pl\/ru\/#organization\"},\"potentialAction\":[{\"@type\":\"SearchAction\",\"target\":{\"@type\":\"EntryPoint\",\"urlTemplate\":\"https:\/\/krzewinski.pl\/ru\/?s={search_term_string}\"},\"query-input\":\"required name=search_term_string\"}],\"inLanguage\":\"en-US\"},{\"@type\":\"Organization\",\"@id\":\"https:\/\/krzewinski.pl\/ru\/#organization\",\"name\":\"Krzewi\u0144ski\",\"url\":\"https:\/\/krzewinski.pl\/ru\/\",\"logo\":{\"@type\":\"ImageObject\",\"inLanguage\":\"en-US\",\"@id\":\"https:\/\/krzewinski.pl\/ru\/#\/schema\/logo\/image\/\",\"url\":\"https:\/\/krzewinski.pl\/wp-content\/uploads\/2015\/10\/logo-www.png\",\"contentUrl\":\"https:\/\/krzewinski.pl\/wp-content\/uploads\/2015\/10\/logo-www.png\",\"width\":263,\"height\":150,\"caption\":\"Krzewi\u0144ski\"},\"image\":{\"@id\":\"https:\/\/krzewinski.pl\/ru\/#\/schema\/logo\/image\/\"},\"sameAs\":[\"https:\/\/www.instagram.com\/lgs.krzewinski\/\",\"https:\/\/www.facebook.com\/lgskrzewinski\"]}]}<\/script>\n<!-- \/ Yoast SEO plugin. -->","yoast_head_json":{"title":"Chokeberry seedlings Galicjanka - Krzewi\u0144ski","robots":{"index":"index","follow":"follow","max-snippet":"max-snippet:-1","max-image-preview":"max-image-preview:large","max-video-preview":"max-video-preview:-1"},"canonical":"https:\/\/krzewinski.pl\/en\/chokeberry-seedlings\/chokeberry-seedlings-galicjanka\/","og_locale":"en_US","og_type":"article","og_title":"Chokeberry seedlings Galicjanka - Krzewi\u0144ski","og_description":"Fertility: very high Description of the shrub: It has green leaves, which turn into dark red in autumn; grows up to 2,5m Resistance: to fungal diseases: high; to frost: very high Fruits: spherical, with slight grey coating Can be harvested mechanically.","og_url":"https:\/\/krzewinski.pl\/en\/chokeberry-seedlings\/chokeberry-seedlings-galicjanka\/","og_site_name":"Krzewi\u0144ski","article_publisher":"https:\/\/www.facebook.com\/lgskrzewinski","og_image":[{"width":1695,"height":2560,"url":"https:\/\/krzewinski.pl\/wp-content\/uploads\/2021\/09\/Aronia-scaled.jpeg","type":"image\/jpeg"}],"twitter_card":"summary_large_image","schema":{"@context":"https:\/\/schema.org","@graph":[{"@type":"WebPage","@id":"https:\/\/krzewinski.pl\/en\/chokeberry-seedlings\/chokeberry-seedlings-galicjanka\/","url":"https:\/\/krzewinski.pl\/en\/chokeberry-seedlings\/chokeberry-seedlings-galicjanka\/","name":"Chokeberry seedlings Galicjanka - Krzewi\u0144ski","isPartOf":{"@id":"https:\/\/krzewinski.pl\/ru\/#website"},"datePublished":"2016-06-04T07:51:38+00:00","dateModified":"2016-06-04T07:51:38+00:00","breadcrumb":{"@id":"https:\/\/krzewinski.pl\/en\/chokeberry-seedlings\/chokeberry-seedlings-galicjanka\/#breadcrumb"},"inLanguage":"en-US","potentialAction":[{"@type":"ReadAction","target":["https:\/\/krzewinski.pl\/en\/chokeberry-seedlings\/chokeberry-seedlings-galicjanka\/"]}]},{"@type":"BreadcrumbList","@id":"https:\/\/krzewinski.pl\/en\/chokeberry-seedlings\/chokeberry-seedlings-galicjanka\/#breadcrumb","itemListElement":[{"@type":"ListItem","position":1,"name":"Strona g\u0142\u00f3wna","item":"https:\/\/krzewinski.pl\/en\/"},{"@type":"ListItem","position":2,"name":"Chokeberry seedlings","item":"https:\/\/krzewinski.pl\/en\/chokeberry-seedlings\/"},{"@type":"ListItem","position":3,"name":"Chokeberry seedlings Galicjanka"}]},{"@type":"WebSite","@id":"https:\/\/krzewinski.pl\/ru\/#website","url":"https:\/\/krzewinski.pl\/ru\/","name":"Krzewi\u0144ski","description":"Szk\u00f3\u0142ka krzew\u00f3w owocowych","publisher":{"@id":"https:\/\/krzewinski.pl\/ru\/#organization"},"potentialAction":[{"@type":"SearchAction","target":{"@type":"EntryPoint","urlTemplate":"https:\/\/krzewinski.pl\/ru\/?s={search_term_string}"},"query-input":"required name=search_term_string"}],"inLanguage":"en-US"},{"@type":"Organization","@id":"https:\/\/krzewinski.pl\/ru\/#organization","name":"Krzewi\u0144ski","url":"https:\/\/krzewinski.pl\/ru\/","logo":{"@type":"ImageObject","inLanguage":"en-US","@id":"https:\/\/krzewinski.pl\/ru\/#\/schema\/logo\/image\/","url":"https:\/\/krzewinski.pl\/wp-content\/uploads\/2015\/10\/logo-www.png","contentUrl":"https:\/\/krzewinski.pl\/wp-content\/uploads\/2015\/10\/logo-www.png","width":263,"height":150,"caption":"Krzewi\u0144ski"},"image":{"@id":"https:\/\/krzewinski.pl\/ru\/#\/schema\/logo\/image\/"},"sameAs":["https:\/\/www.instagram.com\/lgs.krzewinski\/","https:\/\/www.facebook.com\/lgskrzewinski"]}]}},"_links":{"self":[{"href":"https:\/\/krzewinski.pl\/en\/wp-json\/wp\/v2\/pages\/2748"}],"collection":[{"href":"https:\/\/krzewinski.pl\/en\/wp-json\/wp\/v2\/pages"}],"about":[{"href":"https:\/\/krzewinski.pl\/en\/wp-json\/wp\/v2\/types\/page"}],"author":[{"embeddable":true,"href":"https:\/\/krzewinski.pl\/en\/wp-json\/wp\/v2\/users\/2"}],"replies":[{"embeddable":true,"href":"https:\/\/krzewinski.pl\/en\/wp-json\/wp\/v2\/comments?post=2748"}],"version-history":[{"count":1,"href":"https:\/\/krzewinski.pl\/en\/wp-json\/wp\/v2\/pages\/2748\/revisions"}],"predecessor-version":[{"id":2749,"href":"https:\/\/krzewinski.pl\/en\/wp-json\/wp\/v2\/pages\/2748\/revisions\/2749"}],"up":[{"embeddable":true,"href":"https:\/\/krzewinski.pl\/en\/wp-json\/wp\/v2\/pages\/2446"}],"wp:featuredmedia":[{"embeddable":true,"href":"https:\/\/krzewinski.pl\/en\/wp-json\/wp\/v2\/media\/5617"}],"wp:attachment":[{"href":"https:\/\/krzewinski.pl\/en\/wp-json\/wp\/v2\/media?parent=2748"}],"curies":[{"name":"wp","href":"https:\/\/api.w.org\/{rel}","templated":true}]}}