{"id":2820,"date":"2016-06-04T11:04:21","date_gmt":"2016-06-04T09:04:21","guid":{"rendered":"https:\/\/krzewinski.pl\/en\/?page_id=2820"},"modified":"2016-06-04T11:04:21","modified_gmt":"2016-06-04T09:04:21","slug":"blueberry-seedlings-darrow","status":"publish","type":"page","link":"https:\/\/krzewinski.pl\/en\/blueberry-seedlings\/blueberry-seedlings-darrow\/","title":{"rendered":"Blueberry seedlings Darrow"},"content":{"rendered":"<p><strong>Ripening season:<\/strong> late<\/p>\n<p><strong>Fertility:<\/strong> average; <strong>productivity per shrub: <\/strong>3-5kg<\/p>\n<p><strong>Shrub structure:<\/strong> high; <strong>growth:<\/strong> weak to average<\/p>\n<p><strong>Resistance:<\/strong><u>\u00a0to diseases:<\/u> high;\u00a0<u>to frost: <\/u>high<\/p>\n<p><strong>Fruits:<\/strong> large and very large, flattened. Light blue. Vinous, sweet and aromatic in taste.<\/p>\n<p>Tasty when fully grown up.<\/p>\n<p>Universal variety with preference to protection.<\/p>\n","protected":false},"excerpt":{"rendered":"<p>Ripening season: late Fertility: average; productivity per shrub: 3-5kg Shrub structure: high; growth: weak to average Resistance:\u00a0to diseases: high;\u00a0to frost: high Fruits: large and very large, flattened. Light blue. Vinous, sweet and aromatic in taste. Tasty when fully grown up. Universal variety with preference to protection.<\/p>\n","protected":false},"author":2,"featured_media":5535,"parent":2450,"menu_order":0,"comment_status":"closed","ping_status":"closed","template":"","meta":[],"acf":[],"yoast_head":"<!-- This site is optimized with the Yoast SEO plugin v19.13 - https:\/\/yoast.com\/wordpress\/plugins\/seo\/ -->\n<title>Blueberry seedlings Darrow - Krzewi\u0144ski<\/title>\n<meta name=\"robots\" content=\"index, follow, max-snippet:-1, max-image-preview:large, max-video-preview:-1\" \/>\n<link rel=\"canonical\" href=\"https:\/\/krzewinski.pl\/en\/blueberry-seedlings\/blueberry-seedlings-darrow\/\" \/>\n<meta property=\"og:locale\" content=\"en_US\" \/>\n<meta property=\"og:type\" content=\"article\" \/>\n<meta property=\"og:title\" content=\"Blueberry seedlings Darrow - Krzewi\u0144ski\" \/>\n<meta property=\"og:description\" content=\"Ripening season: late Fertility: average; productivity per shrub: 3-5kg Shrub structure: high; growth: weak to average Resistance:\u00a0to diseases: high;\u00a0to frost: high Fruits: large and very large, flattened. Light blue. Vinous, sweet and aromatic in taste. Tasty when fully grown up. Universal variety with preference to protection.\" \/>\n<meta property=\"og:url\" content=\"https:\/\/krzewinski.pl\/en\/blueberry-seedlings\/blueberry-seedlings-darrow\/\" \/>\n<meta property=\"og:site_name\" content=\"Krzewi\u0144ski\" \/>\n<meta property=\"article:publisher\" content=\"https:\/\/www.facebook.com\/lgskrzewinski\" \/>\n<meta property=\"og:image\" content=\"https:\/\/krzewinski.pl\/wp-content\/uploads\/2021\/08\/Darrow-miska-maly.jpg\" \/>\n\t<meta property=\"og:image:width\" content=\"684\" \/>\n\t<meta property=\"og:image:height\" content=\"1024\" \/>\n\t<meta property=\"og:image:type\" content=\"image\/jpeg\" \/>\n<meta name=\"twitter:card\" content=\"summary_large_image\" \/>\n<script type=\"application\/ld+json\" class=\"yoast-schema-graph\">{\"@context\":\"https:\/\/schema.org\",\"@graph\":[{\"@type\":\"WebPage\",\"@id\":\"https:\/\/krzewinski.pl\/en\/blueberry-seedlings\/blueberry-seedlings-darrow\/\",\"url\":\"https:\/\/krzewinski.pl\/en\/blueberry-seedlings\/blueberry-seedlings-darrow\/\",\"name\":\"Blueberry seedlings Darrow - Krzewi\u0144ski\",\"isPartOf\":{\"@id\":\"https:\/\/krzewinski.pl\/ru\/#website\"},\"datePublished\":\"2016-06-04T09:04:21+00:00\",\"dateModified\":\"2016-06-04T09:04:21+00:00\",\"breadcrumb\":{\"@id\":\"https:\/\/krzewinski.pl\/en\/blueberry-seedlings\/blueberry-seedlings-darrow\/#breadcrumb\"},\"inLanguage\":\"en-US\",\"potentialAction\":[{\"@type\":\"ReadAction\",\"target\":[\"https:\/\/krzewinski.pl\/en\/blueberry-seedlings\/blueberry-seedlings-darrow\/\"]}]},{\"@type\":\"BreadcrumbList\",\"@id\":\"https:\/\/krzewinski.pl\/en\/blueberry-seedlings\/blueberry-seedlings-darrow\/#breadcrumb\",\"itemListElement\":[{\"@type\":\"ListItem\",\"position\":1,\"name\":\"Strona g\u0142\u00f3wna\",\"item\":\"https:\/\/krzewinski.pl\/en\/\"},{\"@type\":\"ListItem\",\"position\":2,\"name\":\"Blueberry seedlings\",\"item\":\"https:\/\/krzewinski.pl\/en\/blueberry-seedlings\/\"},{\"@type\":\"ListItem\",\"position\":3,\"name\":\"Blueberry seedlings Darrow\"}]},{\"@type\":\"WebSite\",\"@id\":\"https:\/\/krzewinski.pl\/ru\/#website\",\"url\":\"https:\/\/krzewinski.pl\/ru\/\",\"name\":\"Krzewi\u0144ski\",\"description\":\"Szk\u00f3\u0142ka krzew\u00f3w owocowych\",\"publisher\":{\"@id\":\"https:\/\/krzewinski.pl\/ru\/#organization\"},\"potentialAction\":[{\"@type\":\"SearchAction\",\"target\":{\"@type\":\"EntryPoint\",\"urlTemplate\":\"https:\/\/krzewinski.pl\/ru\/?s={search_term_string}\"},\"query-input\":\"required name=search_term_string\"}],\"inLanguage\":\"en-US\"},{\"@type\":\"Organization\",\"@id\":\"https:\/\/krzewinski.pl\/ru\/#organization\",\"name\":\"Krzewi\u0144ski\",\"url\":\"https:\/\/krzewinski.pl\/ru\/\",\"logo\":{\"@type\":\"ImageObject\",\"inLanguage\":\"en-US\",\"@id\":\"https:\/\/krzewinski.pl\/ru\/#\/schema\/logo\/image\/\",\"url\":\"https:\/\/krzewinski.pl\/wp-content\/uploads\/2015\/10\/logo-www.png\",\"contentUrl\":\"https:\/\/krzewinski.pl\/wp-content\/uploads\/2015\/10\/logo-www.png\",\"width\":263,\"height\":150,\"caption\":\"Krzewi\u0144ski\"},\"image\":{\"@id\":\"https:\/\/krzewinski.pl\/ru\/#\/schema\/logo\/image\/\"},\"sameAs\":[\"https:\/\/www.instagram.com\/lgs.krzewinski\/\",\"https:\/\/www.facebook.com\/lgskrzewinski\"]}]}<\/script>\n<!-- \/ Yoast SEO plugin. -->","yoast_head_json":{"title":"Blueberry seedlings Darrow - Krzewi\u0144ski","robots":{"index":"index","follow":"follow","max-snippet":"max-snippet:-1","max-image-preview":"max-image-preview:large","max-video-preview":"max-video-preview:-1"},"canonical":"https:\/\/krzewinski.pl\/en\/blueberry-seedlings\/blueberry-seedlings-darrow\/","og_locale":"en_US","og_type":"article","og_title":"Blueberry seedlings Darrow - Krzewi\u0144ski","og_description":"Ripening season: late Fertility: average; productivity per shrub: 3-5kg Shrub structure: high; growth: weak to average Resistance:\u00a0to diseases: high;\u00a0to frost: high Fruits: large and very large, flattened. Light blue. Vinous, sweet and aromatic in taste. Tasty when fully grown up. Universal variety with preference to protection.","og_url":"https:\/\/krzewinski.pl\/en\/blueberry-seedlings\/blueberry-seedlings-darrow\/","og_site_name":"Krzewi\u0144ski","article_publisher":"https:\/\/www.facebook.com\/lgskrzewinski","og_image":[{"width":684,"height":1024,"url":"https:\/\/krzewinski.pl\/wp-content\/uploads\/2021\/08\/Darrow-miska-maly.jpg","type":"image\/jpeg"}],"twitter_card":"summary_large_image","schema":{"@context":"https:\/\/schema.org","@graph":[{"@type":"WebPage","@id":"https:\/\/krzewinski.pl\/en\/blueberry-seedlings\/blueberry-seedlings-darrow\/","url":"https:\/\/krzewinski.pl\/en\/blueberry-seedlings\/blueberry-seedlings-darrow\/","name":"Blueberry seedlings Darrow - Krzewi\u0144ski","isPartOf":{"@id":"https:\/\/krzewinski.pl\/ru\/#website"},"datePublished":"2016-06-04T09:04:21+00:00","dateModified":"2016-06-04T09:04:21+00:00","breadcrumb":{"@id":"https:\/\/krzewinski.pl\/en\/blueberry-seedlings\/blueberry-seedlings-darrow\/#breadcrumb"},"inLanguage":"en-US","potentialAction":[{"@type":"ReadAction","target":["https:\/\/krzewinski.pl\/en\/blueberry-seedlings\/blueberry-seedlings-darrow\/"]}]},{"@type":"BreadcrumbList","@id":"https:\/\/krzewinski.pl\/en\/blueberry-seedlings\/blueberry-seedlings-darrow\/#breadcrumb","itemListElement":[{"@type":"ListItem","position":1,"name":"Strona g\u0142\u00f3wna","item":"https:\/\/krzewinski.pl\/en\/"},{"@type":"ListItem","position":2,"name":"Blueberry seedlings","item":"https:\/\/krzewinski.pl\/en\/blueberry-seedlings\/"},{"@type":"ListItem","position":3,"name":"Blueberry seedlings Darrow"}]},{"@type":"WebSite","@id":"https:\/\/krzewinski.pl\/ru\/#website","url":"https:\/\/krzewinski.pl\/ru\/","name":"Krzewi\u0144ski","description":"Szk\u00f3\u0142ka krzew\u00f3w owocowych","publisher":{"@id":"https:\/\/krzewinski.pl\/ru\/#organization"},"potentialAction":[{"@type":"SearchAction","target":{"@type":"EntryPoint","urlTemplate":"https:\/\/krzewinski.pl\/ru\/?s={search_term_string}"},"query-input":"required name=search_term_string"}],"inLanguage":"en-US"},{"@type":"Organization","@id":"https:\/\/krzewinski.pl\/ru\/#organization","name":"Krzewi\u0144ski","url":"https:\/\/krzewinski.pl\/ru\/","logo":{"@type":"ImageObject","inLanguage":"en-US","@id":"https:\/\/krzewinski.pl\/ru\/#\/schema\/logo\/image\/","url":"https:\/\/krzewinski.pl\/wp-content\/uploads\/2015\/10\/logo-www.png","contentUrl":"https:\/\/krzewinski.pl\/wp-content\/uploads\/2015\/10\/logo-www.png","width":263,"height":150,"caption":"Krzewi\u0144ski"},"image":{"@id":"https:\/\/krzewinski.pl\/ru\/#\/schema\/logo\/image\/"},"sameAs":["https:\/\/www.instagram.com\/lgs.krzewinski\/","https:\/\/www.facebook.com\/lgskrzewinski"]}]}},"_links":{"self":[{"href":"https:\/\/krzewinski.pl\/en\/wp-json\/wp\/v2\/pages\/2820"}],"collection":[{"href":"https:\/\/krzewinski.pl\/en\/wp-json\/wp\/v2\/pages"}],"about":[{"href":"https:\/\/krzewinski.pl\/en\/wp-json\/wp\/v2\/types\/page"}],"author":[{"embeddable":true,"href":"https:\/\/krzewinski.pl\/en\/wp-json\/wp\/v2\/users\/2"}],"replies":[{"embeddable":true,"href":"https:\/\/krzewinski.pl\/en\/wp-json\/wp\/v2\/comments?post=2820"}],"version-history":[{"count":1,"href":"https:\/\/krzewinski.pl\/en\/wp-json\/wp\/v2\/pages\/2820\/revisions"}],"predecessor-version":[{"id":2821,"href":"https:\/\/krzewinski.pl\/en\/wp-json\/wp\/v2\/pages\/2820\/revisions\/2821"}],"up":[{"embeddable":true,"href":"https:\/\/krzewinski.pl\/en\/wp-json\/wp\/v2\/pages\/2450"}],"wp:featuredmedia":[{"embeddable":true,"href":"https:\/\/krzewinski.pl\/en\/wp-json\/wp\/v2\/media\/5535"}],"wp:attachment":[{"href":"https:\/\/krzewinski.pl\/en\/wp-json\/wp\/v2\/media?parent=2820"}],"curies":[{"name":"wp","href":"https:\/\/api.w.org\/{rel}","templated":true}]}}