{"id":2844,"date":"2016-06-04T11:20:14","date_gmt":"2016-06-04T09:20:14","guid":{"rendered":"https:\/\/krzewinski.pl\/en\/?page_id=2844"},"modified":"2016-06-04T11:20:14","modified_gmt":"2016-06-04T09:20:14","slug":"blueberry-seedlings-toro","status":"publish","type":"page","link":"https:\/\/krzewinski.pl\/en\/blueberry-seedlings\/blueberry-seedlings-toro\/","title":{"rendered":"Blueberry seedlings Toro"},"content":{"rendered":"<p><strong>Ripening season:<\/strong> average<\/p>\n<p><strong>Fertility:<\/strong> high; <strong>productivity per shrub: <\/strong>4-6kg<\/p>\n<p><strong>Shrub structure: <\/strong>high; <strong>growth:<\/strong> strong<\/p>\n<p><strong>Resistance:<\/strong>\u00a0<u>to diseases<\/u>: high;\u00a0<u>to frost<\/u>: high<\/p>\n<p><strong>Fruits:<\/strong>\u00a0medium-sized and large, spherical. Light blue. Aromatic and very tasty.<\/p>\n<p>Ground planting variety.<\/p>\n","protected":false},"excerpt":{"rendered":"<p>Ripening season: average Fertility: high; productivity per shrub: 4-6kg Shrub structure: high; growth: strong Resistance:\u00a0to diseases: high;\u00a0to frost: high Fruits:\u00a0medium-sized and large, spherical. Light blue. Aromatic and very tasty. Ground planting variety.<\/p>\n","protected":false},"author":2,"featured_media":0,"parent":2450,"menu_order":0,"comment_status":"closed","ping_status":"closed","template":"","meta":[],"acf":[],"yoast_head":"<!-- This site is optimized with the Yoast SEO plugin v19.13 - https:\/\/yoast.com\/wordpress\/plugins\/seo\/ -->\n<title>Blueberry seedlings Toro - Krzewi\u0144ski<\/title>\n<meta name=\"robots\" content=\"index, follow, max-snippet:-1, max-image-preview:large, max-video-preview:-1\" \/>\n<link rel=\"canonical\" href=\"https:\/\/krzewinski.pl\/en\/blueberry-seedlings\/blueberry-seedlings-toro\/\" \/>\n<meta property=\"og:locale\" content=\"en_US\" \/>\n<meta property=\"og:type\" content=\"article\" \/>\n<meta property=\"og:title\" content=\"Blueberry seedlings Toro - Krzewi\u0144ski\" \/>\n<meta property=\"og:description\" content=\"Ripening season: average Fertility: high; productivity per shrub: 4-6kg Shrub structure: high; growth: strong Resistance:\u00a0to diseases: high;\u00a0to frost: high Fruits:\u00a0medium-sized and large, spherical. Light blue. Aromatic and very tasty. Ground planting variety.\" \/>\n<meta property=\"og:url\" content=\"https:\/\/krzewinski.pl\/en\/blueberry-seedlings\/blueberry-seedlings-toro\/\" \/>\n<meta property=\"og:site_name\" content=\"Krzewi\u0144ski\" \/>\n<meta property=\"article:publisher\" content=\"https:\/\/www.facebook.com\/lgskrzewinski\" \/>\n<meta name=\"twitter:card\" content=\"summary_large_image\" \/>\n<script type=\"application\/ld+json\" class=\"yoast-schema-graph\">{\"@context\":\"https:\/\/schema.org\",\"@graph\":[{\"@type\":\"WebPage\",\"@id\":\"https:\/\/krzewinski.pl\/en\/blueberry-seedlings\/blueberry-seedlings-toro\/\",\"url\":\"https:\/\/krzewinski.pl\/en\/blueberry-seedlings\/blueberry-seedlings-toro\/\",\"name\":\"Blueberry seedlings Toro - Krzewi\u0144ski\",\"isPartOf\":{\"@id\":\"https:\/\/krzewinski.pl\/ru\/#website\"},\"datePublished\":\"2016-06-04T09:20:14+00:00\",\"dateModified\":\"2016-06-04T09:20:14+00:00\",\"breadcrumb\":{\"@id\":\"https:\/\/krzewinski.pl\/en\/blueberry-seedlings\/blueberry-seedlings-toro\/#breadcrumb\"},\"inLanguage\":\"en-US\",\"potentialAction\":[{\"@type\":\"ReadAction\",\"target\":[\"https:\/\/krzewinski.pl\/en\/blueberry-seedlings\/blueberry-seedlings-toro\/\"]}]},{\"@type\":\"BreadcrumbList\",\"@id\":\"https:\/\/krzewinski.pl\/en\/blueberry-seedlings\/blueberry-seedlings-toro\/#breadcrumb\",\"itemListElement\":[{\"@type\":\"ListItem\",\"position\":1,\"name\":\"Strona g\u0142\u00f3wna\",\"item\":\"https:\/\/krzewinski.pl\/en\/\"},{\"@type\":\"ListItem\",\"position\":2,\"name\":\"Blueberry seedlings\",\"item\":\"https:\/\/krzewinski.pl\/en\/blueberry-seedlings\/\"},{\"@type\":\"ListItem\",\"position\":3,\"name\":\"Blueberry seedlings Toro\"}]},{\"@type\":\"WebSite\",\"@id\":\"https:\/\/krzewinski.pl\/ru\/#website\",\"url\":\"https:\/\/krzewinski.pl\/ru\/\",\"name\":\"Krzewi\u0144ski\",\"description\":\"Szk\u00f3\u0142ka krzew\u00f3w owocowych\",\"publisher\":{\"@id\":\"https:\/\/krzewinski.pl\/ru\/#organization\"},\"potentialAction\":[{\"@type\":\"SearchAction\",\"target\":{\"@type\":\"EntryPoint\",\"urlTemplate\":\"https:\/\/krzewinski.pl\/ru\/?s={search_term_string}\"},\"query-input\":\"required name=search_term_string\"}],\"inLanguage\":\"en-US\"},{\"@type\":\"Organization\",\"@id\":\"https:\/\/krzewinski.pl\/ru\/#organization\",\"name\":\"Krzewi\u0144ski\",\"url\":\"https:\/\/krzewinski.pl\/ru\/\",\"logo\":{\"@type\":\"ImageObject\",\"inLanguage\":\"en-US\",\"@id\":\"https:\/\/krzewinski.pl\/ru\/#\/schema\/logo\/image\/\",\"url\":\"https:\/\/krzewinski.pl\/wp-content\/uploads\/2015\/10\/logo-www.png\",\"contentUrl\":\"https:\/\/krzewinski.pl\/wp-content\/uploads\/2015\/10\/logo-www.png\",\"width\":263,\"height\":150,\"caption\":\"Krzewi\u0144ski\"},\"image\":{\"@id\":\"https:\/\/krzewinski.pl\/ru\/#\/schema\/logo\/image\/\"},\"sameAs\":[\"https:\/\/www.instagram.com\/lgs.krzewinski\/\",\"https:\/\/www.facebook.com\/lgskrzewinski\"]}]}<\/script>\n<!-- \/ Yoast SEO plugin. -->","yoast_head_json":{"title":"Blueberry seedlings Toro - Krzewi\u0144ski","robots":{"index":"index","follow":"follow","max-snippet":"max-snippet:-1","max-image-preview":"max-image-preview:large","max-video-preview":"max-video-preview:-1"},"canonical":"https:\/\/krzewinski.pl\/en\/blueberry-seedlings\/blueberry-seedlings-toro\/","og_locale":"en_US","og_type":"article","og_title":"Blueberry seedlings Toro - Krzewi\u0144ski","og_description":"Ripening season: average Fertility: high; productivity per shrub: 4-6kg Shrub structure: high; growth: strong Resistance:\u00a0to diseases: high;\u00a0to frost: high Fruits:\u00a0medium-sized and large, spherical. Light blue. Aromatic and very tasty. Ground planting variety.","og_url":"https:\/\/krzewinski.pl\/en\/blueberry-seedlings\/blueberry-seedlings-toro\/","og_site_name":"Krzewi\u0144ski","article_publisher":"https:\/\/www.facebook.com\/lgskrzewinski","twitter_card":"summary_large_image","schema":{"@context":"https:\/\/schema.org","@graph":[{"@type":"WebPage","@id":"https:\/\/krzewinski.pl\/en\/blueberry-seedlings\/blueberry-seedlings-toro\/","url":"https:\/\/krzewinski.pl\/en\/blueberry-seedlings\/blueberry-seedlings-toro\/","name":"Blueberry seedlings Toro - Krzewi\u0144ski","isPartOf":{"@id":"https:\/\/krzewinski.pl\/ru\/#website"},"datePublished":"2016-06-04T09:20:14+00:00","dateModified":"2016-06-04T09:20:14+00:00","breadcrumb":{"@id":"https:\/\/krzewinski.pl\/en\/blueberry-seedlings\/blueberry-seedlings-toro\/#breadcrumb"},"inLanguage":"en-US","potentialAction":[{"@type":"ReadAction","target":["https:\/\/krzewinski.pl\/en\/blueberry-seedlings\/blueberry-seedlings-toro\/"]}]},{"@type":"BreadcrumbList","@id":"https:\/\/krzewinski.pl\/en\/blueberry-seedlings\/blueberry-seedlings-toro\/#breadcrumb","itemListElement":[{"@type":"ListItem","position":1,"name":"Strona g\u0142\u00f3wna","item":"https:\/\/krzewinski.pl\/en\/"},{"@type":"ListItem","position":2,"name":"Blueberry seedlings","item":"https:\/\/krzewinski.pl\/en\/blueberry-seedlings\/"},{"@type":"ListItem","position":3,"name":"Blueberry seedlings Toro"}]},{"@type":"WebSite","@id":"https:\/\/krzewinski.pl\/ru\/#website","url":"https:\/\/krzewinski.pl\/ru\/","name":"Krzewi\u0144ski","description":"Szk\u00f3\u0142ka krzew\u00f3w owocowych","publisher":{"@id":"https:\/\/krzewinski.pl\/ru\/#organization"},"potentialAction":[{"@type":"SearchAction","target":{"@type":"EntryPoint","urlTemplate":"https:\/\/krzewinski.pl\/ru\/?s={search_term_string}"},"query-input":"required name=search_term_string"}],"inLanguage":"en-US"},{"@type":"Organization","@id":"https:\/\/krzewinski.pl\/ru\/#organization","name":"Krzewi\u0144ski","url":"https:\/\/krzewinski.pl\/ru\/","logo":{"@type":"ImageObject","inLanguage":"en-US","@id":"https:\/\/krzewinski.pl\/ru\/#\/schema\/logo\/image\/","url":"https:\/\/krzewinski.pl\/wp-content\/uploads\/2015\/10\/logo-www.png","contentUrl":"https:\/\/krzewinski.pl\/wp-content\/uploads\/2015\/10\/logo-www.png","width":263,"height":150,"caption":"Krzewi\u0144ski"},"image":{"@id":"https:\/\/krzewinski.pl\/ru\/#\/schema\/logo\/image\/"},"sameAs":["https:\/\/www.instagram.com\/lgs.krzewinski\/","https:\/\/www.facebook.com\/lgskrzewinski"]}]}},"_links":{"self":[{"href":"https:\/\/krzewinski.pl\/en\/wp-json\/wp\/v2\/pages\/2844"}],"collection":[{"href":"https:\/\/krzewinski.pl\/en\/wp-json\/wp\/v2\/pages"}],"about":[{"href":"https:\/\/krzewinski.pl\/en\/wp-json\/wp\/v2\/types\/page"}],"author":[{"embeddable":true,"href":"https:\/\/krzewinski.pl\/en\/wp-json\/wp\/v2\/users\/2"}],"replies":[{"embeddable":true,"href":"https:\/\/krzewinski.pl\/en\/wp-json\/wp\/v2\/comments?post=2844"}],"version-history":[{"count":1,"href":"https:\/\/krzewinski.pl\/en\/wp-json\/wp\/v2\/pages\/2844\/revisions"}],"predecessor-version":[{"id":2845,"href":"https:\/\/krzewinski.pl\/en\/wp-json\/wp\/v2\/pages\/2844\/revisions\/2845"}],"up":[{"embeddable":true,"href":"https:\/\/krzewinski.pl\/en\/wp-json\/wp\/v2\/pages\/2450"}],"wp:attachment":[{"href":"https:\/\/krzewinski.pl\/en\/wp-json\/wp\/v2\/media?parent=2844"}],"curies":[{"name":"wp","href":"https:\/\/api.w.org\/{rel}","templated":true}]}}