{"id":2887,"date":"2016-06-04T14:43:48","date_gmt":"2016-06-04T12:43:48","guid":{"rendered":"https:\/\/krzewinski.pl\/en\/?page_id=2887"},"modified":"2016-06-04T14:43:48","modified_gmt":"2016-06-04T12:43:48","slug":"honeyberry-seedlings-karina","status":"publish","type":"page","link":"https:\/\/krzewinski.pl\/en\/honeyberry-seedlings\/honeyberry-seedlings-karina\/","title":{"rendered":"Honeyberry seedlings Karina"},"content":{"rendered":"<p><strong>Ripening season: <\/strong>early<\/p>\n<p><strong>Fertility:<\/strong> high<\/p>\n<p><strong>Shrub growth:<\/strong> strong<\/p>\n<p><strong>Resistance:<\/strong>\u00a0 <u>to diseases<\/u>: very high;\u00a0<u>to frost:<\/u> very high<\/p>\n<p><strong>Fruits:<\/strong> very large, elongated<\/p>\n","protected":false},"excerpt":{"rendered":"<p>Ripening season: early Fertility: high Shrub growth: strong Resistance:\u00a0 to diseases: very high;\u00a0to frost: very high Fruits: very large, elongated<\/p>\n","protected":false},"author":2,"featured_media":6617,"parent":2429,"menu_order":0,"comment_status":"closed","ping_status":"closed","template":"","meta":[],"acf":[],"yoast_head":"<!-- This site is optimized with the Yoast SEO plugin v19.13 - https:\/\/yoast.com\/wordpress\/plugins\/seo\/ -->\n<title>Honeyberry seedlings Karina - Krzewi\u0144ski<\/title>\n<meta name=\"robots\" content=\"index, follow, max-snippet:-1, max-image-preview:large, max-video-preview:-1\" \/>\n<link rel=\"canonical\" href=\"https:\/\/krzewinski.pl\/en\/honeyberry-seedlings\/honeyberry-seedlings-karina\/\" \/>\n<meta property=\"og:locale\" content=\"en_US\" \/>\n<meta property=\"og:type\" content=\"article\" \/>\n<meta property=\"og:title\" content=\"Honeyberry seedlings Karina - Krzewi\u0144ski\" \/>\n<meta property=\"og:description\" content=\"Ripening season: early Fertility: high Shrub growth: strong Resistance:\u00a0 to diseases: very high;\u00a0to frost: very high Fruits: very large, elongated\" \/>\n<meta property=\"og:url\" content=\"https:\/\/krzewinski.pl\/en\/honeyberry-seedlings\/honeyberry-seedlings-karina\/\" \/>\n<meta property=\"og:site_name\" content=\"Krzewi\u0144ski\" \/>\n<meta property=\"article:publisher\" content=\"https:\/\/www.facebook.com\/lgskrzewinski\" \/>\n<meta property=\"og:image\" content=\"https:\/\/krzewinski.pl\/wp-content\/uploads\/2015\/10\/Karina-mini.jpg\" \/>\n\t<meta property=\"og:image:width\" content=\"824\" \/>\n\t<meta property=\"og:image:height\" content=\"570\" \/>\n\t<meta property=\"og:image:type\" content=\"image\/jpeg\" \/>\n<meta name=\"twitter:card\" content=\"summary_large_image\" \/>\n<script type=\"application\/ld+json\" class=\"yoast-schema-graph\">{\"@context\":\"https:\/\/schema.org\",\"@graph\":[{\"@type\":\"WebPage\",\"@id\":\"https:\/\/krzewinski.pl\/en\/honeyberry-seedlings\/honeyberry-seedlings-karina\/\",\"url\":\"https:\/\/krzewinski.pl\/en\/honeyberry-seedlings\/honeyberry-seedlings-karina\/\",\"name\":\"Honeyberry seedlings Karina - Krzewi\u0144ski\",\"isPartOf\":{\"@id\":\"https:\/\/krzewinski.pl\/ru\/#website\"},\"datePublished\":\"2016-06-04T12:43:48+00:00\",\"dateModified\":\"2016-06-04T12:43:48+00:00\",\"breadcrumb\":{\"@id\":\"https:\/\/krzewinski.pl\/en\/honeyberry-seedlings\/honeyberry-seedlings-karina\/#breadcrumb\"},\"inLanguage\":\"en-US\",\"potentialAction\":[{\"@type\":\"ReadAction\",\"target\":[\"https:\/\/krzewinski.pl\/en\/honeyberry-seedlings\/honeyberry-seedlings-karina\/\"]}]},{\"@type\":\"BreadcrumbList\",\"@id\":\"https:\/\/krzewinski.pl\/en\/honeyberry-seedlings\/honeyberry-seedlings-karina\/#breadcrumb\",\"itemListElement\":[{\"@type\":\"ListItem\",\"position\":1,\"name\":\"Strona g\u0142\u00f3wna\",\"item\":\"https:\/\/krzewinski.pl\/en\/\"},{\"@type\":\"ListItem\",\"position\":2,\"name\":\"Honeyberry seedlings\",\"item\":\"https:\/\/krzewinski.pl\/en\/honeyberry-seedlings\/\"},{\"@type\":\"ListItem\",\"position\":3,\"name\":\"Honeyberry seedlings Karina\"}]},{\"@type\":\"WebSite\",\"@id\":\"https:\/\/krzewinski.pl\/ru\/#website\",\"url\":\"https:\/\/krzewinski.pl\/ru\/\",\"name\":\"Krzewi\u0144ski\",\"description\":\"Szk\u00f3\u0142ka krzew\u00f3w owocowych\",\"publisher\":{\"@id\":\"https:\/\/krzewinski.pl\/ru\/#organization\"},\"potentialAction\":[{\"@type\":\"SearchAction\",\"target\":{\"@type\":\"EntryPoint\",\"urlTemplate\":\"https:\/\/krzewinski.pl\/ru\/?s={search_term_string}\"},\"query-input\":\"required name=search_term_string\"}],\"inLanguage\":\"en-US\"},{\"@type\":\"Organization\",\"@id\":\"https:\/\/krzewinski.pl\/ru\/#organization\",\"name\":\"Krzewi\u0144ski\",\"url\":\"https:\/\/krzewinski.pl\/ru\/\",\"logo\":{\"@type\":\"ImageObject\",\"inLanguage\":\"en-US\",\"@id\":\"https:\/\/krzewinski.pl\/ru\/#\/schema\/logo\/image\/\",\"url\":\"https:\/\/krzewinski.pl\/wp-content\/uploads\/2015\/10\/logo-www.png\",\"contentUrl\":\"https:\/\/krzewinski.pl\/wp-content\/uploads\/2015\/10\/logo-www.png\",\"width\":263,\"height\":150,\"caption\":\"Krzewi\u0144ski\"},\"image\":{\"@id\":\"https:\/\/krzewinski.pl\/ru\/#\/schema\/logo\/image\/\"},\"sameAs\":[\"https:\/\/www.instagram.com\/lgs.krzewinski\/\",\"https:\/\/www.facebook.com\/lgskrzewinski\"]}]}<\/script>\n<!-- \/ Yoast SEO plugin. -->","yoast_head_json":{"title":"Honeyberry seedlings Karina - Krzewi\u0144ski","robots":{"index":"index","follow":"follow","max-snippet":"max-snippet:-1","max-image-preview":"max-image-preview:large","max-video-preview":"max-video-preview:-1"},"canonical":"https:\/\/krzewinski.pl\/en\/honeyberry-seedlings\/honeyberry-seedlings-karina\/","og_locale":"en_US","og_type":"article","og_title":"Honeyberry seedlings Karina - Krzewi\u0144ski","og_description":"Ripening season: early Fertility: high Shrub growth: strong Resistance:\u00a0 to diseases: very high;\u00a0to frost: very high Fruits: very large, elongated","og_url":"https:\/\/krzewinski.pl\/en\/honeyberry-seedlings\/honeyberry-seedlings-karina\/","og_site_name":"Krzewi\u0144ski","article_publisher":"https:\/\/www.facebook.com\/lgskrzewinski","og_image":[{"width":824,"height":570,"url":"https:\/\/krzewinski.pl\/wp-content\/uploads\/2015\/10\/Karina-mini.jpg","type":"image\/jpeg"}],"twitter_card":"summary_large_image","schema":{"@context":"https:\/\/schema.org","@graph":[{"@type":"WebPage","@id":"https:\/\/krzewinski.pl\/en\/honeyberry-seedlings\/honeyberry-seedlings-karina\/","url":"https:\/\/krzewinski.pl\/en\/honeyberry-seedlings\/honeyberry-seedlings-karina\/","name":"Honeyberry seedlings Karina - Krzewi\u0144ski","isPartOf":{"@id":"https:\/\/krzewinski.pl\/ru\/#website"},"datePublished":"2016-06-04T12:43:48+00:00","dateModified":"2016-06-04T12:43:48+00:00","breadcrumb":{"@id":"https:\/\/krzewinski.pl\/en\/honeyberry-seedlings\/honeyberry-seedlings-karina\/#breadcrumb"},"inLanguage":"en-US","potentialAction":[{"@type":"ReadAction","target":["https:\/\/krzewinski.pl\/en\/honeyberry-seedlings\/honeyberry-seedlings-karina\/"]}]},{"@type":"BreadcrumbList","@id":"https:\/\/krzewinski.pl\/en\/honeyberry-seedlings\/honeyberry-seedlings-karina\/#breadcrumb","itemListElement":[{"@type":"ListItem","position":1,"name":"Strona g\u0142\u00f3wna","item":"https:\/\/krzewinski.pl\/en\/"},{"@type":"ListItem","position":2,"name":"Honeyberry seedlings","item":"https:\/\/krzewinski.pl\/en\/honeyberry-seedlings\/"},{"@type":"ListItem","position":3,"name":"Honeyberry seedlings Karina"}]},{"@type":"WebSite","@id":"https:\/\/krzewinski.pl\/ru\/#website","url":"https:\/\/krzewinski.pl\/ru\/","name":"Krzewi\u0144ski","description":"Szk\u00f3\u0142ka krzew\u00f3w owocowych","publisher":{"@id":"https:\/\/krzewinski.pl\/ru\/#organization"},"potentialAction":[{"@type":"SearchAction","target":{"@type":"EntryPoint","urlTemplate":"https:\/\/krzewinski.pl\/ru\/?s={search_term_string}"},"query-input":"required name=search_term_string"}],"inLanguage":"en-US"},{"@type":"Organization","@id":"https:\/\/krzewinski.pl\/ru\/#organization","name":"Krzewi\u0144ski","url":"https:\/\/krzewinski.pl\/ru\/","logo":{"@type":"ImageObject","inLanguage":"en-US","@id":"https:\/\/krzewinski.pl\/ru\/#\/schema\/logo\/image\/","url":"https:\/\/krzewinski.pl\/wp-content\/uploads\/2015\/10\/logo-www.png","contentUrl":"https:\/\/krzewinski.pl\/wp-content\/uploads\/2015\/10\/logo-www.png","width":263,"height":150,"caption":"Krzewi\u0144ski"},"image":{"@id":"https:\/\/krzewinski.pl\/ru\/#\/schema\/logo\/image\/"},"sameAs":["https:\/\/www.instagram.com\/lgs.krzewinski\/","https:\/\/www.facebook.com\/lgskrzewinski"]}]}},"_links":{"self":[{"href":"https:\/\/krzewinski.pl\/en\/wp-json\/wp\/v2\/pages\/2887"}],"collection":[{"href":"https:\/\/krzewinski.pl\/en\/wp-json\/wp\/v2\/pages"}],"about":[{"href":"https:\/\/krzewinski.pl\/en\/wp-json\/wp\/v2\/types\/page"}],"author":[{"embeddable":true,"href":"https:\/\/krzewinski.pl\/en\/wp-json\/wp\/v2\/users\/2"}],"replies":[{"embeddable":true,"href":"https:\/\/krzewinski.pl\/en\/wp-json\/wp\/v2\/comments?post=2887"}],"version-history":[{"count":1,"href":"https:\/\/krzewinski.pl\/en\/wp-json\/wp\/v2\/pages\/2887\/revisions"}],"predecessor-version":[{"id":2888,"href":"https:\/\/krzewinski.pl\/en\/wp-json\/wp\/v2\/pages\/2887\/revisions\/2888"}],"up":[{"embeddable":true,"href":"https:\/\/krzewinski.pl\/en\/wp-json\/wp\/v2\/pages\/2429"}],"wp:featuredmedia":[{"embeddable":true,"href":"https:\/\/krzewinski.pl\/en\/wp-json\/wp\/v2\/media\/6617"}],"wp:attachment":[{"href":"https:\/\/krzewinski.pl\/en\/wp-json\/wp\/v2\/media?parent=2887"}],"curies":[{"name":"wp","href":"https:\/\/api.w.org\/{rel}","templated":true}]}}