{"id":2957,"date":"2016-06-06T08:09:22","date_gmt":"2016-06-06T06:09:22","guid":{"rendered":"https:\/\/krzewinski.pl\/en\/?page_id=2957"},"modified":"2016-06-06T08:09:22","modified_gmt":"2016-06-06T06:09:22","slug":"kiwi-seedlings-ananasnaja","status":"publish","type":"page","link":"https:\/\/krzewinski.pl\/en\/kiwi-seedlings\/kiwi-seedlings-ananasnaja\/","title":{"rendered":"Kiwi seedlings Ananasnaja"},"content":{"rendered":"<p><strong>Ripening season:<\/strong>\u00a0October<\/p>\n<p><strong>Fertility: <\/strong><strong>very high<\/strong><\/p>\n<p><strong>Resistance to<\/strong> <strong>frost<\/strong>: very high<\/p>\n<p><strong>Fruits:<\/strong>\u00a0first after 3-4 years<\/p>\n<p><strong>Open-pollinated variety<\/strong><\/p>\n","protected":false},"excerpt":{"rendered":"<p>Ripening season:\u00a0October Fertility: very high Resistance to frost: very high Fruits:\u00a0first after 3-4 years Open-pollinated variety<\/p>\n","protected":false},"author":2,"featured_media":6675,"parent":2462,"menu_order":0,"comment_status":"closed","ping_status":"closed","template":"","meta":[],"acf":[],"yoast_head":"<!-- This site is optimized with the Yoast SEO plugin v19.13 - https:\/\/yoast.com\/wordpress\/plugins\/seo\/ -->\n<title>Kiwi seedlings Ananasnaja - Krzewi\u0144ski<\/title>\n<meta name=\"robots\" content=\"index, follow, max-snippet:-1, max-image-preview:large, max-video-preview:-1\" \/>\n<link rel=\"canonical\" href=\"https:\/\/krzewinski.pl\/en\/kiwi-seedlings\/kiwi-seedlings-ananasnaja\/\" \/>\n<meta property=\"og:locale\" content=\"en_US\" \/>\n<meta property=\"og:type\" content=\"article\" \/>\n<meta property=\"og:title\" content=\"Kiwi seedlings Ananasnaja - Krzewi\u0144ski\" \/>\n<meta property=\"og:description\" content=\"Ripening season:\u00a0October Fertility: very high Resistance to frost: very high Fruits:\u00a0first after 3-4 years Open-pollinated variety\" \/>\n<meta property=\"og:url\" content=\"https:\/\/krzewinski.pl\/en\/kiwi-seedlings\/kiwi-seedlings-ananasnaja\/\" \/>\n<meta property=\"og:site_name\" content=\"Krzewi\u0144ski\" \/>\n<meta property=\"article:publisher\" content=\"https:\/\/www.facebook.com\/lgskrzewinski\" \/>\n<meta property=\"og:image\" content=\"https:\/\/krzewinski.pl\/wp-content\/uploads\/2015\/12\/Ananasnaja-mini.jpg\" \/>\n\t<meta property=\"og:image:width\" content=\"600\" \/>\n\t<meta property=\"og:image:height\" content=\"415\" \/>\n\t<meta property=\"og:image:type\" content=\"image\/jpeg\" \/>\n<meta name=\"twitter:card\" content=\"summary_large_image\" \/>\n<script type=\"application\/ld+json\" class=\"yoast-schema-graph\">{\"@context\":\"https:\/\/schema.org\",\"@graph\":[{\"@type\":\"WebPage\",\"@id\":\"https:\/\/krzewinski.pl\/en\/kiwi-seedlings\/kiwi-seedlings-ananasnaja\/\",\"url\":\"https:\/\/krzewinski.pl\/en\/kiwi-seedlings\/kiwi-seedlings-ananasnaja\/\",\"name\":\"Kiwi seedlings Ananasnaja - Krzewi\u0144ski\",\"isPartOf\":{\"@id\":\"https:\/\/krzewinski.pl\/ru\/#website\"},\"datePublished\":\"2016-06-06T06:09:22+00:00\",\"dateModified\":\"2016-06-06T06:09:22+00:00\",\"breadcrumb\":{\"@id\":\"https:\/\/krzewinski.pl\/en\/kiwi-seedlings\/kiwi-seedlings-ananasnaja\/#breadcrumb\"},\"inLanguage\":\"en-US\",\"potentialAction\":[{\"@type\":\"ReadAction\",\"target\":[\"https:\/\/krzewinski.pl\/en\/kiwi-seedlings\/kiwi-seedlings-ananasnaja\/\"]}]},{\"@type\":\"BreadcrumbList\",\"@id\":\"https:\/\/krzewinski.pl\/en\/kiwi-seedlings\/kiwi-seedlings-ananasnaja\/#breadcrumb\",\"itemListElement\":[{\"@type\":\"ListItem\",\"position\":1,\"name\":\"Strona g\u0142\u00f3wna\",\"item\":\"https:\/\/krzewinski.pl\/en\/\"},{\"@type\":\"ListItem\",\"position\":2,\"name\":\"Kiwi seedlings\",\"item\":\"https:\/\/krzewinski.pl\/en\/kiwi-seedlings\/\"},{\"@type\":\"ListItem\",\"position\":3,\"name\":\"Kiwi seedlings Ananasnaja\"}]},{\"@type\":\"WebSite\",\"@id\":\"https:\/\/krzewinski.pl\/ru\/#website\",\"url\":\"https:\/\/krzewinski.pl\/ru\/\",\"name\":\"Krzewi\u0144ski\",\"description\":\"Szk\u00f3\u0142ka krzew\u00f3w owocowych\",\"publisher\":{\"@id\":\"https:\/\/krzewinski.pl\/ru\/#organization\"},\"potentialAction\":[{\"@type\":\"SearchAction\",\"target\":{\"@type\":\"EntryPoint\",\"urlTemplate\":\"https:\/\/krzewinski.pl\/ru\/?s={search_term_string}\"},\"query-input\":\"required name=search_term_string\"}],\"inLanguage\":\"en-US\"},{\"@type\":\"Organization\",\"@id\":\"https:\/\/krzewinski.pl\/ru\/#organization\",\"name\":\"Krzewi\u0144ski\",\"url\":\"https:\/\/krzewinski.pl\/ru\/\",\"logo\":{\"@type\":\"ImageObject\",\"inLanguage\":\"en-US\",\"@id\":\"https:\/\/krzewinski.pl\/ru\/#\/schema\/logo\/image\/\",\"url\":\"https:\/\/krzewinski.pl\/wp-content\/uploads\/2015\/10\/logo-www.png\",\"contentUrl\":\"https:\/\/krzewinski.pl\/wp-content\/uploads\/2015\/10\/logo-www.png\",\"width\":263,\"height\":150,\"caption\":\"Krzewi\u0144ski\"},\"image\":{\"@id\":\"https:\/\/krzewinski.pl\/ru\/#\/schema\/logo\/image\/\"},\"sameAs\":[\"https:\/\/www.instagram.com\/lgs.krzewinski\/\",\"https:\/\/www.facebook.com\/lgskrzewinski\"]}]}<\/script>\n<!-- \/ Yoast SEO plugin. -->","yoast_head_json":{"title":"Kiwi seedlings Ananasnaja - Krzewi\u0144ski","robots":{"index":"index","follow":"follow","max-snippet":"max-snippet:-1","max-image-preview":"max-image-preview:large","max-video-preview":"max-video-preview:-1"},"canonical":"https:\/\/krzewinski.pl\/en\/kiwi-seedlings\/kiwi-seedlings-ananasnaja\/","og_locale":"en_US","og_type":"article","og_title":"Kiwi seedlings Ananasnaja - Krzewi\u0144ski","og_description":"Ripening season:\u00a0October Fertility: very high Resistance to frost: very high Fruits:\u00a0first after 3-4 years Open-pollinated variety","og_url":"https:\/\/krzewinski.pl\/en\/kiwi-seedlings\/kiwi-seedlings-ananasnaja\/","og_site_name":"Krzewi\u0144ski","article_publisher":"https:\/\/www.facebook.com\/lgskrzewinski","og_image":[{"width":600,"height":415,"url":"https:\/\/krzewinski.pl\/wp-content\/uploads\/2015\/12\/Ananasnaja-mini.jpg","type":"image\/jpeg"}],"twitter_card":"summary_large_image","schema":{"@context":"https:\/\/schema.org","@graph":[{"@type":"WebPage","@id":"https:\/\/krzewinski.pl\/en\/kiwi-seedlings\/kiwi-seedlings-ananasnaja\/","url":"https:\/\/krzewinski.pl\/en\/kiwi-seedlings\/kiwi-seedlings-ananasnaja\/","name":"Kiwi seedlings Ananasnaja - Krzewi\u0144ski","isPartOf":{"@id":"https:\/\/krzewinski.pl\/ru\/#website"},"datePublished":"2016-06-06T06:09:22+00:00","dateModified":"2016-06-06T06:09:22+00:00","breadcrumb":{"@id":"https:\/\/krzewinski.pl\/en\/kiwi-seedlings\/kiwi-seedlings-ananasnaja\/#breadcrumb"},"inLanguage":"en-US","potentialAction":[{"@type":"ReadAction","target":["https:\/\/krzewinski.pl\/en\/kiwi-seedlings\/kiwi-seedlings-ananasnaja\/"]}]},{"@type":"BreadcrumbList","@id":"https:\/\/krzewinski.pl\/en\/kiwi-seedlings\/kiwi-seedlings-ananasnaja\/#breadcrumb","itemListElement":[{"@type":"ListItem","position":1,"name":"Strona g\u0142\u00f3wna","item":"https:\/\/krzewinski.pl\/en\/"},{"@type":"ListItem","position":2,"name":"Kiwi seedlings","item":"https:\/\/krzewinski.pl\/en\/kiwi-seedlings\/"},{"@type":"ListItem","position":3,"name":"Kiwi seedlings Ananasnaja"}]},{"@type":"WebSite","@id":"https:\/\/krzewinski.pl\/ru\/#website","url":"https:\/\/krzewinski.pl\/ru\/","name":"Krzewi\u0144ski","description":"Szk\u00f3\u0142ka krzew\u00f3w owocowych","publisher":{"@id":"https:\/\/krzewinski.pl\/ru\/#organization"},"potentialAction":[{"@type":"SearchAction","target":{"@type":"EntryPoint","urlTemplate":"https:\/\/krzewinski.pl\/ru\/?s={search_term_string}"},"query-input":"required name=search_term_string"}],"inLanguage":"en-US"},{"@type":"Organization","@id":"https:\/\/krzewinski.pl\/ru\/#organization","name":"Krzewi\u0144ski","url":"https:\/\/krzewinski.pl\/ru\/","logo":{"@type":"ImageObject","inLanguage":"en-US","@id":"https:\/\/krzewinski.pl\/ru\/#\/schema\/logo\/image\/","url":"https:\/\/krzewinski.pl\/wp-content\/uploads\/2015\/10\/logo-www.png","contentUrl":"https:\/\/krzewinski.pl\/wp-content\/uploads\/2015\/10\/logo-www.png","width":263,"height":150,"caption":"Krzewi\u0144ski"},"image":{"@id":"https:\/\/krzewinski.pl\/ru\/#\/schema\/logo\/image\/"},"sameAs":["https:\/\/www.instagram.com\/lgs.krzewinski\/","https:\/\/www.facebook.com\/lgskrzewinski"]}]}},"_links":{"self":[{"href":"https:\/\/krzewinski.pl\/en\/wp-json\/wp\/v2\/pages\/2957"}],"collection":[{"href":"https:\/\/krzewinski.pl\/en\/wp-json\/wp\/v2\/pages"}],"about":[{"href":"https:\/\/krzewinski.pl\/en\/wp-json\/wp\/v2\/types\/page"}],"author":[{"embeddable":true,"href":"https:\/\/krzewinski.pl\/en\/wp-json\/wp\/v2\/users\/2"}],"replies":[{"embeddable":true,"href":"https:\/\/krzewinski.pl\/en\/wp-json\/wp\/v2\/comments?post=2957"}],"version-history":[{"count":1,"href":"https:\/\/krzewinski.pl\/en\/wp-json\/wp\/v2\/pages\/2957\/revisions"}],"predecessor-version":[{"id":2960,"href":"https:\/\/krzewinski.pl\/en\/wp-json\/wp\/v2\/pages\/2957\/revisions\/2960"}],"up":[{"embeddable":true,"href":"https:\/\/krzewinski.pl\/en\/wp-json\/wp\/v2\/pages\/2462"}],"wp:featuredmedia":[{"embeddable":true,"href":"https:\/\/krzewinski.pl\/en\/wp-json\/wp\/v2\/media\/6675"}],"wp:attachment":[{"href":"https:\/\/krzewinski.pl\/en\/wp-json\/wp\/v2\/media?parent=2957"}],"curies":[{"name":"wp","href":"https:\/\/api.w.org\/{rel}","templated":true}]}}