{"id":3046,"date":"2016-06-06T11:03:46","date_gmt":"2016-06-06T09:03:46","guid":{"rendered":"https:\/\/krzewinski.pl\/en\/?page_id=3046"},"modified":"2016-06-06T11:03:46","modified_gmt":"2016-06-06T09:03:46","slug":"raspberry-seedlings-polana","status":"publish","type":"page","link":"https:\/\/krzewinski.pl\/en\/raspberry-seedlings\/raspberry-seedlings-polana\/","title":{"rendered":"Raspberry seedlings Polana"},"content":{"rendered":"<p><strong>Ripening season:<\/strong>\u00a0medium early<\/p>\n<p><strong>Fertility:\u00a0<\/strong>\u00a0medium large<\/p>\n<p><strong>Shrub growth:\u00a0<\/strong>\u00a0medium strong<\/p>\n<p><strong>Resistance:<\/strong>\u00a0<u>to fungal diseases:<\/u>\u00a0 average<\/p>\n<p><strong>Fruits:<\/strong>\u00a0large, dense, tasty, broadly conical, bright red\u00a0 with gloss. Quite resistant to rotting.<\/p>\n<p><strong>Processing variety. Not suitable for mechanical harvesting.<\/strong><\/p>\n","protected":false},"excerpt":{"rendered":"<p>Ripening season:\u00a0medium early Fertility:\u00a0\u00a0medium large Shrub growth:\u00a0\u00a0medium strong Resistance:\u00a0to fungal diseases:\u00a0 average Fruits:\u00a0large, dense, tasty, broadly conical, bright red\u00a0 with gloss. Quite resistant to rotting. Processing variety. Not suitable for mechanical harvesting.<\/p>\n","protected":false},"author":2,"featured_media":5654,"parent":2438,"menu_order":0,"comment_status":"closed","ping_status":"closed","template":"","meta":[],"acf":[],"yoast_head":"<!-- This site is optimized with the Yoast SEO plugin v19.13 - https:\/\/yoast.com\/wordpress\/plugins\/seo\/ -->\n<title>Raspberry seedlings Polana - Krzewi\u0144ski<\/title>\n<meta name=\"robots\" content=\"index, follow, max-snippet:-1, max-image-preview:large, max-video-preview:-1\" \/>\n<link rel=\"canonical\" href=\"https:\/\/krzewinski.pl\/en\/raspberry-seedlings\/raspberry-seedlings-polana\/\" \/>\n<meta property=\"og:locale\" content=\"en_US\" \/>\n<meta property=\"og:type\" content=\"article\" \/>\n<meta property=\"og:title\" content=\"Raspberry seedlings Polana - Krzewi\u0144ski\" \/>\n<meta property=\"og:description\" content=\"Ripening season:\u00a0medium early Fertility:\u00a0\u00a0medium large Shrub growth:\u00a0\u00a0medium strong Resistance:\u00a0to fungal diseases:\u00a0 average Fruits:\u00a0large, dense, tasty, broadly conical, bright red\u00a0 with gloss. Quite resistant to rotting. Processing variety. Not suitable for mechanical harvesting.\" \/>\n<meta property=\"og:url\" content=\"https:\/\/krzewinski.pl\/en\/raspberry-seedlings\/raspberry-seedlings-polana\/\" \/>\n<meta property=\"og:site_name\" content=\"Krzewi\u0144ski\" \/>\n<meta property=\"article:publisher\" content=\"https:\/\/www.facebook.com\/lgskrzewinski\" \/>\n<meta property=\"og:image\" content=\"https:\/\/krzewinski.pl\/wp-content\/uploads\/2021\/09\/Polana-3m.jpg\" \/>\n\t<meta property=\"og:image:width\" content=\"1024\" \/>\n\t<meta property=\"og:image:height\" content=\"684\" \/>\n\t<meta property=\"og:image:type\" content=\"image\/jpeg\" \/>\n<meta name=\"twitter:card\" content=\"summary_large_image\" \/>\n<script type=\"application\/ld+json\" class=\"yoast-schema-graph\">{\"@context\":\"https:\/\/schema.org\",\"@graph\":[{\"@type\":\"WebPage\",\"@id\":\"https:\/\/krzewinski.pl\/en\/raspberry-seedlings\/raspberry-seedlings-polana\/\",\"url\":\"https:\/\/krzewinski.pl\/en\/raspberry-seedlings\/raspberry-seedlings-polana\/\",\"name\":\"Raspberry seedlings Polana - Krzewi\u0144ski\",\"isPartOf\":{\"@id\":\"https:\/\/krzewinski.pl\/ru\/#website\"},\"datePublished\":\"2016-06-06T09:03:46+00:00\",\"dateModified\":\"2016-06-06T09:03:46+00:00\",\"breadcrumb\":{\"@id\":\"https:\/\/krzewinski.pl\/en\/raspberry-seedlings\/raspberry-seedlings-polana\/#breadcrumb\"},\"inLanguage\":\"en-US\",\"potentialAction\":[{\"@type\":\"ReadAction\",\"target\":[\"https:\/\/krzewinski.pl\/en\/raspberry-seedlings\/raspberry-seedlings-polana\/\"]}]},{\"@type\":\"BreadcrumbList\",\"@id\":\"https:\/\/krzewinski.pl\/en\/raspberry-seedlings\/raspberry-seedlings-polana\/#breadcrumb\",\"itemListElement\":[{\"@type\":\"ListItem\",\"position\":1,\"name\":\"Strona g\u0142\u00f3wna\",\"item\":\"https:\/\/krzewinski.pl\/en\/\"},{\"@type\":\"ListItem\",\"position\":2,\"name\":\"Raspberry seedlings\",\"item\":\"https:\/\/krzewinski.pl\/en\/raspberry-seedlings\/\"},{\"@type\":\"ListItem\",\"position\":3,\"name\":\"Raspberry seedlings Polana\"}]},{\"@type\":\"WebSite\",\"@id\":\"https:\/\/krzewinski.pl\/ru\/#website\",\"url\":\"https:\/\/krzewinski.pl\/ru\/\",\"name\":\"Krzewi\u0144ski\",\"description\":\"Szk\u00f3\u0142ka krzew\u00f3w owocowych\",\"publisher\":{\"@id\":\"https:\/\/krzewinski.pl\/ru\/#organization\"},\"potentialAction\":[{\"@type\":\"SearchAction\",\"target\":{\"@type\":\"EntryPoint\",\"urlTemplate\":\"https:\/\/krzewinski.pl\/ru\/?s={search_term_string}\"},\"query-input\":\"required name=search_term_string\"}],\"inLanguage\":\"en-US\"},{\"@type\":\"Organization\",\"@id\":\"https:\/\/krzewinski.pl\/ru\/#organization\",\"name\":\"Krzewi\u0144ski\",\"url\":\"https:\/\/krzewinski.pl\/ru\/\",\"logo\":{\"@type\":\"ImageObject\",\"inLanguage\":\"en-US\",\"@id\":\"https:\/\/krzewinski.pl\/ru\/#\/schema\/logo\/image\/\",\"url\":\"https:\/\/krzewinski.pl\/wp-content\/uploads\/2015\/10\/logo-www.png\",\"contentUrl\":\"https:\/\/krzewinski.pl\/wp-content\/uploads\/2015\/10\/logo-www.png\",\"width\":263,\"height\":150,\"caption\":\"Krzewi\u0144ski\"},\"image\":{\"@id\":\"https:\/\/krzewinski.pl\/ru\/#\/schema\/logo\/image\/\"},\"sameAs\":[\"https:\/\/www.instagram.com\/lgs.krzewinski\/\",\"https:\/\/www.facebook.com\/lgskrzewinski\"]}]}<\/script>\n<!-- \/ Yoast SEO plugin. -->","yoast_head_json":{"title":"Raspberry seedlings Polana - Krzewi\u0144ski","robots":{"index":"index","follow":"follow","max-snippet":"max-snippet:-1","max-image-preview":"max-image-preview:large","max-video-preview":"max-video-preview:-1"},"canonical":"https:\/\/krzewinski.pl\/en\/raspberry-seedlings\/raspberry-seedlings-polana\/","og_locale":"en_US","og_type":"article","og_title":"Raspberry seedlings Polana - Krzewi\u0144ski","og_description":"Ripening season:\u00a0medium early Fertility:\u00a0\u00a0medium large Shrub growth:\u00a0\u00a0medium strong Resistance:\u00a0to fungal diseases:\u00a0 average Fruits:\u00a0large, dense, tasty, broadly conical, bright red\u00a0 with gloss. Quite resistant to rotting. Processing variety. Not suitable for mechanical harvesting.","og_url":"https:\/\/krzewinski.pl\/en\/raspberry-seedlings\/raspberry-seedlings-polana\/","og_site_name":"Krzewi\u0144ski","article_publisher":"https:\/\/www.facebook.com\/lgskrzewinski","og_image":[{"width":1024,"height":684,"url":"https:\/\/krzewinski.pl\/wp-content\/uploads\/2021\/09\/Polana-3m.jpg","type":"image\/jpeg"}],"twitter_card":"summary_large_image","schema":{"@context":"https:\/\/schema.org","@graph":[{"@type":"WebPage","@id":"https:\/\/krzewinski.pl\/en\/raspberry-seedlings\/raspberry-seedlings-polana\/","url":"https:\/\/krzewinski.pl\/en\/raspberry-seedlings\/raspberry-seedlings-polana\/","name":"Raspberry seedlings Polana - Krzewi\u0144ski","isPartOf":{"@id":"https:\/\/krzewinski.pl\/ru\/#website"},"datePublished":"2016-06-06T09:03:46+00:00","dateModified":"2016-06-06T09:03:46+00:00","breadcrumb":{"@id":"https:\/\/krzewinski.pl\/en\/raspberry-seedlings\/raspberry-seedlings-polana\/#breadcrumb"},"inLanguage":"en-US","potentialAction":[{"@type":"ReadAction","target":["https:\/\/krzewinski.pl\/en\/raspberry-seedlings\/raspberry-seedlings-polana\/"]}]},{"@type":"BreadcrumbList","@id":"https:\/\/krzewinski.pl\/en\/raspberry-seedlings\/raspberry-seedlings-polana\/#breadcrumb","itemListElement":[{"@type":"ListItem","position":1,"name":"Strona g\u0142\u00f3wna","item":"https:\/\/krzewinski.pl\/en\/"},{"@type":"ListItem","position":2,"name":"Raspberry seedlings","item":"https:\/\/krzewinski.pl\/en\/raspberry-seedlings\/"},{"@type":"ListItem","position":3,"name":"Raspberry seedlings Polana"}]},{"@type":"WebSite","@id":"https:\/\/krzewinski.pl\/ru\/#website","url":"https:\/\/krzewinski.pl\/ru\/","name":"Krzewi\u0144ski","description":"Szk\u00f3\u0142ka krzew\u00f3w owocowych","publisher":{"@id":"https:\/\/krzewinski.pl\/ru\/#organization"},"potentialAction":[{"@type":"SearchAction","target":{"@type":"EntryPoint","urlTemplate":"https:\/\/krzewinski.pl\/ru\/?s={search_term_string}"},"query-input":"required name=search_term_string"}],"inLanguage":"en-US"},{"@type":"Organization","@id":"https:\/\/krzewinski.pl\/ru\/#organization","name":"Krzewi\u0144ski","url":"https:\/\/krzewinski.pl\/ru\/","logo":{"@type":"ImageObject","inLanguage":"en-US","@id":"https:\/\/krzewinski.pl\/ru\/#\/schema\/logo\/image\/","url":"https:\/\/krzewinski.pl\/wp-content\/uploads\/2015\/10\/logo-www.png","contentUrl":"https:\/\/krzewinski.pl\/wp-content\/uploads\/2015\/10\/logo-www.png","width":263,"height":150,"caption":"Krzewi\u0144ski"},"image":{"@id":"https:\/\/krzewinski.pl\/ru\/#\/schema\/logo\/image\/"},"sameAs":["https:\/\/www.instagram.com\/lgs.krzewinski\/","https:\/\/www.facebook.com\/lgskrzewinski"]}]}},"_links":{"self":[{"href":"https:\/\/krzewinski.pl\/en\/wp-json\/wp\/v2\/pages\/3046"}],"collection":[{"href":"https:\/\/krzewinski.pl\/en\/wp-json\/wp\/v2\/pages"}],"about":[{"href":"https:\/\/krzewinski.pl\/en\/wp-json\/wp\/v2\/types\/page"}],"author":[{"embeddable":true,"href":"https:\/\/krzewinski.pl\/en\/wp-json\/wp\/v2\/users\/2"}],"replies":[{"embeddable":true,"href":"https:\/\/krzewinski.pl\/en\/wp-json\/wp\/v2\/comments?post=3046"}],"version-history":[{"count":1,"href":"https:\/\/krzewinski.pl\/en\/wp-json\/wp\/v2\/pages\/3046\/revisions"}],"predecessor-version":[{"id":3047,"href":"https:\/\/krzewinski.pl\/en\/wp-json\/wp\/v2\/pages\/3046\/revisions\/3047"}],"up":[{"embeddable":true,"href":"https:\/\/krzewinski.pl\/en\/wp-json\/wp\/v2\/pages\/2438"}],"wp:featuredmedia":[{"embeddable":true,"href":"https:\/\/krzewinski.pl\/en\/wp-json\/wp\/v2\/media\/5654"}],"wp:attachment":[{"href":"https:\/\/krzewinski.pl\/en\/wp-json\/wp\/v2\/media?parent=3046"}],"curies":[{"name":"wp","href":"https:\/\/api.w.org\/{rel}","templated":true}]}}