{"id":3124,"date":"2016-06-06T17:50:44","date_gmt":"2016-06-06T15:50:44","guid":{"rendered":"https:\/\/krzewinski.pl\/en\/?page_id=3124"},"modified":"2016-06-06T17:50:44","modified_gmt":"2016-06-06T15:50:44","slug":"redcurrant-seedlings-detvan","status":"publish","type":"page","link":"https:\/\/krzewinski.pl\/en\/currant-seedlings\/redcurrant-seedlings\/redcurrant-seedlings-detvan\/","title":{"rendered":"Redcurrant seedlings Detvan"},"content":{"rendered":"<p><strong>Ripening season:<\/strong>\u00a0average<\/p>\n<p><strong>Fertility<\/strong>: high<\/p>\n<p><strong>Shrub structure:<\/strong>\u00a0medium compact<strong>; growth:<\/strong>\u00a0strong<\/p>\n<p><strong>Resistance:<\/strong>\u00a0<u>to <\/u><u>diseases<\/u>: high;\u00a0<u>to frost<\/u>: high<\/p>\n<p><strong>Fruits:<\/strong>\u00a0very big. Long clusters.<\/p>\n<p><strong>Processing or dessert variety.\u00a0<\/strong><strong>Suitable for mechanical harvesting.<\/strong><\/p>\n","protected":false},"excerpt":{"rendered":"<p>Ripening season:\u00a0average Fertility: high Shrub structure:\u00a0medium compact; growth:\u00a0strong Resistance:\u00a0to diseases: high;\u00a0to frost: high Fruits:\u00a0very big. Long clusters. Processing or dessert variety.\u00a0Suitable for mechanical harvesting.<\/p>\n","protected":false},"author":2,"featured_media":0,"parent":2483,"menu_order":0,"comment_status":"closed","ping_status":"closed","template":"","meta":[],"acf":[],"yoast_head":"<!-- This site is optimized with the Yoast SEO plugin v19.13 - https:\/\/yoast.com\/wordpress\/plugins\/seo\/ -->\n<title>Redcurrant seedlings Detvan - Krzewi\u0144ski<\/title>\n<meta name=\"robots\" content=\"index, follow, max-snippet:-1, max-image-preview:large, max-video-preview:-1\" \/>\n<link rel=\"canonical\" href=\"https:\/\/krzewinski.pl\/en\/currant-seedlings\/redcurrant-seedlings\/redcurrant-seedlings-detvan\/\" \/>\n<meta property=\"og:locale\" content=\"en_US\" \/>\n<meta property=\"og:type\" content=\"article\" \/>\n<meta property=\"og:title\" content=\"Redcurrant seedlings Detvan - Krzewi\u0144ski\" \/>\n<meta property=\"og:description\" content=\"Ripening season:\u00a0average Fertility: high Shrub structure:\u00a0medium compact; growth:\u00a0strong Resistance:\u00a0to diseases: high;\u00a0to frost: high Fruits:\u00a0very big. Long clusters. Processing or dessert variety.\u00a0Suitable for mechanical harvesting.\" \/>\n<meta property=\"og:url\" content=\"https:\/\/krzewinski.pl\/en\/currant-seedlings\/redcurrant-seedlings\/redcurrant-seedlings-detvan\/\" \/>\n<meta property=\"og:site_name\" content=\"Krzewi\u0144ski\" \/>\n<meta property=\"article:publisher\" content=\"https:\/\/www.facebook.com\/lgskrzewinski\" \/>\n<meta name=\"twitter:card\" content=\"summary_large_image\" \/>\n<script type=\"application\/ld+json\" class=\"yoast-schema-graph\">{\"@context\":\"https:\/\/schema.org\",\"@graph\":[{\"@type\":\"WebPage\",\"@id\":\"https:\/\/krzewinski.pl\/en\/currant-seedlings\/redcurrant-seedlings\/redcurrant-seedlings-detvan\/\",\"url\":\"https:\/\/krzewinski.pl\/en\/currant-seedlings\/redcurrant-seedlings\/redcurrant-seedlings-detvan\/\",\"name\":\"Redcurrant seedlings Detvan - Krzewi\u0144ski\",\"isPartOf\":{\"@id\":\"https:\/\/krzewinski.pl\/ru\/#website\"},\"datePublished\":\"2016-06-06T15:50:44+00:00\",\"dateModified\":\"2016-06-06T15:50:44+00:00\",\"breadcrumb\":{\"@id\":\"https:\/\/krzewinski.pl\/en\/currant-seedlings\/redcurrant-seedlings\/redcurrant-seedlings-detvan\/#breadcrumb\"},\"inLanguage\":\"en-US\",\"potentialAction\":[{\"@type\":\"ReadAction\",\"target\":[\"https:\/\/krzewinski.pl\/en\/currant-seedlings\/redcurrant-seedlings\/redcurrant-seedlings-detvan\/\"]}]},{\"@type\":\"BreadcrumbList\",\"@id\":\"https:\/\/krzewinski.pl\/en\/currant-seedlings\/redcurrant-seedlings\/redcurrant-seedlings-detvan\/#breadcrumb\",\"itemListElement\":[{\"@type\":\"ListItem\",\"position\":1,\"name\":\"Strona g\u0142\u00f3wna\",\"item\":\"https:\/\/krzewinski.pl\/en\/\"},{\"@type\":\"ListItem\",\"position\":2,\"name\":\"Currant seedlings\",\"item\":\"https:\/\/krzewinski.pl\/en\/currant-seedlings\/\"},{\"@type\":\"ListItem\",\"position\":3,\"name\":\"Redcurrant seedlings\",\"item\":\"https:\/\/krzewinski.pl\/en\/currant-seedlings\/redcurrant-seedlings\/\"},{\"@type\":\"ListItem\",\"position\":4,\"name\":\"Redcurrant seedlings Detvan\"}]},{\"@type\":\"WebSite\",\"@id\":\"https:\/\/krzewinski.pl\/ru\/#website\",\"url\":\"https:\/\/krzewinski.pl\/ru\/\",\"name\":\"Krzewi\u0144ski\",\"description\":\"Szk\u00f3\u0142ka krzew\u00f3w owocowych\",\"publisher\":{\"@id\":\"https:\/\/krzewinski.pl\/ru\/#organization\"},\"potentialAction\":[{\"@type\":\"SearchAction\",\"target\":{\"@type\":\"EntryPoint\",\"urlTemplate\":\"https:\/\/krzewinski.pl\/ru\/?s={search_term_string}\"},\"query-input\":\"required name=search_term_string\"}],\"inLanguage\":\"en-US\"},{\"@type\":\"Organization\",\"@id\":\"https:\/\/krzewinski.pl\/ru\/#organization\",\"name\":\"Krzewi\u0144ski\",\"url\":\"https:\/\/krzewinski.pl\/ru\/\",\"logo\":{\"@type\":\"ImageObject\",\"inLanguage\":\"en-US\",\"@id\":\"https:\/\/krzewinski.pl\/ru\/#\/schema\/logo\/image\/\",\"url\":\"https:\/\/krzewinski.pl\/wp-content\/uploads\/2015\/10\/logo-www.png\",\"contentUrl\":\"https:\/\/krzewinski.pl\/wp-content\/uploads\/2015\/10\/logo-www.png\",\"width\":263,\"height\":150,\"caption\":\"Krzewi\u0144ski\"},\"image\":{\"@id\":\"https:\/\/krzewinski.pl\/ru\/#\/schema\/logo\/image\/\"},\"sameAs\":[\"https:\/\/www.instagram.com\/lgs.krzewinski\/\",\"https:\/\/www.facebook.com\/lgskrzewinski\"]}]}<\/script>\n<!-- \/ Yoast SEO plugin. -->","yoast_head_json":{"title":"Redcurrant seedlings Detvan - Krzewi\u0144ski","robots":{"index":"index","follow":"follow","max-snippet":"max-snippet:-1","max-image-preview":"max-image-preview:large","max-video-preview":"max-video-preview:-1"},"canonical":"https:\/\/krzewinski.pl\/en\/currant-seedlings\/redcurrant-seedlings\/redcurrant-seedlings-detvan\/","og_locale":"en_US","og_type":"article","og_title":"Redcurrant seedlings Detvan - Krzewi\u0144ski","og_description":"Ripening season:\u00a0average Fertility: high Shrub structure:\u00a0medium compact; growth:\u00a0strong Resistance:\u00a0to diseases: high;\u00a0to frost: high Fruits:\u00a0very big. Long clusters. Processing or dessert variety.\u00a0Suitable for mechanical harvesting.","og_url":"https:\/\/krzewinski.pl\/en\/currant-seedlings\/redcurrant-seedlings\/redcurrant-seedlings-detvan\/","og_site_name":"Krzewi\u0144ski","article_publisher":"https:\/\/www.facebook.com\/lgskrzewinski","twitter_card":"summary_large_image","schema":{"@context":"https:\/\/schema.org","@graph":[{"@type":"WebPage","@id":"https:\/\/krzewinski.pl\/en\/currant-seedlings\/redcurrant-seedlings\/redcurrant-seedlings-detvan\/","url":"https:\/\/krzewinski.pl\/en\/currant-seedlings\/redcurrant-seedlings\/redcurrant-seedlings-detvan\/","name":"Redcurrant seedlings Detvan - Krzewi\u0144ski","isPartOf":{"@id":"https:\/\/krzewinski.pl\/ru\/#website"},"datePublished":"2016-06-06T15:50:44+00:00","dateModified":"2016-06-06T15:50:44+00:00","breadcrumb":{"@id":"https:\/\/krzewinski.pl\/en\/currant-seedlings\/redcurrant-seedlings\/redcurrant-seedlings-detvan\/#breadcrumb"},"inLanguage":"en-US","potentialAction":[{"@type":"ReadAction","target":["https:\/\/krzewinski.pl\/en\/currant-seedlings\/redcurrant-seedlings\/redcurrant-seedlings-detvan\/"]}]},{"@type":"BreadcrumbList","@id":"https:\/\/krzewinski.pl\/en\/currant-seedlings\/redcurrant-seedlings\/redcurrant-seedlings-detvan\/#breadcrumb","itemListElement":[{"@type":"ListItem","position":1,"name":"Strona g\u0142\u00f3wna","item":"https:\/\/krzewinski.pl\/en\/"},{"@type":"ListItem","position":2,"name":"Currant seedlings","item":"https:\/\/krzewinski.pl\/en\/currant-seedlings\/"},{"@type":"ListItem","position":3,"name":"Redcurrant seedlings","item":"https:\/\/krzewinski.pl\/en\/currant-seedlings\/redcurrant-seedlings\/"},{"@type":"ListItem","position":4,"name":"Redcurrant seedlings Detvan"}]},{"@type":"WebSite","@id":"https:\/\/krzewinski.pl\/ru\/#website","url":"https:\/\/krzewinski.pl\/ru\/","name":"Krzewi\u0144ski","description":"Szk\u00f3\u0142ka krzew\u00f3w owocowych","publisher":{"@id":"https:\/\/krzewinski.pl\/ru\/#organization"},"potentialAction":[{"@type":"SearchAction","target":{"@type":"EntryPoint","urlTemplate":"https:\/\/krzewinski.pl\/ru\/?s={search_term_string}"},"query-input":"required name=search_term_string"}],"inLanguage":"en-US"},{"@type":"Organization","@id":"https:\/\/krzewinski.pl\/ru\/#organization","name":"Krzewi\u0144ski","url":"https:\/\/krzewinski.pl\/ru\/","logo":{"@type":"ImageObject","inLanguage":"en-US","@id":"https:\/\/krzewinski.pl\/ru\/#\/schema\/logo\/image\/","url":"https:\/\/krzewinski.pl\/wp-content\/uploads\/2015\/10\/logo-www.png","contentUrl":"https:\/\/krzewinski.pl\/wp-content\/uploads\/2015\/10\/logo-www.png","width":263,"height":150,"caption":"Krzewi\u0144ski"},"image":{"@id":"https:\/\/krzewinski.pl\/ru\/#\/schema\/logo\/image\/"},"sameAs":["https:\/\/www.instagram.com\/lgs.krzewinski\/","https:\/\/www.facebook.com\/lgskrzewinski"]}]}},"_links":{"self":[{"href":"https:\/\/krzewinski.pl\/en\/wp-json\/wp\/v2\/pages\/3124"}],"collection":[{"href":"https:\/\/krzewinski.pl\/en\/wp-json\/wp\/v2\/pages"}],"about":[{"href":"https:\/\/krzewinski.pl\/en\/wp-json\/wp\/v2\/types\/page"}],"author":[{"embeddable":true,"href":"https:\/\/krzewinski.pl\/en\/wp-json\/wp\/v2\/users\/2"}],"replies":[{"embeddable":true,"href":"https:\/\/krzewinski.pl\/en\/wp-json\/wp\/v2\/comments?post=3124"}],"version-history":[{"count":1,"href":"https:\/\/krzewinski.pl\/en\/wp-json\/wp\/v2\/pages\/3124\/revisions"}],"predecessor-version":[{"id":3125,"href":"https:\/\/krzewinski.pl\/en\/wp-json\/wp\/v2\/pages\/3124\/revisions\/3125"}],"up":[{"embeddable":true,"href":"https:\/\/krzewinski.pl\/en\/wp-json\/wp\/v2\/pages\/2483"}],"wp:attachment":[{"href":"https:\/\/krzewinski.pl\/en\/wp-json\/wp\/v2\/media?parent=3124"}],"curies":[{"name":"wp","href":"https:\/\/api.w.org\/{rel}","templated":true}]}}