{"id":3917,"date":"2018-02-11T19:36:47","date_gmt":"2018-02-11T18:36:47","guid":{"rendered":"https:\/\/krzewinski.pl\/en\/?page_id=3917"},"modified":"2018-02-13T18:18:08","modified_gmt":"2018-02-13T17:18:08","slug":"raspberry-seedlings-delniwa","status":"publish","type":"page","link":"https:\/\/krzewinski.pl\/en\/raspberry-seedlings\/raspberry-seedlings-delniwa\/","title":{"rendered":"Raspberry seedlings Delniwa\u00ae"},"content":{"rendered":"<p><strong><a href=\"https:\/\/krzewinski.pl\/wp-content\/uploads\/2017\/05\/delniwa-znak-wodny.jpg\" rel=\"attachment wp-att-3678\"><img decoding=\"async\" loading=\"lazy\" class=\"wp-image-3678 aligncenter\" src=\"https:\/\/krzewinski.pl\/wp-content\/uploads\/2017\/05\/delniwa-znak-wodny-1024x678.jpg\" alt=\"delniwa +znak wodny\" width=\"712\" height=\"471\" srcset=\"https:\/\/krzewinski.pl\/wp-content\/uploads\/2017\/05\/delniwa-znak-wodny-1024x678.jpg 1024w, https:\/\/krzewinski.pl\/wp-content\/uploads\/2017\/05\/delniwa-znak-wodny-600x397.jpg 600w, https:\/\/krzewinski.pl\/wp-content\/uploads\/2017\/05\/delniwa-znak-wodny-300x199.jpg 300w, https:\/\/krzewinski.pl\/wp-content\/uploads\/2017\/05\/delniwa-znak-wodny-768x509.jpg 768w, https:\/\/krzewinski.pl\/wp-content\/uploads\/2017\/05\/delniwa-znak-wodny.jpg 1232w\" sizes=\"(max-width: 712px) 100vw, 712px\" \/><\/a><\/strong><\/p>\n<p><strong>Ripening season:<\/strong>\u00a0early<\/p>\n<p><strong>Fertility:\u00a0<\/strong><strong>very<\/strong>\u00a0high<\/p>\n<p><strong>Shrub growth:\u00a0<\/strong>\u00a0average<\/p>\n<p><strong>Resistance to diseases:<\/strong>\u00a0high<\/p>\n<p><a href=\"https:\/\/krzewinski.pl\/wp-content\/uploads\/2017\/05\/Delniwa-kwadrat.jpg\" rel=\"attachment wp-att-3867\"><img decoding=\"async\" loading=\"lazy\" class=\"wp-image-3867 alignnone\" src=\"https:\/\/krzewinski.pl\/wp-content\/uploads\/2017\/05\/Delniwa-kwadrat.jpg\" alt=\"Delniwa-kwadrat\" width=\"312\" height=\"312\" srcset=\"https:\/\/krzewinski.pl\/wp-content\/uploads\/2017\/05\/Delniwa-kwadrat.jpg 500w, https:\/\/krzewinski.pl\/wp-content\/uploads\/2017\/05\/Delniwa-kwadrat-300x300.jpg 300w, https:\/\/krzewinski.pl\/wp-content\/uploads\/2017\/05\/Delniwa-kwadrat-100x100.jpg 100w, https:\/\/krzewinski.pl\/wp-content\/uploads\/2017\/05\/Delniwa-kwadrat-150x150.jpg 150w\" sizes=\"(max-width: 312px) 100vw, 312px\" \/><\/a><\/p>\n<p><strong>Fruits:<\/strong>\u00a0medium and big, conical, bright red with shine. Do not get dark after harvesting. Very tasty.<\/p>\n<p><strong>Dessert or processing variety. Suitability for mechanical harvesting not checked.<\/strong><\/p>\n","protected":false},"excerpt":{"rendered":"<p>Ripening season:\u00a0early Fertility:\u00a0very\u00a0high Shrub growth:\u00a0\u00a0average Resistance to diseases:\u00a0high Fruits:\u00a0medium and big, conical, bright red with shine. Do not get dark after harvesting. Very tasty. Dessert or processing variety. Suitability for mechanical harvesting not checked.<\/p>\n","protected":false},"author":2,"featured_media":0,"parent":2438,"menu_order":0,"comment_status":"closed","ping_status":"closed","template":"","meta":[],"acf":[],"yoast_head":"<!-- This site is optimized with the Yoast SEO plugin v19.13 - https:\/\/yoast.com\/wordpress\/plugins\/seo\/ -->\n<title>Raspberry seedlings Delniwa\u00ae - Krzewi\u0144ski<\/title>\n<meta name=\"robots\" content=\"index, follow, max-snippet:-1, max-image-preview:large, max-video-preview:-1\" \/>\n<link rel=\"canonical\" href=\"https:\/\/krzewinski.pl\/en\/raspberry-seedlings\/raspberry-seedlings-delniwa\/\" \/>\n<meta property=\"og:locale\" content=\"en_US\" \/>\n<meta property=\"og:type\" content=\"article\" \/>\n<meta property=\"og:title\" content=\"Raspberry seedlings Delniwa\u00ae - Krzewi\u0144ski\" \/>\n<meta property=\"og:description\" content=\"Ripening season:\u00a0early Fertility:\u00a0very\u00a0high Shrub growth:\u00a0\u00a0average Resistance to diseases:\u00a0high Fruits:\u00a0medium and big, conical, bright red with shine. Do not get dark after harvesting. Very tasty. Dessert or processing variety. Suitability for mechanical harvesting not checked.\" \/>\n<meta property=\"og:url\" content=\"https:\/\/krzewinski.pl\/en\/raspberry-seedlings\/raspberry-seedlings-delniwa\/\" \/>\n<meta property=\"og:site_name\" content=\"Krzewi\u0144ski\" \/>\n<meta property=\"article:publisher\" content=\"https:\/\/www.facebook.com\/lgskrzewinski\" \/>\n<meta property=\"article:modified_time\" content=\"2018-02-13T17:18:08+00:00\" \/>\n<meta property=\"og:image\" content=\"https:\/\/krzewinski.pl\/wp-content\/uploads\/2017\/05\/delniwa-znak-wodny-1024x678.jpg\" \/>\n<meta name=\"twitter:card\" content=\"summary_large_image\" \/>\n<script type=\"application\/ld+json\" class=\"yoast-schema-graph\">{\"@context\":\"https:\/\/schema.org\",\"@graph\":[{\"@type\":\"WebPage\",\"@id\":\"https:\/\/krzewinski.pl\/en\/raspberry-seedlings\/raspberry-seedlings-delniwa\/\",\"url\":\"https:\/\/krzewinski.pl\/en\/raspberry-seedlings\/raspberry-seedlings-delniwa\/\",\"name\":\"Raspberry seedlings Delniwa\u00ae - Krzewi\u0144ski\",\"isPartOf\":{\"@id\":\"https:\/\/krzewinski.pl\/ru\/#website\"},\"datePublished\":\"2018-02-11T18:36:47+00:00\",\"dateModified\":\"2018-02-13T17:18:08+00:00\",\"breadcrumb\":{\"@id\":\"https:\/\/krzewinski.pl\/en\/raspberry-seedlings\/raspberry-seedlings-delniwa\/#breadcrumb\"},\"inLanguage\":\"en-US\",\"potentialAction\":[{\"@type\":\"ReadAction\",\"target\":[\"https:\/\/krzewinski.pl\/en\/raspberry-seedlings\/raspberry-seedlings-delniwa\/\"]}]},{\"@type\":\"BreadcrumbList\",\"@id\":\"https:\/\/krzewinski.pl\/en\/raspberry-seedlings\/raspberry-seedlings-delniwa\/#breadcrumb\",\"itemListElement\":[{\"@type\":\"ListItem\",\"position\":1,\"name\":\"Strona g\u0142\u00f3wna\",\"item\":\"https:\/\/krzewinski.pl\/en\/\"},{\"@type\":\"ListItem\",\"position\":2,\"name\":\"Raspberry seedlings\",\"item\":\"https:\/\/krzewinski.pl\/en\/raspberry-seedlings\/\"},{\"@type\":\"ListItem\",\"position\":3,\"name\":\"Raspberry seedlings Delniwa\u00ae\"}]},{\"@type\":\"WebSite\",\"@id\":\"https:\/\/krzewinski.pl\/ru\/#website\",\"url\":\"https:\/\/krzewinski.pl\/ru\/\",\"name\":\"Krzewi\u0144ski\",\"description\":\"Szk\u00f3\u0142ka krzew\u00f3w owocowych\",\"publisher\":{\"@id\":\"https:\/\/krzewinski.pl\/ru\/#organization\"},\"potentialAction\":[{\"@type\":\"SearchAction\",\"target\":{\"@type\":\"EntryPoint\",\"urlTemplate\":\"https:\/\/krzewinski.pl\/ru\/?s={search_term_string}\"},\"query-input\":\"required name=search_term_string\"}],\"inLanguage\":\"en-US\"},{\"@type\":\"Organization\",\"@id\":\"https:\/\/krzewinski.pl\/ru\/#organization\",\"name\":\"Krzewi\u0144ski\",\"url\":\"https:\/\/krzewinski.pl\/ru\/\",\"logo\":{\"@type\":\"ImageObject\",\"inLanguage\":\"en-US\",\"@id\":\"https:\/\/krzewinski.pl\/ru\/#\/schema\/logo\/image\/\",\"url\":\"https:\/\/krzewinski.pl\/wp-content\/uploads\/2015\/10\/logo-www.png\",\"contentUrl\":\"https:\/\/krzewinski.pl\/wp-content\/uploads\/2015\/10\/logo-www.png\",\"width\":263,\"height\":150,\"caption\":\"Krzewi\u0144ski\"},\"image\":{\"@id\":\"https:\/\/krzewinski.pl\/ru\/#\/schema\/logo\/image\/\"},\"sameAs\":[\"https:\/\/www.instagram.com\/lgs.krzewinski\/\",\"https:\/\/www.facebook.com\/lgskrzewinski\"]}]}<\/script>\n<!-- \/ Yoast SEO plugin. -->","yoast_head_json":{"title":"Raspberry seedlings Delniwa\u00ae - Krzewi\u0144ski","robots":{"index":"index","follow":"follow","max-snippet":"max-snippet:-1","max-image-preview":"max-image-preview:large","max-video-preview":"max-video-preview:-1"},"canonical":"https:\/\/krzewinski.pl\/en\/raspberry-seedlings\/raspberry-seedlings-delniwa\/","og_locale":"en_US","og_type":"article","og_title":"Raspberry seedlings Delniwa\u00ae - Krzewi\u0144ski","og_description":"Ripening season:\u00a0early Fertility:\u00a0very\u00a0high Shrub growth:\u00a0\u00a0average Resistance to diseases:\u00a0high Fruits:\u00a0medium and big, conical, bright red with shine. Do not get dark after harvesting. Very tasty. Dessert or processing variety. Suitability for mechanical harvesting not checked.","og_url":"https:\/\/krzewinski.pl\/en\/raspberry-seedlings\/raspberry-seedlings-delniwa\/","og_site_name":"Krzewi\u0144ski","article_publisher":"https:\/\/www.facebook.com\/lgskrzewinski","article_modified_time":"2018-02-13T17:18:08+00:00","og_image":[{"url":"https:\/\/krzewinski.pl\/wp-content\/uploads\/2017\/05\/delniwa-znak-wodny-1024x678.jpg"}],"twitter_card":"summary_large_image","schema":{"@context":"https:\/\/schema.org","@graph":[{"@type":"WebPage","@id":"https:\/\/krzewinski.pl\/en\/raspberry-seedlings\/raspberry-seedlings-delniwa\/","url":"https:\/\/krzewinski.pl\/en\/raspberry-seedlings\/raspberry-seedlings-delniwa\/","name":"Raspberry seedlings Delniwa\u00ae - Krzewi\u0144ski","isPartOf":{"@id":"https:\/\/krzewinski.pl\/ru\/#website"},"datePublished":"2018-02-11T18:36:47+00:00","dateModified":"2018-02-13T17:18:08+00:00","breadcrumb":{"@id":"https:\/\/krzewinski.pl\/en\/raspberry-seedlings\/raspberry-seedlings-delniwa\/#breadcrumb"},"inLanguage":"en-US","potentialAction":[{"@type":"ReadAction","target":["https:\/\/krzewinski.pl\/en\/raspberry-seedlings\/raspberry-seedlings-delniwa\/"]}]},{"@type":"BreadcrumbList","@id":"https:\/\/krzewinski.pl\/en\/raspberry-seedlings\/raspberry-seedlings-delniwa\/#breadcrumb","itemListElement":[{"@type":"ListItem","position":1,"name":"Strona g\u0142\u00f3wna","item":"https:\/\/krzewinski.pl\/en\/"},{"@type":"ListItem","position":2,"name":"Raspberry seedlings","item":"https:\/\/krzewinski.pl\/en\/raspberry-seedlings\/"},{"@type":"ListItem","position":3,"name":"Raspberry seedlings Delniwa\u00ae"}]},{"@type":"WebSite","@id":"https:\/\/krzewinski.pl\/ru\/#website","url":"https:\/\/krzewinski.pl\/ru\/","name":"Krzewi\u0144ski","description":"Szk\u00f3\u0142ka krzew\u00f3w owocowych","publisher":{"@id":"https:\/\/krzewinski.pl\/ru\/#organization"},"potentialAction":[{"@type":"SearchAction","target":{"@type":"EntryPoint","urlTemplate":"https:\/\/krzewinski.pl\/ru\/?s={search_term_string}"},"query-input":"required name=search_term_string"}],"inLanguage":"en-US"},{"@type":"Organization","@id":"https:\/\/krzewinski.pl\/ru\/#organization","name":"Krzewi\u0144ski","url":"https:\/\/krzewinski.pl\/ru\/","logo":{"@type":"ImageObject","inLanguage":"en-US","@id":"https:\/\/krzewinski.pl\/ru\/#\/schema\/logo\/image\/","url":"https:\/\/krzewinski.pl\/wp-content\/uploads\/2015\/10\/logo-www.png","contentUrl":"https:\/\/krzewinski.pl\/wp-content\/uploads\/2015\/10\/logo-www.png","width":263,"height":150,"caption":"Krzewi\u0144ski"},"image":{"@id":"https:\/\/krzewinski.pl\/ru\/#\/schema\/logo\/image\/"},"sameAs":["https:\/\/www.instagram.com\/lgs.krzewinski\/","https:\/\/www.facebook.com\/lgskrzewinski"]}]}},"_links":{"self":[{"href":"https:\/\/krzewinski.pl\/en\/wp-json\/wp\/v2\/pages\/3917"}],"collection":[{"href":"https:\/\/krzewinski.pl\/en\/wp-json\/wp\/v2\/pages"}],"about":[{"href":"https:\/\/krzewinski.pl\/en\/wp-json\/wp\/v2\/types\/page"}],"author":[{"embeddable":true,"href":"https:\/\/krzewinski.pl\/en\/wp-json\/wp\/v2\/users\/2"}],"replies":[{"embeddable":true,"href":"https:\/\/krzewinski.pl\/en\/wp-json\/wp\/v2\/comments?post=3917"}],"version-history":[{"count":3,"href":"https:\/\/krzewinski.pl\/en\/wp-json\/wp\/v2\/pages\/3917\/revisions"}],"predecessor-version":[{"id":3921,"href":"https:\/\/krzewinski.pl\/en\/wp-json\/wp\/v2\/pages\/3917\/revisions\/3921"}],"up":[{"embeddable":true,"href":"https:\/\/krzewinski.pl\/en\/wp-json\/wp\/v2\/pages\/2438"}],"wp:attachment":[{"href":"https:\/\/krzewinski.pl\/en\/wp-json\/wp\/v2\/media?parent=3917"}],"curies":[{"name":"wp","href":"https:\/\/api.w.org\/{rel}","templated":true}]}}