{"id":2407,"date":"2015-10-30T10:33:39","date_gmt":"2015-10-30T09:33:39","guid":{"rendered":"https:\/\/krzewinski.pl\/ru\/cennik\/"},"modified":"2016-11-07T16:59:19","modified_gmt":"2016-11-07T15:59:19","slug":"%d1%86%d0%b5%d0%bd%d0%bd%d0%b8%d0%ba","status":"publish","type":"page","link":"https:\/\/krzewinski.pl\/ru\/%d1%86%d0%b5%d0%bd%d0%bd%d0%b8%d0%ba\/","title":{"rendered":"\u0426\u0435\u043d\u043d\u0438\u043a"},"content":{"rendered":"<p><strong> \u0427\u0442\u043e\u0431\u044b \u0443\u0432\u0438\u0434\u0435\u0442\u044c \u0446\u0435\u043d\u0443, \u043a\u043e\u0442\u043e\u0440\u0430\u044f \u0432\u0430\u0441 \u0438\u043d\u0442\u0435\u0440\u0435\u0441\u0443\u0435\u0442, \u0441\u0442\u043e\u0438\u0442 \u0432\u044b\u0431\u0440\u0430\u0442\u044c \u043e\u0434\u0438\u043d \u0438\u0437 \u0437\u0430\u0433\u043e\u043b\u043e\u0432\u043a\u043e\u0432:<\/strong><\/p>\n<p><strong><a href=\"https:\/\/krzewinski.pl\/wp-content\/uploads\/2016\/11\/cennik_ru.pdf\" target=\"_blank\">\u041e\u041f\u0422\u041e\u0412\u042b\u0415 \u0426\u0415\u041d\u042b<\/a><\/strong> &#8211; \u043f\u0440\u0438 \u043f\u043e\u043a\u0443\u043f\u043a\u0430\u0445 \u0432\u044b\u0448\u0435 200z\u0142<br \/>\n<strong><a href=\"https:\/\/krzewinski.pl\/wp-content\/uploads\/2016\/11\/cennik_ru.pdf\" target=\"_blank\">\u0420\u041e\u0417\u041d\u0418\u0427\u041d\u042b\u0415 \u0426\u0415\u041d\u042b<\/a><\/strong> &#8211; \u043f\u0440\u0438 \u043f\u043e\u043a\u0443\u043f\u043a\u0430\u0445 \u0432\u044b\u0448\u0435 200z\u0142<\/p>\n<p>\u0426\u0435\u043d\u044b \u043c\u043e\u0433\u0443\u0442 \u043c\u0435\u043d\u044f\u0442\u044c\u0441\u044f \u0432 \u0441\u0435\u0437\u043e\u043d\u0435.<\/p>\n","protected":false},"excerpt":{"rendered":"<p>\u0427\u0442\u043e\u0431\u044b \u0443\u0432\u0438\u0434\u0435\u0442\u044c \u0446\u0435\u043d\u0443, \u043a\u043e\u0442\u043e\u0440\u0430\u044f \u0432\u0430\u0441 \u0438\u043d\u0442\u0435\u0440\u0435\u0441\u0443\u0435\u0442, \u0441\u0442\u043e\u0438\u0442 \u0432\u044b\u0431\u0440\u0430\u0442\u044c \u043e\u0434\u0438\u043d \u0438\u0437 \u0437\u0430\u0433\u043e\u043b\u043e\u0432\u043a\u043e\u0432: \u041e\u041f\u0422\u041e\u0412\u042b\u0415 \u0426\u0415\u041d\u042b &#8211; \u043f\u0440\u0438 \u043f\u043e\u043a\u0443\u043f\u043a\u0430\u0445 \u0432\u044b\u0448\u0435 200z\u0142 \u0420\u041e\u0417\u041d\u0418\u0427\u041d\u042b\u0415 \u0426\u0415\u041d\u042b &#8211; \u043f\u0440\u0438 \u043f\u043e\u043a\u0443\u043f\u043a\u0430\u0445 \u0432\u044b\u0448\u0435 200z\u0142 \u0426\u0435\u043d\u044b \u043c\u043e\u0433\u0443\u0442 \u043c\u0435\u043d\u044f\u0442\u044c\u0441\u044f \u0432 \u0441\u0435\u0437\u043e\u043d\u0435.<\/p>\n","protected":false},"author":1,"featured_media":0,"parent":0,"menu_order":0,"comment_status":"closed","ping_status":"closed","template":"","meta":[],"acf":[],"yoast_head":"<!-- This site is optimized with the Yoast SEO plugin v19.13 - https:\/\/yoast.com\/wordpress\/plugins\/seo\/ -->\n<title>\u0426\u0435\u043d\u043d\u0438\u043a - Krzewi\u0144ski<\/title>\n<meta name=\"robots\" content=\"index, follow, max-snippet:-1, max-image-preview:large, max-video-preview:-1\" \/>\n<link rel=\"canonical\" href=\"https:\/\/krzewinski.pl\/ru\/\u0446\u0435\u043d\u043d\u0438\u043a\/\" \/>\n<meta property=\"og:locale\" content=\"ru_RU\" \/>\n<meta property=\"og:type\" content=\"article\" \/>\n<meta property=\"og:title\" content=\"\u0426\u0435\u043d\u043d\u0438\u043a - Krzewi\u0144ski\" \/>\n<meta property=\"og:description\" content=\"\u0427\u0442\u043e\u0431\u044b \u0443\u0432\u0438\u0434\u0435\u0442\u044c \u0446\u0435\u043d\u0443, \u043a\u043e\u0442\u043e\u0440\u0430\u044f \u0432\u0430\u0441 \u0438\u043d\u0442\u0435\u0440\u0435\u0441\u0443\u0435\u0442, \u0441\u0442\u043e\u0438\u0442 \u0432\u044b\u0431\u0440\u0430\u0442\u044c \u043e\u0434\u0438\u043d \u0438\u0437 \u0437\u0430\u0433\u043e\u043b\u043e\u0432\u043a\u043e\u0432: \u041e\u041f\u0422\u041e\u0412\u042b\u0415 \u0426\u0415\u041d\u042b &#8211; \u043f\u0440\u0438 \u043f\u043e\u043a\u0443\u043f\u043a\u0430\u0445 \u0432\u044b\u0448\u0435 200z\u0142 \u0420\u041e\u0417\u041d\u0418\u0427\u041d\u042b\u0415 \u0426\u0415\u041d\u042b &#8211; \u043f\u0440\u0438 \u043f\u043e\u043a\u0443\u043f\u043a\u0430\u0445 \u0432\u044b\u0448\u0435 200z\u0142 \u0426\u0435\u043d\u044b \u043c\u043e\u0433\u0443\u0442 \u043c\u0435\u043d\u044f\u0442\u044c\u0441\u044f \u0432 \u0441\u0435\u0437\u043e\u043d\u0435.\" \/>\n<meta property=\"og:url\" content=\"https:\/\/krzewinski.pl\/ru\/\u0446\u0435\u043d\u043d\u0438\u043a\/\" \/>\n<meta property=\"og:site_name\" content=\"Krzewi\u0144ski\" \/>\n<meta property=\"article:publisher\" content=\"https:\/\/www.facebook.com\/lgskrzewinski\" \/>\n<meta property=\"article:modified_time\" content=\"2016-11-07T15:59:19+00:00\" \/>\n<meta name=\"twitter:card\" content=\"summary_large_image\" \/>\n<script type=\"application\/ld+json\" class=\"yoast-schema-graph\">{\"@context\":\"https:\/\/schema.org\",\"@graph\":[{\"@type\":\"WebPage\",\"@id\":\"https:\/\/krzewinski.pl\/ru\/%d1%86%d0%b5%d0%bd%d0%bd%d0%b8%d0%ba\/\",\"url\":\"https:\/\/krzewinski.pl\/ru\/%d1%86%d0%b5%d0%bd%d0%bd%d0%b8%d0%ba\/\",\"name\":\"\u0426\u0435\u043d\u043d\u0438\u043a - Krzewi\u0144ski\",\"isPartOf\":{\"@id\":\"https:\/\/krzewinski.pl\/ru\/#website\"},\"datePublished\":\"2015-10-30T09:33:39+00:00\",\"dateModified\":\"2016-11-07T15:59:19+00:00\",\"breadcrumb\":{\"@id\":\"https:\/\/krzewinski.pl\/ru\/%d1%86%d0%b5%d0%bd%d0%bd%d0%b8%d0%ba\/#breadcrumb\"},\"inLanguage\":\"ru-RU\",\"potentialAction\":[{\"@type\":\"ReadAction\",\"target\":[\"https:\/\/krzewinski.pl\/ru\/%d1%86%d0%b5%d0%bd%d0%bd%d0%b8%d0%ba\/\"]}]},{\"@type\":\"BreadcrumbList\",\"@id\":\"https:\/\/krzewinski.pl\/ru\/%d1%86%d0%b5%d0%bd%d0%bd%d0%b8%d0%ba\/#breadcrumb\",\"itemListElement\":[{\"@type\":\"ListItem\",\"position\":1,\"name\":\"Strona g\u0142\u00f3wna\",\"item\":\"https:\/\/krzewinski.pl\/ru\/\"},{\"@type\":\"ListItem\",\"position\":2,\"name\":\"\u0426\u0435\u043d\u043d\u0438\u043a\"}]},{\"@type\":\"WebSite\",\"@id\":\"https:\/\/krzewinski.pl\/ru\/#website\",\"url\":\"https:\/\/krzewinski.pl\/ru\/\",\"name\":\"Krzewi\u0144ski\",\"description\":\"Szk\u00f3\u0142ka krzew\u00f3w owocowych\",\"publisher\":{\"@id\":\"https:\/\/krzewinski.pl\/ru\/#organization\"},\"potentialAction\":[{\"@type\":\"SearchAction\",\"target\":{\"@type\":\"EntryPoint\",\"urlTemplate\":\"https:\/\/krzewinski.pl\/ru\/?s={search_term_string}\"},\"query-input\":\"required name=search_term_string\"}],\"inLanguage\":\"ru-RU\"},{\"@type\":\"Organization\",\"@id\":\"https:\/\/krzewinski.pl\/ru\/#organization\",\"name\":\"Krzewi\u0144ski\",\"url\":\"https:\/\/krzewinski.pl\/ru\/\",\"logo\":{\"@type\":\"ImageObject\",\"inLanguage\":\"ru-RU\",\"@id\":\"https:\/\/krzewinski.pl\/ru\/#\/schema\/logo\/image\/\",\"url\":\"https:\/\/krzewinski.pl\/wp-content\/uploads\/2015\/10\/logo-www.png\",\"contentUrl\":\"https:\/\/krzewinski.pl\/wp-content\/uploads\/2015\/10\/logo-www.png\",\"width\":263,\"height\":150,\"caption\":\"Krzewi\u0144ski\"},\"image\":{\"@id\":\"https:\/\/krzewinski.pl\/ru\/#\/schema\/logo\/image\/\"},\"sameAs\":[\"https:\/\/www.instagram.com\/lgs.krzewinski\/\",\"https:\/\/www.facebook.com\/lgskrzewinski\"]}]}<\/script>\n<!-- \/ Yoast SEO plugin. -->","yoast_head_json":{"title":"\u0426\u0435\u043d\u043d\u0438\u043a - Krzewi\u0144ski","robots":{"index":"index","follow":"follow","max-snippet":"max-snippet:-1","max-image-preview":"max-image-preview:large","max-video-preview":"max-video-preview:-1"},"canonical":"https:\/\/krzewinski.pl\/ru\/\u0446\u0435\u043d\u043d\u0438\u043a\/","og_locale":"ru_RU","og_type":"article","og_title":"\u0426\u0435\u043d\u043d\u0438\u043a - Krzewi\u0144ski","og_description":"\u0427\u0442\u043e\u0431\u044b \u0443\u0432\u0438\u0434\u0435\u0442\u044c \u0446\u0435\u043d\u0443, \u043a\u043e\u0442\u043e\u0440\u0430\u044f \u0432\u0430\u0441 \u0438\u043d\u0442\u0435\u0440\u0435\u0441\u0443\u0435\u0442, \u0441\u0442\u043e\u0438\u0442 \u0432\u044b\u0431\u0440\u0430\u0442\u044c \u043e\u0434\u0438\u043d \u0438\u0437 \u0437\u0430\u0433\u043e\u043b\u043e\u0432\u043a\u043e\u0432: \u041e\u041f\u0422\u041e\u0412\u042b\u0415 \u0426\u0415\u041d\u042b &#8211; \u043f\u0440\u0438 \u043f\u043e\u043a\u0443\u043f\u043a\u0430\u0445 \u0432\u044b\u0448\u0435 200z\u0142 \u0420\u041e\u0417\u041d\u0418\u0427\u041d\u042b\u0415 \u0426\u0415\u041d\u042b &#8211; \u043f\u0440\u0438 \u043f\u043e\u043a\u0443\u043f\u043a\u0430\u0445 \u0432\u044b\u0448\u0435 200z\u0142 \u0426\u0435\u043d\u044b \u043c\u043e\u0433\u0443\u0442 \u043c\u0435\u043d\u044f\u0442\u044c\u0441\u044f \u0432 \u0441\u0435\u0437\u043e\u043d\u0435.","og_url":"https:\/\/krzewinski.pl\/ru\/\u0446\u0435\u043d\u043d\u0438\u043a\/","og_site_name":"Krzewi\u0144ski","article_publisher":"https:\/\/www.facebook.com\/lgskrzewinski","article_modified_time":"2016-11-07T15:59:19+00:00","twitter_card":"summary_large_image","schema":{"@context":"https:\/\/schema.org","@graph":[{"@type":"WebPage","@id":"https:\/\/krzewinski.pl\/ru\/%d1%86%d0%b5%d0%bd%d0%bd%d0%b8%d0%ba\/","url":"https:\/\/krzewinski.pl\/ru\/%d1%86%d0%b5%d0%bd%d0%bd%d0%b8%d0%ba\/","name":"\u0426\u0435\u043d\u043d\u0438\u043a - Krzewi\u0144ski","isPartOf":{"@id":"https:\/\/krzewinski.pl\/ru\/#website"},"datePublished":"2015-10-30T09:33:39+00:00","dateModified":"2016-11-07T15:59:19+00:00","breadcrumb":{"@id":"https:\/\/krzewinski.pl\/ru\/%d1%86%d0%b5%d0%bd%d0%bd%d0%b8%d0%ba\/#breadcrumb"},"inLanguage":"ru-RU","potentialAction":[{"@type":"ReadAction","target":["https:\/\/krzewinski.pl\/ru\/%d1%86%d0%b5%d0%bd%d0%bd%d0%b8%d0%ba\/"]}]},{"@type":"BreadcrumbList","@id":"https:\/\/krzewinski.pl\/ru\/%d1%86%d0%b5%d0%bd%d0%bd%d0%b8%d0%ba\/#breadcrumb","itemListElement":[{"@type":"ListItem","position":1,"name":"Strona g\u0142\u00f3wna","item":"https:\/\/krzewinski.pl\/ru\/"},{"@type":"ListItem","position":2,"name":"\u0426\u0435\u043d\u043d\u0438\u043a"}]},{"@type":"WebSite","@id":"https:\/\/krzewinski.pl\/ru\/#website","url":"https:\/\/krzewinski.pl\/ru\/","name":"Krzewi\u0144ski","description":"Szk\u00f3\u0142ka krzew\u00f3w owocowych","publisher":{"@id":"https:\/\/krzewinski.pl\/ru\/#organization"},"potentialAction":[{"@type":"SearchAction","target":{"@type":"EntryPoint","urlTemplate":"https:\/\/krzewinski.pl\/ru\/?s={search_term_string}"},"query-input":"required name=search_term_string"}],"inLanguage":"ru-RU"},{"@type":"Organization","@id":"https:\/\/krzewinski.pl\/ru\/#organization","name":"Krzewi\u0144ski","url":"https:\/\/krzewinski.pl\/ru\/","logo":{"@type":"ImageObject","inLanguage":"ru-RU","@id":"https:\/\/krzewinski.pl\/ru\/#\/schema\/logo\/image\/","url":"https:\/\/krzewinski.pl\/wp-content\/uploads\/2015\/10\/logo-www.png","contentUrl":"https:\/\/krzewinski.pl\/wp-content\/uploads\/2015\/10\/logo-www.png","width":263,"height":150,"caption":"Krzewi\u0144ski"},"image":{"@id":"https:\/\/krzewinski.pl\/ru\/#\/schema\/logo\/image\/"},"sameAs":["https:\/\/www.instagram.com\/lgs.krzewinski\/","https:\/\/www.facebook.com\/lgskrzewinski"]}]}},"_links":{"self":[{"href":"https:\/\/krzewinski.pl\/ru\/wp-json\/wp\/v2\/pages\/2407"}],"collection":[{"href":"https:\/\/krzewinski.pl\/ru\/wp-json\/wp\/v2\/pages"}],"about":[{"href":"https:\/\/krzewinski.pl\/ru\/wp-json\/wp\/v2\/types\/page"}],"author":[{"embeddable":true,"href":"https:\/\/krzewinski.pl\/ru\/wp-json\/wp\/v2\/users\/1"}],"replies":[{"embeddable":true,"href":"https:\/\/krzewinski.pl\/ru\/wp-json\/wp\/v2\/comments?post=2407"}],"version-history":[{"count":4,"href":"https:\/\/krzewinski.pl\/ru\/wp-json\/wp\/v2\/pages\/2407\/revisions"}],"predecessor-version":[{"id":3419,"href":"https:\/\/krzewinski.pl\/ru\/wp-json\/wp\/v2\/pages\/2407\/revisions\/3419"}],"wp:attachment":[{"href":"https:\/\/krzewinski.pl\/ru\/wp-json\/wp\/v2\/media?parent=2407"}],"curies":[{"name":"wp","href":"https:\/\/api.w.org\/{rel}","templated":true}]}}