{"id":2409,"date":"2015-02-18T14:46:11","date_gmt":"2015-02-18T14:46:11","guid":{"rendered":"https:\/\/krzewinski.pl\/ru\/kontakt\/"},"modified":"2016-06-03T14:16:03","modified_gmt":"2016-06-03T12:16:03","slug":"%d0%ba%d0%be%d0%bd%d1%82%d0%b0%d0%ba%d1%82","status":"publish","type":"page","link":"https:\/\/krzewinski.pl\/ru\/%d0%ba%d0%be%d0%bd%d1%82%d0%b0%d0%ba%d1%82\/","title":{"rendered":"\u041a\u043e\u043d\u0442\u0430\u043a\u0442"},"content":{"rendered":"<div id=\"pl-2409\"  class=\"panel-layout\" ><div id=\"pg-2409-0\"  class=\"panel-grid panel-no-style\" ><div id=\"pgc-2409-0-0\"  class=\"panel-grid-cell\" ><div id=\"panel-2409-0-0-0\" class=\"so-panel widget widget_pw_google_map panel-first-child panel-last-child\" data-index=\"0\" >\n\n\t<div\n\t\tclass=\"simple-map  js-where-we-are\"\n\t\tdata-latlng=\"51.174805,22.515846\"\n\t\tdata-markers=\"[{&quot;id&quot;:&quot;1&quot;,&quot;title&quot;:&quot;Lublin&quot;,&quot;locationlatlng&quot;:&quot;51.174805,22.515846&quot;,&quot;custompinimage&quot;:&quot;\\\/wp-content\\\/uploads\\\/2015\\\/10\\\/marker.png&quot;}]\"\n\t\tdata-zoom=\"11\"\n\t\tdata-type=\"roadmap\"\n\t\tdata-style=\"[{&quot;featureType&quot;:&quot;all&quot;,&quot;elementType&quot;:&quot;labels.text.fill&quot;,&quot;stylers&quot;:[{&quot;saturation&quot;:36},{&quot;color&quot;:&quot;#333333&quot;},{&quot;lightness&quot;:40}]},{&quot;featureType&quot;:&quot;all&quot;,&quot;elementType&quot;:&quot;labels.text.stroke&quot;,&quot;stylers&quot;:[{&quot;visibility&quot;:&quot;on&quot;},{&quot;color&quot;:&quot;#ffffff&quot;},{&quot;lightness&quot;:16}]},{&quot;featureType&quot;:&quot;all&quot;,&quot;elementType&quot;:&quot;labels.icon&quot;,&quot;stylers&quot;:[{&quot;visibility&quot;:&quot;off&quot;}]},{&quot;featureType&quot;:&quot;administrative&quot;,&quot;elementType&quot;:&quot;geometry.fill&quot;,&quot;stylers&quot;:[{&quot;color&quot;:&quot;#fefefe&quot;},{&quot;lightness&quot;:20}]},{&quot;featureType&quot;:&quot;administrative&quot;,&quot;elementType&quot;:&quot;geometry.stroke&quot;,&quot;stylers&quot;:[{&quot;color&quot;:&quot;#fefefe&quot;},{&quot;lightness&quot;:17},{&quot;weight&quot;:1.2}]},{&quot;featureType&quot;:&quot;landscape&quot;,&quot;elementType&quot;:&quot;geometry&quot;,&quot;stylers&quot;:[{&quot;color&quot;:&quot;#ffffff&quot;},{&quot;lightness&quot;:20}]},{&quot;featureType&quot;:&quot;landscape.natural.landcover&quot;,&quot;elementType&quot;:&quot;geometry.fill&quot;,&quot;stylers&quot;:[{&quot;saturation&quot;:&quot;17&quot;}]},{&quot;featureType&quot;:&quot;poi&quot;,&quot;elementType&quot;:&quot;geometry&quot;,&quot;stylers&quot;:[{&quot;color&quot;:&quot;#f1f1f1&quot;},{&quot;lightness&quot;:21}]},{&quot;featureType&quot;:&quot;road.highway&quot;,&quot;elementType&quot;:&quot;geometry.fill&quot;,&quot;stylers&quot;:[{&quot;color&quot;:&quot;#dedede&quot;},{&quot;lightness&quot;:17}]},{&quot;featureType&quot;:&quot;road.highway&quot;,&quot;elementType&quot;:&quot;geometry.stroke&quot;,&quot;stylers&quot;:[{&quot;color&quot;:&quot;#dedede&quot;},{&quot;lightness&quot;:29},{&quot;weight&quot;:0.2}]},{&quot;featureType&quot;:&quot;road.arterial&quot;,&quot;elementType&quot;:&quot;geometry&quot;,&quot;stylers&quot;:[{&quot;color&quot;:&quot;#dedede&quot;},{&quot;lightness&quot;:18}]},{&quot;featureType&quot;:&quot;road.local&quot;,&quot;elementType&quot;:&quot;geometry&quot;,&quot;stylers&quot;:[{&quot;color&quot;:&quot;#ffffff&quot;},{&quot;lightness&quot;:16}]},{&quot;featureType&quot;:&quot;transit&quot;,&quot;elementType&quot;:&quot;geometry&quot;,&quot;stylers&quot;:[{&quot;color&quot;:&quot;#f2f2f2&quot;},{&quot;lightness&quot;:19}]},{&quot;featureType&quot;:&quot;water&quot;,&quot;elementType&quot;:&quot;geometry&quot;,&quot;stylers&quot;:[{&quot;color&quot;:&quot;#a0d6d1&quot;},{&quot;lightness&quot;:17}]},{&quot;featureType&quot;:&quot;water&quot;,&quot;elementType&quot;:&quot;geometry.fill&quot;,&quot;stylers&quot;:[{&quot;color&quot;:&quot;#9ba7b2&quot;}]}]\"\n\t\tstyle=\"height: 380px;\"\n\t><\/div>\n\n<\/div><\/div><\/div><div id=\"pg-2409-1\"  class=\"panel-grid panel-has-style\" ><div class=\"panel-row-style panel-row-style-for-2409-1\" ><div id=\"pgc-2409-1-0\"  class=\"panel-grid-cell\" ><div id=\"panel-2409-1-0-0\" class=\"so-panel widget widget_black-studio-tinymce widget_black_studio_tinymce panel-first-child panel-last-child\" data-index=\"1\" ><div class=\"textwidget\"><p class=\"p1\"><span class=\"s1\"><strong>\u041b\u0438\u0446\u0435\u043d\u0437\u0438\u043e\u043d\u043d\u0430\u044f \u0444\u0435\u0440\u043c\u0430 \u0440\u0430\u0437\u043c\u043d\u043e\u0436\u0435\u043d\u0438\u044f \u044f\u0433\u043e\u0434\u043d\u044b\u0445 \u0440\u0430\u0441\u0442\u0435\u043d\u0438\u0439<\/strong><br \/><strong> \u041a\u0440\u0438\u0441\u0442\u0438\u043d\u0430 \u041a\u0448\u0435\u0432\u0438\u043d\u044c\u0441\u043a\u0430<\/strong><br \/> \u0423\u043b. \u041a\u0440\u0435\u043d\u0436\u043d\u0438\u0446\u043a\u0430 100<br \/> 20-518 \u0433. \u041b\u044e\u0431\u043b\u0438\u043d<\/span><\/p>\n<p class=\"p1\"><span class=\"s1\">\u0442\u0435\u043b. +48 81\u00a0750 02 79<\/span><\/p>\n<p class=\"p1\"><span class=\"s1\">\u043a\u043e\u043c. +48 692 477 206<\/span><\/p>\n<p class=\"p1\"><span class=\"s1\"><span class=\"Apple-converted-space\">\u00a0 \u00a0 \u00a0 \u00a0 \u00a0 <\/span>+48\u00a0608\u00a0572\u00a0872<\/span><\/p>\n<p class=\"p1\"><span class=\"s1\">\u0421\u043a\u0430\u0439\u043f: lgs.krzewinski<\/span><\/p>\n<p class=\"p2\"><span class=\"s2\">\u0418-\u043c\u0435\u0439\u043b: <a href=\"mailto:sales@krzewinski.pl\"><span class=\"s3\">sales@krzewinski.pl<\/span><\/a><\/span><\/p>\n<p class=\"p3\"><span class=\"s2\"><a href=\"mailto:krzewinski@krzewinski.pl\"><span class=\"s3\">krzewinski@krzewinski.pl<\/span><\/a><\/span><\/p>\n<\/div><\/div><\/div><div id=\"pgc-2409-1-1\"  class=\"panel-grid-cell\" ><div id=\"panel-2409-1-1-0\" class=\"so-panel widget widget_text panel-first-child panel-last-child\" data-index=\"2\" >\t\t\t<div class=\"textwidget\"><div role=\"form\" class=\"wpcf7\" id=\"wpcf7-f2655-o1\" lang=\"en-US\" dir=\"ltr\">\n<div class=\"screen-reader-response\"><p role=\"status\" aria-live=\"polite\" aria-atomic=\"true\"><\/p> <ul><\/ul><\/div>\n<form action=\"\/ru\/wp-json\/wp\/v2\/pages\/2409#wpcf7-f2655-o1\" method=\"post\" class=\"wpcf7-form init\" novalidate=\"novalidate\" data-status=\"init\">\n<div style=\"display: none;\">\n<input type=\"hidden\" name=\"_wpcf7\" value=\"2655\" \/>\n<input type=\"hidden\" name=\"_wpcf7_version\" value=\"5.5.1\" \/>\n<input type=\"hidden\" name=\"_wpcf7_locale\" value=\"en_US\" \/>\n<input type=\"hidden\" name=\"_wpcf7_unit_tag\" value=\"wpcf7-f2655-o1\" \/>\n<input type=\"hidden\" name=\"_wpcf7_container_post\" value=\"0\" \/>\n<input type=\"hidden\" name=\"_wpcf7_posted_data_hash\" value=\"\" \/>\n<\/div>\n<div class=\"row\">\n<div class=\"col-xs-12  col-sm-6\">\n       <span class=\"wpcf7-form-control-wrap your-name\"><input type=\"text\" name=\"your-name\" value=\"\" size=\"40\" class=\"wpcf7-form-control wpcf7-text wpcf7-validates-as-required\" aria-required=\"true\" aria-invalid=\"false\" placeholder=\"\u0438\u043c\u044f\" \/><\/span><br \/>\n       <span class=\"wpcf7-form-control-wrap your-email\"><input type=\"email\" name=\"your-email\" value=\"\" size=\"40\" class=\"wpcf7-form-control wpcf7-text wpcf7-email wpcf7-validates-as-required wpcf7-validates-as-email\" aria-required=\"true\" aria-invalid=\"false\" placeholder=\"E-mail\" \/><\/span><br \/>\n       <span class=\"wpcf7-form-control-wrap your-subject\"><input type=\"text\" name=\"your-subject\" value=\"\" size=\"40\" class=\"wpcf7-form-control wpcf7-text\" aria-invalid=\"false\" placeholder=\"\u0442\u0435\u043c\u0430\" \/><\/span>\n    <\/div>\n<div class=\"col-xs-12  col-sm-6\">\n      <span class=\"wpcf7-form-control-wrap your-message\"><textarea name=\"your-message\" cols=\"40\" rows=\"10\" class=\"wpcf7-form-control wpcf7-textarea\" aria-invalid=\"false\" placeholder=\"\u0441\u043e\u043e\u0431\u0449\u0435\u043d\u0438\u0435\"><\/textarea><\/span><br \/>\n      <input type=\"submit\" value=\"\u041e\u0422\u041f\u0420\u0410\u0412\u0418\u0422\u042c\" class=\"wpcf7-form-control has-spinner wpcf7-submit btn btn-primary\" \/>\n    <\/div>\n<\/div>\n<div class=\"wpcf7-response-output\" aria-hidden=\"true\"><\/div><\/form><\/div><\/div>\n\t\t<\/div><\/div><\/div><\/div><div id=\"pg-2409-2\"  class=\"panel-grid panel-no-style\" ><div id=\"pgc-2409-2-0\"  class=\"panel-grid-cell\" ><div id=\"panel-2409-2-0-0\" class=\"so-panel widget widget_black-studio-tinymce widget_black_studio_tinymce panel-first-child panel-last-child\" data-index=\"3\" ><div class=\"textwidget\"><p class=\"p1\"><span class=\"s1\"><a href=\"https:\/\/krzewinski.pl\">www.krzewinski.pl<\/a><\/span><\/p>\n<p class=\"p1\"><span class=\"s1\"><a href=\"http:\/\/www.facebook.com\/lgskrzewinski\">http:\/\/www.facebook.com\/lgskrzewinski<\/a><\/span><\/p>\n<\/div><\/div><\/div><div id=\"pgc-2409-2-1\"  class=\"panel-grid-cell\" ><div id=\"panel-2409-2-1-0\" class=\"so-panel widget widget_black-studio-tinymce widget_black_studio_tinymce panel-first-child panel-last-child\" data-index=\"4\" ><div class=\"textwidget\"><p class=\"p1\"><span class=\"s1\"><b>\u0412\u0420\u0415\u041c\u042f \u0420\u0410\u0411\u041e\u0422\u042b:<\/b><\/span><\/p>\n<p class=\"p1\"><span class=\"s1\">\u043c\u0430\u0440\u0442 \u2013 \u043e\u043a\u0442\u044f\u0431\u0440\u044c: \u0441 8:30 \u0434\u043e 17:30<\/span><\/p>\n<p class=\"p1\"><span class=\"s1\">\u043d\u043e\u044f\u0431\u0440\u044c \u2013 \u0444\u0435\u0432\u0440\u0430\u043b\u044c: \u0441 8:30 \u0434\u043e 15:00<\/span><\/p>\n<p class=\"p1\"><span class=\"s1\">\u0412 \u0432\u043e\u0441\u043a\u0440\u0435\u0441\u0435\u043d\u0438\u0435 \u0438 \u043f\u0440\u0430\u0437\u0434\u043d\u0438\u043a\u0438 \u2013 \u043c\u044b \u043d\u0435 \u0440\u0430\u0431\u043e\u0442\u0430\u0435\u043c<\/span><\/p>\n<\/div><\/div><\/div><\/div><\/div>","protected":false},"excerpt":{"rendered":"<p>\u041b\u0438\u0446\u0435\u043d\u0437\u0438\u043e\u043d\u043d\u0430\u044f \u0444\u0435\u0440\u043c\u0430 \u0440\u0430\u0437\u043c\u043d\u043e\u0436\u0435\u043d\u0438\u044f \u044f\u0433\u043e\u0434\u043d\u044b\u0445 \u0440\u0430\u0441\u0442\u0435\u043d\u0438\u0439 \u041a\u0440\u0438\u0441\u0442\u0438\u043d\u0430 \u041a\u0448\u0435\u0432\u0438\u043d\u044c\u0441\u043a\u0430 \u0423\u043b. \u041a\u0440\u0435\u043d\u0436\u043d\u0438\u0446\u043a\u0430 100 20-518 \u0433. \u041b\u044e\u0431\u043b\u0438\u043d\u0442\u0435\u043b. +48 81\u00a0750 02 79\u043a\u043e\u043c. +48 692 477 206\u00a0 \u00a0 \u00a0 \u00a0 \u00a0 +48\u00a0608\u00a0572\u00a0872\u0421\u043a\u0430\u0439\u043f: lgs.krzewinski\u0418-\u043c\u0435\u0439\u043b: sales@krzewinski.plkrzewinski@krzewinski.pl<\/p>\n","protected":false},"author":1,"featured_media":0,"parent":0,"menu_order":0,"comment_status":"closed","ping_status":"closed","template":"","meta":[],"acf":[],"yoast_head":"<!-- This site is optimized with the Yoast SEO plugin v19.13 - https:\/\/yoast.com\/wordpress\/plugins\/seo\/ -->\n<title>\u041a\u043e\u043d\u0442\u0430\u043a\u0442 - Krzewi\u0144ski<\/title>\n<meta name=\"robots\" content=\"index, follow, max-snippet:-1, max-image-preview:large, max-video-preview:-1\" \/>\n<link rel=\"canonical\" href=\"https:\/\/krzewinski.pl\/ru\/\u043a\u043e\u043d\u0442\u0430\u043a\u0442\/\" \/>\n<meta property=\"og:locale\" content=\"ru_RU\" \/>\n<meta property=\"og:type\" content=\"article\" \/>\n<meta property=\"og:title\" content=\"\u041a\u043e\u043d\u0442\u0430\u043a\u0442 - Krzewi\u0144ski\" \/>\n<meta property=\"og:description\" content=\"\u041b\u0438\u0446\u0435\u043d\u0437\u0438\u043e\u043d\u043d\u0430\u044f \u0444\u0435\u0440\u043c\u0430 \u0440\u0430\u0437\u043c\u043d\u043e\u0436\u0435\u043d\u0438\u044f \u044f\u0433\u043e\u0434\u043d\u044b\u0445 \u0440\u0430\u0441\u0442\u0435\u043d\u0438\u0439 \u041a\u0440\u0438\u0441\u0442\u0438\u043d\u0430 \u041a\u0448\u0435\u0432\u0438\u043d\u044c\u0441\u043a\u0430 \u0423\u043b. \u041a\u0440\u0435\u043d\u0436\u043d\u0438\u0446\u043a\u0430 100 20-518 \u0433. \u041b\u044e\u0431\u043b\u0438\u043d\u0442\u0435\u043b. +48 81\u00a0750 02 79\u043a\u043e\u043c. +48 692 477 206\u00a0 \u00a0 \u00a0 \u00a0 \u00a0 +48\u00a0608\u00a0572\u00a0872\u0421\u043a\u0430\u0439\u043f: lgs.krzewinski\u0418-\u043c\u0435\u0439\u043b: sales@krzewinski.plkrzewinski@krzewinski.pl\" \/>\n<meta property=\"og:url\" content=\"https:\/\/krzewinski.pl\/ru\/\u043a\u043e\u043d\u0442\u0430\u043a\u0442\/\" \/>\n<meta property=\"og:site_name\" content=\"Krzewi\u0144ski\" \/>\n<meta property=\"article:publisher\" content=\"https:\/\/www.facebook.com\/lgskrzewinski\" \/>\n<meta property=\"article:modified_time\" content=\"2016-06-03T12:16:03+00:00\" \/>\n<meta name=\"twitter:card\" content=\"summary_large_image\" \/>\n<script type=\"application\/ld+json\" class=\"yoast-schema-graph\">{\"@context\":\"https:\/\/schema.org\",\"@graph\":[{\"@type\":\"WebPage\",\"@id\":\"https:\/\/krzewinski.pl\/ru\/%d0%ba%d0%be%d0%bd%d1%82%d0%b0%d0%ba%d1%82\/\",\"url\":\"https:\/\/krzewinski.pl\/ru\/%d0%ba%d0%be%d0%bd%d1%82%d0%b0%d0%ba%d1%82\/\",\"name\":\"\u041a\u043e\u043d\u0442\u0430\u043a\u0442 - Krzewi\u0144ski\",\"isPartOf\":{\"@id\":\"https:\/\/krzewinski.pl\/ru\/#website\"},\"datePublished\":\"2015-02-18T14:46:11+00:00\",\"dateModified\":\"2016-06-03T12:16:03+00:00\",\"breadcrumb\":{\"@id\":\"https:\/\/krzewinski.pl\/ru\/%d0%ba%d0%be%d0%bd%d1%82%d0%b0%d0%ba%d1%82\/#breadcrumb\"},\"inLanguage\":\"ru-RU\",\"potentialAction\":[{\"@type\":\"ReadAction\",\"target\":[\"https:\/\/krzewinski.pl\/ru\/%d0%ba%d0%be%d0%bd%d1%82%d0%b0%d0%ba%d1%82\/\"]}]},{\"@type\":\"BreadcrumbList\",\"@id\":\"https:\/\/krzewinski.pl\/ru\/%d0%ba%d0%be%d0%bd%d1%82%d0%b0%d0%ba%d1%82\/#breadcrumb\",\"itemListElement\":[{\"@type\":\"ListItem\",\"position\":1,\"name\":\"Strona g\u0142\u00f3wna\",\"item\":\"https:\/\/krzewinski.pl\/ru\/\"},{\"@type\":\"ListItem\",\"position\":2,\"name\":\"\u041a\u043e\u043d\u0442\u0430\u043a\u0442\"}]},{\"@type\":\"WebSite\",\"@id\":\"https:\/\/krzewinski.pl\/ru\/#website\",\"url\":\"https:\/\/krzewinski.pl\/ru\/\",\"name\":\"Krzewi\u0144ski\",\"description\":\"Szk\u00f3\u0142ka krzew\u00f3w owocowych\",\"publisher\":{\"@id\":\"https:\/\/krzewinski.pl\/ru\/#organization\"},\"potentialAction\":[{\"@type\":\"SearchAction\",\"target\":{\"@type\":\"EntryPoint\",\"urlTemplate\":\"https:\/\/krzewinski.pl\/ru\/?s={search_term_string}\"},\"query-input\":\"required name=search_term_string\"}],\"inLanguage\":\"ru-RU\"},{\"@type\":\"Organization\",\"@id\":\"https:\/\/krzewinski.pl\/ru\/#organization\",\"name\":\"Krzewi\u0144ski\",\"url\":\"https:\/\/krzewinski.pl\/ru\/\",\"logo\":{\"@type\":\"ImageObject\",\"inLanguage\":\"ru-RU\",\"@id\":\"https:\/\/krzewinski.pl\/ru\/#\/schema\/logo\/image\/\",\"url\":\"https:\/\/krzewinski.pl\/wp-content\/uploads\/2015\/10\/logo-www.png\",\"contentUrl\":\"https:\/\/krzewinski.pl\/wp-content\/uploads\/2015\/10\/logo-www.png\",\"width\":263,\"height\":150,\"caption\":\"Krzewi\u0144ski\"},\"image\":{\"@id\":\"https:\/\/krzewinski.pl\/ru\/#\/schema\/logo\/image\/\"},\"sameAs\":[\"https:\/\/www.instagram.com\/lgs.krzewinski\/\",\"https:\/\/www.facebook.com\/lgskrzewinski\"]}]}<\/script>\n<!-- \/ Yoast SEO plugin. -->","yoast_head_json":{"title":"\u041a\u043e\u043d\u0442\u0430\u043a\u0442 - Krzewi\u0144ski","robots":{"index":"index","follow":"follow","max-snippet":"max-snippet:-1","max-image-preview":"max-image-preview:large","max-video-preview":"max-video-preview:-1"},"canonical":"https:\/\/krzewinski.pl\/ru\/\u043a\u043e\u043d\u0442\u0430\u043a\u0442\/","og_locale":"ru_RU","og_type":"article","og_title":"\u041a\u043e\u043d\u0442\u0430\u043a\u0442 - Krzewi\u0144ski","og_description":"\u041b\u0438\u0446\u0435\u043d\u0437\u0438\u043e\u043d\u043d\u0430\u044f \u0444\u0435\u0440\u043c\u0430 \u0440\u0430\u0437\u043c\u043d\u043e\u0436\u0435\u043d\u0438\u044f \u044f\u0433\u043e\u0434\u043d\u044b\u0445 \u0440\u0430\u0441\u0442\u0435\u043d\u0438\u0439 \u041a\u0440\u0438\u0441\u0442\u0438\u043d\u0430 \u041a\u0448\u0435\u0432\u0438\u043d\u044c\u0441\u043a\u0430 \u0423\u043b. \u041a\u0440\u0435\u043d\u0436\u043d\u0438\u0446\u043a\u0430 100 20-518 \u0433. \u041b\u044e\u0431\u043b\u0438\u043d\u0442\u0435\u043b. +48 81\u00a0750 02 79\u043a\u043e\u043c. +48 692 477 206\u00a0 \u00a0 \u00a0 \u00a0 \u00a0 +48\u00a0608\u00a0572\u00a0872\u0421\u043a\u0430\u0439\u043f: lgs.krzewinski\u0418-\u043c\u0435\u0439\u043b: sales@krzewinski.plkrzewinski@krzewinski.pl","og_url":"https:\/\/krzewinski.pl\/ru\/\u043a\u043e\u043d\u0442\u0430\u043a\u0442\/","og_site_name":"Krzewi\u0144ski","article_publisher":"https:\/\/www.facebook.com\/lgskrzewinski","article_modified_time":"2016-06-03T12:16:03+00:00","twitter_card":"summary_large_image","schema":{"@context":"https:\/\/schema.org","@graph":[{"@type":"WebPage","@id":"https:\/\/krzewinski.pl\/ru\/%d0%ba%d0%be%d0%bd%d1%82%d0%b0%d0%ba%d1%82\/","url":"https:\/\/krzewinski.pl\/ru\/%d0%ba%d0%be%d0%bd%d1%82%d0%b0%d0%ba%d1%82\/","name":"\u041a\u043e\u043d\u0442\u0430\u043a\u0442 - Krzewi\u0144ski","isPartOf":{"@id":"https:\/\/krzewinski.pl\/ru\/#website"},"datePublished":"2015-02-18T14:46:11+00:00","dateModified":"2016-06-03T12:16:03+00:00","breadcrumb":{"@id":"https:\/\/krzewinski.pl\/ru\/%d0%ba%d0%be%d0%bd%d1%82%d0%b0%d0%ba%d1%82\/#breadcrumb"},"inLanguage":"ru-RU","potentialAction":[{"@type":"ReadAction","target":["https:\/\/krzewinski.pl\/ru\/%d0%ba%d0%be%d0%bd%d1%82%d0%b0%d0%ba%d1%82\/"]}]},{"@type":"BreadcrumbList","@id":"https:\/\/krzewinski.pl\/ru\/%d0%ba%d0%be%d0%bd%d1%82%d0%b0%d0%ba%d1%82\/#breadcrumb","itemListElement":[{"@type":"ListItem","position":1,"name":"Strona g\u0142\u00f3wna","item":"https:\/\/krzewinski.pl\/ru\/"},{"@type":"ListItem","position":2,"name":"\u041a\u043e\u043d\u0442\u0430\u043a\u0442"}]},{"@type":"WebSite","@id":"https:\/\/krzewinski.pl\/ru\/#website","url":"https:\/\/krzewinski.pl\/ru\/","name":"Krzewi\u0144ski","description":"Szk\u00f3\u0142ka krzew\u00f3w owocowych","publisher":{"@id":"https:\/\/krzewinski.pl\/ru\/#organization"},"potentialAction":[{"@type":"SearchAction","target":{"@type":"EntryPoint","urlTemplate":"https:\/\/krzewinski.pl\/ru\/?s={search_term_string}"},"query-input":"required name=search_term_string"}],"inLanguage":"ru-RU"},{"@type":"Organization","@id":"https:\/\/krzewinski.pl\/ru\/#organization","name":"Krzewi\u0144ski","url":"https:\/\/krzewinski.pl\/ru\/","logo":{"@type":"ImageObject","inLanguage":"ru-RU","@id":"https:\/\/krzewinski.pl\/ru\/#\/schema\/logo\/image\/","url":"https:\/\/krzewinski.pl\/wp-content\/uploads\/2015\/10\/logo-www.png","contentUrl":"https:\/\/krzewinski.pl\/wp-content\/uploads\/2015\/10\/logo-www.png","width":263,"height":150,"caption":"Krzewi\u0144ski"},"image":{"@id":"https:\/\/krzewinski.pl\/ru\/#\/schema\/logo\/image\/"},"sameAs":["https:\/\/www.instagram.com\/lgs.krzewinski\/","https:\/\/www.facebook.com\/lgskrzewinski"]}]}},"_links":{"self":[{"href":"https:\/\/krzewinski.pl\/ru\/wp-json\/wp\/v2\/pages\/2409"}],"collection":[{"href":"https:\/\/krzewinski.pl\/ru\/wp-json\/wp\/v2\/pages"}],"about":[{"href":"https:\/\/krzewinski.pl\/ru\/wp-json\/wp\/v2\/types\/page"}],"author":[{"embeddable":true,"href":"https:\/\/krzewinski.pl\/ru\/wp-json\/wp\/v2\/users\/1"}],"replies":[{"embeddable":true,"href":"https:\/\/krzewinski.pl\/ru\/wp-json\/wp\/v2\/comments?post=2409"}],"version-history":[{"count":7,"href":"https:\/\/krzewinski.pl\/ru\/wp-json\/wp\/v2\/pages\/2409\/revisions"}],"predecessor-version":[{"id":2656,"href":"https:\/\/krzewinski.pl\/ru\/wp-json\/wp\/v2\/pages\/2409\/revisions\/2656"}],"wp:attachment":[{"href":"https:\/\/krzewinski.pl\/ru\/wp-json\/wp\/v2\/media?parent=2409"}],"curies":[{"name":"wp","href":"https:\/\/api.w.org\/{rel}","templated":true}]}}