{"id":2455,"date":"2015-11-02T09:39:33","date_gmt":"2015-11-02T08:39:33","guid":{"rendered":"https:\/\/krzewinski.pl\/ru\/cytryniec-chinski\/"},"modified":"2016-06-03T15:13:09","modified_gmt":"2016-06-03T13:13:09","slug":"%d1%81%d0%b0%d0%b6%d0%b5%d0%bd%d1%86%d1%8b-%d0%bb%d0%b8%d0%bc%d0%be%d0%bd%d0%bd%d0%b8%d0%ba%d0%b0-%d0%ba%d0%b8%d1%82%d0%b0%d0%b9%d1%81%d0%ba%d0%be%d0%b3%d0%be","status":"publish","type":"page","link":"https:\/\/krzewinski.pl\/ru\/%d1%81%d0%b0%d0%b6%d0%b5%d0%bd%d1%86%d1%8b-%d0%bb%d0%b8%d0%bc%d0%be%d0%bd%d0%bd%d0%b8%d0%ba%d0%b0-%d0%ba%d0%b8%d1%82%d0%b0%d0%b9%d1%81%d0%ba%d0%be%d0%b3%d0%be\/","title":{"rendered":"\u0421\u0430\u0436\u0435\u043d\u0446\u044b \u043b\u0438\u043c\u043e\u043d\u043d\u0438\u043a\u0430 \u043a\u0438\u0442\u0430\u0439\u0441\u043a\u043e\u0433\u043e"},"content":{"rendered":"<p class=\"p1\"><span class=\"s1\">\u0412 \u043d\u0430\u0442\u0443\u0440\u0430\u043b\u044c\u043d\u043e\u0439 \u0441\u0440\u0435\u0434\u0435 \u043e\u043d \u0440\u0430\u0441\u0442\u0451\u0442 \u0432 \u0433\u043e\u0440\u043d\u044b\u0445 \u043b\u0435\u0441\u0430\u0445 \u0438 \u0434\u043e\u043b\u0438\u043d\u0430\u0445 \u0440\u0435\u043a \u0412\u043e\u0441\u0442\u043e\u0447\u043d\u043e\u0439 \u0410\u0437\u0438\u0438. \u042d\u0442\u043e \u0434\u043e\u043b\u0433\u043e\u0432\u0435\u0447\u043d\u043e\u0435 \u0432\u044c\u044e\u0449\u0435\u0435\u0441\u044f \u0440\u0430\u0441\u0442\u0435\u043d\u0438\u0435. \u042d\u043c\u0443 \u043f\u043e\u0434\u0445\u043e\u0434\u0438\u0442 \u043f\u043e\u043b\u0443\u0442\u0451\u043c\u043d\u0430\u044f \u0441\u0440\u0435\u0434\u0430. \u041f\u0435\u0440\u0438\u043e\u0434 \u0441\u043e\u0437\u0440\u0435\u0432\u0430\u043d\u0438\u044f \u043b\u0438\u043c\u043e\u043d\u043d\u0438\u043a\u0430 \u043f\u0440\u043e\u0438\u0437\u0445\u043e\u0434\u0438\u0442 \u0432 \u0441\u0435\u043d\u0442\u044f\u0431\u0440\u0435 \u0438 \u043e\u043a\u0442\u044f\u0431\u0440\u0435.<br \/>\n\u041f\u043b\u043e\u0434\u044b: \u043a\u0440\u0443\u0433\u043b\u044b\u0435, \u0441 \u0431\u043b\u0435\u0441\u043a\u043e\u043c, \u043a\u0440\u0430\u0441\u043d\u044b\u0435. \u041e\u0447\u0435\u043d\u044c \u043f\u043e\u043b\u0435\u0437\u043d\u044b\u0435 \u0434\u043b\u044f \u0437\u0434\u043e\u0440\u043e\u0432\u044c\u044f, \u043f\u043e\u0442\u043e\u043c\u0443 \u0447\u0442\u043e \u0441\u043e\u0434\u0435\u0440\u0436\u0430\u0442 \u0441\u0445\u0438\u0437\u0430\u043d\u0434\u0440\u0438\u043d \u2013 \u0443\u043a\u0440\u0435\u043f\u043b\u044f\u044e\u0449\u0435\u0435 \u0438 \u0442\u043e\u043d\u0438\u0437\u0438\u0440\u0443\u044e\u0449\u0435\u0435 \u0441\u0440\u0435\u0434\u0441\u0442\u0432\u043e, \u0438 \u0432\u0438\u0442\u0430\u043c\u0438\u043d \u0421 \u0438 E.<\/span><\/p>\n","protected":false},"excerpt":{"rendered":"<p>\u0412 \u043d\u0430\u0442\u0443\u0440\u0430\u043b\u044c\u043d\u043e\u0439 \u0441\u0440\u0435\u0434\u0435 \u043e\u043d \u0440\u0430\u0441\u0442\u0451\u0442 \u0432 \u0433\u043e\u0440\u043d\u044b\u0445 \u043b\u0435\u0441\u0430\u0445 \u0438 \u0434\u043e\u043b\u0438\u043d\u0430\u0445 \u0440\u0435\u043a \u0412\u043e\u0441\u0442\u043e\u0447\u043d\u043e\u0439 \u0410\u0437\u0438\u0438. \u042d\u0442\u043e \u0434\u043e\u043b\u0433\u043e\u0432\u0435\u0447\u043d\u043e\u0435 \u0432\u044c\u044e\u0449\u0435\u0435\u0441\u044f \u0440\u0430\u0441\u0442\u0435\u043d\u0438\u0435. \u042d\u043c\u0443 \u043f\u043e\u0434\u0445\u043e\u0434\u0438\u0442 \u043f\u043e\u043b\u0443\u0442\u0451\u043c\u043d\u0430\u044f \u0441\u0440\u0435\u0434\u0430. \u041f\u0435\u0440\u0438\u043e\u0434 \u0441\u043e\u0437\u0440\u0435\u0432\u0430\u043d\u0438\u044f \u043b\u0438\u043c\u043e\u043d\u043d\u0438\u043a\u0430 \u043f\u0440\u043e\u0438\u0437\u0445\u043e\u0434\u0438\u0442 \u0432 \u0441\u0435\u043d\u0442\u044f\u0431\u0440\u0435 \u0438 \u043e\u043a\u0442\u044f\u0431\u0440\u0435. \u041f\u043b\u043e\u0434\u044b: \u043a\u0440\u0443\u0433\u043b\u044b\u0435, \u0441 \u0431\u043b\u0435\u0441\u043a\u043e\u043c, \u043a\u0440\u0430\u0441\u043d\u044b\u0435. \u041e\u0447\u0435\u043d\u044c \u043f\u043e\u043b\u0435\u0437\u043d\u044b\u0435 \u0434\u043b\u044f \u0437\u0434\u043e\u0440\u043e\u0432\u044c\u044f, \u043f\u043e\u0442\u043e\u043c\u0443 \u0447\u0442\u043e \u0441\u043e\u0434\u0435\u0440\u0436\u0430\u0442 \u0441\u0445\u0438\u0437\u0430\u043d\u0434\u0440\u0438\u043d \u2013 \u0443\u043a\u0440\u0435\u043f\u043b\u044f\u044e\u0449\u0435\u0435 \u0438 \u0442\u043e\u043d\u0438\u0437\u0438\u0440\u0443\u044e\u0449\u0435\u0435 \u0441\u0440\u0435\u0434\u0441\u0442\u0432\u043e, \u0438 \u0432\u0438\u0442\u0430\u043c\u0438\u043d \u0421 \u0438 E.<\/p>\n","protected":false},"author":1,"featured_media":6598,"parent":0,"menu_order":0,"comment_status":"closed","ping_status":"closed","template":"","meta":[],"acf":[],"yoast_head":"<!-- This site is optimized with the Yoast SEO plugin v19.13 - https:\/\/yoast.com\/wordpress\/plugins\/seo\/ -->\n<title>\u0421\u0430\u0436\u0435\u043d\u0446\u044b \u043b\u0438\u043c\u043e\u043d\u043d\u0438\u043a\u0430 \u043a\u0438\u0442\u0430\u0439\u0441\u043a\u043e\u0433\u043e - Krzewi\u0144ski<\/title>\n<meta name=\"robots\" content=\"index, follow, max-snippet:-1, max-image-preview:large, max-video-preview:-1\" \/>\n<link rel=\"canonical\" href=\"https:\/\/krzewinski.pl\/ru\/\u0441\u0430\u0436\u0435\u043d\u0446\u044b-\u043b\u0438\u043c\u043e\u043d\u043d\u0438\u043a\u0430-\u043a\u0438\u0442\u0430\u0439\u0441\u043a\u043e\u0433\u043e\/\" \/>\n<meta property=\"og:locale\" content=\"ru_RU\" \/>\n<meta property=\"og:type\" content=\"article\" \/>\n<meta property=\"og:title\" content=\"\u0421\u0430\u0436\u0435\u043d\u0446\u044b \u043b\u0438\u043c\u043e\u043d\u043d\u0438\u043a\u0430 \u043a\u0438\u0442\u0430\u0439\u0441\u043a\u043e\u0433\u043e - Krzewi\u0144ski\" \/>\n<meta property=\"og:description\" content=\"\u0412 \u043d\u0430\u0442\u0443\u0440\u0430\u043b\u044c\u043d\u043e\u0439 \u0441\u0440\u0435\u0434\u0435 \u043e\u043d \u0440\u0430\u0441\u0442\u0451\u0442 \u0432 \u0433\u043e\u0440\u043d\u044b\u0445 \u043b\u0435\u0441\u0430\u0445 \u0438 \u0434\u043e\u043b\u0438\u043d\u0430\u0445 \u0440\u0435\u043a \u0412\u043e\u0441\u0442\u043e\u0447\u043d\u043e\u0439 \u0410\u0437\u0438\u0438. \u042d\u0442\u043e \u0434\u043e\u043b\u0433\u043e\u0432\u0435\u0447\u043d\u043e\u0435 \u0432\u044c\u044e\u0449\u0435\u0435\u0441\u044f \u0440\u0430\u0441\u0442\u0435\u043d\u0438\u0435. \u042d\u043c\u0443 \u043f\u043e\u0434\u0445\u043e\u0434\u0438\u0442 \u043f\u043e\u043b\u0443\u0442\u0451\u043c\u043d\u0430\u044f \u0441\u0440\u0435\u0434\u0430. \u041f\u0435\u0440\u0438\u043e\u0434 \u0441\u043e\u0437\u0440\u0435\u0432\u0430\u043d\u0438\u044f \u043b\u0438\u043c\u043e\u043d\u043d\u0438\u043a\u0430 \u043f\u0440\u043e\u0438\u0437\u0445\u043e\u0434\u0438\u0442 \u0432 \u0441\u0435\u043d\u0442\u044f\u0431\u0440\u0435 \u0438 \u043e\u043a\u0442\u044f\u0431\u0440\u0435. \u041f\u043b\u043e\u0434\u044b: \u043a\u0440\u0443\u0433\u043b\u044b\u0435, \u0441 \u0431\u043b\u0435\u0441\u043a\u043e\u043c, \u043a\u0440\u0430\u0441\u043d\u044b\u0435. \u041e\u0447\u0435\u043d\u044c \u043f\u043e\u043b\u0435\u0437\u043d\u044b\u0435 \u0434\u043b\u044f \u0437\u0434\u043e\u0440\u043e\u0432\u044c\u044f, \u043f\u043e\u0442\u043e\u043c\u0443 \u0447\u0442\u043e \u0441\u043e\u0434\u0435\u0440\u0436\u0430\u0442 \u0441\u0445\u0438\u0437\u0430\u043d\u0434\u0440\u0438\u043d \u2013 \u0443\u043a\u0440\u0435\u043f\u043b\u044f\u044e\u0449\u0435\u0435 \u0438 \u0442\u043e\u043d\u0438\u0437\u0438\u0440\u0443\u044e\u0449\u0435\u0435 \u0441\u0440\u0435\u0434\u0441\u0442\u0432\u043e, \u0438 \u0432\u0438\u0442\u0430\u043c\u0438\u043d \u0421 \u0438 E.\" \/>\n<meta property=\"og:url\" content=\"https:\/\/krzewinski.pl\/ru\/\u0441\u0430\u0436\u0435\u043d\u0446\u044b-\u043b\u0438\u043c\u043e\u043d\u043d\u0438\u043a\u0430-\u043a\u0438\u0442\u0430\u0439\u0441\u043a\u043e\u0433\u043e\/\" \/>\n<meta property=\"og:site_name\" content=\"Krzewi\u0144ski\" \/>\n<meta property=\"article:publisher\" content=\"https:\/\/www.facebook.com\/lgskrzewinski\" \/>\n<meta property=\"article:modified_time\" content=\"2016-06-03T13:13:09+00:00\" \/>\n<meta property=\"og:image\" content=\"https:\/\/krzewinski.pl\/wp-content\/uploads\/2015\/11\/e99qpf.jpg\" \/>\n\t<meta property=\"og:image:width\" content=\"398\" \/>\n\t<meta property=\"og:image:height\" content=\"600\" \/>\n\t<meta property=\"og:image:type\" content=\"image\/jpeg\" \/>\n<meta name=\"twitter:card\" content=\"summary_large_image\" \/>\n<script type=\"application\/ld+json\" class=\"yoast-schema-graph\">{\"@context\":\"https:\/\/schema.org\",\"@graph\":[{\"@type\":\"WebPage\",\"@id\":\"https:\/\/krzewinski.pl\/ru\/%d1%81%d0%b0%d0%b6%d0%b5%d0%bd%d1%86%d1%8b-%d0%bb%d0%b8%d0%bc%d0%be%d0%bd%d0%bd%d0%b8%d0%ba%d0%b0-%d0%ba%d0%b8%d1%82%d0%b0%d0%b9%d1%81%d0%ba%d0%be%d0%b3%d0%be\/\",\"url\":\"https:\/\/krzewinski.pl\/ru\/%d1%81%d0%b0%d0%b6%d0%b5%d0%bd%d1%86%d1%8b-%d0%bb%d0%b8%d0%bc%d0%be%d0%bd%d0%bd%d0%b8%d0%ba%d0%b0-%d0%ba%d0%b8%d1%82%d0%b0%d0%b9%d1%81%d0%ba%d0%be%d0%b3%d0%be\/\",\"name\":\"\u0421\u0430\u0436\u0435\u043d\u0446\u044b \u043b\u0438\u043c\u043e\u043d\u043d\u0438\u043a\u0430 \u043a\u0438\u0442\u0430\u0439\u0441\u043a\u043e\u0433\u043e - Krzewi\u0144ski\",\"isPartOf\":{\"@id\":\"https:\/\/krzewinski.pl\/ru\/#website\"},\"datePublished\":\"2015-11-02T08:39:33+00:00\",\"dateModified\":\"2016-06-03T13:13:09+00:00\",\"breadcrumb\":{\"@id\":\"https:\/\/krzewinski.pl\/ru\/%d1%81%d0%b0%d0%b6%d0%b5%d0%bd%d1%86%d1%8b-%d0%bb%d0%b8%d0%bc%d0%be%d0%bd%d0%bd%d0%b8%d0%ba%d0%b0-%d0%ba%d0%b8%d1%82%d0%b0%d0%b9%d1%81%d0%ba%d0%be%d0%b3%d0%be\/#breadcrumb\"},\"inLanguage\":\"ru-RU\",\"potentialAction\":[{\"@type\":\"ReadAction\",\"target\":[\"https:\/\/krzewinski.pl\/ru\/%d1%81%d0%b0%d0%b6%d0%b5%d0%bd%d1%86%d1%8b-%d0%bb%d0%b8%d0%bc%d0%be%d0%bd%d0%bd%d0%b8%d0%ba%d0%b0-%d0%ba%d0%b8%d1%82%d0%b0%d0%b9%d1%81%d0%ba%d0%be%d0%b3%d0%be\/\"]}]},{\"@type\":\"BreadcrumbList\",\"@id\":\"https:\/\/krzewinski.pl\/ru\/%d1%81%d0%b0%d0%b6%d0%b5%d0%bd%d1%86%d1%8b-%d0%bb%d0%b8%d0%bc%d0%be%d0%bd%d0%bd%d0%b8%d0%ba%d0%b0-%d0%ba%d0%b8%d1%82%d0%b0%d0%b9%d1%81%d0%ba%d0%be%d0%b3%d0%be\/#breadcrumb\",\"itemListElement\":[{\"@type\":\"ListItem\",\"position\":1,\"name\":\"Strona g\u0142\u00f3wna\",\"item\":\"https:\/\/krzewinski.pl\/ru\/\"},{\"@type\":\"ListItem\",\"position\":2,\"name\":\"\u0421\u0430\u0436\u0435\u043d\u0446\u044b \u043b\u0438\u043c\u043e\u043d\u043d\u0438\u043a\u0430 \u043a\u0438\u0442\u0430\u0439\u0441\u043a\u043e\u0433\u043e\"}]},{\"@type\":\"WebSite\",\"@id\":\"https:\/\/krzewinski.pl\/ru\/#website\",\"url\":\"https:\/\/krzewinski.pl\/ru\/\",\"name\":\"Krzewi\u0144ski\",\"description\":\"Szk\u00f3\u0142ka krzew\u00f3w owocowych\",\"publisher\":{\"@id\":\"https:\/\/krzewinski.pl\/ru\/#organization\"},\"potentialAction\":[{\"@type\":\"SearchAction\",\"target\":{\"@type\":\"EntryPoint\",\"urlTemplate\":\"https:\/\/krzewinski.pl\/ru\/?s={search_term_string}\"},\"query-input\":\"required name=search_term_string\"}],\"inLanguage\":\"ru-RU\"},{\"@type\":\"Organization\",\"@id\":\"https:\/\/krzewinski.pl\/ru\/#organization\",\"name\":\"Krzewi\u0144ski\",\"url\":\"https:\/\/krzewinski.pl\/ru\/\",\"logo\":{\"@type\":\"ImageObject\",\"inLanguage\":\"ru-RU\",\"@id\":\"https:\/\/krzewinski.pl\/ru\/#\/schema\/logo\/image\/\",\"url\":\"https:\/\/krzewinski.pl\/wp-content\/uploads\/2015\/10\/logo-www.png\",\"contentUrl\":\"https:\/\/krzewinski.pl\/wp-content\/uploads\/2015\/10\/logo-www.png\",\"width\":263,\"height\":150,\"caption\":\"Krzewi\u0144ski\"},\"image\":{\"@id\":\"https:\/\/krzewinski.pl\/ru\/#\/schema\/logo\/image\/\"},\"sameAs\":[\"https:\/\/www.instagram.com\/lgs.krzewinski\/\",\"https:\/\/www.facebook.com\/lgskrzewinski\"]}]}<\/script>\n<!-- \/ Yoast SEO plugin. -->","yoast_head_json":{"title":"\u0421\u0430\u0436\u0435\u043d\u0446\u044b \u043b\u0438\u043c\u043e\u043d\u043d\u0438\u043a\u0430 \u043a\u0438\u0442\u0430\u0439\u0441\u043a\u043e\u0433\u043e - Krzewi\u0144ski","robots":{"index":"index","follow":"follow","max-snippet":"max-snippet:-1","max-image-preview":"max-image-preview:large","max-video-preview":"max-video-preview:-1"},"canonical":"https:\/\/krzewinski.pl\/ru\/\u0441\u0430\u0436\u0435\u043d\u0446\u044b-\u043b\u0438\u043c\u043e\u043d\u043d\u0438\u043a\u0430-\u043a\u0438\u0442\u0430\u0439\u0441\u043a\u043e\u0433\u043e\/","og_locale":"ru_RU","og_type":"article","og_title":"\u0421\u0430\u0436\u0435\u043d\u0446\u044b \u043b\u0438\u043c\u043e\u043d\u043d\u0438\u043a\u0430 \u043a\u0438\u0442\u0430\u0439\u0441\u043a\u043e\u0433\u043e - Krzewi\u0144ski","og_description":"\u0412 \u043d\u0430\u0442\u0443\u0440\u0430\u043b\u044c\u043d\u043e\u0439 \u0441\u0440\u0435\u0434\u0435 \u043e\u043d \u0440\u0430\u0441\u0442\u0451\u0442 \u0432 \u0433\u043e\u0440\u043d\u044b\u0445 \u043b\u0435\u0441\u0430\u0445 \u0438 \u0434\u043e\u043b\u0438\u043d\u0430\u0445 \u0440\u0435\u043a \u0412\u043e\u0441\u0442\u043e\u0447\u043d\u043e\u0439 \u0410\u0437\u0438\u0438. \u042d\u0442\u043e \u0434\u043e\u043b\u0433\u043e\u0432\u0435\u0447\u043d\u043e\u0435 \u0432\u044c\u044e\u0449\u0435\u0435\u0441\u044f \u0440\u0430\u0441\u0442\u0435\u043d\u0438\u0435. \u042d\u043c\u0443 \u043f\u043e\u0434\u0445\u043e\u0434\u0438\u0442 \u043f\u043e\u043b\u0443\u0442\u0451\u043c\u043d\u0430\u044f \u0441\u0440\u0435\u0434\u0430. \u041f\u0435\u0440\u0438\u043e\u0434 \u0441\u043e\u0437\u0440\u0435\u0432\u0430\u043d\u0438\u044f \u043b\u0438\u043c\u043e\u043d\u043d\u0438\u043a\u0430 \u043f\u0440\u043e\u0438\u0437\u0445\u043e\u0434\u0438\u0442 \u0432 \u0441\u0435\u043d\u0442\u044f\u0431\u0440\u0435 \u0438 \u043e\u043a\u0442\u044f\u0431\u0440\u0435. \u041f\u043b\u043e\u0434\u044b: \u043a\u0440\u0443\u0433\u043b\u044b\u0435, \u0441 \u0431\u043b\u0435\u0441\u043a\u043e\u043c, \u043a\u0440\u0430\u0441\u043d\u044b\u0435. \u041e\u0447\u0435\u043d\u044c \u043f\u043e\u043b\u0435\u0437\u043d\u044b\u0435 \u0434\u043b\u044f \u0437\u0434\u043e\u0440\u043e\u0432\u044c\u044f, \u043f\u043e\u0442\u043e\u043c\u0443 \u0447\u0442\u043e \u0441\u043e\u0434\u0435\u0440\u0436\u0430\u0442 \u0441\u0445\u0438\u0437\u0430\u043d\u0434\u0440\u0438\u043d \u2013 \u0443\u043a\u0440\u0435\u043f\u043b\u044f\u044e\u0449\u0435\u0435 \u0438 \u0442\u043e\u043d\u0438\u0437\u0438\u0440\u0443\u044e\u0449\u0435\u0435 \u0441\u0440\u0435\u0434\u0441\u0442\u0432\u043e, \u0438 \u0432\u0438\u0442\u0430\u043c\u0438\u043d \u0421 \u0438 E.","og_url":"https:\/\/krzewinski.pl\/ru\/\u0441\u0430\u0436\u0435\u043d\u0446\u044b-\u043b\u0438\u043c\u043e\u043d\u043d\u0438\u043a\u0430-\u043a\u0438\u0442\u0430\u0439\u0441\u043a\u043e\u0433\u043e\/","og_site_name":"Krzewi\u0144ski","article_publisher":"https:\/\/www.facebook.com\/lgskrzewinski","article_modified_time":"2016-06-03T13:13:09+00:00","og_image":[{"width":398,"height":600,"url":"https:\/\/krzewinski.pl\/wp-content\/uploads\/2015\/11\/e99qpf.jpg","type":"image\/jpeg"}],"twitter_card":"summary_large_image","schema":{"@context":"https:\/\/schema.org","@graph":[{"@type":"WebPage","@id":"https:\/\/krzewinski.pl\/ru\/%d1%81%d0%b0%d0%b6%d0%b5%d0%bd%d1%86%d1%8b-%d0%bb%d0%b8%d0%bc%d0%be%d0%bd%d0%bd%d0%b8%d0%ba%d0%b0-%d0%ba%d0%b8%d1%82%d0%b0%d0%b9%d1%81%d0%ba%d0%be%d0%b3%d0%be\/","url":"https:\/\/krzewinski.pl\/ru\/%d1%81%d0%b0%d0%b6%d0%b5%d0%bd%d1%86%d1%8b-%d0%bb%d0%b8%d0%bc%d0%be%d0%bd%d0%bd%d0%b8%d0%ba%d0%b0-%d0%ba%d0%b8%d1%82%d0%b0%d0%b9%d1%81%d0%ba%d0%be%d0%b3%d0%be\/","name":"\u0421\u0430\u0436\u0435\u043d\u0446\u044b \u043b\u0438\u043c\u043e\u043d\u043d\u0438\u043a\u0430 \u043a\u0438\u0442\u0430\u0439\u0441\u043a\u043e\u0433\u043e - Krzewi\u0144ski","isPartOf":{"@id":"https:\/\/krzewinski.pl\/ru\/#website"},"datePublished":"2015-11-02T08:39:33+00:00","dateModified":"2016-06-03T13:13:09+00:00","breadcrumb":{"@id":"https:\/\/krzewinski.pl\/ru\/%d1%81%d0%b0%d0%b6%d0%b5%d0%bd%d1%86%d1%8b-%d0%bb%d0%b8%d0%bc%d0%be%d0%bd%d0%bd%d0%b8%d0%ba%d0%b0-%d0%ba%d0%b8%d1%82%d0%b0%d0%b9%d1%81%d0%ba%d0%be%d0%b3%d0%be\/#breadcrumb"},"inLanguage":"ru-RU","potentialAction":[{"@type":"ReadAction","target":["https:\/\/krzewinski.pl\/ru\/%d1%81%d0%b0%d0%b6%d0%b5%d0%bd%d1%86%d1%8b-%d0%bb%d0%b8%d0%bc%d0%be%d0%bd%d0%bd%d0%b8%d0%ba%d0%b0-%d0%ba%d0%b8%d1%82%d0%b0%d0%b9%d1%81%d0%ba%d0%be%d0%b3%d0%be\/"]}]},{"@type":"BreadcrumbList","@id":"https:\/\/krzewinski.pl\/ru\/%d1%81%d0%b0%d0%b6%d0%b5%d0%bd%d1%86%d1%8b-%d0%bb%d0%b8%d0%bc%d0%be%d0%bd%d0%bd%d0%b8%d0%ba%d0%b0-%d0%ba%d0%b8%d1%82%d0%b0%d0%b9%d1%81%d0%ba%d0%be%d0%b3%d0%be\/#breadcrumb","itemListElement":[{"@type":"ListItem","position":1,"name":"Strona g\u0142\u00f3wna","item":"https:\/\/krzewinski.pl\/ru\/"},{"@type":"ListItem","position":2,"name":"\u0421\u0430\u0436\u0435\u043d\u0446\u044b \u043b\u0438\u043c\u043e\u043d\u043d\u0438\u043a\u0430 \u043a\u0438\u0442\u0430\u0439\u0441\u043a\u043e\u0433\u043e"}]},{"@type":"WebSite","@id":"https:\/\/krzewinski.pl\/ru\/#website","url":"https:\/\/krzewinski.pl\/ru\/","name":"Krzewi\u0144ski","description":"Szk\u00f3\u0142ka krzew\u00f3w owocowych","publisher":{"@id":"https:\/\/krzewinski.pl\/ru\/#organization"},"potentialAction":[{"@type":"SearchAction","target":{"@type":"EntryPoint","urlTemplate":"https:\/\/krzewinski.pl\/ru\/?s={search_term_string}"},"query-input":"required name=search_term_string"}],"inLanguage":"ru-RU"},{"@type":"Organization","@id":"https:\/\/krzewinski.pl\/ru\/#organization","name":"Krzewi\u0144ski","url":"https:\/\/krzewinski.pl\/ru\/","logo":{"@type":"ImageObject","inLanguage":"ru-RU","@id":"https:\/\/krzewinski.pl\/ru\/#\/schema\/logo\/image\/","url":"https:\/\/krzewinski.pl\/wp-content\/uploads\/2015\/10\/logo-www.png","contentUrl":"https:\/\/krzewinski.pl\/wp-content\/uploads\/2015\/10\/logo-www.png","width":263,"height":150,"caption":"Krzewi\u0144ski"},"image":{"@id":"https:\/\/krzewinski.pl\/ru\/#\/schema\/logo\/image\/"},"sameAs":["https:\/\/www.instagram.com\/lgs.krzewinski\/","https:\/\/www.facebook.com\/lgskrzewinski"]}]}},"_links":{"self":[{"href":"https:\/\/krzewinski.pl\/ru\/wp-json\/wp\/v2\/pages\/2455"}],"collection":[{"href":"https:\/\/krzewinski.pl\/ru\/wp-json\/wp\/v2\/pages"}],"about":[{"href":"https:\/\/krzewinski.pl\/ru\/wp-json\/wp\/v2\/types\/page"}],"author":[{"embeddable":true,"href":"https:\/\/krzewinski.pl\/ru\/wp-json\/wp\/v2\/users\/1"}],"replies":[{"embeddable":true,"href":"https:\/\/krzewinski.pl\/ru\/wp-json\/wp\/v2\/comments?post=2455"}],"version-history":[{"count":3,"href":"https:\/\/krzewinski.pl\/ru\/wp-json\/wp\/v2\/pages\/2455\/revisions"}],"predecessor-version":[{"id":2689,"href":"https:\/\/krzewinski.pl\/ru\/wp-json\/wp\/v2\/pages\/2455\/revisions\/2689"}],"wp:featuredmedia":[{"embeddable":true,"href":"https:\/\/krzewinski.pl\/ru\/wp-json\/wp\/v2\/media\/6598"}],"wp:attachment":[{"href":"https:\/\/krzewinski.pl\/ru\/wp-json\/wp\/v2\/media?parent=2455"}],"curies":[{"name":"wp","href":"https:\/\/api.w.org\/{rel}","templated":true}]}}