{"id":2459,"date":"2015-11-02T09:42:12","date_gmt":"2015-11-02T08:42:12","guid":{"rendered":"https:\/\/krzewinski.pl\/ru\/jezyna\/"},"modified":"2016-06-04T15:58:47","modified_gmt":"2016-06-04T13:58:47","slug":"%d1%81%d0%b0%d0%b6%d0%b5%d0%bd%d1%86%d1%8b-%d0%b5%d0%b6%d0%b5%d0%b2%d0%b8%d0%ba%d0%b8","status":"publish","type":"page","link":"https:\/\/krzewinski.pl\/ru\/%d1%81%d0%b0%d0%b6%d0%b5%d0%bd%d1%86%d1%8b-%d0%b5%d0%b6%d0%b5%d0%b2%d0%b8%d0%ba%d0%b8\/","title":{"rendered":"\u0421\u0430\u0436\u0435\u043d\u0446\u044b \u0435\u0436\u0435\u0432\u0438\u043a\u0438"},"content":{"rendered":"<p class=\"p1\"><span class=\"s1\">\u0415\u0436\u0435\u0432\u0438\u043a\u0430 \u0432 \u043d\u0430\u0442\u0443\u0440\u0430\u043b\u044c\u043d\u043e\u0439 \u0441\u0440\u0435\u0434\u0435 \u0440\u0430\u0441\u0442\u0451\u0442 \u0432 \u0440\u0430\u0437\u043d\u044b\u0445 \u0447\u0430\u0441\u0442\u044c\u044f\u0445 \u0437\u0435\u043c\u043d\u043e\u0433\u043e \u0448\u0430\u0440\u0430 \u0438 \u0440\u0430\u0437\u043d\u044b\u0445 \u043c\u0435\u0441\u0442\u0430\u0445. \u041f\u043b\u043e\u0434\u044b \u0435\u0436\u0435\u0432\u0438\u043a\u0438, \u043a\u0440\u043e\u043c\u0435 \u0432\u043a\u0443\u0441\u043e\u0432\u044b\u0445 \u0438 \u043f\u0438\u0442\u0430\u0442\u0435\u043b\u044c\u043d\u044b\u0445 \u0441\u043e\u0439\u0441\u0442\u0432, \u043e\u0431\u043b\u0430\u0434\u0430\u044e\u0442 \u043c\u043d\u043e\u0436\u0435\u0441\u0442\u0432\u043e\u043c \u043b\u0435\u0447\u0435\u0431\u043d\u044b\u0445 \u0441\u0432\u043e\u0439\u0441\u0442\u0432 \u2013 \u0438\u043c\u0435\u044e\u0442 \u043d\u0430\u043f\u0440\u0438\u043c\u0435\u0440 \u043f\u0440\u043e\u0442\u0438\u0432\u043e\u0432\u043e\u0441\u043f\u0430\u043b\u0438\u0442\u0435\u043b\u044c\u043d\u043e\u0435 \u0434\u0435\u0439\u0441\u0442\u0432\u0438\u0435, \u0430 \u0442\u0430\u043a\u0436\u0435 \u043f\u0440\u0442\u0438\u0432\u0432\u0438\u0440\u0443\u0441\u043d\u043e\u0435 \u0438 \u0430\u043d\u0442\u0438\u0431\u0430\u043a\u0442\u0435\u0440\u0438\u0446\u0438\u0434\u043d\u043e\u0435. \u041a\u0440\u043e\u043c\u0435 \u0442\u043e\u0433\u043e \u0435\u0436\u0435\u0432\u0438\u043a\u0430 \u0432\u044b\u0433\u043b\u044f\u0434\u0438\u0442 \u043f\u0440\u0435\u043a\u0430\u0441\u043d\u043e. \u0426\u0432\u0435\u0442\u044b, \u043f\u043b\u043e\u0434\u044b \u0438 \u0440\u0430\u0437\u043d\u043e\u0446\u0432\u0435\u0442\u043d\u044b\u0435 \u043e\u0441\u0435\u043d\u043d\u0438\u0435 \u043b\u0438\u0441\u0442\u044c\u044f \u0435\u0436\u0435\u0432\u0438\u043a\u0438 \u043f\u0440\u0435\u043a\u0440\u0430\u0441\u043d\u043e \u0441\u043c\u043e\u0442\u0440\u044f\u0442\u0441\u044f.<span class=\"s2\">Navaho<\/span><\/span><\/p>\n<p class=\"p2\"><span class=\"s3\"><a href=\"https:\/\/krzewinski.pl\/ru\/%d1%81%d0%b0%d0%b6%d0%b5%d0%bd%d1%86%d1%8b-%d0%b5%d0%b6%d0%b5%d0%b2%d0%b8%d0%ba%d0%b8\/%d1%81%d0%b0%d0%b6%d0%b5%d0%bd%d1%86%d1%8b-%d0%b5%d0%b6%d0%b5%d0%b2%d0%b8%d0%ba%d0%b8-black-satin\/\">Black Satin<\/a><\/span><\/p>\n<p class=\"p2\"><span class=\"s3\"><a href=\"https:\/\/krzewinski.pl\/ru\/%d1%81%d0%b0%d0%b6%d0%b5%d0%bd%d1%86%d1%8b-%d0%b5%d0%b6%d0%b5%d0%b2%d0%b8%d0%ba%d0%b8\/%d1%81%d0%b0%d0%b6%d0%b5%d0%bd%d1%86%d1%8b-%d0%b5%d0%b6%d0%b5%d0%b2%d0%b8%d0%ba%d0%b8-loch-ness\/\">Loch Ness<\/a><\/span><\/p>\n<p class=\"p2\"><span class=\"s3\"><a href=\"https:\/\/krzewinski.pl\/ru\/%d1%81%d0%b0%d0%b6%d0%b5%d0%bd%d1%86%d1%8b-%d0%b5%d0%b6%d0%b5%d0%b2%d0%b8%d0%ba%d0%b8\/%d1%81%d0%b0%d0%b6%d0%b5%d0%bd%d1%86%d1%8b-%d0%b5%d0%b6%d0%b5%d0%b2%d0%b8%d0%ba%d0%b8-asterina\/\">Asterina \u00ae<\/a><\/span><\/p>\n<p class=\"p2\"><span class=\"s3\"><a href=\"https:\/\/krzewinski.pl\/ru\/%d1%81%d0%b0%d0%b6%d0%b5%d0%bd%d1%86%d1%8b-%d0%b5%d0%b6%d0%b5%d0%b2%d0%b8%d0%ba%d0%b8\/%d1%81%d0%b0%d0%b6%d0%b5%d0%bd%d1%86%d1%8b-%d0%b5%d0%b6%d0%b5%d0%b2%d0%b8%d0%ba%d0%b8-gazda\/\">Gazda \u00ae<\/a><\/span><\/p>\n<p class=\"p2\"><span class=\"s3\"><a href=\"https:\/\/krzewinski.pl\/ru\/%d1%81%d0%b0%d0%b6%d0%b5%d0%bd%d1%86%d1%8b-%d0%b5%d0%b6%d0%b5%d0%b2%d0%b8%d0%ba%d0%b8\/%d1%81%d0%b0%d0%b6%d0%b5%d0%bd%d1%86%d1%8b-%d0%b5%d0%b6%d0%b5%d0%b2%d0%b8%d0%ba%d0%b8-loch-tay\/\">Loch Tay \u00ae<\/a><\/span><\/p>\n","protected":false},"excerpt":{"rendered":"<p>\u0415\u0436\u0435\u0432\u0438\u043a\u0430 \u0432 \u043d\u0430\u0442\u0443\u0440\u0430\u043b\u044c\u043d\u043e\u0439 \u0441\u0440\u0435\u0434\u0435 \u0440\u0430\u0441\u0442\u0451\u0442 \u0432 \u0440\u0430\u0437\u043d\u044b\u0445 \u0447\u0430\u0441\u0442\u044c\u044f\u0445 \u0437\u0435\u043c\u043d\u043e\u0433\u043e \u0448\u0430\u0440\u0430 \u0438 \u0440\u0430\u0437\u043d\u044b\u0445 \u043c\u0435\u0441\u0442\u0430\u0445. \u041f\u043b\u043e\u0434\u044b \u0435\u0436\u0435\u0432\u0438\u043a\u0438, \u043a\u0440\u043e\u043c\u0435 \u0432\u043a\u0443\u0441\u043e\u0432\u044b\u0445 \u0438 \u043f\u0438\u0442\u0430\u0442\u0435\u043b\u044c\u043d\u044b\u0445 \u0441\u043e\u0439\u0441\u0442\u0432, \u043e\u0431\u043b\u0430\u0434\u0430\u044e\u0442 \u043c\u043d\u043e\u0436\u0435\u0441\u0442\u0432\u043e\u043c \u043b\u0435\u0447\u0435\u0431\u043d\u044b\u0445 \u0441\u0432\u043e\u0439\u0441\u0442\u0432 \u2013 \u0438\u043c\u0435\u044e\u0442 \u043d\u0430\u043f\u0440\u0438\u043c\u0435\u0440 \u043f\u0440\u043e\u0442\u0438\u0432\u043e\u0432\u043e\u0441\u043f\u0430\u043b\u0438\u0442\u0435\u043b\u044c\u043d\u043e\u0435 \u0434\u0435\u0439\u0441\u0442\u0432\u0438\u0435, \u0430 \u0442\u0430\u043a\u0436\u0435 \u043f\u0440\u0442\u0438\u0432\u0432\u0438\u0440\u0443\u0441\u043d\u043e\u0435 \u0438 \u0430\u043d\u0442\u0438\u0431\u0430\u043a\u0442\u0435\u0440\u0438\u0446\u0438\u0434\u043d\u043e\u0435. \u041a\u0440\u043e\u043c\u0435 \u0442\u043e\u0433\u043e \u0435\u0436\u0435\u0432\u0438\u043a\u0430 \u0432\u044b\u0433\u043b\u044f\u0434\u0438\u0442 \u043f\u0440\u0435\u043a\u0430\u0441\u043d\u043e. \u0426\u0432\u0435\u0442\u044b, \u043f\u043b\u043e\u0434\u044b \u0438 \u0440\u0430\u0437\u043d\u043e\u0446\u0432\u0435\u0442\u043d\u044b\u0435 \u043e\u0441\u0435\u043d\u043d\u0438\u0435 \u043b\u0438\u0441\u0442\u044c\u044f \u0435\u0436\u0435\u0432\u0438\u043a\u0438 \u043f\u0440\u0435\u043a\u0440\u0430\u0441\u043d\u043e \u0441\u043c\u043e\u0442\u0440\u044f\u0442\u0441\u044f.Navaho Black Satin Loch Ness Asterina \u00ae Gazda &hellip;<\/p>\n","protected":false},"author":1,"featured_media":0,"parent":0,"menu_order":0,"comment_status":"closed","ping_status":"closed","template":"","meta":[],"acf":[],"yoast_head":"<!-- This site is optimized with the Yoast SEO plugin v19.13 - https:\/\/yoast.com\/wordpress\/plugins\/seo\/ -->\n<title>\u0421\u0430\u0436\u0435\u043d\u0446\u044b \u0435\u0436\u0435\u0432\u0438\u043a\u0438 - Krzewi\u0144ski<\/title>\n<meta name=\"robots\" content=\"index, follow, max-snippet:-1, max-image-preview:large, max-video-preview:-1\" \/>\n<link rel=\"canonical\" href=\"https:\/\/krzewinski.pl\/ru\/\u0441\u0430\u0436\u0435\u043d\u0446\u044b-\u0435\u0436\u0435\u0432\u0438\u043a\u0438\/\" \/>\n<meta property=\"og:locale\" content=\"ru_RU\" \/>\n<meta property=\"og:type\" content=\"article\" \/>\n<meta property=\"og:title\" content=\"\u0421\u0430\u0436\u0435\u043d\u0446\u044b \u0435\u0436\u0435\u0432\u0438\u043a\u0438 - Krzewi\u0144ski\" \/>\n<meta property=\"og:description\" content=\"\u0415\u0436\u0435\u0432\u0438\u043a\u0430 \u0432 \u043d\u0430\u0442\u0443\u0440\u0430\u043b\u044c\u043d\u043e\u0439 \u0441\u0440\u0435\u0434\u0435 \u0440\u0430\u0441\u0442\u0451\u0442 \u0432 \u0440\u0430\u0437\u043d\u044b\u0445 \u0447\u0430\u0441\u0442\u044c\u044f\u0445 \u0437\u0435\u043c\u043d\u043e\u0433\u043e \u0448\u0430\u0440\u0430 \u0438 \u0440\u0430\u0437\u043d\u044b\u0445 \u043c\u0435\u0441\u0442\u0430\u0445. \u041f\u043b\u043e\u0434\u044b \u0435\u0436\u0435\u0432\u0438\u043a\u0438, \u043a\u0440\u043e\u043c\u0435 \u0432\u043a\u0443\u0441\u043e\u0432\u044b\u0445 \u0438 \u043f\u0438\u0442\u0430\u0442\u0435\u043b\u044c\u043d\u044b\u0445 \u0441\u043e\u0439\u0441\u0442\u0432, \u043e\u0431\u043b\u0430\u0434\u0430\u044e\u0442 \u043c\u043d\u043e\u0436\u0435\u0441\u0442\u0432\u043e\u043c \u043b\u0435\u0447\u0435\u0431\u043d\u044b\u0445 \u0441\u0432\u043e\u0439\u0441\u0442\u0432 \u2013 \u0438\u043c\u0435\u044e\u0442 \u043d\u0430\u043f\u0440\u0438\u043c\u0435\u0440 \u043f\u0440\u043e\u0442\u0438\u0432\u043e\u0432\u043e\u0441\u043f\u0430\u043b\u0438\u0442\u0435\u043b\u044c\u043d\u043e\u0435 \u0434\u0435\u0439\u0441\u0442\u0432\u0438\u0435, \u0430 \u0442\u0430\u043a\u0436\u0435 \u043f\u0440\u0442\u0438\u0432\u0432\u0438\u0440\u0443\u0441\u043d\u043e\u0435 \u0438 \u0430\u043d\u0442\u0438\u0431\u0430\u043a\u0442\u0435\u0440\u0438\u0446\u0438\u0434\u043d\u043e\u0435. \u041a\u0440\u043e\u043c\u0435 \u0442\u043e\u0433\u043e \u0435\u0436\u0435\u0432\u0438\u043a\u0430 \u0432\u044b\u0433\u043b\u044f\u0434\u0438\u0442 \u043f\u0440\u0435\u043a\u0430\u0441\u043d\u043e. \u0426\u0432\u0435\u0442\u044b, \u043f\u043b\u043e\u0434\u044b \u0438 \u0440\u0430\u0437\u043d\u043e\u0446\u0432\u0435\u0442\u043d\u044b\u0435 \u043e\u0441\u0435\u043d\u043d\u0438\u0435 \u043b\u0438\u0441\u0442\u044c\u044f \u0435\u0436\u0435\u0432\u0438\u043a\u0438 \u043f\u0440\u0435\u043a\u0440\u0430\u0441\u043d\u043e \u0441\u043c\u043e\u0442\u0440\u044f\u0442\u0441\u044f.Navaho Black Satin Loch Ness Asterina \u00ae Gazda &hellip;\" \/>\n<meta property=\"og:url\" content=\"https:\/\/krzewinski.pl\/ru\/\u0441\u0430\u0436\u0435\u043d\u0446\u044b-\u0435\u0436\u0435\u0432\u0438\u043a\u0438\/\" \/>\n<meta property=\"og:site_name\" content=\"Krzewi\u0144ski\" \/>\n<meta property=\"article:publisher\" content=\"https:\/\/www.facebook.com\/lgskrzewinski\" \/>\n<meta property=\"article:modified_time\" content=\"2016-06-04T13:58:47+00:00\" \/>\n<meta name=\"twitter:card\" content=\"summary_large_image\" \/>\n<script type=\"application\/ld+json\" class=\"yoast-schema-graph\">{\"@context\":\"https:\/\/schema.org\",\"@graph\":[{\"@type\":\"WebPage\",\"@id\":\"https:\/\/krzewinski.pl\/ru\/%d1%81%d0%b0%d0%b6%d0%b5%d0%bd%d1%86%d1%8b-%d0%b5%d0%b6%d0%b5%d0%b2%d0%b8%d0%ba%d0%b8\/\",\"url\":\"https:\/\/krzewinski.pl\/ru\/%d1%81%d0%b0%d0%b6%d0%b5%d0%bd%d1%86%d1%8b-%d0%b5%d0%b6%d0%b5%d0%b2%d0%b8%d0%ba%d0%b8\/\",\"name\":\"\u0421\u0430\u0436\u0435\u043d\u0446\u044b \u0435\u0436\u0435\u0432\u0438\u043a\u0438 - Krzewi\u0144ski\",\"isPartOf\":{\"@id\":\"https:\/\/krzewinski.pl\/ru\/#website\"},\"datePublished\":\"2015-11-02T08:42:12+00:00\",\"dateModified\":\"2016-06-04T13:58:47+00:00\",\"breadcrumb\":{\"@id\":\"https:\/\/krzewinski.pl\/ru\/%d1%81%d0%b0%d0%b6%d0%b5%d0%bd%d1%86%d1%8b-%d0%b5%d0%b6%d0%b5%d0%b2%d0%b8%d0%ba%d0%b8\/#breadcrumb\"},\"inLanguage\":\"ru-RU\",\"potentialAction\":[{\"@type\":\"ReadAction\",\"target\":[\"https:\/\/krzewinski.pl\/ru\/%d1%81%d0%b0%d0%b6%d0%b5%d0%bd%d1%86%d1%8b-%d0%b5%d0%b6%d0%b5%d0%b2%d0%b8%d0%ba%d0%b8\/\"]}]},{\"@type\":\"BreadcrumbList\",\"@id\":\"https:\/\/krzewinski.pl\/ru\/%d1%81%d0%b0%d0%b6%d0%b5%d0%bd%d1%86%d1%8b-%d0%b5%d0%b6%d0%b5%d0%b2%d0%b8%d0%ba%d0%b8\/#breadcrumb\",\"itemListElement\":[{\"@type\":\"ListItem\",\"position\":1,\"name\":\"Strona g\u0142\u00f3wna\",\"item\":\"https:\/\/krzewinski.pl\/ru\/\"},{\"@type\":\"ListItem\",\"position\":2,\"name\":\"\u0421\u0430\u0436\u0435\u043d\u0446\u044b \u0435\u0436\u0435\u0432\u0438\u043a\u0438\"}]},{\"@type\":\"WebSite\",\"@id\":\"https:\/\/krzewinski.pl\/ru\/#website\",\"url\":\"https:\/\/krzewinski.pl\/ru\/\",\"name\":\"Krzewi\u0144ski\",\"description\":\"Szk\u00f3\u0142ka krzew\u00f3w owocowych\",\"publisher\":{\"@id\":\"https:\/\/krzewinski.pl\/ru\/#organization\"},\"potentialAction\":[{\"@type\":\"SearchAction\",\"target\":{\"@type\":\"EntryPoint\",\"urlTemplate\":\"https:\/\/krzewinski.pl\/ru\/?s={search_term_string}\"},\"query-input\":\"required name=search_term_string\"}],\"inLanguage\":\"ru-RU\"},{\"@type\":\"Organization\",\"@id\":\"https:\/\/krzewinski.pl\/ru\/#organization\",\"name\":\"Krzewi\u0144ski\",\"url\":\"https:\/\/krzewinski.pl\/ru\/\",\"logo\":{\"@type\":\"ImageObject\",\"inLanguage\":\"ru-RU\",\"@id\":\"https:\/\/krzewinski.pl\/ru\/#\/schema\/logo\/image\/\",\"url\":\"https:\/\/krzewinski.pl\/wp-content\/uploads\/2015\/10\/logo-www.png\",\"contentUrl\":\"https:\/\/krzewinski.pl\/wp-content\/uploads\/2015\/10\/logo-www.png\",\"width\":263,\"height\":150,\"caption\":\"Krzewi\u0144ski\"},\"image\":{\"@id\":\"https:\/\/krzewinski.pl\/ru\/#\/schema\/logo\/image\/\"},\"sameAs\":[\"https:\/\/www.instagram.com\/lgs.krzewinski\/\",\"https:\/\/www.facebook.com\/lgskrzewinski\"]}]}<\/script>\n<!-- \/ Yoast SEO plugin. -->","yoast_head_json":{"title":"\u0421\u0430\u0436\u0435\u043d\u0446\u044b \u0435\u0436\u0435\u0432\u0438\u043a\u0438 - Krzewi\u0144ski","robots":{"index":"index","follow":"follow","max-snippet":"max-snippet:-1","max-image-preview":"max-image-preview:large","max-video-preview":"max-video-preview:-1"},"canonical":"https:\/\/krzewinski.pl\/ru\/\u0441\u0430\u0436\u0435\u043d\u0446\u044b-\u0435\u0436\u0435\u0432\u0438\u043a\u0438\/","og_locale":"ru_RU","og_type":"article","og_title":"\u0421\u0430\u0436\u0435\u043d\u0446\u044b \u0435\u0436\u0435\u0432\u0438\u043a\u0438 - Krzewi\u0144ski","og_description":"\u0415\u0436\u0435\u0432\u0438\u043a\u0430 \u0432 \u043d\u0430\u0442\u0443\u0440\u0430\u043b\u044c\u043d\u043e\u0439 \u0441\u0440\u0435\u0434\u0435 \u0440\u0430\u0441\u0442\u0451\u0442 \u0432 \u0440\u0430\u0437\u043d\u044b\u0445 \u0447\u0430\u0441\u0442\u044c\u044f\u0445 \u0437\u0435\u043c\u043d\u043e\u0433\u043e \u0448\u0430\u0440\u0430 \u0438 \u0440\u0430\u0437\u043d\u044b\u0445 \u043c\u0435\u0441\u0442\u0430\u0445. \u041f\u043b\u043e\u0434\u044b \u0435\u0436\u0435\u0432\u0438\u043a\u0438, \u043a\u0440\u043e\u043c\u0435 \u0432\u043a\u0443\u0441\u043e\u0432\u044b\u0445 \u0438 \u043f\u0438\u0442\u0430\u0442\u0435\u043b\u044c\u043d\u044b\u0445 \u0441\u043e\u0439\u0441\u0442\u0432, \u043e\u0431\u043b\u0430\u0434\u0430\u044e\u0442 \u043c\u043d\u043e\u0436\u0435\u0441\u0442\u0432\u043e\u043c \u043b\u0435\u0447\u0435\u0431\u043d\u044b\u0445 \u0441\u0432\u043e\u0439\u0441\u0442\u0432 \u2013 \u0438\u043c\u0435\u044e\u0442 \u043d\u0430\u043f\u0440\u0438\u043c\u0435\u0440 \u043f\u0440\u043e\u0442\u0438\u0432\u043e\u0432\u043e\u0441\u043f\u0430\u043b\u0438\u0442\u0435\u043b\u044c\u043d\u043e\u0435 \u0434\u0435\u0439\u0441\u0442\u0432\u0438\u0435, \u0430 \u0442\u0430\u043a\u0436\u0435 \u043f\u0440\u0442\u0438\u0432\u0432\u0438\u0440\u0443\u0441\u043d\u043e\u0435 \u0438 \u0430\u043d\u0442\u0438\u0431\u0430\u043a\u0442\u0435\u0440\u0438\u0446\u0438\u0434\u043d\u043e\u0435. \u041a\u0440\u043e\u043c\u0435 \u0442\u043e\u0433\u043e \u0435\u0436\u0435\u0432\u0438\u043a\u0430 \u0432\u044b\u0433\u043b\u044f\u0434\u0438\u0442 \u043f\u0440\u0435\u043a\u0430\u0441\u043d\u043e. \u0426\u0432\u0435\u0442\u044b, \u043f\u043b\u043e\u0434\u044b \u0438 \u0440\u0430\u0437\u043d\u043e\u0446\u0432\u0435\u0442\u043d\u044b\u0435 \u043e\u0441\u0435\u043d\u043d\u0438\u0435 \u043b\u0438\u0441\u0442\u044c\u044f \u0435\u0436\u0435\u0432\u0438\u043a\u0438 \u043f\u0440\u0435\u043a\u0440\u0430\u0441\u043d\u043e \u0441\u043c\u043e\u0442\u0440\u044f\u0442\u0441\u044f.Navaho Black Satin Loch Ness Asterina \u00ae Gazda &hellip;","og_url":"https:\/\/krzewinski.pl\/ru\/\u0441\u0430\u0436\u0435\u043d\u0446\u044b-\u0435\u0436\u0435\u0432\u0438\u043a\u0438\/","og_site_name":"Krzewi\u0144ski","article_publisher":"https:\/\/www.facebook.com\/lgskrzewinski","article_modified_time":"2016-06-04T13:58:47+00:00","twitter_card":"summary_large_image","schema":{"@context":"https:\/\/schema.org","@graph":[{"@type":"WebPage","@id":"https:\/\/krzewinski.pl\/ru\/%d1%81%d0%b0%d0%b6%d0%b5%d0%bd%d1%86%d1%8b-%d0%b5%d0%b6%d0%b5%d0%b2%d0%b8%d0%ba%d0%b8\/","url":"https:\/\/krzewinski.pl\/ru\/%d1%81%d0%b0%d0%b6%d0%b5%d0%bd%d1%86%d1%8b-%d0%b5%d0%b6%d0%b5%d0%b2%d0%b8%d0%ba%d0%b8\/","name":"\u0421\u0430\u0436\u0435\u043d\u0446\u044b \u0435\u0436\u0435\u0432\u0438\u043a\u0438 - Krzewi\u0144ski","isPartOf":{"@id":"https:\/\/krzewinski.pl\/ru\/#website"},"datePublished":"2015-11-02T08:42:12+00:00","dateModified":"2016-06-04T13:58:47+00:00","breadcrumb":{"@id":"https:\/\/krzewinski.pl\/ru\/%d1%81%d0%b0%d0%b6%d0%b5%d0%bd%d1%86%d1%8b-%d0%b5%d0%b6%d0%b5%d0%b2%d0%b8%d0%ba%d0%b8\/#breadcrumb"},"inLanguage":"ru-RU","potentialAction":[{"@type":"ReadAction","target":["https:\/\/krzewinski.pl\/ru\/%d1%81%d0%b0%d0%b6%d0%b5%d0%bd%d1%86%d1%8b-%d0%b5%d0%b6%d0%b5%d0%b2%d0%b8%d0%ba%d0%b8\/"]}]},{"@type":"BreadcrumbList","@id":"https:\/\/krzewinski.pl\/ru\/%d1%81%d0%b0%d0%b6%d0%b5%d0%bd%d1%86%d1%8b-%d0%b5%d0%b6%d0%b5%d0%b2%d0%b8%d0%ba%d0%b8\/#breadcrumb","itemListElement":[{"@type":"ListItem","position":1,"name":"Strona g\u0142\u00f3wna","item":"https:\/\/krzewinski.pl\/ru\/"},{"@type":"ListItem","position":2,"name":"\u0421\u0430\u0436\u0435\u043d\u0446\u044b \u0435\u0436\u0435\u0432\u0438\u043a\u0438"}]},{"@type":"WebSite","@id":"https:\/\/krzewinski.pl\/ru\/#website","url":"https:\/\/krzewinski.pl\/ru\/","name":"Krzewi\u0144ski","description":"Szk\u00f3\u0142ka krzew\u00f3w owocowych","publisher":{"@id":"https:\/\/krzewinski.pl\/ru\/#organization"},"potentialAction":[{"@type":"SearchAction","target":{"@type":"EntryPoint","urlTemplate":"https:\/\/krzewinski.pl\/ru\/?s={search_term_string}"},"query-input":"required name=search_term_string"}],"inLanguage":"ru-RU"},{"@type":"Organization","@id":"https:\/\/krzewinski.pl\/ru\/#organization","name":"Krzewi\u0144ski","url":"https:\/\/krzewinski.pl\/ru\/","logo":{"@type":"ImageObject","inLanguage":"ru-RU","@id":"https:\/\/krzewinski.pl\/ru\/#\/schema\/logo\/image\/","url":"https:\/\/krzewinski.pl\/wp-content\/uploads\/2015\/10\/logo-www.png","contentUrl":"https:\/\/krzewinski.pl\/wp-content\/uploads\/2015\/10\/logo-www.png","width":263,"height":150,"caption":"Krzewi\u0144ski"},"image":{"@id":"https:\/\/krzewinski.pl\/ru\/#\/schema\/logo\/image\/"},"sameAs":["https:\/\/www.instagram.com\/lgs.krzewinski\/","https:\/\/www.facebook.com\/lgskrzewinski"]}]}},"_links":{"self":[{"href":"https:\/\/krzewinski.pl\/ru\/wp-json\/wp\/v2\/pages\/2459"}],"collection":[{"href":"https:\/\/krzewinski.pl\/ru\/wp-json\/wp\/v2\/pages"}],"about":[{"href":"https:\/\/krzewinski.pl\/ru\/wp-json\/wp\/v2\/types\/page"}],"author":[{"embeddable":true,"href":"https:\/\/krzewinski.pl\/ru\/wp-json\/wp\/v2\/users\/1"}],"replies":[{"embeddable":true,"href":"https:\/\/krzewinski.pl\/ru\/wp-json\/wp\/v2\/comments?post=2459"}],"version-history":[{"count":5,"href":"https:\/\/krzewinski.pl\/ru\/wp-json\/wp\/v2\/pages\/2459\/revisions"}],"predecessor-version":[{"id":2952,"href":"https:\/\/krzewinski.pl\/ru\/wp-json\/wp\/v2\/pages\/2459\/revisions\/2952"}],"wp:attachment":[{"href":"https:\/\/krzewinski.pl\/ru\/wp-json\/wp\/v2\/media?parent=2459"}],"curies":[{"name":"wp","href":"https:\/\/api.w.org\/{rel}","templated":true}]}}