{"id":2488,"date":"2015-11-02T10:17:31","date_gmt":"2015-11-02T09:17:31","guid":{"rendered":"https:\/\/krzewinski.pl\/ru\/porzeczkoagrest\/"},"modified":"2016-06-07T14:44:35","modified_gmt":"2016-06-07T12:44:35","slug":"%d1%81%d0%b0%d0%b6%d0%b5%d0%bd%d1%86%d1%8b-%d0%b9%d0%be%d1%88%d1%82%d1%8b","status":"publish","type":"page","link":"https:\/\/krzewinski.pl\/ru\/%d1%81%d0%b0%d0%b6%d0%b5%d0%bd%d1%86%d1%8b-%d0%b9%d0%be%d1%88%d1%82%d1%8b\/","title":{"rendered":"\u0421\u0430\u0436\u0435\u043d\u0446\u044b \u0439\u043e\u0448\u0442\u044b"},"content":{"rendered":"<p class=\"p1\"><span class=\"s1\">\u042d\u0442\u043e \u0438\u043d\u0442\u0435\u0440\u0435\u0441\u043d\u043e\u0439 \u0433\u0438\u0431\u0440\u0438\u0434 \u0447\u0451\u0440\u043d\u043e\u0439 \u0441\u043c\u043e\u0440\u043e\u0434\u0438\u043d\u044b \u0438 \u043a\u0440\u044b\u0436\u043e\u0432\u043d\u0438\u043a\u0430. \u041f\u043e\u0445\u043e\u0436\u0430 \u0431\u043e\u043b\u044c\u0448\u0435 \u043d\u0430 \u043a\u0440\u044b\u0436\u043e\u0432\u043d\u0438\u043a, \u043d\u043e \u043f\u0430\u0445\u043d\u0435\u0442 \u043a\u0430\u043a \u0447\u0451\u0440\u043d\u0430\u044f \u0441\u043c\u043e\u0440\u043e\u0434\u0438\u043d\u0430. \u041f\u043e\u0434\u044b \u0439\u043e\u0448\u0442\u044b \u0441\u043e\u0434\u0435\u0440\u0436\u0430\u0442 \u0432\u0438\u0442\u0430\u043c\u0438\u043d \u0421, \u043f\u0440\u043e\u0432\u0438\u0442\u0430\u043c\u0438\u043d \u0410, \u043c\u0438\u043d\u0435\u0440\u0430\u043b\u044c\u043d\u044b\u0435 \u0441\u043e\u043b\u0438, \u043e\u0440\u0433\u0430\u043d\u0438\u0447\u0435\u0441\u043a\u0438\u0435 \u043a\u0438\u0441\u043b\u043e\u0442\u044b \u0438 \u0430\u043d\u0442\u043e\u0446\u0438\u0430\u043d\u044b.<\/span><\/p>\n<ul>\n<li class=\"li2\"><span class=\"s2\"><span class=\"s3\"><a href=\"https:\/\/krzewinski.pl\/ru\/%d1%81%d0%b0%d0%b6%d0%b5%d0%bd%d1%86%d1%8b-%d0%b9%d0%be%d1%88%d1%82%d1%8b\/%d1%81%d0%b0%d0%b6%d0%b5%d0%bd%d1%86%d1%8b-%d0%b9%d0%be%d1%88%d1%82%d1%8b-croma\/\">Croma<\/a><\/span><\/span><\/li>\n<\/ul>\n","protected":false},"excerpt":{"rendered":"<p>\u042d\u0442\u043e \u0438\u043d\u0442\u0435\u0440\u0435\u0441\u043d\u043e\u0439 \u0433\u0438\u0431\u0440\u0438\u0434 \u0447\u0451\u0440\u043d\u043e\u0439 \u0441\u043c\u043e\u0440\u043e\u0434\u0438\u043d\u044b \u0438 \u043a\u0440\u044b\u0436\u043e\u0432\u043d\u0438\u043a\u0430. \u041f\u043e\u0445\u043e\u0436\u0430 \u0431\u043e\u043b\u044c\u0448\u0435 \u043d\u0430 \u043a\u0440\u044b\u0436\u043e\u0432\u043d\u0438\u043a, \u043d\u043e \u043f\u0430\u0445\u043d\u0435\u0442 \u043a\u0430\u043a \u0447\u0451\u0440\u043d\u0430\u044f \u0441\u043c\u043e\u0440\u043e\u0434\u0438\u043d\u0430. \u041f\u043e\u0434\u044b \u0439\u043e\u0448\u0442\u044b \u0441\u043e\u0434\u0435\u0440\u0436\u0430\u0442 \u0432\u0438\u0442\u0430\u043c\u0438\u043d \u0421, \u043f\u0440\u043e\u0432\u0438\u0442\u0430\u043c\u0438\u043d \u0410, \u043c\u0438\u043d\u0435\u0440\u0430\u043b\u044c\u043d\u044b\u0435 \u0441\u043e\u043b\u0438, \u043e\u0440\u0433\u0430\u043d\u0438\u0447\u0435\u0441\u043a\u0438\u0435 \u043a\u0438\u0441\u043b\u043e\u0442\u044b \u0438 \u0430\u043d\u0442\u043e\u0446\u0438\u0430\u043d\u044b. Croma<\/p>\n","protected":false},"author":1,"featured_media":0,"parent":0,"menu_order":0,"comment_status":"closed","ping_status":"closed","template":"","meta":[],"acf":[],"yoast_head":"<!-- This site is optimized with the Yoast SEO plugin v19.13 - https:\/\/yoast.com\/wordpress\/plugins\/seo\/ -->\n<title>\u0421\u0430\u0436\u0435\u043d\u0446\u044b \u0439\u043e\u0448\u0442\u044b - Krzewi\u0144ski<\/title>\n<meta name=\"robots\" content=\"index, follow, max-snippet:-1, max-image-preview:large, max-video-preview:-1\" \/>\n<link rel=\"canonical\" href=\"https:\/\/krzewinski.pl\/ru\/\u0441\u0430\u0436\u0435\u043d\u0446\u044b-\u0439\u043e\u0448\u0442\u044b\/\" \/>\n<meta property=\"og:locale\" content=\"ru_RU\" \/>\n<meta property=\"og:type\" content=\"article\" \/>\n<meta property=\"og:title\" content=\"\u0421\u0430\u0436\u0435\u043d\u0446\u044b \u0439\u043e\u0448\u0442\u044b - Krzewi\u0144ski\" \/>\n<meta property=\"og:description\" content=\"\u042d\u0442\u043e \u0438\u043d\u0442\u0435\u0440\u0435\u0441\u043d\u043e\u0439 \u0433\u0438\u0431\u0440\u0438\u0434 \u0447\u0451\u0440\u043d\u043e\u0439 \u0441\u043c\u043e\u0440\u043e\u0434\u0438\u043d\u044b \u0438 \u043a\u0440\u044b\u0436\u043e\u0432\u043d\u0438\u043a\u0430. \u041f\u043e\u0445\u043e\u0436\u0430 \u0431\u043e\u043b\u044c\u0448\u0435 \u043d\u0430 \u043a\u0440\u044b\u0436\u043e\u0432\u043d\u0438\u043a, \u043d\u043e \u043f\u0430\u0445\u043d\u0435\u0442 \u043a\u0430\u043a \u0447\u0451\u0440\u043d\u0430\u044f \u0441\u043c\u043e\u0440\u043e\u0434\u0438\u043d\u0430. \u041f\u043e\u0434\u044b \u0439\u043e\u0448\u0442\u044b \u0441\u043e\u0434\u0435\u0440\u0436\u0430\u0442 \u0432\u0438\u0442\u0430\u043c\u0438\u043d \u0421, \u043f\u0440\u043e\u0432\u0438\u0442\u0430\u043c\u0438\u043d \u0410, \u043c\u0438\u043d\u0435\u0440\u0430\u043b\u044c\u043d\u044b\u0435 \u0441\u043e\u043b\u0438, \u043e\u0440\u0433\u0430\u043d\u0438\u0447\u0435\u0441\u043a\u0438\u0435 \u043a\u0438\u0441\u043b\u043e\u0442\u044b \u0438 \u0430\u043d\u0442\u043e\u0446\u0438\u0430\u043d\u044b. Croma\" \/>\n<meta property=\"og:url\" content=\"https:\/\/krzewinski.pl\/ru\/\u0441\u0430\u0436\u0435\u043d\u0446\u044b-\u0439\u043e\u0448\u0442\u044b\/\" \/>\n<meta property=\"og:site_name\" content=\"Krzewi\u0144ski\" \/>\n<meta property=\"article:publisher\" content=\"https:\/\/www.facebook.com\/lgskrzewinski\" \/>\n<meta property=\"article:modified_time\" content=\"2016-06-07T12:44:35+00:00\" \/>\n<meta name=\"twitter:card\" content=\"summary_large_image\" \/>\n<script type=\"application\/ld+json\" class=\"yoast-schema-graph\">{\"@context\":\"https:\/\/schema.org\",\"@graph\":[{\"@type\":\"WebPage\",\"@id\":\"https:\/\/krzewinski.pl\/ru\/%d1%81%d0%b0%d0%b6%d0%b5%d0%bd%d1%86%d1%8b-%d0%b9%d0%be%d1%88%d1%82%d1%8b\/\",\"url\":\"https:\/\/krzewinski.pl\/ru\/%d1%81%d0%b0%d0%b6%d0%b5%d0%bd%d1%86%d1%8b-%d0%b9%d0%be%d1%88%d1%82%d1%8b\/\",\"name\":\"\u0421\u0430\u0436\u0435\u043d\u0446\u044b \u0439\u043e\u0448\u0442\u044b - Krzewi\u0144ski\",\"isPartOf\":{\"@id\":\"https:\/\/krzewinski.pl\/ru\/#website\"},\"datePublished\":\"2015-11-02T09:17:31+00:00\",\"dateModified\":\"2016-06-07T12:44:35+00:00\",\"breadcrumb\":{\"@id\":\"https:\/\/krzewinski.pl\/ru\/%d1%81%d0%b0%d0%b6%d0%b5%d0%bd%d1%86%d1%8b-%d0%b9%d0%be%d1%88%d1%82%d1%8b\/#breadcrumb\"},\"inLanguage\":\"ru-RU\",\"potentialAction\":[{\"@type\":\"ReadAction\",\"target\":[\"https:\/\/krzewinski.pl\/ru\/%d1%81%d0%b0%d0%b6%d0%b5%d0%bd%d1%86%d1%8b-%d0%b9%d0%be%d1%88%d1%82%d1%8b\/\"]}]},{\"@type\":\"BreadcrumbList\",\"@id\":\"https:\/\/krzewinski.pl\/ru\/%d1%81%d0%b0%d0%b6%d0%b5%d0%bd%d1%86%d1%8b-%d0%b9%d0%be%d1%88%d1%82%d1%8b\/#breadcrumb\",\"itemListElement\":[{\"@type\":\"ListItem\",\"position\":1,\"name\":\"Strona g\u0142\u00f3wna\",\"item\":\"https:\/\/krzewinski.pl\/ru\/\"},{\"@type\":\"ListItem\",\"position\":2,\"name\":\"\u0421\u0430\u0436\u0435\u043d\u0446\u044b \u0439\u043e\u0448\u0442\u044b\"}]},{\"@type\":\"WebSite\",\"@id\":\"https:\/\/krzewinski.pl\/ru\/#website\",\"url\":\"https:\/\/krzewinski.pl\/ru\/\",\"name\":\"Krzewi\u0144ski\",\"description\":\"Szk\u00f3\u0142ka krzew\u00f3w owocowych\",\"publisher\":{\"@id\":\"https:\/\/krzewinski.pl\/ru\/#organization\"},\"potentialAction\":[{\"@type\":\"SearchAction\",\"target\":{\"@type\":\"EntryPoint\",\"urlTemplate\":\"https:\/\/krzewinski.pl\/ru\/?s={search_term_string}\"},\"query-input\":\"required name=search_term_string\"}],\"inLanguage\":\"ru-RU\"},{\"@type\":\"Organization\",\"@id\":\"https:\/\/krzewinski.pl\/ru\/#organization\",\"name\":\"Krzewi\u0144ski\",\"url\":\"https:\/\/krzewinski.pl\/ru\/\",\"logo\":{\"@type\":\"ImageObject\",\"inLanguage\":\"ru-RU\",\"@id\":\"https:\/\/krzewinski.pl\/ru\/#\/schema\/logo\/image\/\",\"url\":\"https:\/\/krzewinski.pl\/wp-content\/uploads\/2015\/10\/logo-www.png\",\"contentUrl\":\"https:\/\/krzewinski.pl\/wp-content\/uploads\/2015\/10\/logo-www.png\",\"width\":263,\"height\":150,\"caption\":\"Krzewi\u0144ski\"},\"image\":{\"@id\":\"https:\/\/krzewinski.pl\/ru\/#\/schema\/logo\/image\/\"},\"sameAs\":[\"https:\/\/www.instagram.com\/lgs.krzewinski\/\",\"https:\/\/www.facebook.com\/lgskrzewinski\"]}]}<\/script>\n<!-- \/ Yoast SEO plugin. -->","yoast_head_json":{"title":"\u0421\u0430\u0436\u0435\u043d\u0446\u044b \u0439\u043e\u0448\u0442\u044b - Krzewi\u0144ski","robots":{"index":"index","follow":"follow","max-snippet":"max-snippet:-1","max-image-preview":"max-image-preview:large","max-video-preview":"max-video-preview:-1"},"canonical":"https:\/\/krzewinski.pl\/ru\/\u0441\u0430\u0436\u0435\u043d\u0446\u044b-\u0439\u043e\u0448\u0442\u044b\/","og_locale":"ru_RU","og_type":"article","og_title":"\u0421\u0430\u0436\u0435\u043d\u0446\u044b \u0439\u043e\u0448\u0442\u044b - Krzewi\u0144ski","og_description":"\u042d\u0442\u043e \u0438\u043d\u0442\u0435\u0440\u0435\u0441\u043d\u043e\u0439 \u0433\u0438\u0431\u0440\u0438\u0434 \u0447\u0451\u0440\u043d\u043e\u0439 \u0441\u043c\u043e\u0440\u043e\u0434\u0438\u043d\u044b \u0438 \u043a\u0440\u044b\u0436\u043e\u0432\u043d\u0438\u043a\u0430. \u041f\u043e\u0445\u043e\u0436\u0430 \u0431\u043e\u043b\u044c\u0448\u0435 \u043d\u0430 \u043a\u0440\u044b\u0436\u043e\u0432\u043d\u0438\u043a, \u043d\u043e \u043f\u0430\u0445\u043d\u0435\u0442 \u043a\u0430\u043a \u0447\u0451\u0440\u043d\u0430\u044f \u0441\u043c\u043e\u0440\u043e\u0434\u0438\u043d\u0430. \u041f\u043e\u0434\u044b \u0439\u043e\u0448\u0442\u044b \u0441\u043e\u0434\u0435\u0440\u0436\u0430\u0442 \u0432\u0438\u0442\u0430\u043c\u0438\u043d \u0421, \u043f\u0440\u043e\u0432\u0438\u0442\u0430\u043c\u0438\u043d \u0410, \u043c\u0438\u043d\u0435\u0440\u0430\u043b\u044c\u043d\u044b\u0435 \u0441\u043e\u043b\u0438, \u043e\u0440\u0433\u0430\u043d\u0438\u0447\u0435\u0441\u043a\u0438\u0435 \u043a\u0438\u0441\u043b\u043e\u0442\u044b \u0438 \u0430\u043d\u0442\u043e\u0446\u0438\u0430\u043d\u044b. Croma","og_url":"https:\/\/krzewinski.pl\/ru\/\u0441\u0430\u0436\u0435\u043d\u0446\u044b-\u0439\u043e\u0448\u0442\u044b\/","og_site_name":"Krzewi\u0144ski","article_publisher":"https:\/\/www.facebook.com\/lgskrzewinski","article_modified_time":"2016-06-07T12:44:35+00:00","twitter_card":"summary_large_image","schema":{"@context":"https:\/\/schema.org","@graph":[{"@type":"WebPage","@id":"https:\/\/krzewinski.pl\/ru\/%d1%81%d0%b0%d0%b6%d0%b5%d0%bd%d1%86%d1%8b-%d0%b9%d0%be%d1%88%d1%82%d1%8b\/","url":"https:\/\/krzewinski.pl\/ru\/%d1%81%d0%b0%d0%b6%d0%b5%d0%bd%d1%86%d1%8b-%d0%b9%d0%be%d1%88%d1%82%d1%8b\/","name":"\u0421\u0430\u0436\u0435\u043d\u0446\u044b \u0439\u043e\u0448\u0442\u044b - Krzewi\u0144ski","isPartOf":{"@id":"https:\/\/krzewinski.pl\/ru\/#website"},"datePublished":"2015-11-02T09:17:31+00:00","dateModified":"2016-06-07T12:44:35+00:00","breadcrumb":{"@id":"https:\/\/krzewinski.pl\/ru\/%d1%81%d0%b0%d0%b6%d0%b5%d0%bd%d1%86%d1%8b-%d0%b9%d0%be%d1%88%d1%82%d1%8b\/#breadcrumb"},"inLanguage":"ru-RU","potentialAction":[{"@type":"ReadAction","target":["https:\/\/krzewinski.pl\/ru\/%d1%81%d0%b0%d0%b6%d0%b5%d0%bd%d1%86%d1%8b-%d0%b9%d0%be%d1%88%d1%82%d1%8b\/"]}]},{"@type":"BreadcrumbList","@id":"https:\/\/krzewinski.pl\/ru\/%d1%81%d0%b0%d0%b6%d0%b5%d0%bd%d1%86%d1%8b-%d0%b9%d0%be%d1%88%d1%82%d1%8b\/#breadcrumb","itemListElement":[{"@type":"ListItem","position":1,"name":"Strona g\u0142\u00f3wna","item":"https:\/\/krzewinski.pl\/ru\/"},{"@type":"ListItem","position":2,"name":"\u0421\u0430\u0436\u0435\u043d\u0446\u044b \u0439\u043e\u0448\u0442\u044b"}]},{"@type":"WebSite","@id":"https:\/\/krzewinski.pl\/ru\/#website","url":"https:\/\/krzewinski.pl\/ru\/","name":"Krzewi\u0144ski","description":"Szk\u00f3\u0142ka krzew\u00f3w owocowych","publisher":{"@id":"https:\/\/krzewinski.pl\/ru\/#organization"},"potentialAction":[{"@type":"SearchAction","target":{"@type":"EntryPoint","urlTemplate":"https:\/\/krzewinski.pl\/ru\/?s={search_term_string}"},"query-input":"required name=search_term_string"}],"inLanguage":"ru-RU"},{"@type":"Organization","@id":"https:\/\/krzewinski.pl\/ru\/#organization","name":"Krzewi\u0144ski","url":"https:\/\/krzewinski.pl\/ru\/","logo":{"@type":"ImageObject","inLanguage":"ru-RU","@id":"https:\/\/krzewinski.pl\/ru\/#\/schema\/logo\/image\/","url":"https:\/\/krzewinski.pl\/wp-content\/uploads\/2015\/10\/logo-www.png","contentUrl":"https:\/\/krzewinski.pl\/wp-content\/uploads\/2015\/10\/logo-www.png","width":263,"height":150,"caption":"Krzewi\u0144ski"},"image":{"@id":"https:\/\/krzewinski.pl\/ru\/#\/schema\/logo\/image\/"},"sameAs":["https:\/\/www.instagram.com\/lgs.krzewinski\/","https:\/\/www.facebook.com\/lgskrzewinski"]}]}},"_links":{"self":[{"href":"https:\/\/krzewinski.pl\/ru\/wp-json\/wp\/v2\/pages\/2488"}],"collection":[{"href":"https:\/\/krzewinski.pl\/ru\/wp-json\/wp\/v2\/pages"}],"about":[{"href":"https:\/\/krzewinski.pl\/ru\/wp-json\/wp\/v2\/types\/page"}],"author":[{"embeddable":true,"href":"https:\/\/krzewinski.pl\/ru\/wp-json\/wp\/v2\/users\/1"}],"replies":[{"embeddable":true,"href":"https:\/\/krzewinski.pl\/ru\/wp-json\/wp\/v2\/comments?post=2488"}],"version-history":[{"count":4,"href":"https:\/\/krzewinski.pl\/ru\/wp-json\/wp\/v2\/pages\/2488\/revisions"}],"predecessor-version":[{"id":3172,"href":"https:\/\/krzewinski.pl\/ru\/wp-json\/wp\/v2\/pages\/2488\/revisions\/3172"}],"wp:attachment":[{"href":"https:\/\/krzewinski.pl\/ru\/wp-json\/wp\/v2\/media?parent=2488"}],"curies":[{"name":"wp","href":"https:\/\/api.w.org\/{rel}","templated":true}]}}