{"id":2496,"date":"2015-11-02T10:33:36","date_gmt":"2015-11-02T09:33:36","guid":{"rendered":"https:\/\/krzewinski.pl\/ru\/winorosl\/"},"modified":"2017-07-14T13:28:47","modified_gmt":"2017-07-14T11:28:47","slug":"%d1%81%d0%b0%d0%b6%d0%b5%d0%bd%d1%86%d1%8b-%d0%b2%d0%b8%d0%bd%d0%be%d0%b3%d1%80%d0%b0%d0%b4%d0%b0","status":"publish","type":"page","link":"https:\/\/krzewinski.pl\/ru\/%d1%81%d0%b0%d0%b6%d0%b5%d0%bd%d1%86%d1%8b-%d0%b2%d0%b8%d0%bd%d0%be%d0%b3%d1%80%d0%b0%d0%b4%d0%b0\/","title":{"rendered":"\u0421\u0430\u0436\u0435\u043d\u0446\u044b \u0432\u0438\u043d\u043e\u0433\u0440\u0430\u0434\u0430"},"content":{"rendered":"<div id=\"pl-2496\"  class=\"panel-layout\" ><div id=\"pg-2496-0\"  class=\"panel-grid panel-no-style\" ><div id=\"pgc-2496-0-0\"  class=\"panel-grid-cell\" ><div id=\"panel-2496-0-0-0\" class=\"so-panel widget widget_black-studio-tinymce widget_black_studio_tinymce panel-first-child panel-last-child\" data-index=\"0\" ><div class=\"textwidget\"><p>Maja<\/p>\n<p>VI-20-8-2<\/p>\n<p>Timur<\/p>\n<p>Talizman<\/p>\n<p>Suzy<\/p>\n<p>Seyve Villard<\/p>\n<p>Ruswen<\/p>\n<p>Rusmo\u0142<\/p>\n<p>Rusbo\u0142<\/p>\n<p>Regina<\/p>\n<p>Prim<\/p>\n<p>Podarok Zaporo\u017ca<\/p>\n<p>Plewien Muskatnyj<\/p>\n<p>Piesnia<\/p>\n<p>Muskat Letnij<\/p>\n<p>\u0141ora<\/p>\n<p>Ludmi\u0142a<\/p>\n<p>Kristaly<\/p>\n<p>Jutrzenka<\/p>\n<p>Jewroplewien<\/p>\n<p>Iza Zaliwska<\/p>\n<p>G\u04e7cseji Zamatos<\/p>\n<p>Bianca<\/p>\n<p>Arkadia<\/p>\n<p>Zosia<\/p>\n<p>Rumene<\/p>\n<\/div><\/div><\/div><div id=\"pgc-2496-0-1\"  class=\"panel-grid-cell\" ><div id=\"panel-2496-0-1-0\" class=\"so-panel widget widget_black-studio-tinymce widget_black_studio_tinymce panel-first-child panel-last-child\" data-index=\"1\" ><div class=\"textwidget\"><p>PG-12<\/p>\n<p>Nadie\u017cda Ukrainy<\/p>\n<p>Mi\u0144sk R\u00f3\u017cowy<\/p>\n<p>Katharina<\/p>\n<p>Einset Seedless<\/p>\n<p>Dena\u0142<\/p>\n<p>Arocznyj<\/p>\n<p>217-40-3-1<\/p>\n<p>Muskat New York<\/p>\n<p>Venus<\/p>\n<p>Szto\u0142ben<\/p>\n<p>Schuyler<\/p>\n<p>Rondo<\/p>\n<p>Regent<\/p>\n<p>Peage<\/p>\n<p>Nero<\/p>\n<p>Nadie\u017cda Azos<\/p>\n<p>Muskat Blue<\/p>\n<p>Kodrianka<\/p>\n<p>Beta<\/p>\n<p>A\u0142yj<\/p>\n<p>Ajwaz<\/p>\n<p>Agat Donskij<\/p>\n<\/div><\/div><\/div><\/div><div id=\"pg-2496-1\"  class=\"panel-grid panel-no-style\" ><div id=\"pgc-2496-1-0\"  class=\"panel-grid-cell\" ><div id=\"panel-2496-1-0-0\" class=\"so-panel widget widget_black-studio-tinymce widget_black_studio_tinymce panel-first-child panel-last-child\" data-index=\"2\" ><div class=\"textwidget\"><p class=\"p1\"><span class=\"s1\">\u0421\u043e\u0440\u0442\u0430 \u0441 \u044f\u0440\u043a\u0438\u043c\u0438 \u043f\u043b\u043e\u0434\u0430\u043c\u0438<br \/> \u0421\u043e\u0440\u0442\u0430 \u0441 \u0440\u043e\u0437\u043e\u0432\u044b\u043c\u0438 \u043f\u043b\u043e\u0434\u0430\u043c\u0438<br \/> \u0421\u043e\u0440\u0442\u0430 \u0441 \u0441\u0438\u043d\u0438\u043c\u0438 \u043f\u043b\u043e\u0434\u0430\u043c\u0438<\/span><\/p>\n<\/div><\/div><\/div><\/div><\/div>","protected":false},"excerpt":{"rendered":"<p>MajaVI-20-8-2TimurTalizmanSuzySeyve VillardRuswenRusmo\u0142Rusbo\u0142ReginaPrimPodarok Zaporo\u017caPlewien MuskatnyjPiesniaMuskat Letnij\u0141oraLudmi\u0142aKristalyJutrzenkaJewroplewienIza ZaliwskaG\u04e7cseji ZamatosBiancaArkadiaZosiaRumene PG-12Nadie\u017cda UkrainyMi\u0144sk R\u00f3\u017cowyKatharinaEinset SeedlessDena\u0142Arocznyj217-40-3-1Muskat New YorkVenusSzto\u0142benSchuylerRondoRegentPeageNeroNadie\u017cda AzosMuskat BlueKodriankaBetaA\u0142yjAjwazAgat Donskij \u0421\u043e\u0440\u0442\u0430 \u0441 \u044f\u0440\u043a\u0438\u043c\u0438 \u043f\u043b\u043e\u0434\u0430\u043c\u0438 \u0421\u043e\u0440\u0442\u0430 \u0441 \u0440\u043e\u0437\u043e\u0432\u044b\u043c\u0438 \u043f\u043b\u043e\u0434\u0430\u043c\u0438 \u0421\u043e\u0440\u0442\u0430 \u0441 \u0441\u0438\u043d\u0438\u043c\u0438 \u043f\u043b\u043e\u0434\u0430\u043c\u0438<\/p>\n","protected":false},"author":1,"featured_media":0,"parent":0,"menu_order":0,"comment_status":"closed","ping_status":"closed","template":"","meta":[],"acf":[],"yoast_head":"<!-- This site is optimized with the Yoast SEO plugin v19.13 - https:\/\/yoast.com\/wordpress\/plugins\/seo\/ -->\n<title>\u0421\u0430\u0436\u0435\u043d\u0446\u044b \u0432\u0438\u043d\u043e\u0433\u0440\u0430\u0434\u0430 - Krzewi\u0144ski<\/title>\n<meta name=\"robots\" content=\"index, follow, max-snippet:-1, max-image-preview:large, max-video-preview:-1\" \/>\n<link rel=\"canonical\" href=\"https:\/\/krzewinski.pl\/ru\/\u0441\u0430\u0436\u0435\u043d\u0446\u044b-\u0432\u0438\u043d\u043e\u0433\u0440\u0430\u0434\u0430\/\" \/>\n<meta property=\"og:locale\" content=\"ru_RU\" \/>\n<meta property=\"og:type\" content=\"article\" \/>\n<meta property=\"og:title\" content=\"\u0421\u0430\u0436\u0435\u043d\u0446\u044b \u0432\u0438\u043d\u043e\u0433\u0440\u0430\u0434\u0430 - Krzewi\u0144ski\" \/>\n<meta property=\"og:description\" content=\"MajaVI-20-8-2TimurTalizmanSuzySeyve VillardRuswenRusmo\u0142Rusbo\u0142ReginaPrimPodarok Zaporo\u017caPlewien MuskatnyjPiesniaMuskat Letnij\u0141oraLudmi\u0142aKristalyJutrzenkaJewroplewienIza ZaliwskaG\u04e7cseji ZamatosBiancaArkadiaZosiaRumene PG-12Nadie\u017cda UkrainyMi\u0144sk R\u00f3\u017cowyKatharinaEinset SeedlessDena\u0142Arocznyj217-40-3-1Muskat New YorkVenusSzto\u0142benSchuylerRondoRegentPeageNeroNadie\u017cda AzosMuskat BlueKodriankaBetaA\u0142yjAjwazAgat Donskij \u0421\u043e\u0440\u0442\u0430 \u0441 \u044f\u0440\u043a\u0438\u043c\u0438 \u043f\u043b\u043e\u0434\u0430\u043c\u0438 \u0421\u043e\u0440\u0442\u0430 \u0441 \u0440\u043e\u0437\u043e\u0432\u044b\u043c\u0438 \u043f\u043b\u043e\u0434\u0430\u043c\u0438 \u0421\u043e\u0440\u0442\u0430 \u0441 \u0441\u0438\u043d\u0438\u043c\u0438 \u043f\u043b\u043e\u0434\u0430\u043c\u0438\" \/>\n<meta property=\"og:url\" content=\"https:\/\/krzewinski.pl\/ru\/\u0441\u0430\u0436\u0435\u043d\u0446\u044b-\u0432\u0438\u043d\u043e\u0433\u0440\u0430\u0434\u0430\/\" \/>\n<meta property=\"og:site_name\" content=\"Krzewi\u0144ski\" \/>\n<meta property=\"article:publisher\" content=\"https:\/\/www.facebook.com\/lgskrzewinski\" \/>\n<meta property=\"article:modified_time\" content=\"2017-07-14T11:28:47+00:00\" \/>\n<meta name=\"twitter:card\" content=\"summary_large_image\" \/>\n<script type=\"application\/ld+json\" class=\"yoast-schema-graph\">{\"@context\":\"https:\/\/schema.org\",\"@graph\":[{\"@type\":\"WebPage\",\"@id\":\"https:\/\/krzewinski.pl\/ru\/%d1%81%d0%b0%d0%b6%d0%b5%d0%bd%d1%86%d1%8b-%d0%b2%d0%b8%d0%bd%d0%be%d0%b3%d1%80%d0%b0%d0%b4%d0%b0\/\",\"url\":\"https:\/\/krzewinski.pl\/ru\/%d1%81%d0%b0%d0%b6%d0%b5%d0%bd%d1%86%d1%8b-%d0%b2%d0%b8%d0%bd%d0%be%d0%b3%d1%80%d0%b0%d0%b4%d0%b0\/\",\"name\":\"\u0421\u0430\u0436\u0435\u043d\u0446\u044b \u0432\u0438\u043d\u043e\u0433\u0440\u0430\u0434\u0430 - Krzewi\u0144ski\",\"isPartOf\":{\"@id\":\"https:\/\/krzewinski.pl\/ru\/#website\"},\"datePublished\":\"2015-11-02T09:33:36+00:00\",\"dateModified\":\"2017-07-14T11:28:47+00:00\",\"breadcrumb\":{\"@id\":\"https:\/\/krzewinski.pl\/ru\/%d1%81%d0%b0%d0%b6%d0%b5%d0%bd%d1%86%d1%8b-%d0%b2%d0%b8%d0%bd%d0%be%d0%b3%d1%80%d0%b0%d0%b4%d0%b0\/#breadcrumb\"},\"inLanguage\":\"ru-RU\",\"potentialAction\":[{\"@type\":\"ReadAction\",\"target\":[\"https:\/\/krzewinski.pl\/ru\/%d1%81%d0%b0%d0%b6%d0%b5%d0%bd%d1%86%d1%8b-%d0%b2%d0%b8%d0%bd%d0%be%d0%b3%d1%80%d0%b0%d0%b4%d0%b0\/\"]}]},{\"@type\":\"BreadcrumbList\",\"@id\":\"https:\/\/krzewinski.pl\/ru\/%d1%81%d0%b0%d0%b6%d0%b5%d0%bd%d1%86%d1%8b-%d0%b2%d0%b8%d0%bd%d0%be%d0%b3%d1%80%d0%b0%d0%b4%d0%b0\/#breadcrumb\",\"itemListElement\":[{\"@type\":\"ListItem\",\"position\":1,\"name\":\"Strona g\u0142\u00f3wna\",\"item\":\"https:\/\/krzewinski.pl\/ru\/\"},{\"@type\":\"ListItem\",\"position\":2,\"name\":\"\u0421\u0430\u0436\u0435\u043d\u0446\u044b \u0432\u0438\u043d\u043e\u0433\u0440\u0430\u0434\u0430\"}]},{\"@type\":\"WebSite\",\"@id\":\"https:\/\/krzewinski.pl\/ru\/#website\",\"url\":\"https:\/\/krzewinski.pl\/ru\/\",\"name\":\"Krzewi\u0144ski\",\"description\":\"Szk\u00f3\u0142ka krzew\u00f3w owocowych\",\"publisher\":{\"@id\":\"https:\/\/krzewinski.pl\/ru\/#organization\"},\"potentialAction\":[{\"@type\":\"SearchAction\",\"target\":{\"@type\":\"EntryPoint\",\"urlTemplate\":\"https:\/\/krzewinski.pl\/ru\/?s={search_term_string}\"},\"query-input\":\"required name=search_term_string\"}],\"inLanguage\":\"ru-RU\"},{\"@type\":\"Organization\",\"@id\":\"https:\/\/krzewinski.pl\/ru\/#organization\",\"name\":\"Krzewi\u0144ski\",\"url\":\"https:\/\/krzewinski.pl\/ru\/\",\"logo\":{\"@type\":\"ImageObject\",\"inLanguage\":\"ru-RU\",\"@id\":\"https:\/\/krzewinski.pl\/ru\/#\/schema\/logo\/image\/\",\"url\":\"https:\/\/krzewinski.pl\/wp-content\/uploads\/2015\/10\/logo-www.png\",\"contentUrl\":\"https:\/\/krzewinski.pl\/wp-content\/uploads\/2015\/10\/logo-www.png\",\"width\":263,\"height\":150,\"caption\":\"Krzewi\u0144ski\"},\"image\":{\"@id\":\"https:\/\/krzewinski.pl\/ru\/#\/schema\/logo\/image\/\"},\"sameAs\":[\"https:\/\/www.instagram.com\/lgs.krzewinski\/\",\"https:\/\/www.facebook.com\/lgskrzewinski\"]}]}<\/script>\n<!-- \/ Yoast SEO plugin. -->","yoast_head_json":{"title":"\u0421\u0430\u0436\u0435\u043d\u0446\u044b \u0432\u0438\u043d\u043e\u0433\u0440\u0430\u0434\u0430 - Krzewi\u0144ski","robots":{"index":"index","follow":"follow","max-snippet":"max-snippet:-1","max-image-preview":"max-image-preview:large","max-video-preview":"max-video-preview:-1"},"canonical":"https:\/\/krzewinski.pl\/ru\/\u0441\u0430\u0436\u0435\u043d\u0446\u044b-\u0432\u0438\u043d\u043e\u0433\u0440\u0430\u0434\u0430\/","og_locale":"ru_RU","og_type":"article","og_title":"\u0421\u0430\u0436\u0435\u043d\u0446\u044b \u0432\u0438\u043d\u043e\u0433\u0440\u0430\u0434\u0430 - Krzewi\u0144ski","og_description":"MajaVI-20-8-2TimurTalizmanSuzySeyve VillardRuswenRusmo\u0142Rusbo\u0142ReginaPrimPodarok Zaporo\u017caPlewien MuskatnyjPiesniaMuskat Letnij\u0141oraLudmi\u0142aKristalyJutrzenkaJewroplewienIza ZaliwskaG\u04e7cseji ZamatosBiancaArkadiaZosiaRumene PG-12Nadie\u017cda UkrainyMi\u0144sk R\u00f3\u017cowyKatharinaEinset SeedlessDena\u0142Arocznyj217-40-3-1Muskat New YorkVenusSzto\u0142benSchuylerRondoRegentPeageNeroNadie\u017cda AzosMuskat BlueKodriankaBetaA\u0142yjAjwazAgat Donskij \u0421\u043e\u0440\u0442\u0430 \u0441 \u044f\u0440\u043a\u0438\u043c\u0438 \u043f\u043b\u043e\u0434\u0430\u043c\u0438 \u0421\u043e\u0440\u0442\u0430 \u0441 \u0440\u043e\u0437\u043e\u0432\u044b\u043c\u0438 \u043f\u043b\u043e\u0434\u0430\u043c\u0438 \u0421\u043e\u0440\u0442\u0430 \u0441 \u0441\u0438\u043d\u0438\u043c\u0438 \u043f\u043b\u043e\u0434\u0430\u043c\u0438","og_url":"https:\/\/krzewinski.pl\/ru\/\u0441\u0430\u0436\u0435\u043d\u0446\u044b-\u0432\u0438\u043d\u043e\u0433\u0440\u0430\u0434\u0430\/","og_site_name":"Krzewi\u0144ski","article_publisher":"https:\/\/www.facebook.com\/lgskrzewinski","article_modified_time":"2017-07-14T11:28:47+00:00","twitter_card":"summary_large_image","schema":{"@context":"https:\/\/schema.org","@graph":[{"@type":"WebPage","@id":"https:\/\/krzewinski.pl\/ru\/%d1%81%d0%b0%d0%b6%d0%b5%d0%bd%d1%86%d1%8b-%d0%b2%d0%b8%d0%bd%d0%be%d0%b3%d1%80%d0%b0%d0%b4%d0%b0\/","url":"https:\/\/krzewinski.pl\/ru\/%d1%81%d0%b0%d0%b6%d0%b5%d0%bd%d1%86%d1%8b-%d0%b2%d0%b8%d0%bd%d0%be%d0%b3%d1%80%d0%b0%d0%b4%d0%b0\/","name":"\u0421\u0430\u0436\u0435\u043d\u0446\u044b \u0432\u0438\u043d\u043e\u0433\u0440\u0430\u0434\u0430 - Krzewi\u0144ski","isPartOf":{"@id":"https:\/\/krzewinski.pl\/ru\/#website"},"datePublished":"2015-11-02T09:33:36+00:00","dateModified":"2017-07-14T11:28:47+00:00","breadcrumb":{"@id":"https:\/\/krzewinski.pl\/ru\/%d1%81%d0%b0%d0%b6%d0%b5%d0%bd%d1%86%d1%8b-%d0%b2%d0%b8%d0%bd%d0%be%d0%b3%d1%80%d0%b0%d0%b4%d0%b0\/#breadcrumb"},"inLanguage":"ru-RU","potentialAction":[{"@type":"ReadAction","target":["https:\/\/krzewinski.pl\/ru\/%d1%81%d0%b0%d0%b6%d0%b5%d0%bd%d1%86%d1%8b-%d0%b2%d0%b8%d0%bd%d0%be%d0%b3%d1%80%d0%b0%d0%b4%d0%b0\/"]}]},{"@type":"BreadcrumbList","@id":"https:\/\/krzewinski.pl\/ru\/%d1%81%d0%b0%d0%b6%d0%b5%d0%bd%d1%86%d1%8b-%d0%b2%d0%b8%d0%bd%d0%be%d0%b3%d1%80%d0%b0%d0%b4%d0%b0\/#breadcrumb","itemListElement":[{"@type":"ListItem","position":1,"name":"Strona g\u0142\u00f3wna","item":"https:\/\/krzewinski.pl\/ru\/"},{"@type":"ListItem","position":2,"name":"\u0421\u0430\u0436\u0435\u043d\u0446\u044b \u0432\u0438\u043d\u043e\u0433\u0440\u0430\u0434\u0430"}]},{"@type":"WebSite","@id":"https:\/\/krzewinski.pl\/ru\/#website","url":"https:\/\/krzewinski.pl\/ru\/","name":"Krzewi\u0144ski","description":"Szk\u00f3\u0142ka krzew\u00f3w owocowych","publisher":{"@id":"https:\/\/krzewinski.pl\/ru\/#organization"},"potentialAction":[{"@type":"SearchAction","target":{"@type":"EntryPoint","urlTemplate":"https:\/\/krzewinski.pl\/ru\/?s={search_term_string}"},"query-input":"required name=search_term_string"}],"inLanguage":"ru-RU"},{"@type":"Organization","@id":"https:\/\/krzewinski.pl\/ru\/#organization","name":"Krzewi\u0144ski","url":"https:\/\/krzewinski.pl\/ru\/","logo":{"@type":"ImageObject","inLanguage":"ru-RU","@id":"https:\/\/krzewinski.pl\/ru\/#\/schema\/logo\/image\/","url":"https:\/\/krzewinski.pl\/wp-content\/uploads\/2015\/10\/logo-www.png","contentUrl":"https:\/\/krzewinski.pl\/wp-content\/uploads\/2015\/10\/logo-www.png","width":263,"height":150,"caption":"Krzewi\u0144ski"},"image":{"@id":"https:\/\/krzewinski.pl\/ru\/#\/schema\/logo\/image\/"},"sameAs":["https:\/\/www.instagram.com\/lgs.krzewinski\/","https:\/\/www.facebook.com\/lgskrzewinski"]}]}},"_links":{"self":[{"href":"https:\/\/krzewinski.pl\/ru\/wp-json\/wp\/v2\/pages\/2496"}],"collection":[{"href":"https:\/\/krzewinski.pl\/ru\/wp-json\/wp\/v2\/pages"}],"about":[{"href":"https:\/\/krzewinski.pl\/ru\/wp-json\/wp\/v2\/types\/page"}],"author":[{"embeddable":true,"href":"https:\/\/krzewinski.pl\/ru\/wp-json\/wp\/v2\/users\/1"}],"replies":[{"embeddable":true,"href":"https:\/\/krzewinski.pl\/ru\/wp-json\/wp\/v2\/comments?post=2496"}],"version-history":[{"count":7,"href":"https:\/\/krzewinski.pl\/ru\/wp-json\/wp\/v2\/pages\/2496\/revisions"}],"predecessor-version":[{"id":3742,"href":"https:\/\/krzewinski.pl\/ru\/wp-json\/wp\/v2\/pages\/2496\/revisions\/3742"}],"wp:attachment":[{"href":"https:\/\/krzewinski.pl\/ru\/wp-json\/wp\/v2\/media?parent=2496"}],"curies":[{"name":"wp","href":"https:\/\/api.w.org\/{rel}","templated":true}]}}