{"id":2501,"date":"2015-11-02T10:35:17","date_gmt":"2015-11-02T09:35:17","guid":{"rendered":"https:\/\/krzewinski.pl\/ru\/%d1%81%d0%b0%d0%b6%d0%b5%d0%bd%d1%86%d1%8b-%d0%b2%d0%b8%d0%bd%d0%be%d0%b3%d1%80%d0%b0%d0%b4%d0%b0\/odmiany-o-jasnych-owocach\/"},"modified":"2016-06-03T15:51:39","modified_gmt":"2016-06-03T13:51:39","slug":"%d1%81%d0%be%d1%80%d1%82%d0%b0-%d1%81-%d1%8f%d1%80%d0%ba%d0%b8%d0%bc%d0%b8-%d0%bf%d0%bb%d0%be%d0%b4%d0%b0%d0%bc%d0%b8","status":"publish","type":"page","link":"https:\/\/krzewinski.pl\/ru\/%d1%81%d0%b0%d0%b6%d0%b5%d0%bd%d1%86%d1%8b-%d0%b2%d0%b8%d0%bd%d0%be%d0%b3%d1%80%d0%b0%d0%b4%d0%b0\/%d1%81%d0%be%d1%80%d1%82%d0%b0-%d1%81-%d1%8f%d1%80%d0%ba%d0%b8%d0%bc%d0%b8-%d0%bf%d0%bb%d0%be%d0%b4%d0%b0%d0%bc%d0%b8\/","title":{"rendered":"\u0421\u043e\u0440\u0442\u0430 \u0441 \u044f\u0440\u043a\u0438\u043c\u0438 \u043f\u043b\u043e\u0434\u0430\u043c\u0438"},"content":{"rendered":"<p>Apollon<\/p>\n<p>Timur<\/p>\n<p>Talizman<\/p>\n<p>Suzy<\/p>\n<p>Seyve Villard<\/p>\n<p>Ruswen<\/p>\n<p>Rusmo\u0142<\/p>\n<p>Rusbo\u0142<\/p>\n<p>Regina<\/p>\n<p>Prim<\/p>\n<p>Polar<\/p>\n<p>Podarok Zaporo\u017ca<\/p>\n<p>Plewien Muskatnyj<\/p>\n<p>Piesnia<\/p>\n<p>Muskat Letnij<\/p>\n<p>\u0141ora<\/p>\n<p>Ludmi\u0142a<\/p>\n<p>Kristaly<\/p>\n<p>Jutrzenka<\/p>\n<p>Jewroplewien<\/p>\n<p>Iza Zaliwska<\/p>\n<p>G\u04e7cseji Zamatos<\/p>\n<p>Bianca<\/p>\n<p>Arkadia<\/p>\n","protected":false},"excerpt":{"rendered":"<p>Apollon Timur Talizman Suzy Seyve Villard Ruswen Rusmo\u0142 Rusbo\u0142 Regina Prim Polar Podarok Zaporo\u017ca Plewien Muskatnyj Piesnia Muskat Letnij \u0141ora Ludmi\u0142a Kristaly Jutrzenka Jewroplewien Iza Zaliwska G\u04e7cseji Zamatos Bianca Arkadia<\/p>\n","protected":false},"author":1,"featured_media":0,"parent":2496,"menu_order":0,"comment_status":"closed","ping_status":"closed","template":"","meta":[],"acf":[],"yoast_head":"<!-- This site is optimized with the Yoast SEO plugin v19.13 - https:\/\/yoast.com\/wordpress\/plugins\/seo\/ -->\n<title>\u0421\u043e\u0440\u0442\u0430 \u0441 \u044f\u0440\u043a\u0438\u043c\u0438 \u043f\u043b\u043e\u0434\u0430\u043c\u0438 - Krzewi\u0144ski<\/title>\n<meta name=\"robots\" content=\"index, follow, max-snippet:-1, max-image-preview:large, max-video-preview:-1\" \/>\n<link rel=\"canonical\" href=\"https:\/\/krzewinski.pl\/ru\/\u0441\u0430\u0436\u0435\u043d\u0446\u044b-\u0432\u0438\u043d\u043e\u0433\u0440\u0430\u0434\u0430\/\u0441\u043e\u0440\u0442\u0430-\u0441-\u044f\u0440\u043a\u0438\u043c\u0438-\u043f\u043b\u043e\u0434\u0430\u043c\u0438\/\" \/>\n<meta property=\"og:locale\" content=\"ru_RU\" \/>\n<meta property=\"og:type\" content=\"article\" \/>\n<meta property=\"og:title\" content=\"\u0421\u043e\u0440\u0442\u0430 \u0441 \u044f\u0440\u043a\u0438\u043c\u0438 \u043f\u043b\u043e\u0434\u0430\u043c\u0438 - Krzewi\u0144ski\" \/>\n<meta property=\"og:description\" content=\"Apollon Timur Talizman Suzy Seyve Villard Ruswen Rusmo\u0142 Rusbo\u0142 Regina Prim Polar Podarok Zaporo\u017ca Plewien Muskatnyj Piesnia Muskat Letnij \u0141ora Ludmi\u0142a Kristaly Jutrzenka Jewroplewien Iza Zaliwska G\u04e7cseji Zamatos Bianca Arkadia\" \/>\n<meta property=\"og:url\" content=\"https:\/\/krzewinski.pl\/ru\/\u0441\u0430\u0436\u0435\u043d\u0446\u044b-\u0432\u0438\u043d\u043e\u0433\u0440\u0430\u0434\u0430\/\u0441\u043e\u0440\u0442\u0430-\u0441-\u044f\u0440\u043a\u0438\u043c\u0438-\u043f\u043b\u043e\u0434\u0430\u043c\u0438\/\" \/>\n<meta property=\"og:site_name\" content=\"Krzewi\u0144ski\" \/>\n<meta property=\"article:publisher\" content=\"https:\/\/www.facebook.com\/lgskrzewinski\" \/>\n<meta property=\"article:modified_time\" content=\"2016-06-03T13:51:39+00:00\" \/>\n<meta name=\"twitter:card\" content=\"summary_large_image\" \/>\n<script type=\"application\/ld+json\" class=\"yoast-schema-graph\">{\"@context\":\"https:\/\/schema.org\",\"@graph\":[{\"@type\":\"WebPage\",\"@id\":\"https:\/\/krzewinski.pl\/ru\/%d1%81%d0%b0%d0%b6%d0%b5%d0%bd%d1%86%d1%8b-%d0%b2%d0%b8%d0%bd%d0%be%d0%b3%d1%80%d0%b0%d0%b4%d0%b0\/%d1%81%d0%be%d1%80%d1%82%d0%b0-%d1%81-%d1%8f%d1%80%d0%ba%d0%b8%d0%bc%d0%b8-%d0%bf%d0%bb%d0%be%d0%b4%d0%b0%d0%bc%d0%b8\/\",\"url\":\"https:\/\/krzewinski.pl\/ru\/%d1%81%d0%b0%d0%b6%d0%b5%d0%bd%d1%86%d1%8b-%d0%b2%d0%b8%d0%bd%d0%be%d0%b3%d1%80%d0%b0%d0%b4%d0%b0\/%d1%81%d0%be%d1%80%d1%82%d0%b0-%d1%81-%d1%8f%d1%80%d0%ba%d0%b8%d0%bc%d0%b8-%d0%bf%d0%bb%d0%be%d0%b4%d0%b0%d0%bc%d0%b8\/\",\"name\":\"\u0421\u043e\u0440\u0442\u0430 \u0441 \u044f\u0440\u043a\u0438\u043c\u0438 \u043f\u043b\u043e\u0434\u0430\u043c\u0438 - Krzewi\u0144ski\",\"isPartOf\":{\"@id\":\"https:\/\/krzewinski.pl\/ru\/#website\"},\"datePublished\":\"2015-11-02T09:35:17+00:00\",\"dateModified\":\"2016-06-03T13:51:39+00:00\",\"breadcrumb\":{\"@id\":\"https:\/\/krzewinski.pl\/ru\/%d1%81%d0%b0%d0%b6%d0%b5%d0%bd%d1%86%d1%8b-%d0%b2%d0%b8%d0%bd%d0%be%d0%b3%d1%80%d0%b0%d0%b4%d0%b0\/%d1%81%d0%be%d1%80%d1%82%d0%b0-%d1%81-%d1%8f%d1%80%d0%ba%d0%b8%d0%bc%d0%b8-%d0%bf%d0%bb%d0%be%d0%b4%d0%b0%d0%bc%d0%b8\/#breadcrumb\"},\"inLanguage\":\"ru-RU\",\"potentialAction\":[{\"@type\":\"ReadAction\",\"target\":[\"https:\/\/krzewinski.pl\/ru\/%d1%81%d0%b0%d0%b6%d0%b5%d0%bd%d1%86%d1%8b-%d0%b2%d0%b8%d0%bd%d0%be%d0%b3%d1%80%d0%b0%d0%b4%d0%b0\/%d1%81%d0%be%d1%80%d1%82%d0%b0-%d1%81-%d1%8f%d1%80%d0%ba%d0%b8%d0%bc%d0%b8-%d0%bf%d0%bb%d0%be%d0%b4%d0%b0%d0%bc%d0%b8\/\"]}]},{\"@type\":\"BreadcrumbList\",\"@id\":\"https:\/\/krzewinski.pl\/ru\/%d1%81%d0%b0%d0%b6%d0%b5%d0%bd%d1%86%d1%8b-%d0%b2%d0%b8%d0%bd%d0%be%d0%b3%d1%80%d0%b0%d0%b4%d0%b0\/%d1%81%d0%be%d1%80%d1%82%d0%b0-%d1%81-%d1%8f%d1%80%d0%ba%d0%b8%d0%bc%d0%b8-%d0%bf%d0%bb%d0%be%d0%b4%d0%b0%d0%bc%d0%b8\/#breadcrumb\",\"itemListElement\":[{\"@type\":\"ListItem\",\"position\":1,\"name\":\"Strona g\u0142\u00f3wna\",\"item\":\"https:\/\/krzewinski.pl\/ru\/\"},{\"@type\":\"ListItem\",\"position\":2,\"name\":\"\u0421\u0430\u0436\u0435\u043d\u0446\u044b \u0432\u0438\u043d\u043e\u0433\u0440\u0430\u0434\u0430\",\"item\":\"https:\/\/krzewinski.pl\/ru\/%d1%81%d0%b0%d0%b6%d0%b5%d0%bd%d1%86%d1%8b-%d0%b2%d0%b8%d0%bd%d0%be%d0%b3%d1%80%d0%b0%d0%b4%d0%b0\/\"},{\"@type\":\"ListItem\",\"position\":3,\"name\":\"\u0421\u043e\u0440\u0442\u0430 \u0441 \u044f\u0440\u043a\u0438\u043c\u0438 \u043f\u043b\u043e\u0434\u0430\u043c\u0438\"}]},{\"@type\":\"WebSite\",\"@id\":\"https:\/\/krzewinski.pl\/ru\/#website\",\"url\":\"https:\/\/krzewinski.pl\/ru\/\",\"name\":\"Krzewi\u0144ski\",\"description\":\"Szk\u00f3\u0142ka krzew\u00f3w owocowych\",\"publisher\":{\"@id\":\"https:\/\/krzewinski.pl\/ru\/#organization\"},\"potentialAction\":[{\"@type\":\"SearchAction\",\"target\":{\"@type\":\"EntryPoint\",\"urlTemplate\":\"https:\/\/krzewinski.pl\/ru\/?s={search_term_string}\"},\"query-input\":\"required name=search_term_string\"}],\"inLanguage\":\"ru-RU\"},{\"@type\":\"Organization\",\"@id\":\"https:\/\/krzewinski.pl\/ru\/#organization\",\"name\":\"Krzewi\u0144ski\",\"url\":\"https:\/\/krzewinski.pl\/ru\/\",\"logo\":{\"@type\":\"ImageObject\",\"inLanguage\":\"ru-RU\",\"@id\":\"https:\/\/krzewinski.pl\/ru\/#\/schema\/logo\/image\/\",\"url\":\"https:\/\/krzewinski.pl\/wp-content\/uploads\/2015\/10\/logo-www.png\",\"contentUrl\":\"https:\/\/krzewinski.pl\/wp-content\/uploads\/2015\/10\/logo-www.png\",\"width\":263,\"height\":150,\"caption\":\"Krzewi\u0144ski\"},\"image\":{\"@id\":\"https:\/\/krzewinski.pl\/ru\/#\/schema\/logo\/image\/\"},\"sameAs\":[\"https:\/\/www.instagram.com\/lgs.krzewinski\/\",\"https:\/\/www.facebook.com\/lgskrzewinski\"]}]}<\/script>\n<!-- \/ Yoast SEO plugin. -->","yoast_head_json":{"title":"\u0421\u043e\u0440\u0442\u0430 \u0441 \u044f\u0440\u043a\u0438\u043c\u0438 \u043f\u043b\u043e\u0434\u0430\u043c\u0438 - Krzewi\u0144ski","robots":{"index":"index","follow":"follow","max-snippet":"max-snippet:-1","max-image-preview":"max-image-preview:large","max-video-preview":"max-video-preview:-1"},"canonical":"https:\/\/krzewinski.pl\/ru\/\u0441\u0430\u0436\u0435\u043d\u0446\u044b-\u0432\u0438\u043d\u043e\u0433\u0440\u0430\u0434\u0430\/\u0441\u043e\u0440\u0442\u0430-\u0441-\u044f\u0440\u043a\u0438\u043c\u0438-\u043f\u043b\u043e\u0434\u0430\u043c\u0438\/","og_locale":"ru_RU","og_type":"article","og_title":"\u0421\u043e\u0440\u0442\u0430 \u0441 \u044f\u0440\u043a\u0438\u043c\u0438 \u043f\u043b\u043e\u0434\u0430\u043c\u0438 - Krzewi\u0144ski","og_description":"Apollon Timur Talizman Suzy Seyve Villard Ruswen Rusmo\u0142 Rusbo\u0142 Regina Prim Polar Podarok Zaporo\u017ca Plewien Muskatnyj Piesnia Muskat Letnij \u0141ora Ludmi\u0142a Kristaly Jutrzenka Jewroplewien Iza Zaliwska G\u04e7cseji Zamatos Bianca Arkadia","og_url":"https:\/\/krzewinski.pl\/ru\/\u0441\u0430\u0436\u0435\u043d\u0446\u044b-\u0432\u0438\u043d\u043e\u0433\u0440\u0430\u0434\u0430\/\u0441\u043e\u0440\u0442\u0430-\u0441-\u044f\u0440\u043a\u0438\u043c\u0438-\u043f\u043b\u043e\u0434\u0430\u043c\u0438\/","og_site_name":"Krzewi\u0144ski","article_publisher":"https:\/\/www.facebook.com\/lgskrzewinski","article_modified_time":"2016-06-03T13:51:39+00:00","twitter_card":"summary_large_image","schema":{"@context":"https:\/\/schema.org","@graph":[{"@type":"WebPage","@id":"https:\/\/krzewinski.pl\/ru\/%d1%81%d0%b0%d0%b6%d0%b5%d0%bd%d1%86%d1%8b-%d0%b2%d0%b8%d0%bd%d0%be%d0%b3%d1%80%d0%b0%d0%b4%d0%b0\/%d1%81%d0%be%d1%80%d1%82%d0%b0-%d1%81-%d1%8f%d1%80%d0%ba%d0%b8%d0%bc%d0%b8-%d0%bf%d0%bb%d0%be%d0%b4%d0%b0%d0%bc%d0%b8\/","url":"https:\/\/krzewinski.pl\/ru\/%d1%81%d0%b0%d0%b6%d0%b5%d0%bd%d1%86%d1%8b-%d0%b2%d0%b8%d0%bd%d0%be%d0%b3%d1%80%d0%b0%d0%b4%d0%b0\/%d1%81%d0%be%d1%80%d1%82%d0%b0-%d1%81-%d1%8f%d1%80%d0%ba%d0%b8%d0%bc%d0%b8-%d0%bf%d0%bb%d0%be%d0%b4%d0%b0%d0%bc%d0%b8\/","name":"\u0421\u043e\u0440\u0442\u0430 \u0441 \u044f\u0440\u043a\u0438\u043c\u0438 \u043f\u043b\u043e\u0434\u0430\u043c\u0438 - Krzewi\u0144ski","isPartOf":{"@id":"https:\/\/krzewinski.pl\/ru\/#website"},"datePublished":"2015-11-02T09:35:17+00:00","dateModified":"2016-06-03T13:51:39+00:00","breadcrumb":{"@id":"https:\/\/krzewinski.pl\/ru\/%d1%81%d0%b0%d0%b6%d0%b5%d0%bd%d1%86%d1%8b-%d0%b2%d0%b8%d0%bd%d0%be%d0%b3%d1%80%d0%b0%d0%b4%d0%b0\/%d1%81%d0%be%d1%80%d1%82%d0%b0-%d1%81-%d1%8f%d1%80%d0%ba%d0%b8%d0%bc%d0%b8-%d0%bf%d0%bb%d0%be%d0%b4%d0%b0%d0%bc%d0%b8\/#breadcrumb"},"inLanguage":"ru-RU","potentialAction":[{"@type":"ReadAction","target":["https:\/\/krzewinski.pl\/ru\/%d1%81%d0%b0%d0%b6%d0%b5%d0%bd%d1%86%d1%8b-%d0%b2%d0%b8%d0%bd%d0%be%d0%b3%d1%80%d0%b0%d0%b4%d0%b0\/%d1%81%d0%be%d1%80%d1%82%d0%b0-%d1%81-%d1%8f%d1%80%d0%ba%d0%b8%d0%bc%d0%b8-%d0%bf%d0%bb%d0%be%d0%b4%d0%b0%d0%bc%d0%b8\/"]}]},{"@type":"BreadcrumbList","@id":"https:\/\/krzewinski.pl\/ru\/%d1%81%d0%b0%d0%b6%d0%b5%d0%bd%d1%86%d1%8b-%d0%b2%d0%b8%d0%bd%d0%be%d0%b3%d1%80%d0%b0%d0%b4%d0%b0\/%d1%81%d0%be%d1%80%d1%82%d0%b0-%d1%81-%d1%8f%d1%80%d0%ba%d0%b8%d0%bc%d0%b8-%d0%bf%d0%bb%d0%be%d0%b4%d0%b0%d0%bc%d0%b8\/#breadcrumb","itemListElement":[{"@type":"ListItem","position":1,"name":"Strona g\u0142\u00f3wna","item":"https:\/\/krzewinski.pl\/ru\/"},{"@type":"ListItem","position":2,"name":"\u0421\u0430\u0436\u0435\u043d\u0446\u044b \u0432\u0438\u043d\u043e\u0433\u0440\u0430\u0434\u0430","item":"https:\/\/krzewinski.pl\/ru\/%d1%81%d0%b0%d0%b6%d0%b5%d0%bd%d1%86%d1%8b-%d0%b2%d0%b8%d0%bd%d0%be%d0%b3%d1%80%d0%b0%d0%b4%d0%b0\/"},{"@type":"ListItem","position":3,"name":"\u0421\u043e\u0440\u0442\u0430 \u0441 \u044f\u0440\u043a\u0438\u043c\u0438 \u043f\u043b\u043e\u0434\u0430\u043c\u0438"}]},{"@type":"WebSite","@id":"https:\/\/krzewinski.pl\/ru\/#website","url":"https:\/\/krzewinski.pl\/ru\/","name":"Krzewi\u0144ski","description":"Szk\u00f3\u0142ka krzew\u00f3w owocowych","publisher":{"@id":"https:\/\/krzewinski.pl\/ru\/#organization"},"potentialAction":[{"@type":"SearchAction","target":{"@type":"EntryPoint","urlTemplate":"https:\/\/krzewinski.pl\/ru\/?s={search_term_string}"},"query-input":"required name=search_term_string"}],"inLanguage":"ru-RU"},{"@type":"Organization","@id":"https:\/\/krzewinski.pl\/ru\/#organization","name":"Krzewi\u0144ski","url":"https:\/\/krzewinski.pl\/ru\/","logo":{"@type":"ImageObject","inLanguage":"ru-RU","@id":"https:\/\/krzewinski.pl\/ru\/#\/schema\/logo\/image\/","url":"https:\/\/krzewinski.pl\/wp-content\/uploads\/2015\/10\/logo-www.png","contentUrl":"https:\/\/krzewinski.pl\/wp-content\/uploads\/2015\/10\/logo-www.png","width":263,"height":150,"caption":"Krzewi\u0144ski"},"image":{"@id":"https:\/\/krzewinski.pl\/ru\/#\/schema\/logo\/image\/"},"sameAs":["https:\/\/www.instagram.com\/lgs.krzewinski\/","https:\/\/www.facebook.com\/lgskrzewinski"]}]}},"_links":{"self":[{"href":"https:\/\/krzewinski.pl\/ru\/wp-json\/wp\/v2\/pages\/2501"}],"collection":[{"href":"https:\/\/krzewinski.pl\/ru\/wp-json\/wp\/v2\/pages"}],"about":[{"href":"https:\/\/krzewinski.pl\/ru\/wp-json\/wp\/v2\/types\/page"}],"author":[{"embeddable":true,"href":"https:\/\/krzewinski.pl\/ru\/wp-json\/wp\/v2\/users\/1"}],"replies":[{"embeddable":true,"href":"https:\/\/krzewinski.pl\/ru\/wp-json\/wp\/v2\/comments?post=2501"}],"version-history":[{"count":3,"href":"https:\/\/krzewinski.pl\/ru\/wp-json\/wp\/v2\/pages\/2501\/revisions"}],"predecessor-version":[{"id":2726,"href":"https:\/\/krzewinski.pl\/ru\/wp-json\/wp\/v2\/pages\/2501\/revisions\/2726"}],"up":[{"embeddable":true,"href":"https:\/\/krzewinski.pl\/ru\/wp-json\/wp\/v2\/pages\/2496"}],"wp:attachment":[{"href":"https:\/\/krzewinski.pl\/ru\/wp-json\/wp\/v2\/media?parent=2501"}],"curies":[{"name":"wp","href":"https:\/\/api.w.org\/{rel}","templated":true}]}}