{"id":2614,"date":"2016-06-01T10:32:35","date_gmt":"2016-06-01T08:32:35","guid":{"rendered":"https:\/\/krzewinski.pl\/ru\/?page_id=2614"},"modified":"2016-06-03T13:52:29","modified_gmt":"2016-06-03T11:52:29","slug":"%d0%bf%d1%80%d0%be%d0%b4%d0%b0%d0%b6%d0%b0-%d0%bf%d0%bb%d0%be%d0%b4%d0%be%d0%b2","status":"publish","type":"page","link":"https:\/\/krzewinski.pl\/ru\/%d0%bf%d1%80%d0%be%d0%b4%d0%b0%d0%b6%d0%b0-%d0%bf%d0%bb%d0%be%d0%b4%d0%be%d0%b2\/","title":{"rendered":"\u041f\u0440\u043e\u0434\u0430\u0436\u0430 \u043f\u043b\u043e\u0434\u043e\u0432"},"content":{"rendered":"<p class=\"p1\"><span class=\"s1\">\u041c\u044b \u0437\u0430\u043d\u0438\u043c\u0430\u0435\u043c\u0441\u044f \u0442\u043e\u0436\u0435 \u043f\u0440\u043e\u0434\u0443\u043a\u0446\u0438\u0435\u0439 \u0438 \u0442\u043e\u0440\u0433\u043e\u0432\u043b\u0435\u0439 \u044f\u0433\u043e\u0434\u043d\u044b\u0445 \u043f\u043b\u043e\u0434\u043e\u0432. \u0412\u0441\u0435 \u0438\u043d\u0444\u043e\u0440\u043c\u0430\u0446\u0438\u0438 \u043e \u043f\u0440\u043e\u0434\u0430\u0436\u0435 \u043c\u044b \u043a\u043e\u043d\u0441\u0443\u043b\u044c\u0442\u0438\u0440\u0443\u0435\u043c \u0438\u043d\u0434\u0438\u0432\u0438\u0434\u0443\u0430\u043b\u044c\u043d\u043e \u0441 \u043a\u043b\u0438\u0435\u043d\u0442\u043e\u043c. \u041f\u0440\u0438\u0433\u043b\u0430\u0448\u0430\u0435\u043c \u0412\u0430\u0441 \u043f\u0440\u043e\u0447\u0438\u0442\u0430\u0442\u044c \u043d\u0430\u0448\u0443 \u043e\u0444\u0435\u0440\u0442\u0443 \u0438 \u0441\u0432\u044f\u0437\u0430\u0442\u044c\u0441\u044f \u0441 \u043d\u0430\u043c\u0438! <\/span><\/p>\n<p>&nbsp;<\/p>\n<p>&nbsp;<\/p>\n<h3 style=\"text-align: left;\"><strong><a href=\"https:\/\/krzewinski.pl\/wp-content\/uploads\/2016\/04\/Truskawka-kwadrat.jpg\" rel=\"attachment wp-att-2255\"><img decoding=\"async\" loading=\"lazy\" class=\"wp-image-2255 alignleft\" src=\"https:\/\/krzewinski.pl\/wp-content\/uploads\/2016\/04\/Truskawka-kwadrat-1024x1024.jpg\" alt=\"Truskawka kwadrat\" width=\"401\" height=\"401\" srcset=\"https:\/\/krzewinski.pl\/wp-content\/uploads\/2016\/04\/Truskawka-kwadrat-1024x1024.jpg 1024w, https:\/\/krzewinski.pl\/wp-content\/uploads\/2016\/04\/Truskawka-kwadrat-300x300.jpg 300w, https:\/\/krzewinski.pl\/wp-content\/uploads\/2016\/04\/Truskawka-kwadrat-100x100.jpg 100w, https:\/\/krzewinski.pl\/wp-content\/uploads\/2016\/04\/Truskawka-kwadrat-600x600.jpg 600w, https:\/\/krzewinski.pl\/wp-content\/uploads\/2016\/04\/Truskawka-kwadrat-150x150.jpg 150w, https:\/\/krzewinski.pl\/wp-content\/uploads\/2016\/04\/Truskawka-kwadrat-768x768.jpg 768w, https:\/\/krzewinski.pl\/wp-content\/uploads\/2016\/04\/Truskawka-kwadrat.jpg 1417w\" sizes=\"(max-width: 401px) 100vw, 401px\" \/><\/a><\/strong><\/h3>\n<h3 class=\"p1\"><span class=\"s1\">\u041a\u041b\u0423\u0411\u041d\u0418\u041a\u0410<\/span><\/h3>\n<p class=\"p1\"><span style=\"text-decoration: underline;\"><strong><span class=\"s1\">\u041f\u043e\u0440\u0430 \u0441\u0431\u043e\u0440\u0430<\/span><\/strong><\/span><\/p>\n<p class=\"p1\"><span class=\"s2\">\u0421 \u043d\u0430\u0447\u0430\u043b\u0430 \u0438\u044e\u043d\u044f \u0434\u043e \u043a\u043e\u043d\u0446\u0430 \u0438\u044e\u043b\u044f.<\/span><\/p>\n<p class=\"p1\"><span class=\"s2\">\u0421\u043e\u0440\u0442 Vibrant \u2013 \u0441 \u0430\u0432\u0433\u0443\u0441\u0442\u0430 \u0434\u043e \u043a\u043e\u043d\u0446\u0430 \u043e\u043a\u0442\u044f\u0431\u0440\u0430.<\/span><\/p>\n<p class=\"p1\"><span style=\"text-decoration: underline;\"><strong><span class=\"s1\">\u0421\u043e\u0440\u0442\u0430<\/span><\/strong><\/span><\/p>\n<p class=\"p1\"><span class=\"s2\">\u041e\u0447\u0435\u043d\u044c \u0448\u0438\u0440\u043e\u043a\u0438\u0439 \u0432\u044b\u0431\u043e\u0440. \u0412\u0441\u0435, \u043a\u043e\u0442\u043e\u0440\u044b\u0435 \u0434\u043e\u0441\u0442\u0443\u043f\u043d\u044b \u0432 \u043d\u0430\u0448\u0435\u0439 \u043a\u043e\u043c\u043c\u0435\u0440\u0447\u0435\u0441\u043a\u043e\u0439 \u043e\u0444\u0435\u0440\u0442\u0435 (\u043a\u0440\u043e\u043c\u0435 \u0441\u043e\u0440\u0442\u0430 Pink Pand\u0430). \u0423 \u043d\u0430\u0441 \u0442\u043e\u0436\u0435 \u043f\u043b\u043e\u0434\u044b \u043e\u0447\u0435\u043d\u044c \u0445\u043e\u0440\u043e\u0448\u0435\u0433\u043e \u0441\u043e\u0440\u0442\u0430 Vibrant.<\/span><\/p>\n<p class=\"p1\"><span style=\"text-decoration: underline;\"><strong><span class=\"s1\">\u0423\u043f\u0430\u043a\u043e\u0432\u043a\u0430<\/span><\/strong><\/span><\/p>\n<p class=\"p1\"><span class=\"s2\">\u0421 0,5 \u043a\u0433 \u0434\u043e 2 \u043a\u0433 \u043b\u0438\u0431\u043e \u0432 \u043a\u043e\u043b\u043b\u0435\u043a\u0442\u0438\u0432\u043d\u044b\u0445 (\u043a\u043e\u0440\u043e\u0431\u043a\u0430\u0445 \u0438\u0437 \u043a\u0430\u0440\u0442\u043e\u043d\u0430).<\/span><\/p>\n<p class=\"p1\"><span style=\"text-decoration: underline;\"><strong><span class=\"s1\">\u042d\u0442\u0438\u043a\u0435\u0442\u043a\u0438<\/span><\/strong><\/span><\/p>\n<p class=\"p1\"><span class=\"s2\">\u041f\u043e \u0436\u0435\u043b\u0430\u043d\u0438\u044e \u043a\u043b\u0438\u0435\u043d\u0442\u0430.<\/span><\/p>\n<h3><\/h3>\n<p>&nbsp;<\/p>\n<h3><strong><a href=\"https:\/\/krzewinski.pl\/wp-content\/uploads\/2016\/04\/Bor\u00f3wka-kwadratjpg.jpg\" rel=\"attachment wp-att-2254\"><img decoding=\"async\" loading=\"lazy\" class=\"wp-image-2254 alignleft\" src=\"https:\/\/krzewinski.pl\/wp-content\/uploads\/2016\/04\/Bor\u00f3wka-kwadratjpg-1024x1024.jpg\" alt=\"Bor\u00f3wka kwadratjpg\" width=\"401\" height=\"401\" srcset=\"https:\/\/krzewinski.pl\/wp-content\/uploads\/2016\/04\/Bor\u00f3wka-kwadratjpg-1024x1024.jpg 1024w, https:\/\/krzewinski.pl\/wp-content\/uploads\/2016\/04\/Bor\u00f3wka-kwadratjpg-300x300.jpg 300w, https:\/\/krzewinski.pl\/wp-content\/uploads\/2016\/04\/Bor\u00f3wka-kwadratjpg-100x100.jpg 100w, https:\/\/krzewinski.pl\/wp-content\/uploads\/2016\/04\/Bor\u00f3wka-kwadratjpg-600x600.jpg 600w, https:\/\/krzewinski.pl\/wp-content\/uploads\/2016\/04\/Bor\u00f3wka-kwadratjpg-150x150.jpg 150w, https:\/\/krzewinski.pl\/wp-content\/uploads\/2016\/04\/Bor\u00f3wka-kwadratjpg-768x768.jpg 768w, https:\/\/krzewinski.pl\/wp-content\/uploads\/2016\/04\/Bor\u00f3wka-kwadratjpg.jpg 1417w\" sizes=\"(max-width: 401px) 100vw, 401px\" \/><\/a><\/strong><\/h3>\n<h3 class=\"p1\"><span class=\"s1\">\u0413\u041e\u041b\u0423\u0411\u0418\u041a\u0410<\/span><\/h3>\n<h4 class=\"p1\"><span class=\"s1\">\u041f\u043b\u043e\u0434\u044b \u043a\u0443\u0441\u0442\u0430\u0440\u043d\u0438\u043a\u043e\u0432 \u0438\u0437 \u0442\u0443\u043d\u043d\u0435\u043b\u044f.<\/span><\/h4>\n<p class=\"p1\"><strong><span class=\"s1\">\u041f\u043e\u0440\u0430 \u0441\u0431\u043e\u0440\u0430<\/span><\/strong><\/p>\n<p class=\"p1\"><span class=\"s2\">\u0421 \u0438\u044e\u043d\u044f \u0434\u043e \u043f\u043e\u0437\u0434\u043d\u0435\u0439 \u043e\u0441\u0435\u043d\u0438.<\/span><\/p>\n<p class=\"p1\"><strong><span class=\"s1\">\u0421\u043e\u0440\u0442\u0430<\/span><\/strong><\/p>\n<p class=\"p1\"><span class=\"s2\">\u041e\u0447\u0435\u043d\u044c \u0448\u0438\u0440\u043e\u043a\u0438\u0439 \u0432\u044b\u0431\u043e\u0440 \u0441\u043e\u0440\u0442\u043e\u0432. \u0412\u0441\u0435, \u043a\u043e\u0442\u043e\u0440\u044b\u0435 \u0434\u043e\u0441\u0442\u0443\u043f\u043d\u044b \u0432 \u043d\u0430\u0448\u0435\u0439 \u043a\u043e\u043c\u043c\u0435\u0440\u0447\u0435\u0441\u043a\u043e\u0439 \u043e\u0444\u0435\u0440\u0442\u0435. <\/span><\/p>\n<p class=\"p1\"><strong><span class=\"s1\">\u0423\u043f\u0430\u043a\u043e\u0432\u043a\u0430<\/span><\/strong><\/p>\n<p class=\"p1\"><span class=\"s2\">\u0421 15 \u0434\u043a\u0433 \u0434\u043e 2 \u043a\u0433 \u043b\u0438\u0431\u043e \u0432 \u043a\u043e\u043b\u043b\u0435\u043a\u0442\u0438\u0432\u043d\u044b\u0445 (\u043a\u043e\u0440\u043e\u0431\u043a\u0430\u0445 \u0438\u0437 \u043a\u0430\u0440\u0442\u043e\u043d\u0430).<\/span><\/p>\n<p class=\"p1\"><strong><span class=\"s1\">\u042d\u0442\u0438\u043a\u0435\u0442\u043a\u0438<\/span><\/strong><\/p>\n<p class=\"p1\"><span class=\"s2\">\u041f\u043e \u0436\u0435\u043b\u0430\u043d\u0438\u044e \u043a\u043b\u0438\u0435\u043d\u0442\u0430.<\/span><\/p>\n<p>&nbsp;<\/p>\n<p>&nbsp;<\/p>\n<h3><strong><a href=\"https:\/\/krzewinski.pl\/wp-content\/uploads\/2016\/04\/Malina-kwadrat.jpg\" rel=\"attachment wp-att-2260\"><img decoding=\"async\" loading=\"lazy\" class=\" wp-image-2260 alignleft\" src=\"https:\/\/krzewinski.pl\/wp-content\/uploads\/2016\/04\/Malina-kwadrat-1024x1024.jpg\" alt=\"Malina kwadrat\" width=\"400\" height=\"400\" srcset=\"https:\/\/krzewinski.pl\/wp-content\/uploads\/2016\/04\/Malina-kwadrat-1024x1024.jpg 1024w, https:\/\/krzewinski.pl\/wp-content\/uploads\/2016\/04\/Malina-kwadrat-300x300.jpg 300w, https:\/\/krzewinski.pl\/wp-content\/uploads\/2016\/04\/Malina-kwadrat-100x100.jpg 100w, https:\/\/krzewinski.pl\/wp-content\/uploads\/2016\/04\/Malina-kwadrat-600x600.jpg 600w, https:\/\/krzewinski.pl\/wp-content\/uploads\/2016\/04\/Malina-kwadrat-150x150.jpg 150w, https:\/\/krzewinski.pl\/wp-content\/uploads\/2016\/04\/Malina-kwadrat-768x768.jpg 768w, https:\/\/krzewinski.pl\/wp-content\/uploads\/2016\/04\/Malina-kwadrat.jpg 1417w\" sizes=\"(max-width: 400px) 100vw, 400px\" \/><\/a><\/strong><\/h3>\n<h3 class=\"p1\"><span class=\"s1\"><br \/>\n\u041c\u0410\u041b\u0418\u041d\u0410<\/span><\/h3>\n<p class=\"p1\"><span style=\"text-decoration: underline;\"><strong><span class=\"s1\">\u041f\u043e\u0440\u0430 \u0441\u0431\u043e\u0440\u0430<\/span><\/strong><\/span><\/p>\n<p class=\"p1\"><span class=\"s2\">\u0421 \u043d\u0430\u0447\u0430\u043b\u0430 \u0438\u044e\u043d\u044f \u0434\u043e \u043f\u043e\u0437\u0434\u043d\u043e\u0439 \u043e\u0441\u0435\u043d\u0438.<\/span><\/p>\n<p class=\"p3\"><span style=\"text-decoration: underline;\"><strong><span class=\"s1\">\u0421\u043e\u0440\u0442\u0430<\/span><\/strong><\/span><\/p>\n<p class=\"p3\"><span class=\"s2\">\u0422\u0440\u0430\u0434\u0438\u0446\u0438\u043e\u043d\u043d\u044b\u0435: Glen Ample.<\/span><\/p>\n<p class=\"p3\"><span class=\"s2\">\u041f\u043e\u0432\u0442\u043e\u0440\u044f\u044e\u0449\u0438\u0435: Polka, Polana, Polonez (\u043d\u043e\u0432\u043e\u0441\u0442\u044c!), Poranna Rosa (\u0436\u0451\u043b\u0442\u0430\u044f).<\/span><\/p>\n<p class=\"p1\"><span style=\"text-decoration: underline;\"><strong><span class=\"s1\">\u0423\u043f\u0430\u043a\u043e\u0432\u043a\u0430<\/span><\/strong><\/span><\/p>\n<p class=\"p1\"><span class=\"s2\">\u0421 0,5 \u043a\u0433 \u0434\u043e 2 \u043a\u0433 \u043b\u0438\u0431\u043e \u0432 \u043a\u043e\u043b\u043b\u0435\u043a\u0442\u0438\u0432\u043d\u043e\u0439 \u0443\u043f\u0430\u043a\u043e\u0432\u043a\u0435.<\/span><\/p>\n<p class=\"p1\"><span style=\"text-decoration: underline;\"><strong><span class=\"s1\">\u042d\u0442\u0438\u043a\u0435\u0442\u043a\u0438<\/span><\/strong><\/span><\/p>\n<p class=\"p1\"><span class=\"s2\">\u041f\u043e \u0436\u0435\u043b\u0430\u043d\u0438\u044e \u043a\u043b\u0438\u0435\u043d\u0442\u0430.<\/span><\/p>\n<p>&nbsp;<\/p>\n<p>&nbsp;<\/p>\n<p>&nbsp;<\/p>\n<p>&nbsp;<\/p>\n<p>&nbsp;<\/p>\n<p>&nbsp;<\/p>\n","protected":false},"excerpt":{"rendered":"<p>\u041c\u044b \u0437\u0430\u043d\u0438\u043c\u0430\u0435\u043c\u0441\u044f \u0442\u043e\u0436\u0435 \u043f\u0440\u043e\u0434\u0443\u043a\u0446\u0438\u0435\u0439 \u0438 \u0442\u043e\u0440\u0433\u043e\u0432\u043b\u0435\u0439 \u044f\u0433\u043e\u0434\u043d\u044b\u0445 \u043f\u043b\u043e\u0434\u043e\u0432. \u0412\u0441\u0435 \u0438\u043d\u0444\u043e\u0440\u043c\u0430\u0446\u0438\u0438 \u043e \u043f\u0440\u043e\u0434\u0430\u0436\u0435 \u043c\u044b \u043a\u043e\u043d\u0441\u0443\u043b\u044c\u0442\u0438\u0440\u0443\u0435\u043c \u0438\u043d\u0434\u0438\u0432\u0438\u0434\u0443\u0430\u043b\u044c\u043d\u043e \u0441 \u043a\u043b\u0438\u0435\u043d\u0442\u043e\u043c. \u041f\u0440\u0438\u0433\u043b\u0430\u0448\u0430\u0435\u043c \u0412\u0430\u0441 \u043f\u0440\u043e\u0447\u0438\u0442\u0430\u0442\u044c \u043d\u0430\u0448\u0443 \u043e\u0444\u0435\u0440\u0442\u0443 \u0438 \u0441\u0432\u044f\u0437\u0430\u0442\u044c\u0441\u044f \u0441 \u043d\u0430\u043c\u0438! &nbsp; &nbsp; \u041a\u041b\u0423\u0411\u041d\u0418\u041a\u0410 \u041f\u043e\u0440\u0430 \u0441\u0431\u043e\u0440\u0430 \u0421 \u043d\u0430\u0447\u0430\u043b\u0430 \u0438\u044e\u043d\u044f \u0434\u043e \u043a\u043e\u043d\u0446\u0430 \u0438\u044e\u043b\u044f. \u0421\u043e\u0440\u0442 Vibrant \u2013 \u0441 \u0430\u0432\u0433\u0443\u0441\u0442\u0430 \u0434\u043e \u043a\u043e\u043d\u0446\u0430 \u043e\u043a\u0442\u044f\u0431\u0440\u0430. \u0421\u043e\u0440\u0442\u0430 \u041e\u0447\u0435\u043d\u044c \u0448\u0438\u0440\u043e\u043a\u0438\u0439 \u0432\u044b\u0431\u043e\u0440. \u0412\u0441\u0435, \u043a\u043e\u0442\u043e\u0440\u044b\u0435 \u0434\u043e\u0441\u0442\u0443\u043f\u043d\u044b \u0432 \u043d\u0430\u0448\u0435\u0439 \u043a\u043e\u043c\u043c\u0435\u0440\u0447\u0435\u0441\u043a\u043e\u0439 &hellip;<\/p>\n","protected":false},"author":1,"featured_media":0,"parent":0,"menu_order":0,"comment_status":"closed","ping_status":"closed","template":"","meta":[],"acf":[],"yoast_head":"<!-- This site is optimized with the Yoast SEO plugin v19.13 - https:\/\/yoast.com\/wordpress\/plugins\/seo\/ -->\n<title>\u041f\u0440\u043e\u0434\u0430\u0436\u0430 \u043f\u043b\u043e\u0434\u043e\u0432 - Krzewi\u0144ski<\/title>\n<meta name=\"robots\" content=\"index, follow, max-snippet:-1, max-image-preview:large, max-video-preview:-1\" \/>\n<link rel=\"canonical\" href=\"https:\/\/krzewinski.pl\/ru\/\u043f\u0440\u043e\u0434\u0430\u0436\u0430-\u043f\u043b\u043e\u0434\u043e\u0432\/\" \/>\n<meta property=\"og:locale\" content=\"ru_RU\" \/>\n<meta property=\"og:type\" content=\"article\" \/>\n<meta property=\"og:title\" content=\"\u041f\u0440\u043e\u0434\u0430\u0436\u0430 \u043f\u043b\u043e\u0434\u043e\u0432 - Krzewi\u0144ski\" \/>\n<meta property=\"og:description\" content=\"\u041c\u044b \u0437\u0430\u043d\u0438\u043c\u0430\u0435\u043c\u0441\u044f \u0442\u043e\u0436\u0435 \u043f\u0440\u043e\u0434\u0443\u043a\u0446\u0438\u0435\u0439 \u0438 \u0442\u043e\u0440\u0433\u043e\u0432\u043b\u0435\u0439 \u044f\u0433\u043e\u0434\u043d\u044b\u0445 \u043f\u043b\u043e\u0434\u043e\u0432. \u0412\u0441\u0435 \u0438\u043d\u0444\u043e\u0440\u043c\u0430\u0446\u0438\u0438 \u043e \u043f\u0440\u043e\u0434\u0430\u0436\u0435 \u043c\u044b \u043a\u043e\u043d\u0441\u0443\u043b\u044c\u0442\u0438\u0440\u0443\u0435\u043c \u0438\u043d\u0434\u0438\u0432\u0438\u0434\u0443\u0430\u043b\u044c\u043d\u043e \u0441 \u043a\u043b\u0438\u0435\u043d\u0442\u043e\u043c. \u041f\u0440\u0438\u0433\u043b\u0430\u0448\u0430\u0435\u043c \u0412\u0430\u0441 \u043f\u0440\u043e\u0447\u0438\u0442\u0430\u0442\u044c \u043d\u0430\u0448\u0443 \u043e\u0444\u0435\u0440\u0442\u0443 \u0438 \u0441\u0432\u044f\u0437\u0430\u0442\u044c\u0441\u044f \u0441 \u043d\u0430\u043c\u0438! &nbsp; &nbsp; \u041a\u041b\u0423\u0411\u041d\u0418\u041a\u0410 \u041f\u043e\u0440\u0430 \u0441\u0431\u043e\u0440\u0430 \u0421 \u043d\u0430\u0447\u0430\u043b\u0430 \u0438\u044e\u043d\u044f \u0434\u043e \u043a\u043e\u043d\u0446\u0430 \u0438\u044e\u043b\u044f. \u0421\u043e\u0440\u0442 Vibrant \u2013 \u0441 \u0430\u0432\u0433\u0443\u0441\u0442\u0430 \u0434\u043e \u043a\u043e\u043d\u0446\u0430 \u043e\u043a\u0442\u044f\u0431\u0440\u0430. \u0421\u043e\u0440\u0442\u0430 \u041e\u0447\u0435\u043d\u044c \u0448\u0438\u0440\u043e\u043a\u0438\u0439 \u0432\u044b\u0431\u043e\u0440. \u0412\u0441\u0435, \u043a\u043e\u0442\u043e\u0440\u044b\u0435 \u0434\u043e\u0441\u0442\u0443\u043f\u043d\u044b \u0432 \u043d\u0430\u0448\u0435\u0439 \u043a\u043e\u043c\u043c\u0435\u0440\u0447\u0435\u0441\u043a\u043e\u0439 &hellip;\" \/>\n<meta property=\"og:url\" content=\"https:\/\/krzewinski.pl\/ru\/\u043f\u0440\u043e\u0434\u0430\u0436\u0430-\u043f\u043b\u043e\u0434\u043e\u0432\/\" \/>\n<meta property=\"og:site_name\" content=\"Krzewi\u0144ski\" \/>\n<meta property=\"article:publisher\" content=\"https:\/\/www.facebook.com\/lgskrzewinski\" \/>\n<meta property=\"article:modified_time\" content=\"2016-06-03T11:52:29+00:00\" \/>\n<meta property=\"og:image\" content=\"https:\/\/krzewinski.pl\/wp-content\/uploads\/2016\/04\/Truskawka-kwadrat-1024x1024.jpg\" \/>\n<meta name=\"twitter:card\" content=\"summary_large_image\" \/>\n<script type=\"application\/ld+json\" class=\"yoast-schema-graph\">{\"@context\":\"https:\/\/schema.org\",\"@graph\":[{\"@type\":\"WebPage\",\"@id\":\"https:\/\/krzewinski.pl\/ru\/%d0%bf%d1%80%d0%be%d0%b4%d0%b0%d0%b6%d0%b0-%d0%bf%d0%bb%d0%be%d0%b4%d0%be%d0%b2\/\",\"url\":\"https:\/\/krzewinski.pl\/ru\/%d0%bf%d1%80%d0%be%d0%b4%d0%b0%d0%b6%d0%b0-%d0%bf%d0%bb%d0%be%d0%b4%d0%be%d0%b2\/\",\"name\":\"\u041f\u0440\u043e\u0434\u0430\u0436\u0430 \u043f\u043b\u043e\u0434\u043e\u0432 - Krzewi\u0144ski\",\"isPartOf\":{\"@id\":\"https:\/\/krzewinski.pl\/ru\/#website\"},\"datePublished\":\"2016-06-01T08:32:35+00:00\",\"dateModified\":\"2016-06-03T11:52:29+00:00\",\"breadcrumb\":{\"@id\":\"https:\/\/krzewinski.pl\/ru\/%d0%bf%d1%80%d0%be%d0%b4%d0%b0%d0%b6%d0%b0-%d0%bf%d0%bb%d0%be%d0%b4%d0%be%d0%b2\/#breadcrumb\"},\"inLanguage\":\"ru-RU\",\"potentialAction\":[{\"@type\":\"ReadAction\",\"target\":[\"https:\/\/krzewinski.pl\/ru\/%d0%bf%d1%80%d0%be%d0%b4%d0%b0%d0%b6%d0%b0-%d0%bf%d0%bb%d0%be%d0%b4%d0%be%d0%b2\/\"]}]},{\"@type\":\"BreadcrumbList\",\"@id\":\"https:\/\/krzewinski.pl\/ru\/%d0%bf%d1%80%d0%be%d0%b4%d0%b0%d0%b6%d0%b0-%d0%bf%d0%bb%d0%be%d0%b4%d0%be%d0%b2\/#breadcrumb\",\"itemListElement\":[{\"@type\":\"ListItem\",\"position\":1,\"name\":\"Strona g\u0142\u00f3wna\",\"item\":\"https:\/\/krzewinski.pl\/ru\/\"},{\"@type\":\"ListItem\",\"position\":2,\"name\":\"\u041f\u0440\u043e\u0434\u0430\u0436\u0430 \u043f\u043b\u043e\u0434\u043e\u0432\"}]},{\"@type\":\"WebSite\",\"@id\":\"https:\/\/krzewinski.pl\/ru\/#website\",\"url\":\"https:\/\/krzewinski.pl\/ru\/\",\"name\":\"Krzewi\u0144ski\",\"description\":\"Szk\u00f3\u0142ka krzew\u00f3w owocowych\",\"publisher\":{\"@id\":\"https:\/\/krzewinski.pl\/ru\/#organization\"},\"potentialAction\":[{\"@type\":\"SearchAction\",\"target\":{\"@type\":\"EntryPoint\",\"urlTemplate\":\"https:\/\/krzewinski.pl\/ru\/?s={search_term_string}\"},\"query-input\":\"required name=search_term_string\"}],\"inLanguage\":\"ru-RU\"},{\"@type\":\"Organization\",\"@id\":\"https:\/\/krzewinski.pl\/ru\/#organization\",\"name\":\"Krzewi\u0144ski\",\"url\":\"https:\/\/krzewinski.pl\/ru\/\",\"logo\":{\"@type\":\"ImageObject\",\"inLanguage\":\"ru-RU\",\"@id\":\"https:\/\/krzewinski.pl\/ru\/#\/schema\/logo\/image\/\",\"url\":\"https:\/\/krzewinski.pl\/wp-content\/uploads\/2015\/10\/logo-www.png\",\"contentUrl\":\"https:\/\/krzewinski.pl\/wp-content\/uploads\/2015\/10\/logo-www.png\",\"width\":263,\"height\":150,\"caption\":\"Krzewi\u0144ski\"},\"image\":{\"@id\":\"https:\/\/krzewinski.pl\/ru\/#\/schema\/logo\/image\/\"},\"sameAs\":[\"https:\/\/www.instagram.com\/lgs.krzewinski\/\",\"https:\/\/www.facebook.com\/lgskrzewinski\"]}]}<\/script>\n<!-- \/ Yoast SEO plugin. -->","yoast_head_json":{"title":"\u041f\u0440\u043e\u0434\u0430\u0436\u0430 \u043f\u043b\u043e\u0434\u043e\u0432 - Krzewi\u0144ski","robots":{"index":"index","follow":"follow","max-snippet":"max-snippet:-1","max-image-preview":"max-image-preview:large","max-video-preview":"max-video-preview:-1"},"canonical":"https:\/\/krzewinski.pl\/ru\/\u043f\u0440\u043e\u0434\u0430\u0436\u0430-\u043f\u043b\u043e\u0434\u043e\u0432\/","og_locale":"ru_RU","og_type":"article","og_title":"\u041f\u0440\u043e\u0434\u0430\u0436\u0430 \u043f\u043b\u043e\u0434\u043e\u0432 - Krzewi\u0144ski","og_description":"\u041c\u044b \u0437\u0430\u043d\u0438\u043c\u0430\u0435\u043c\u0441\u044f \u0442\u043e\u0436\u0435 \u043f\u0440\u043e\u0434\u0443\u043a\u0446\u0438\u0435\u0439 \u0438 \u0442\u043e\u0440\u0433\u043e\u0432\u043b\u0435\u0439 \u044f\u0433\u043e\u0434\u043d\u044b\u0445 \u043f\u043b\u043e\u0434\u043e\u0432. \u0412\u0441\u0435 \u0438\u043d\u0444\u043e\u0440\u043c\u0430\u0446\u0438\u0438 \u043e \u043f\u0440\u043e\u0434\u0430\u0436\u0435 \u043c\u044b \u043a\u043e\u043d\u0441\u0443\u043b\u044c\u0442\u0438\u0440\u0443\u0435\u043c \u0438\u043d\u0434\u0438\u0432\u0438\u0434\u0443\u0430\u043b\u044c\u043d\u043e \u0441 \u043a\u043b\u0438\u0435\u043d\u0442\u043e\u043c. \u041f\u0440\u0438\u0433\u043b\u0430\u0448\u0430\u0435\u043c \u0412\u0430\u0441 \u043f\u0440\u043e\u0447\u0438\u0442\u0430\u0442\u044c \u043d\u0430\u0448\u0443 \u043e\u0444\u0435\u0440\u0442\u0443 \u0438 \u0441\u0432\u044f\u0437\u0430\u0442\u044c\u0441\u044f \u0441 \u043d\u0430\u043c\u0438! &nbsp; &nbsp; \u041a\u041b\u0423\u0411\u041d\u0418\u041a\u0410 \u041f\u043e\u0440\u0430 \u0441\u0431\u043e\u0440\u0430 \u0421 \u043d\u0430\u0447\u0430\u043b\u0430 \u0438\u044e\u043d\u044f \u0434\u043e \u043a\u043e\u043d\u0446\u0430 \u0438\u044e\u043b\u044f. \u0421\u043e\u0440\u0442 Vibrant \u2013 \u0441 \u0430\u0432\u0433\u0443\u0441\u0442\u0430 \u0434\u043e \u043a\u043e\u043d\u0446\u0430 \u043e\u043a\u0442\u044f\u0431\u0440\u0430. \u0421\u043e\u0440\u0442\u0430 \u041e\u0447\u0435\u043d\u044c \u0448\u0438\u0440\u043e\u043a\u0438\u0439 \u0432\u044b\u0431\u043e\u0440. \u0412\u0441\u0435, \u043a\u043e\u0442\u043e\u0440\u044b\u0435 \u0434\u043e\u0441\u0442\u0443\u043f\u043d\u044b \u0432 \u043d\u0430\u0448\u0435\u0439 \u043a\u043e\u043c\u043c\u0435\u0440\u0447\u0435\u0441\u043a\u043e\u0439 &hellip;","og_url":"https:\/\/krzewinski.pl\/ru\/\u043f\u0440\u043e\u0434\u0430\u0436\u0430-\u043f\u043b\u043e\u0434\u043e\u0432\/","og_site_name":"Krzewi\u0144ski","article_publisher":"https:\/\/www.facebook.com\/lgskrzewinski","article_modified_time":"2016-06-03T11:52:29+00:00","og_image":[{"url":"https:\/\/krzewinski.pl\/wp-content\/uploads\/2016\/04\/Truskawka-kwadrat-1024x1024.jpg"}],"twitter_card":"summary_large_image","schema":{"@context":"https:\/\/schema.org","@graph":[{"@type":"WebPage","@id":"https:\/\/krzewinski.pl\/ru\/%d0%bf%d1%80%d0%be%d0%b4%d0%b0%d0%b6%d0%b0-%d0%bf%d0%bb%d0%be%d0%b4%d0%be%d0%b2\/","url":"https:\/\/krzewinski.pl\/ru\/%d0%bf%d1%80%d0%be%d0%b4%d0%b0%d0%b6%d0%b0-%d0%bf%d0%bb%d0%be%d0%b4%d0%be%d0%b2\/","name":"\u041f\u0440\u043e\u0434\u0430\u0436\u0430 \u043f\u043b\u043e\u0434\u043e\u0432 - Krzewi\u0144ski","isPartOf":{"@id":"https:\/\/krzewinski.pl\/ru\/#website"},"datePublished":"2016-06-01T08:32:35+00:00","dateModified":"2016-06-03T11:52:29+00:00","breadcrumb":{"@id":"https:\/\/krzewinski.pl\/ru\/%d0%bf%d1%80%d0%be%d0%b4%d0%b0%d0%b6%d0%b0-%d0%bf%d0%bb%d0%be%d0%b4%d0%be%d0%b2\/#breadcrumb"},"inLanguage":"ru-RU","potentialAction":[{"@type":"ReadAction","target":["https:\/\/krzewinski.pl\/ru\/%d0%bf%d1%80%d0%be%d0%b4%d0%b0%d0%b6%d0%b0-%d0%bf%d0%bb%d0%be%d0%b4%d0%be%d0%b2\/"]}]},{"@type":"BreadcrumbList","@id":"https:\/\/krzewinski.pl\/ru\/%d0%bf%d1%80%d0%be%d0%b4%d0%b0%d0%b6%d0%b0-%d0%bf%d0%bb%d0%be%d0%b4%d0%be%d0%b2\/#breadcrumb","itemListElement":[{"@type":"ListItem","position":1,"name":"Strona g\u0142\u00f3wna","item":"https:\/\/krzewinski.pl\/ru\/"},{"@type":"ListItem","position":2,"name":"\u041f\u0440\u043e\u0434\u0430\u0436\u0430 \u043f\u043b\u043e\u0434\u043e\u0432"}]},{"@type":"WebSite","@id":"https:\/\/krzewinski.pl\/ru\/#website","url":"https:\/\/krzewinski.pl\/ru\/","name":"Krzewi\u0144ski","description":"Szk\u00f3\u0142ka krzew\u00f3w owocowych","publisher":{"@id":"https:\/\/krzewinski.pl\/ru\/#organization"},"potentialAction":[{"@type":"SearchAction","target":{"@type":"EntryPoint","urlTemplate":"https:\/\/krzewinski.pl\/ru\/?s={search_term_string}"},"query-input":"required name=search_term_string"}],"inLanguage":"ru-RU"},{"@type":"Organization","@id":"https:\/\/krzewinski.pl\/ru\/#organization","name":"Krzewi\u0144ski","url":"https:\/\/krzewinski.pl\/ru\/","logo":{"@type":"ImageObject","inLanguage":"ru-RU","@id":"https:\/\/krzewinski.pl\/ru\/#\/schema\/logo\/image\/","url":"https:\/\/krzewinski.pl\/wp-content\/uploads\/2015\/10\/logo-www.png","contentUrl":"https:\/\/krzewinski.pl\/wp-content\/uploads\/2015\/10\/logo-www.png","width":263,"height":150,"caption":"Krzewi\u0144ski"},"image":{"@id":"https:\/\/krzewinski.pl\/ru\/#\/schema\/logo\/image\/"},"sameAs":["https:\/\/www.instagram.com\/lgs.krzewinski\/","https:\/\/www.facebook.com\/lgskrzewinski"]}]}},"_links":{"self":[{"href":"https:\/\/krzewinski.pl\/ru\/wp-json\/wp\/v2\/pages\/2614"}],"collection":[{"href":"https:\/\/krzewinski.pl\/ru\/wp-json\/wp\/v2\/pages"}],"about":[{"href":"https:\/\/krzewinski.pl\/ru\/wp-json\/wp\/v2\/types\/page"}],"author":[{"embeddable":true,"href":"https:\/\/krzewinski.pl\/ru\/wp-json\/wp\/v2\/users\/1"}],"replies":[{"embeddable":true,"href":"https:\/\/krzewinski.pl\/ru\/wp-json\/wp\/v2\/comments?post=2614"}],"version-history":[{"count":4,"href":"https:\/\/krzewinski.pl\/ru\/wp-json\/wp\/v2\/pages\/2614\/revisions"}],"predecessor-version":[{"id":2644,"href":"https:\/\/krzewinski.pl\/ru\/wp-json\/wp\/v2\/pages\/2614\/revisions\/2644"}],"wp:attachment":[{"href":"https:\/\/krzewinski.pl\/ru\/wp-json\/wp\/v2\/media?parent=2614"}],"curies":[{"name":"wp","href":"https:\/\/api.w.org\/{rel}","templated":true}]}}