{"id":3176,"date":"2016-06-07T14:47:50","date_gmt":"2016-06-07T12:47:50","guid":{"rendered":"https:\/\/krzewinski.pl\/ru\/?page_id=3176"},"modified":"2016-06-07T17:16:51","modified_gmt":"2016-06-07T15:16:51","slug":"%d1%81%d0%b0%d0%b6%d0%b5%d0%bd%d1%86%d1%8b-%d0%b7%d0%b5%d0%bc%d0%bb%d1%8f%d0%bd%d0%b8%d0%ba%d0%b8-atilla","status":"publish","type":"page","link":"https:\/\/krzewinski.pl\/ru\/poziomka\/%d1%81%d0%b0%d0%b6%d0%b5%d0%bd%d1%86%d1%8b-%d0%b7%d0%b5%d0%bc%d0%bb%d1%8f%d0%bd%d0%b8%d0%ba%d0%b8-atilla\/","title":{"rendered":"\u0421\u0430\u0436\u0435\u043d\u0446\u044b \u0437\u0435\u043c\u043b\u044f\u043d\u0438\u043a\u0438 Attila"},"content":{"rendered":"<p><strong>\u0417\u0435\u043c\u043b\u044f\u043d\u0438\u043a\u0430 \u0432\u0438\u0441\u044f\u0447\u0430\u044f \u2013 \u043f\u043e\u043b\u0437\u0443\u0447\u0430\u044f.<\/strong><\/p>\n<p><strong>\u041f\u043e\u0440\u0430 \u0441\u043e\u0437\u0440\u0435\u0432\u0430\u043d\u0438\u044f: <\/strong>\u043f\u043b\u043e\u0434\u043e\u043d\u043e\u0448\u0435\u043d\u0438\u0435 \u0441 \u0438\u044e\u043d\u044f \u0434\u043e \u043f\u0435\u0440\u0432\u044b\u0445 \u0437\u0430\u043c\u043e\u0440\u043e\u0437\u043a\u043e\u0432<\/p>\n<p><strong>\u041f\u043b\u043e\u0434\u044b: <\/strong>\u043e\u0432\u0430\u043b\u044c\u043d\u044b\u0435, \u0438\u043d\u0442\u0435\u043d\u0441\u0438\u0432\u043d\u043e \u043a\u0440\u0430\u0441\u043d\u044b\u0435. \u041e\u0447\u0435\u043d\u044c \u0430\u0440\u043e\u043c\u0430\u0442\u043d\u044b\u0435 \u0438 \u0432\u043a\u0443\u0441\u043d\u044b\u0435.<\/p>\n<p>\u041e\u0447\u0435\u043d\u044c \u0434\u0435\u043a\u043e\u0440\u0430\u0442\u0438\u0432\u043d\u044b\u0439 \u0441\u043e\u0440\u0442.<br \/>\n<strong>\u041f\u041e\u041c\u041d\u0418\u0422\u0415! <\/strong>\u0421\u0442\u043e\u0438\u0442 \u0432\u044b\u0440\u0430\u0449\u0438\u0432\u0430\u0442\u044c \u0432 \u0432\u0438\u0441\u044f\u0447\u0438\u0445 \u0433\u043e\u0440\u0448\u043a\u0430\u0445 1,5 \u043c \u043d\u0430\u0434 \u0437\u0435\u043c\u043b\u044e, \u0432 \u0441\u0432\u044f\u0437\u0438 \u0441 \u043e\u0447\u0435\u043d\u044c \u0434\u043b\u0438\u043d\u043d\u0438\u043c\u0438, \u0431\u044b\u0441\u0442\u0440\u043e \u0440\u0430\u0441\u0442\u0443\u0449\u0438\u043c\u0438 \u043f\u043e\u0440\u043e\u0441\u043b\u044f\u043c\u0438.<\/p>\n","protected":false},"excerpt":{"rendered":"<p>\u0417\u0435\u043c\u043b\u044f\u043d\u0438\u043a\u0430 \u0432\u0438\u0441\u044f\u0447\u0430\u044f \u2013 \u043f\u043e\u043b\u0437\u0443\u0447\u0430\u044f. \u041f\u043e\u0440\u0430 \u0441\u043e\u0437\u0440\u0435\u0432\u0430\u043d\u0438\u044f: \u043f\u043b\u043e\u0434\u043e\u043d\u043e\u0448\u0435\u043d\u0438\u0435 \u0441 \u0438\u044e\u043d\u044f \u0434\u043e \u043f\u0435\u0440\u0432\u044b\u0445 \u0437\u0430\u043c\u043e\u0440\u043e\u0437\u043a\u043e\u0432 \u041f\u043b\u043e\u0434\u044b: \u043e\u0432\u0430\u043b\u044c\u043d\u044b\u0435, \u0438\u043d\u0442\u0435\u043d\u0441\u0438\u0432\u043d\u043e \u043a\u0440\u0430\u0441\u043d\u044b\u0435. \u041e\u0447\u0435\u043d\u044c \u0430\u0440\u043e\u043c\u0430\u0442\u043d\u044b\u0435 \u0438 \u0432\u043a\u0443\u0441\u043d\u044b\u0435. \u041e\u0447\u0435\u043d\u044c \u0434\u0435\u043a\u043e\u0440\u0430\u0442\u0438\u0432\u043d\u044b\u0439 \u0441\u043e\u0440\u0442. \u041f\u041e\u041c\u041d\u0418\u0422\u0415! \u0421\u0442\u043e\u0438\u0442 \u0432\u044b\u0440\u0430\u0449\u0438\u0432\u0430\u0442\u044c \u0432 \u0432\u0438\u0441\u044f\u0447\u0438\u0445 \u0433\u043e\u0440\u0448\u043a\u0430\u0445 1,5 \u043c \u043d\u0430\u0434 \u0437\u0435\u043c\u043b\u044e, \u0432 \u0441\u0432\u044f\u0437\u0438 \u0441 \u043e\u0447\u0435\u043d\u044c \u0434\u043b\u0438\u043d\u043d\u0438\u043c\u0438, \u0431\u044b\u0441\u0442\u0440\u043e \u0440\u0430\u0441\u0442\u0443\u0449\u0438\u043c\u0438 \u043f\u043e\u0440\u043e\u0441\u043b\u044f\u043c\u0438.<\/p>\n","protected":false},"author":2,"featured_media":0,"parent":2492,"menu_order":0,"comment_status":"closed","ping_status":"closed","template":"","meta":[],"acf":[],"yoast_head":"<!-- This site is optimized with the Yoast SEO plugin v19.13 - https:\/\/yoast.com\/wordpress\/plugins\/seo\/ -->\n<title>\u0421\u0430\u0436\u0435\u043d\u0446\u044b \u0437\u0435\u043c\u043b\u044f\u043d\u0438\u043a\u0438 Attila - Krzewi\u0144ski<\/title>\n<meta name=\"robots\" content=\"index, follow, max-snippet:-1, max-image-preview:large, max-video-preview:-1\" \/>\n<link rel=\"canonical\" href=\"https:\/\/krzewinski.pl\/ru\/poziomka\/\u0441\u0430\u0436\u0435\u043d\u0446\u044b-\u0437\u0435\u043c\u043b\u044f\u043d\u0438\u043a\u0438-atilla\/\" \/>\n<meta property=\"og:locale\" content=\"ru_RU\" \/>\n<meta property=\"og:type\" content=\"article\" \/>\n<meta property=\"og:title\" content=\"\u0421\u0430\u0436\u0435\u043d\u0446\u044b \u0437\u0435\u043c\u043b\u044f\u043d\u0438\u043a\u0438 Attila - Krzewi\u0144ski\" \/>\n<meta property=\"og:description\" content=\"\u0417\u0435\u043c\u043b\u044f\u043d\u0438\u043a\u0430 \u0432\u0438\u0441\u044f\u0447\u0430\u044f \u2013 \u043f\u043e\u043b\u0437\u0443\u0447\u0430\u044f. \u041f\u043e\u0440\u0430 \u0441\u043e\u0437\u0440\u0435\u0432\u0430\u043d\u0438\u044f: \u043f\u043b\u043e\u0434\u043e\u043d\u043e\u0448\u0435\u043d\u0438\u0435 \u0441 \u0438\u044e\u043d\u044f \u0434\u043e \u043f\u0435\u0440\u0432\u044b\u0445 \u0437\u0430\u043c\u043e\u0440\u043e\u0437\u043a\u043e\u0432 \u041f\u043b\u043e\u0434\u044b: \u043e\u0432\u0430\u043b\u044c\u043d\u044b\u0435, \u0438\u043d\u0442\u0435\u043d\u0441\u0438\u0432\u043d\u043e \u043a\u0440\u0430\u0441\u043d\u044b\u0435. \u041e\u0447\u0435\u043d\u044c \u0430\u0440\u043e\u043c\u0430\u0442\u043d\u044b\u0435 \u0438 \u0432\u043a\u0443\u0441\u043d\u044b\u0435. \u041e\u0447\u0435\u043d\u044c \u0434\u0435\u043a\u043e\u0440\u0430\u0442\u0438\u0432\u043d\u044b\u0439 \u0441\u043e\u0440\u0442. \u041f\u041e\u041c\u041d\u0418\u0422\u0415! \u0421\u0442\u043e\u0438\u0442 \u0432\u044b\u0440\u0430\u0449\u0438\u0432\u0430\u0442\u044c \u0432 \u0432\u0438\u0441\u044f\u0447\u0438\u0445 \u0433\u043e\u0440\u0448\u043a\u0430\u0445 1,5 \u043c \u043d\u0430\u0434 \u0437\u0435\u043c\u043b\u044e, \u0432 \u0441\u0432\u044f\u0437\u0438 \u0441 \u043e\u0447\u0435\u043d\u044c \u0434\u043b\u0438\u043d\u043d\u0438\u043c\u0438, \u0431\u044b\u0441\u0442\u0440\u043e \u0440\u0430\u0441\u0442\u0443\u0449\u0438\u043c\u0438 \u043f\u043e\u0440\u043e\u0441\u043b\u044f\u043c\u0438.\" \/>\n<meta property=\"og:url\" content=\"https:\/\/krzewinski.pl\/ru\/poziomka\/\u0441\u0430\u0436\u0435\u043d\u0446\u044b-\u0437\u0435\u043c\u043b\u044f\u043d\u0438\u043a\u0438-atilla\/\" \/>\n<meta property=\"og:site_name\" content=\"Krzewi\u0144ski\" \/>\n<meta property=\"article:publisher\" content=\"https:\/\/www.facebook.com\/lgskrzewinski\" \/>\n<meta property=\"article:modified_time\" content=\"2016-06-07T15:16:51+00:00\" \/>\n<meta name=\"twitter:card\" content=\"summary_large_image\" \/>\n<script type=\"application\/ld+json\" class=\"yoast-schema-graph\">{\"@context\":\"https:\/\/schema.org\",\"@graph\":[{\"@type\":\"WebPage\",\"@id\":\"https:\/\/krzewinski.pl\/ru\/poziomka\/%d1%81%d0%b0%d0%b6%d0%b5%d0%bd%d1%86%d1%8b-%d0%b7%d0%b5%d0%bc%d0%bb%d1%8f%d0%bd%d0%b8%d0%ba%d0%b8-atilla\/\",\"url\":\"https:\/\/krzewinski.pl\/ru\/poziomka\/%d1%81%d0%b0%d0%b6%d0%b5%d0%bd%d1%86%d1%8b-%d0%b7%d0%b5%d0%bc%d0%bb%d1%8f%d0%bd%d0%b8%d0%ba%d0%b8-atilla\/\",\"name\":\"\u0421\u0430\u0436\u0435\u043d\u0446\u044b \u0437\u0435\u043c\u043b\u044f\u043d\u0438\u043a\u0438 Attila - Krzewi\u0144ski\",\"isPartOf\":{\"@id\":\"https:\/\/krzewinski.pl\/ru\/#website\"},\"datePublished\":\"2016-06-07T12:47:50+00:00\",\"dateModified\":\"2016-06-07T15:16:51+00:00\",\"breadcrumb\":{\"@id\":\"https:\/\/krzewinski.pl\/ru\/poziomka\/%d1%81%d0%b0%d0%b6%d0%b5%d0%bd%d1%86%d1%8b-%d0%b7%d0%b5%d0%bc%d0%bb%d1%8f%d0%bd%d0%b8%d0%ba%d0%b8-atilla\/#breadcrumb\"},\"inLanguage\":\"ru-RU\",\"potentialAction\":[{\"@type\":\"ReadAction\",\"target\":[\"https:\/\/krzewinski.pl\/ru\/poziomka\/%d1%81%d0%b0%d0%b6%d0%b5%d0%bd%d1%86%d1%8b-%d0%b7%d0%b5%d0%bc%d0%bb%d1%8f%d0%bd%d0%b8%d0%ba%d0%b8-atilla\/\"]}]},{\"@type\":\"BreadcrumbList\",\"@id\":\"https:\/\/krzewinski.pl\/ru\/poziomka\/%d1%81%d0%b0%d0%b6%d0%b5%d0%bd%d1%86%d1%8b-%d0%b7%d0%b5%d0%bc%d0%bb%d1%8f%d0%bd%d0%b8%d0%ba%d0%b8-atilla\/#breadcrumb\",\"itemListElement\":[{\"@type\":\"ListItem\",\"position\":1,\"name\":\"Strona g\u0142\u00f3wna\",\"item\":\"https:\/\/krzewinski.pl\/ru\/\"},{\"@type\":\"ListItem\",\"position\":2,\"name\":\"\u0421\u0430\u0436\u0435\u043d\u0446\u044b \u0437\u0435\u043c\u043b\u044f\u043d\u0438\u043a\u0438\",\"item\":\"https:\/\/krzewinski.pl\/ru\/poziomka\/\"},{\"@type\":\"ListItem\",\"position\":3,\"name\":\"\u0421\u0430\u0436\u0435\u043d\u0446\u044b \u0437\u0435\u043c\u043b\u044f\u043d\u0438\u043a\u0438 Attila\"}]},{\"@type\":\"WebSite\",\"@id\":\"https:\/\/krzewinski.pl\/ru\/#website\",\"url\":\"https:\/\/krzewinski.pl\/ru\/\",\"name\":\"Krzewi\u0144ski\",\"description\":\"Szk\u00f3\u0142ka krzew\u00f3w owocowych\",\"publisher\":{\"@id\":\"https:\/\/krzewinski.pl\/ru\/#organization\"},\"potentialAction\":[{\"@type\":\"SearchAction\",\"target\":{\"@type\":\"EntryPoint\",\"urlTemplate\":\"https:\/\/krzewinski.pl\/ru\/?s={search_term_string}\"},\"query-input\":\"required name=search_term_string\"}],\"inLanguage\":\"ru-RU\"},{\"@type\":\"Organization\",\"@id\":\"https:\/\/krzewinski.pl\/ru\/#organization\",\"name\":\"Krzewi\u0144ski\",\"url\":\"https:\/\/krzewinski.pl\/ru\/\",\"logo\":{\"@type\":\"ImageObject\",\"inLanguage\":\"ru-RU\",\"@id\":\"https:\/\/krzewinski.pl\/ru\/#\/schema\/logo\/image\/\",\"url\":\"https:\/\/krzewinski.pl\/wp-content\/uploads\/2015\/10\/logo-www.png\",\"contentUrl\":\"https:\/\/krzewinski.pl\/wp-content\/uploads\/2015\/10\/logo-www.png\",\"width\":263,\"height\":150,\"caption\":\"Krzewi\u0144ski\"},\"image\":{\"@id\":\"https:\/\/krzewinski.pl\/ru\/#\/schema\/logo\/image\/\"},\"sameAs\":[\"https:\/\/www.instagram.com\/lgs.krzewinski\/\",\"https:\/\/www.facebook.com\/lgskrzewinski\"]}]}<\/script>\n<!-- \/ Yoast SEO plugin. -->","yoast_head_json":{"title":"\u0421\u0430\u0436\u0435\u043d\u0446\u044b \u0437\u0435\u043c\u043b\u044f\u043d\u0438\u043a\u0438 Attila - Krzewi\u0144ski","robots":{"index":"index","follow":"follow","max-snippet":"max-snippet:-1","max-image-preview":"max-image-preview:large","max-video-preview":"max-video-preview:-1"},"canonical":"https:\/\/krzewinski.pl\/ru\/poziomka\/\u0441\u0430\u0436\u0435\u043d\u0446\u044b-\u0437\u0435\u043c\u043b\u044f\u043d\u0438\u043a\u0438-atilla\/","og_locale":"ru_RU","og_type":"article","og_title":"\u0421\u0430\u0436\u0435\u043d\u0446\u044b \u0437\u0435\u043c\u043b\u044f\u043d\u0438\u043a\u0438 Attila - Krzewi\u0144ski","og_description":"\u0417\u0435\u043c\u043b\u044f\u043d\u0438\u043a\u0430 \u0432\u0438\u0441\u044f\u0447\u0430\u044f \u2013 \u043f\u043e\u043b\u0437\u0443\u0447\u0430\u044f. \u041f\u043e\u0440\u0430 \u0441\u043e\u0437\u0440\u0435\u0432\u0430\u043d\u0438\u044f: \u043f\u043b\u043e\u0434\u043e\u043d\u043e\u0448\u0435\u043d\u0438\u0435 \u0441 \u0438\u044e\u043d\u044f \u0434\u043e \u043f\u0435\u0440\u0432\u044b\u0445 \u0437\u0430\u043c\u043e\u0440\u043e\u0437\u043a\u043e\u0432 \u041f\u043b\u043e\u0434\u044b: \u043e\u0432\u0430\u043b\u044c\u043d\u044b\u0435, \u0438\u043d\u0442\u0435\u043d\u0441\u0438\u0432\u043d\u043e \u043a\u0440\u0430\u0441\u043d\u044b\u0435. \u041e\u0447\u0435\u043d\u044c \u0430\u0440\u043e\u043c\u0430\u0442\u043d\u044b\u0435 \u0438 \u0432\u043a\u0443\u0441\u043d\u044b\u0435. \u041e\u0447\u0435\u043d\u044c \u0434\u0435\u043a\u043e\u0440\u0430\u0442\u0438\u0432\u043d\u044b\u0439 \u0441\u043e\u0440\u0442. \u041f\u041e\u041c\u041d\u0418\u0422\u0415! \u0421\u0442\u043e\u0438\u0442 \u0432\u044b\u0440\u0430\u0449\u0438\u0432\u0430\u0442\u044c \u0432 \u0432\u0438\u0441\u044f\u0447\u0438\u0445 \u0433\u043e\u0440\u0448\u043a\u0430\u0445 1,5 \u043c \u043d\u0430\u0434 \u0437\u0435\u043c\u043b\u044e, \u0432 \u0441\u0432\u044f\u0437\u0438 \u0441 \u043e\u0447\u0435\u043d\u044c \u0434\u043b\u0438\u043d\u043d\u0438\u043c\u0438, \u0431\u044b\u0441\u0442\u0440\u043e \u0440\u0430\u0441\u0442\u0443\u0449\u0438\u043c\u0438 \u043f\u043e\u0440\u043e\u0441\u043b\u044f\u043c\u0438.","og_url":"https:\/\/krzewinski.pl\/ru\/poziomka\/\u0441\u0430\u0436\u0435\u043d\u0446\u044b-\u0437\u0435\u043c\u043b\u044f\u043d\u0438\u043a\u0438-atilla\/","og_site_name":"Krzewi\u0144ski","article_publisher":"https:\/\/www.facebook.com\/lgskrzewinski","article_modified_time":"2016-06-07T15:16:51+00:00","twitter_card":"summary_large_image","schema":{"@context":"https:\/\/schema.org","@graph":[{"@type":"WebPage","@id":"https:\/\/krzewinski.pl\/ru\/poziomka\/%d1%81%d0%b0%d0%b6%d0%b5%d0%bd%d1%86%d1%8b-%d0%b7%d0%b5%d0%bc%d0%bb%d1%8f%d0%bd%d0%b8%d0%ba%d0%b8-atilla\/","url":"https:\/\/krzewinski.pl\/ru\/poziomka\/%d1%81%d0%b0%d0%b6%d0%b5%d0%bd%d1%86%d1%8b-%d0%b7%d0%b5%d0%bc%d0%bb%d1%8f%d0%bd%d0%b8%d0%ba%d0%b8-atilla\/","name":"\u0421\u0430\u0436\u0435\u043d\u0446\u044b \u0437\u0435\u043c\u043b\u044f\u043d\u0438\u043a\u0438 Attila - Krzewi\u0144ski","isPartOf":{"@id":"https:\/\/krzewinski.pl\/ru\/#website"},"datePublished":"2016-06-07T12:47:50+00:00","dateModified":"2016-06-07T15:16:51+00:00","breadcrumb":{"@id":"https:\/\/krzewinski.pl\/ru\/poziomka\/%d1%81%d0%b0%d0%b6%d0%b5%d0%bd%d1%86%d1%8b-%d0%b7%d0%b5%d0%bc%d0%bb%d1%8f%d0%bd%d0%b8%d0%ba%d0%b8-atilla\/#breadcrumb"},"inLanguage":"ru-RU","potentialAction":[{"@type":"ReadAction","target":["https:\/\/krzewinski.pl\/ru\/poziomka\/%d1%81%d0%b0%d0%b6%d0%b5%d0%bd%d1%86%d1%8b-%d0%b7%d0%b5%d0%bc%d0%bb%d1%8f%d0%bd%d0%b8%d0%ba%d0%b8-atilla\/"]}]},{"@type":"BreadcrumbList","@id":"https:\/\/krzewinski.pl\/ru\/poziomka\/%d1%81%d0%b0%d0%b6%d0%b5%d0%bd%d1%86%d1%8b-%d0%b7%d0%b5%d0%bc%d0%bb%d1%8f%d0%bd%d0%b8%d0%ba%d0%b8-atilla\/#breadcrumb","itemListElement":[{"@type":"ListItem","position":1,"name":"Strona g\u0142\u00f3wna","item":"https:\/\/krzewinski.pl\/ru\/"},{"@type":"ListItem","position":2,"name":"\u0421\u0430\u0436\u0435\u043d\u0446\u044b \u0437\u0435\u043c\u043b\u044f\u043d\u0438\u043a\u0438","item":"https:\/\/krzewinski.pl\/ru\/poziomka\/"},{"@type":"ListItem","position":3,"name":"\u0421\u0430\u0436\u0435\u043d\u0446\u044b \u0437\u0435\u043c\u043b\u044f\u043d\u0438\u043a\u0438 Attila"}]},{"@type":"WebSite","@id":"https:\/\/krzewinski.pl\/ru\/#website","url":"https:\/\/krzewinski.pl\/ru\/","name":"Krzewi\u0144ski","description":"Szk\u00f3\u0142ka krzew\u00f3w owocowych","publisher":{"@id":"https:\/\/krzewinski.pl\/ru\/#organization"},"potentialAction":[{"@type":"SearchAction","target":{"@type":"EntryPoint","urlTemplate":"https:\/\/krzewinski.pl\/ru\/?s={search_term_string}"},"query-input":"required name=search_term_string"}],"inLanguage":"ru-RU"},{"@type":"Organization","@id":"https:\/\/krzewinski.pl\/ru\/#organization","name":"Krzewi\u0144ski","url":"https:\/\/krzewinski.pl\/ru\/","logo":{"@type":"ImageObject","inLanguage":"ru-RU","@id":"https:\/\/krzewinski.pl\/ru\/#\/schema\/logo\/image\/","url":"https:\/\/krzewinski.pl\/wp-content\/uploads\/2015\/10\/logo-www.png","contentUrl":"https:\/\/krzewinski.pl\/wp-content\/uploads\/2015\/10\/logo-www.png","width":263,"height":150,"caption":"Krzewi\u0144ski"},"image":{"@id":"https:\/\/krzewinski.pl\/ru\/#\/schema\/logo\/image\/"},"sameAs":["https:\/\/www.instagram.com\/lgs.krzewinski\/","https:\/\/www.facebook.com\/lgskrzewinski"]}]}},"_links":{"self":[{"href":"https:\/\/krzewinski.pl\/ru\/wp-json\/wp\/v2\/pages\/3176"}],"collection":[{"href":"https:\/\/krzewinski.pl\/ru\/wp-json\/wp\/v2\/pages"}],"about":[{"href":"https:\/\/krzewinski.pl\/ru\/wp-json\/wp\/v2\/types\/page"}],"author":[{"embeddable":true,"href":"https:\/\/krzewinski.pl\/ru\/wp-json\/wp\/v2\/users\/2"}],"replies":[{"embeddable":true,"href":"https:\/\/krzewinski.pl\/ru\/wp-json\/wp\/v2\/comments?post=3176"}],"version-history":[{"count":2,"href":"https:\/\/krzewinski.pl\/ru\/wp-json\/wp\/v2\/pages\/3176\/revisions"}],"predecessor-version":[{"id":3209,"href":"https:\/\/krzewinski.pl\/ru\/wp-json\/wp\/v2\/pages\/3176\/revisions\/3209"}],"up":[{"embeddable":true,"href":"https:\/\/krzewinski.pl\/ru\/wp-json\/wp\/v2\/pages\/2492"}],"wp:attachment":[{"href":"https:\/\/krzewinski.pl\/ru\/wp-json\/wp\/v2\/media?parent=3176"}],"curies":[{"name":"wp","href":"https:\/\/api.w.org\/{rel}","templated":true}]}}