{"id":3217,"date":"2016-06-07T17:57:16","date_gmt":"2016-06-07T15:57:16","guid":{"rendered":"https:\/\/krzewinski.pl\/ru\/?page_id=3217"},"modified":"2016-06-07T17:57:16","modified_gmt":"2016-06-07T15:57:16","slug":"%d1%81%d0%b0%d0%b6%d0%b5%d0%bd%d1%86%d1%8b-%d0%ba%d0%bb%d1%83%d0%b1%d0%bd%d0%b8%d0%ba%d0%b8-alfa-centauri","status":"publish","type":"page","link":"https:\/\/krzewinski.pl\/ru\/%d1%81%d0%b0%d0%b6%d0%b5%d0%bd%d1%86%d1%8b-%d0%ba%d0%bb%d1%83%d0%b1%d0%bd%d0%b8%d0%ba%d0%b8\/%d1%81%d0%b0%d0%b6%d0%b5%d0%bd%d1%86%d1%8b-%d0%ba%d0%bb%d1%83%d0%b1%d0%bd%d0%b8%d0%ba%d0%b8-alfa-centauri\/","title":{"rendered":"\u0421\u0430\u0436\u0435\u043d\u0446\u044b \u043a\u043b\u0443\u0431\u043d\u0438\u043a\u0438 Alfa Centauri \u00ae"},"content":{"rendered":"<p><a href=\"\/wp-content\/uploads\/2015\/10\/alfa-c-7.jpg\"><img decoding=\"async\" loading=\"lazy\" class=\"aligncenter size-full wp-image-673\" src=\"\/wp-content\/uploads\/2015\/10\/alfa-c-7.jpg\" alt=\"alfa c 7\" width=\"254\" height=\"279\" \/><\/a><\/p>\n<p>&nbsp;<\/p>\n<p><strong>\u041d\u043e\u0432\u044b\u0438 \u043f\u043e\u043b\u044c\u0441\u043a\u0438\u0439 \u0441\u043e\u0440\u0442 \u0444\u0438\u0440\u043c\u044b &lt;&lt;\u041d\u0438\u0432\u0430&gt;&gt;. \u0422\u0440\u0435\u0431\u0443\u0435\u0442\u0441\u044f \u043f\u0440\u043e\u0438\u0437\u0432\u043e\u0434\u0438\u0442\u0435\u043b\u044f\u043c \u0431\u043b\u0430\u0433\u043e\u0434\u0430\u0440\u044f \u043f\u043e\u0440\u0435 \u0441\u043e\u0437\u0440\u0435\u0432\u0430\u043d\u0438\u044f, \u0432\u044b\u0441\u043e\u043a\u043e\u043c\u0443 \u043f\u043b\u043e\u0434\u043e\u043d\u043e\u0448\u0435\u043d\u0438\u044e, \u0432\u043a\u0443\u0441\u0443 \u0438 \u0440\u0430\u0437\u043c\u0435\u0440\u0443 \u043f\u043b\u043e\u0434\u043e\u0432.<\/strong><\/p>\n<p><strong>\u041f\u043e\u0440\u0430 \u0441\u043e\u0437\u0440\u0435\u0432\u0430\u043d\u0438\u044f: <\/strong>\u043e\u0447\u0435\u043d\u044c \u043f\u043e\u0437\u0434\u043d\u044f\u044f<strong><br \/>\n<\/strong><strong>\u041f\u043b\u043e\u0434\u043e\u043d\u043e\u0448\u0435\u043d\u0438\u0435: <\/strong>\u043e\u0447\u0435\u043d\u044c \u0431\u043e\u043b\u044c\u0448\u043e\u0435<\/p>\n<p><strong>\u0423\u0441\u0442\u043e\u0439\u0447\u0438\u0432\u043e\u0441\u0442\u044c<\/strong>: <u>\u043a \u0437\u0430\u0431\u043e\u043b\u0435\u0432\u0430\u043d\u0438\u044f\u043c<\/u>: \u0431\u043e\u043b\u044c\u0448\u0430\u044f; <u>\u043a \u043c\u043e\u0440\u043e\u0437\u0443<\/u>:\u00a0 \u0431\u043e\u043b\u044c\u0448\u0430\u044f<\/p>\n<p><strong>\u041f\u043b\u043e\u0434\u044b: <\/strong>\u043e\u0447\u0435\u043d\u044c \u0431\u043e\u043b\u044c\u0448\u0438\u0435, \u0441 \u0431\u043b\u0435\u0441\u043a\u043e\u043c, \u0432\u043a\u0443\u0441\u043d\u044b\u0435<\/p>\n<p>\u0414\u0435\u0441\u0435\u0440\u0442\u043d\u043e-\u043f\u0440\u043e\u043c\u044b\u0448\u043b\u0435\u043d\u043d\u044b\u0439 \u0441\u043e\u0440\u0442.<\/p>\n<p>&nbsp;<\/p>\n","protected":false},"excerpt":{"rendered":"<p>&nbsp; \u041d\u043e\u0432\u044b\u0438 \u043f\u043e\u043b\u044c\u0441\u043a\u0438\u0439 \u0441\u043e\u0440\u0442 \u0444\u0438\u0440\u043c\u044b &lt;&lt;\u041d\u0438\u0432\u0430&gt;&gt;. \u0422\u0440\u0435\u0431\u0443\u0435\u0442\u0441\u044f \u043f\u0440\u043e\u0438\u0437\u0432\u043e\u0434\u0438\u0442\u0435\u043b\u044f\u043c \u0431\u043b\u0430\u0433\u043e\u0434\u0430\u0440\u044f \u043f\u043e\u0440\u0435 \u0441\u043e\u0437\u0440\u0435\u0432\u0430\u043d\u0438\u044f, \u0432\u044b\u0441\u043e\u043a\u043e\u043c\u0443 \u043f\u043b\u043e\u0434\u043e\u043d\u043e\u0448\u0435\u043d\u0438\u044e, \u0432\u043a\u0443\u0441\u0443 \u0438 \u0440\u0430\u0437\u043c\u0435\u0440\u0443 \u043f\u043b\u043e\u0434\u043e\u0432. \u041f\u043e\u0440\u0430 \u0441\u043e\u0437\u0440\u0435\u0432\u0430\u043d\u0438\u044f: \u043e\u0447\u0435\u043d\u044c \u043f\u043e\u0437\u0434\u043d\u044f\u044f \u041f\u043b\u043e\u0434\u043e\u043d\u043e\u0448\u0435\u043d\u0438\u0435: \u043e\u0447\u0435\u043d\u044c \u0431\u043e\u043b\u044c\u0448\u043e\u0435 \u0423\u0441\u0442\u043e\u0439\u0447\u0438\u0432\u043e\u0441\u0442\u044c: \u043a \u0437\u0430\u0431\u043e\u043b\u0435\u0432\u0430\u043d\u0438\u044f\u043c: \u0431\u043e\u043b\u044c\u0448\u0430\u044f; \u043a \u043c\u043e\u0440\u043e\u0437\u0443:\u00a0 \u0431\u043e\u043b\u044c\u0448\u0430\u044f \u041f\u043b\u043e\u0434\u044b: \u043e\u0447\u0435\u043d\u044c \u0431\u043e\u043b\u044c\u0448\u0438\u0435, \u0441 \u0431\u043b\u0435\u0441\u043a\u043e\u043c, \u0432\u043a\u0443\u0441\u043d\u044b\u0435 \u0414\u0435\u0441\u0435\u0440\u0442\u043d\u043e-\u043f\u0440\u043e\u043c\u044b\u0448\u043b\u0435\u043d\u043d\u044b\u0439 \u0441\u043e\u0440\u0442. &nbsp;<\/p>\n","protected":false},"author":2,"featured_media":0,"parent":2435,"menu_order":0,"comment_status":"closed","ping_status":"closed","template":"","meta":[],"acf":[],"yoast_head":"<!-- This site is optimized with the Yoast SEO plugin v19.13 - https:\/\/yoast.com\/wordpress\/plugins\/seo\/ -->\n<title>\u0421\u0430\u0436\u0435\u043d\u0446\u044b \u043a\u043b\u0443\u0431\u043d\u0438\u043a\u0438 Alfa Centauri \u00ae - Krzewi\u0144ski<\/title>\n<meta name=\"robots\" content=\"index, follow, max-snippet:-1, max-image-preview:large, max-video-preview:-1\" \/>\n<link rel=\"canonical\" href=\"https:\/\/krzewinski.pl\/ru\/\u0441\u0430\u0436\u0435\u043d\u0446\u044b-\u043a\u043b\u0443\u0431\u043d\u0438\u043a\u0438\/\u0441\u0430\u0436\u0435\u043d\u0446\u044b-\u043a\u043b\u0443\u0431\u043d\u0438\u043a\u0438-alfa-centauri\/\" \/>\n<meta property=\"og:locale\" content=\"ru_RU\" \/>\n<meta property=\"og:type\" content=\"article\" \/>\n<meta property=\"og:title\" content=\"\u0421\u0430\u0436\u0435\u043d\u0446\u044b \u043a\u043b\u0443\u0431\u043d\u0438\u043a\u0438 Alfa Centauri \u00ae - Krzewi\u0144ski\" \/>\n<meta property=\"og:description\" content=\"&nbsp; \u041d\u043e\u0432\u044b\u0438 \u043f\u043e\u043b\u044c\u0441\u043a\u0438\u0439 \u0441\u043e\u0440\u0442 \u0444\u0438\u0440\u043c\u044b &lt;&lt;\u041d\u0438\u0432\u0430&gt;&gt;. \u0422\u0440\u0435\u0431\u0443\u0435\u0442\u0441\u044f \u043f\u0440\u043e\u0438\u0437\u0432\u043e\u0434\u0438\u0442\u0435\u043b\u044f\u043c \u0431\u043b\u0430\u0433\u043e\u0434\u0430\u0440\u044f \u043f\u043e\u0440\u0435 \u0441\u043e\u0437\u0440\u0435\u0432\u0430\u043d\u0438\u044f, \u0432\u044b\u0441\u043e\u043a\u043e\u043c\u0443 \u043f\u043b\u043e\u0434\u043e\u043d\u043e\u0448\u0435\u043d\u0438\u044e, \u0432\u043a\u0443\u0441\u0443 \u0438 \u0440\u0430\u0437\u043c\u0435\u0440\u0443 \u043f\u043b\u043e\u0434\u043e\u0432. \u041f\u043e\u0440\u0430 \u0441\u043e\u0437\u0440\u0435\u0432\u0430\u043d\u0438\u044f: \u043e\u0447\u0435\u043d\u044c \u043f\u043e\u0437\u0434\u043d\u044f\u044f \u041f\u043b\u043e\u0434\u043e\u043d\u043e\u0448\u0435\u043d\u0438\u0435: \u043e\u0447\u0435\u043d\u044c \u0431\u043e\u043b\u044c\u0448\u043e\u0435 \u0423\u0441\u0442\u043e\u0439\u0447\u0438\u0432\u043e\u0441\u0442\u044c: \u043a \u0437\u0430\u0431\u043e\u043b\u0435\u0432\u0430\u043d\u0438\u044f\u043c: \u0431\u043e\u043b\u044c\u0448\u0430\u044f; \u043a \u043c\u043e\u0440\u043e\u0437\u0443:\u00a0 \u0431\u043e\u043b\u044c\u0448\u0430\u044f \u041f\u043b\u043e\u0434\u044b: \u043e\u0447\u0435\u043d\u044c \u0431\u043e\u043b\u044c\u0448\u0438\u0435, \u0441 \u0431\u043b\u0435\u0441\u043a\u043e\u043c, \u0432\u043a\u0443\u0441\u043d\u044b\u0435 \u0414\u0435\u0441\u0435\u0440\u0442\u043d\u043e-\u043f\u0440\u043e\u043c\u044b\u0448\u043b\u0435\u043d\u043d\u044b\u0439 \u0441\u043e\u0440\u0442. &nbsp;\" \/>\n<meta property=\"og:url\" content=\"https:\/\/krzewinski.pl\/ru\/\u0441\u0430\u0436\u0435\u043d\u0446\u044b-\u043a\u043b\u0443\u0431\u043d\u0438\u043a\u0438\/\u0441\u0430\u0436\u0435\u043d\u0446\u044b-\u043a\u043b\u0443\u0431\u043d\u0438\u043a\u0438-alfa-centauri\/\" \/>\n<meta property=\"og:site_name\" content=\"Krzewi\u0144ski\" \/>\n<meta property=\"article:publisher\" content=\"https:\/\/www.facebook.com\/lgskrzewinski\" \/>\n<meta name=\"twitter:card\" content=\"summary_large_image\" \/>\n<script type=\"application\/ld+json\" class=\"yoast-schema-graph\">{\"@context\":\"https:\/\/schema.org\",\"@graph\":[{\"@type\":\"WebPage\",\"@id\":\"https:\/\/krzewinski.pl\/ru\/%d1%81%d0%b0%d0%b6%d0%b5%d0%bd%d1%86%d1%8b-%d0%ba%d0%bb%d1%83%d0%b1%d0%bd%d0%b8%d0%ba%d0%b8\/%d1%81%d0%b0%d0%b6%d0%b5%d0%bd%d1%86%d1%8b-%d0%ba%d0%bb%d1%83%d0%b1%d0%bd%d0%b8%d0%ba%d0%b8-alfa-centauri\/\",\"url\":\"https:\/\/krzewinski.pl\/ru\/%d1%81%d0%b0%d0%b6%d0%b5%d0%bd%d1%86%d1%8b-%d0%ba%d0%bb%d1%83%d0%b1%d0%bd%d0%b8%d0%ba%d0%b8\/%d1%81%d0%b0%d0%b6%d0%b5%d0%bd%d1%86%d1%8b-%d0%ba%d0%bb%d1%83%d0%b1%d0%bd%d0%b8%d0%ba%d0%b8-alfa-centauri\/\",\"name\":\"\u0421\u0430\u0436\u0435\u043d\u0446\u044b \u043a\u043b\u0443\u0431\u043d\u0438\u043a\u0438 Alfa Centauri \u00ae - Krzewi\u0144ski\",\"isPartOf\":{\"@id\":\"https:\/\/krzewinski.pl\/ru\/#website\"},\"datePublished\":\"2016-06-07T15:57:16+00:00\",\"dateModified\":\"2016-06-07T15:57:16+00:00\",\"breadcrumb\":{\"@id\":\"https:\/\/krzewinski.pl\/ru\/%d1%81%d0%b0%d0%b6%d0%b5%d0%bd%d1%86%d1%8b-%d0%ba%d0%bb%d1%83%d0%b1%d0%bd%d0%b8%d0%ba%d0%b8\/%d1%81%d0%b0%d0%b6%d0%b5%d0%bd%d1%86%d1%8b-%d0%ba%d0%bb%d1%83%d0%b1%d0%bd%d0%b8%d0%ba%d0%b8-alfa-centauri\/#breadcrumb\"},\"inLanguage\":\"ru-RU\",\"potentialAction\":[{\"@type\":\"ReadAction\",\"target\":[\"https:\/\/krzewinski.pl\/ru\/%d1%81%d0%b0%d0%b6%d0%b5%d0%bd%d1%86%d1%8b-%d0%ba%d0%bb%d1%83%d0%b1%d0%bd%d0%b8%d0%ba%d0%b8\/%d1%81%d0%b0%d0%b6%d0%b5%d0%bd%d1%86%d1%8b-%d0%ba%d0%bb%d1%83%d0%b1%d0%bd%d0%b8%d0%ba%d0%b8-alfa-centauri\/\"]}]},{\"@type\":\"BreadcrumbList\",\"@id\":\"https:\/\/krzewinski.pl\/ru\/%d1%81%d0%b0%d0%b6%d0%b5%d0%bd%d1%86%d1%8b-%d0%ba%d0%bb%d1%83%d0%b1%d0%bd%d0%b8%d0%ba%d0%b8\/%d1%81%d0%b0%d0%b6%d0%b5%d0%bd%d1%86%d1%8b-%d0%ba%d0%bb%d1%83%d0%b1%d0%bd%d0%b8%d0%ba%d0%b8-alfa-centauri\/#breadcrumb\",\"itemListElement\":[{\"@type\":\"ListItem\",\"position\":1,\"name\":\"Strona g\u0142\u00f3wna\",\"item\":\"https:\/\/krzewinski.pl\/ru\/\"},{\"@type\":\"ListItem\",\"position\":2,\"name\":\"\u0421\u0430\u0436\u0435\u043d\u0446\u044b \u043a\u043b\u0443\u0431\u043d\u0438\u043a\u0438\",\"item\":\"https:\/\/krzewinski.pl\/ru\/%d1%81%d0%b0%d0%b6%d0%b5%d0%bd%d1%86%d1%8b-%d0%ba%d0%bb%d1%83%d0%b1%d0%bd%d0%b8%d0%ba%d0%b8\/\"},{\"@type\":\"ListItem\",\"position\":3,\"name\":\"\u0421\u0430\u0436\u0435\u043d\u0446\u044b \u043a\u043b\u0443\u0431\u043d\u0438\u043a\u0438 Alfa Centauri \u00ae\"}]},{\"@type\":\"WebSite\",\"@id\":\"https:\/\/krzewinski.pl\/ru\/#website\",\"url\":\"https:\/\/krzewinski.pl\/ru\/\",\"name\":\"Krzewi\u0144ski\",\"description\":\"Szk\u00f3\u0142ka krzew\u00f3w owocowych\",\"publisher\":{\"@id\":\"https:\/\/krzewinski.pl\/ru\/#organization\"},\"potentialAction\":[{\"@type\":\"SearchAction\",\"target\":{\"@type\":\"EntryPoint\",\"urlTemplate\":\"https:\/\/krzewinski.pl\/ru\/?s={search_term_string}\"},\"query-input\":\"required name=search_term_string\"}],\"inLanguage\":\"ru-RU\"},{\"@type\":\"Organization\",\"@id\":\"https:\/\/krzewinski.pl\/ru\/#organization\",\"name\":\"Krzewi\u0144ski\",\"url\":\"https:\/\/krzewinski.pl\/ru\/\",\"logo\":{\"@type\":\"ImageObject\",\"inLanguage\":\"ru-RU\",\"@id\":\"https:\/\/krzewinski.pl\/ru\/#\/schema\/logo\/image\/\",\"url\":\"https:\/\/krzewinski.pl\/wp-content\/uploads\/2015\/10\/logo-www.png\",\"contentUrl\":\"https:\/\/krzewinski.pl\/wp-content\/uploads\/2015\/10\/logo-www.png\",\"width\":263,\"height\":150,\"caption\":\"Krzewi\u0144ski\"},\"image\":{\"@id\":\"https:\/\/krzewinski.pl\/ru\/#\/schema\/logo\/image\/\"},\"sameAs\":[\"https:\/\/www.instagram.com\/lgs.krzewinski\/\",\"https:\/\/www.facebook.com\/lgskrzewinski\"]}]}<\/script>\n<!-- \/ Yoast SEO plugin. -->","yoast_head_json":{"title":"\u0421\u0430\u0436\u0435\u043d\u0446\u044b \u043a\u043b\u0443\u0431\u043d\u0438\u043a\u0438 Alfa Centauri \u00ae - Krzewi\u0144ski","robots":{"index":"index","follow":"follow","max-snippet":"max-snippet:-1","max-image-preview":"max-image-preview:large","max-video-preview":"max-video-preview:-1"},"canonical":"https:\/\/krzewinski.pl\/ru\/\u0441\u0430\u0436\u0435\u043d\u0446\u044b-\u043a\u043b\u0443\u0431\u043d\u0438\u043a\u0438\/\u0441\u0430\u0436\u0435\u043d\u0446\u044b-\u043a\u043b\u0443\u0431\u043d\u0438\u043a\u0438-alfa-centauri\/","og_locale":"ru_RU","og_type":"article","og_title":"\u0421\u0430\u0436\u0435\u043d\u0446\u044b \u043a\u043b\u0443\u0431\u043d\u0438\u043a\u0438 Alfa Centauri \u00ae - Krzewi\u0144ski","og_description":"&nbsp; \u041d\u043e\u0432\u044b\u0438 \u043f\u043e\u043b\u044c\u0441\u043a\u0438\u0439 \u0441\u043e\u0440\u0442 \u0444\u0438\u0440\u043c\u044b &lt;&lt;\u041d\u0438\u0432\u0430&gt;&gt;. \u0422\u0440\u0435\u0431\u0443\u0435\u0442\u0441\u044f \u043f\u0440\u043e\u0438\u0437\u0432\u043e\u0434\u0438\u0442\u0435\u043b\u044f\u043c \u0431\u043b\u0430\u0433\u043e\u0434\u0430\u0440\u044f \u043f\u043e\u0440\u0435 \u0441\u043e\u0437\u0440\u0435\u0432\u0430\u043d\u0438\u044f, \u0432\u044b\u0441\u043e\u043a\u043e\u043c\u0443 \u043f\u043b\u043e\u0434\u043e\u043d\u043e\u0448\u0435\u043d\u0438\u044e, \u0432\u043a\u0443\u0441\u0443 \u0438 \u0440\u0430\u0437\u043c\u0435\u0440\u0443 \u043f\u043b\u043e\u0434\u043e\u0432. \u041f\u043e\u0440\u0430 \u0441\u043e\u0437\u0440\u0435\u0432\u0430\u043d\u0438\u044f: \u043e\u0447\u0435\u043d\u044c \u043f\u043e\u0437\u0434\u043d\u044f\u044f \u041f\u043b\u043e\u0434\u043e\u043d\u043e\u0448\u0435\u043d\u0438\u0435: \u043e\u0447\u0435\u043d\u044c \u0431\u043e\u043b\u044c\u0448\u043e\u0435 \u0423\u0441\u0442\u043e\u0439\u0447\u0438\u0432\u043e\u0441\u0442\u044c: \u043a \u0437\u0430\u0431\u043e\u043b\u0435\u0432\u0430\u043d\u0438\u044f\u043c: \u0431\u043e\u043b\u044c\u0448\u0430\u044f; \u043a \u043c\u043e\u0440\u043e\u0437\u0443:\u00a0 \u0431\u043e\u043b\u044c\u0448\u0430\u044f \u041f\u043b\u043e\u0434\u044b: \u043e\u0447\u0435\u043d\u044c \u0431\u043e\u043b\u044c\u0448\u0438\u0435, \u0441 \u0431\u043b\u0435\u0441\u043a\u043e\u043c, \u0432\u043a\u0443\u0441\u043d\u044b\u0435 \u0414\u0435\u0441\u0435\u0440\u0442\u043d\u043e-\u043f\u0440\u043e\u043c\u044b\u0448\u043b\u0435\u043d\u043d\u044b\u0439 \u0441\u043e\u0440\u0442. &nbsp;","og_url":"https:\/\/krzewinski.pl\/ru\/\u0441\u0430\u0436\u0435\u043d\u0446\u044b-\u043a\u043b\u0443\u0431\u043d\u0438\u043a\u0438\/\u0441\u0430\u0436\u0435\u043d\u0446\u044b-\u043a\u043b\u0443\u0431\u043d\u0438\u043a\u0438-alfa-centauri\/","og_site_name":"Krzewi\u0144ski","article_publisher":"https:\/\/www.facebook.com\/lgskrzewinski","twitter_card":"summary_large_image","schema":{"@context":"https:\/\/schema.org","@graph":[{"@type":"WebPage","@id":"https:\/\/krzewinski.pl\/ru\/%d1%81%d0%b0%d0%b6%d0%b5%d0%bd%d1%86%d1%8b-%d0%ba%d0%bb%d1%83%d0%b1%d0%bd%d0%b8%d0%ba%d0%b8\/%d1%81%d0%b0%d0%b6%d0%b5%d0%bd%d1%86%d1%8b-%d0%ba%d0%bb%d1%83%d0%b1%d0%bd%d0%b8%d0%ba%d0%b8-alfa-centauri\/","url":"https:\/\/krzewinski.pl\/ru\/%d1%81%d0%b0%d0%b6%d0%b5%d0%bd%d1%86%d1%8b-%d0%ba%d0%bb%d1%83%d0%b1%d0%bd%d0%b8%d0%ba%d0%b8\/%d1%81%d0%b0%d0%b6%d0%b5%d0%bd%d1%86%d1%8b-%d0%ba%d0%bb%d1%83%d0%b1%d0%bd%d0%b8%d0%ba%d0%b8-alfa-centauri\/","name":"\u0421\u0430\u0436\u0435\u043d\u0446\u044b \u043a\u043b\u0443\u0431\u043d\u0438\u043a\u0438 Alfa Centauri \u00ae - Krzewi\u0144ski","isPartOf":{"@id":"https:\/\/krzewinski.pl\/ru\/#website"},"datePublished":"2016-06-07T15:57:16+00:00","dateModified":"2016-06-07T15:57:16+00:00","breadcrumb":{"@id":"https:\/\/krzewinski.pl\/ru\/%d1%81%d0%b0%d0%b6%d0%b5%d0%bd%d1%86%d1%8b-%d0%ba%d0%bb%d1%83%d0%b1%d0%bd%d0%b8%d0%ba%d0%b8\/%d1%81%d0%b0%d0%b6%d0%b5%d0%bd%d1%86%d1%8b-%d0%ba%d0%bb%d1%83%d0%b1%d0%bd%d0%b8%d0%ba%d0%b8-alfa-centauri\/#breadcrumb"},"inLanguage":"ru-RU","potentialAction":[{"@type":"ReadAction","target":["https:\/\/krzewinski.pl\/ru\/%d1%81%d0%b0%d0%b6%d0%b5%d0%bd%d1%86%d1%8b-%d0%ba%d0%bb%d1%83%d0%b1%d0%bd%d0%b8%d0%ba%d0%b8\/%d1%81%d0%b0%d0%b6%d0%b5%d0%bd%d1%86%d1%8b-%d0%ba%d0%bb%d1%83%d0%b1%d0%bd%d0%b8%d0%ba%d0%b8-alfa-centauri\/"]}]},{"@type":"BreadcrumbList","@id":"https:\/\/krzewinski.pl\/ru\/%d1%81%d0%b0%d0%b6%d0%b5%d0%bd%d1%86%d1%8b-%d0%ba%d0%bb%d1%83%d0%b1%d0%bd%d0%b8%d0%ba%d0%b8\/%d1%81%d0%b0%d0%b6%d0%b5%d0%bd%d1%86%d1%8b-%d0%ba%d0%bb%d1%83%d0%b1%d0%bd%d0%b8%d0%ba%d0%b8-alfa-centauri\/#breadcrumb","itemListElement":[{"@type":"ListItem","position":1,"name":"Strona g\u0142\u00f3wna","item":"https:\/\/krzewinski.pl\/ru\/"},{"@type":"ListItem","position":2,"name":"\u0421\u0430\u0436\u0435\u043d\u0446\u044b \u043a\u043b\u0443\u0431\u043d\u0438\u043a\u0438","item":"https:\/\/krzewinski.pl\/ru\/%d1%81%d0%b0%d0%b6%d0%b5%d0%bd%d1%86%d1%8b-%d0%ba%d0%bb%d1%83%d0%b1%d0%bd%d0%b8%d0%ba%d0%b8\/"},{"@type":"ListItem","position":3,"name":"\u0421\u0430\u0436\u0435\u043d\u0446\u044b \u043a\u043b\u0443\u0431\u043d\u0438\u043a\u0438 Alfa Centauri \u00ae"}]},{"@type":"WebSite","@id":"https:\/\/krzewinski.pl\/ru\/#website","url":"https:\/\/krzewinski.pl\/ru\/","name":"Krzewi\u0144ski","description":"Szk\u00f3\u0142ka krzew\u00f3w owocowych","publisher":{"@id":"https:\/\/krzewinski.pl\/ru\/#organization"},"potentialAction":[{"@type":"SearchAction","target":{"@type":"EntryPoint","urlTemplate":"https:\/\/krzewinski.pl\/ru\/?s={search_term_string}"},"query-input":"required name=search_term_string"}],"inLanguage":"ru-RU"},{"@type":"Organization","@id":"https:\/\/krzewinski.pl\/ru\/#organization","name":"Krzewi\u0144ski","url":"https:\/\/krzewinski.pl\/ru\/","logo":{"@type":"ImageObject","inLanguage":"ru-RU","@id":"https:\/\/krzewinski.pl\/ru\/#\/schema\/logo\/image\/","url":"https:\/\/krzewinski.pl\/wp-content\/uploads\/2015\/10\/logo-www.png","contentUrl":"https:\/\/krzewinski.pl\/wp-content\/uploads\/2015\/10\/logo-www.png","width":263,"height":150,"caption":"Krzewi\u0144ski"},"image":{"@id":"https:\/\/krzewinski.pl\/ru\/#\/schema\/logo\/image\/"},"sameAs":["https:\/\/www.instagram.com\/lgs.krzewinski\/","https:\/\/www.facebook.com\/lgskrzewinski"]}]}},"_links":{"self":[{"href":"https:\/\/krzewinski.pl\/ru\/wp-json\/wp\/v2\/pages\/3217"}],"collection":[{"href":"https:\/\/krzewinski.pl\/ru\/wp-json\/wp\/v2\/pages"}],"about":[{"href":"https:\/\/krzewinski.pl\/ru\/wp-json\/wp\/v2\/types\/page"}],"author":[{"embeddable":true,"href":"https:\/\/krzewinski.pl\/ru\/wp-json\/wp\/v2\/users\/2"}],"replies":[{"embeddable":true,"href":"https:\/\/krzewinski.pl\/ru\/wp-json\/wp\/v2\/comments?post=3217"}],"version-history":[{"count":1,"href":"https:\/\/krzewinski.pl\/ru\/wp-json\/wp\/v2\/pages\/3217\/revisions"}],"predecessor-version":[{"id":3218,"href":"https:\/\/krzewinski.pl\/ru\/wp-json\/wp\/v2\/pages\/3217\/revisions\/3218"}],"up":[{"embeddable":true,"href":"https:\/\/krzewinski.pl\/ru\/wp-json\/wp\/v2\/pages\/2435"}],"wp:attachment":[{"href":"https:\/\/krzewinski.pl\/ru\/wp-json\/wp\/v2\/media?parent=3217"}],"curies":[{"name":"wp","href":"https:\/\/api.w.org\/{rel}","templated":true}]}}